{"id":1443,"date":"2018-02-19T12:19:23","date_gmt":"2018-02-19T11:19:23","guid":{"rendered":"http:\/\/agora.xtec.cat\/iesmarina\/?page_id=1443"},"modified":"2018-02-19T12:19:23","modified_gmt":"2018-02-19T11:19:23","slug":"faltes-dassistencia","status":"publish","type":"page","link":"https:\/\/agora.xtec.cat\/iesmarina\/linstitut\/organitzacio\/faltes-dassistencia\/","title":{"rendered":"Faltes d&#8217;assist\u00e8ncia"},"content":{"rendered":"<p><a href=\"https:\/\/web.weeras.com\/weeras-platform\/\" target=\"_blank\" rel=\"noopener noreferrer\">Enlla\u00e7 a les faltes d&#8217;assist\u00e8ncia per a fam\u00edlies i docents.<\/a><\/p>\n","protected":false},"excerpt":{"rendered":"<p><a href=\"https:\/\/web.weeras.com\/weeras-platform\/\" target=\"_blank\" rel=\"noopener noreferrer\">Enlla\u00e7 a les faltes d&#8217;assist\u00e8ncia per a fam\u00edlies i docents.<\/a><\/p>\n","protected":false},"author":1,"featured_media":0,"parent":464,"menu_order":30,"comment_status":"closed","ping_status":"closed","template":"page-templates\/side-menu.php","meta":{"_bbp_topic_count":0,"_bbp_reply_count":0,"_bbp_total_topic_count":0,"_bbp_total_reply_count":0,"_bbp_voice_count":0,"_bbp_anonymous_reply_count":0,"_bbp_topic_count_hidden":0,"_bbp_reply_count_hidden":0,"_bbp_forum_subforum_count":0,"footnotes":""},"class_list":["post-1443","page","type-page","status-publish","hentry"],"post_mailing_queue_ids":[],"_links":{"self":[{"href":"https:\/\/agora.xtec.cat\/iesmarina\/wp-json\/wp\/v2\/pages\/1443","targetHints":{"allow":["GET"]}}],"collection":[{"href":"https:\/\/agora.xtec.cat\/iesmarina\/wp-json\/wp\/v2\/pages"}],"about":[{"href":"https:\/\/agora.xtec.cat\/iesmarina\/wp-json\/wp\/v2\/types\/page"}],"author":[{"embeddable":true,"href":"https:\/\/agora.xtec.cat\/iesmarina\/wp-json\/wp\/v2\/users\/1"}],"replies":[{"embeddable":true,"href":"https:\/\/agora.xtec.cat\/iesmarina\/wp-json\/wp\/v2\/comments?post=1443"}],"version-history":[{"count":1,"href":"https:\/\/agora.xtec.cat\/iesmarina\/wp-json\/wp\/v2\/pages\/1443\/revisions"}],"predecessor-version":[{"id":1444,"href":"https:\/\/agora.xtec.cat\/iesmarina\/wp-json\/wp\/v2\/pages\/1443\/revisions\/1444"}],"up":[{"embeddable":true,"href":"https:\/\/agora.xtec.cat\/iesmarina\/wp-json\/wp\/v2\/pages\/464"}],"wp:attachment":[{"href":"https:\/\/agora.xtec.cat\/iesmarina\/wp-json\/wp\/v2\/media?parent=1443"}],"curies":[{"name":"wp","href":"https:\/\/api.w.org\/{rel}","templated":true}]}}