{"id":1427,"date":"2018-02-19T12:09:38","date_gmt":"2018-02-19T11:09:38","guid":{"rendered":"http:\/\/agora.xtec.cat\/iesmarina\/?page_id=1427"},"modified":"2018-02-19T12:09:38","modified_gmt":"2018-02-19T11:09:38","slug":"psicopedagogia","status":"publish","type":"page","link":"https:\/\/agora.xtec.cat\/iesmarina\/linstitut\/serveis\/psicopedagogia\/","title":{"rendered":"Psicopedagogia"},"content":{"rendered":"<h4 class=\"title\"><a href=\"http:\/\/www.institutmarina.cat\/psicopedagogia\">Professorat\u00a0&#8211; Psicopedagogia<\/a><\/h4>\n<p>El Departament d\u2019Orientaci\u00f3 t\u00e9 com a objectiu d\u2019atenci\u00f3 priorit\u00e0ria l\u2019alumnat que presenta m\u00e9s dificultats per a progressar en els seus aprenentatges i per participar en les activitats ordin\u00e0ries de classe. Es complementen aix\u00ed les funcions que desenvolupen els professors\/es d\u2019\u00e0rea o mat\u00e8ria, ja que l\u2019atenci\u00f3 a la diversitat de necessitats educatives dels alumnes \u00e9s responsabilitat de tot el professorat del centre.<br \/>\nLes funcions del Departament d\u2019Orientaci\u00f3 estan repartides en tres \u00e0mbits: doc\u00e8ncia, atenci\u00f3 individualitzada als alumnes amb necessitats educatives especials i suport t\u00e8cnic al professorat.<\/p>\n<p>Per fer possible el desenvolupament de les activitats conduents als objectius especificats, el departament compta amb els recursos humans seg\u00fcents:<\/p>\n<ul>\n<li>Carmen Garc\u00eda, psic\u00f2loga.<\/li>\n<li>Marta Jim\u00e9nez, t\u00e8cnica en Integraci\u00f3 Social.<\/li>\n<li>Agust\u00ed Ortiz, psic\u00f2leg i orientador educatiu.<\/li>\n<li>N\u00faria Ponce, educadora d&#8217;Educaci\u00f3 Especial.<\/li>\n<li>Al\u00edcia Sirvent, psicopedagoga.<\/li>\n<li>Albert Vilalta, psic\u00f2leg.<\/li>\n<\/ul>\n<h4>Orientaci\u00f3\u00a0a l\u2019alumnat i suport a l\u2019acci\u00f3 tutorial<\/h4>\n<ul>\n<li>Assessorament i elaboraci\u00f3 de l&#8217;Orientaci\u00f3 personal, acad\u00e8mica i professional.<\/li>\n<li>Contacte i seguiment amb les fam\u00edlies.<\/li>\n<li>Col\u00b7laboraci\u00f3 en la prevenci\u00f3 de conductes de risc i en la gesti\u00f3 de conflictes:\n<ul>\n<li>Actuacions i suport a la Mediaci\u00f3.<\/li>\n<li>Doc\u00e8ncia i formaci\u00f3 en Habilitats Socials.<\/li>\n<\/ul>\n<\/li>\n<li>Participaci\u00f3 en el desenvolupament del programa Salut i Escola.<\/li>\n<li>Col\u00b7laboraci\u00f3 en xarxes de treball.<\/li>\n<\/ul>\n","protected":false},"excerpt":{"rendered":"<p><a href=\"http:\/\/www.institutmarina.cat\/psicopedagogia\">Professorat\u00a0&#8211; Psicopedagogia<\/a><br \/>\nEl Departament d\u2019Orientaci\u00f3 t\u00e9 com a objectiu d\u2019atenci\u00f3 priorit\u00e0ria l\u2019alumnat que presenta m\u00e9s dificultats per a progressar en els seus aprenentatges i per participar en les activitats ordin\u00e0ries de classe. Es complementen aix\u00ed les funcions que desenvolupen els professors\/es d\u2019\u00e0rea o mat\u00e8ria, ja&hellip;  <a href=\"https:\/\/agora.xtec.cat\/iesmarina\/linstitut\/serveis\/psicopedagogia\/\" title=\"Read Psicopedagogia\">Llegeix m\u00e9s\u00bb<\/a><\/p>\n","protected":false},"author":1,"featured_media":0,"parent":63,"menu_order":30,"comment_status":"closed","ping_status":"closed","template":"page-templates\/side-menu.php","meta":{"_bbp_topic_count":0,"_bbp_reply_count":0,"_bbp_total_topic_count":0,"_bbp_total_reply_count":0,"_bbp_voice_count":0,"_bbp_anonymous_reply_count":0,"_bbp_topic_count_hidden":0,"_bbp_reply_count_hidden":0,"_bbp_forum_subforum_count":0,"footnotes":""},"class_list":["post-1427","page","type-page","status-publish","hentry"],"post_mailing_queue_ids":[],"_links":{"self":[{"href":"https:\/\/agora.xtec.cat\/iesmarina\/wp-json\/wp\/v2\/pages\/1427","targetHints":{"allow":["GET"]}}],"collection":[{"href":"https:\/\/agora.xtec.cat\/iesmarina\/wp-json\/wp\/v2\/pages"}],"about":[{"href":"https:\/\/agora.xtec.cat\/iesmarina\/wp-json\/wp\/v2\/types\/page"}],"author":[{"embeddable":true,"href":"https:\/\/agora.xtec.cat\/iesmarina\/wp-json\/wp\/v2\/users\/1"}],"replies":[{"embeddable":true,"href":"https:\/\/agora.xtec.cat\/iesmarina\/wp-json\/wp\/v2\/comments?post=1427"}],"version-history":[{"count":1,"href":"https:\/\/agora.xtec.cat\/iesmarina\/wp-json\/wp\/v2\/pages\/1427\/revisions"}],"predecessor-version":[{"id":1428,"href":"https:\/\/agora.xtec.cat\/iesmarina\/wp-json\/wp\/v2\/pages\/1427\/revisions\/1428"}],"up":[{"embeddable":true,"href":"https:\/\/agora.xtec.cat\/iesmarina\/wp-json\/wp\/v2\/pages\/63"}],"wp:attachment":[{"href":"https:\/\/agora.xtec.cat\/iesmarina\/wp-json\/wp\/v2\/media?parent=1427"}],"curies":[{"name":"wp","href":"https:\/\/api.w.org\/{rel}","templated":true}]}}