{"id":1394,"date":"2018-02-19T11:21:45","date_gmt":"2018-02-19T10:21:45","guid":{"rendered":"http:\/\/agora.xtec.cat\/iesmarina\/?page_id=1394"},"modified":"2018-02-19T12:33:48","modified_gmt":"2018-02-19T11:33:48","slug":"espai-de-jocs","status":"publish","type":"page","link":"https:\/\/agora.xtec.cat\/iesmarina\/projectes\/espai-de-jocs\/","title":{"rendered":"Espai de jocs"},"content":{"rendered":"<h2 class=\"title\"><a href=\"http:\/\/www.institutmarina.cat\/activitats\/espai-de-jocs\">Espai\u00a0de jocs<\/a><\/h2>\n<p>L\u2019espai de jocs, situat a l\u2019\u00c0gora, \u00e9s un lloc on es pot jugar a jocs de taula, de dilluns a dijous, de 11 a 11.30h.<\/p>\n<p><img loading=\"lazy\" decoding=\"async\" src=\"http:\/\/www.institutmarina.cat\/images\/archivos\/fotos\/jocs2.jpg\" alt=\"jocs2\" width=\"113\" height=\"150\" \/>\u00a0<img loading=\"lazy\" decoding=\"async\" src=\"http:\/\/www.institutmarina.cat\/images\/archivos\/fotos\/jocs1.jpg\" alt=\"jocs1\" width=\"200\" height=\"150\" \/>\u00a0<img loading=\"lazy\" decoding=\"async\" src=\"http:\/\/www.institutmarina.cat\/images\/archivos\/fotos\/jocs4.jpg\" alt=\"jocs4\" width=\"200\" height=\"150\" \/>\u00a0<img loading=\"lazy\" decoding=\"async\" src=\"http:\/\/www.institutmarina.cat\/images\/archivos\/fotos\/taller_jocs_6.jpg\" alt=\"taller jocs 6\" width=\"113\" height=\"150\" \/><\/p>\n<p>Els jocs que podeu trobar en aquest espai s\u00f3n entre d\u2019altres:<\/p>\n<ul>\n<li>Abalone<\/li>\n<li>Cartes tradicionals<\/li>\n<li>Cartes uno<\/li>\n<li>Cluedo<\/li>\n<li>Construccions magn\u00e8tiques<\/li>\n<li>Cubiletras<\/li>\n<li>Dames<\/li>\n<li>Domin\u00f3<\/li>\n<li>Escacs<\/li>\n<li>Lingo<\/li>\n<li>Mastermid<\/li>\n<li>Mikado<\/li>\n<li>Monopoli<\/li>\n<li>Parx\u00eds<\/li>\n<li>Puzzles<\/li>\n<li>Scartegoris<\/li>\n<li>Scrabble<\/li>\n<li>Sin\u00f3nimos y ant\u00f3nimos<\/li>\n<li>Tab\u00fa<\/li>\n<li>Trivial&#8230;<\/li>\n<\/ul>\n<p>Normes de conviv\u00e8ncia<\/p>\n<ul>\n<li>L\u2019espai de jocs estar\u00e0 obert\u00a0<strong>de dilluns a dijous a l\u2019hora del pati.<\/strong><\/li>\n<li>Es fomentar\u00e0 el respecte pel material perqu\u00e8 no es faci malb\u00e9 i es mantingui en bones condicions.<\/li>\n<li>Cada alumne muntar\u00e0 i desmuntar\u00e0 la seva taula i cadira i, al finalitzar, l\u2019espai ha de quedar com estava.<\/li>\n<li>Un membre de cada grup ser\u00e0 l\u2019encarregat i el responsable d\u2019agafar i de retornar el joc.<\/li>\n<li>Cal que tots els alumnes respectin el joc dels altres.<\/li>\n<li>No es deixar\u00e0 cap noi o noia sense jugar.<\/li>\n<li>No podran entrar alumnes que estiguin castigats.<\/li>\n<\/ul>\n<p>Quan algun alumne\/a no acompleixi aquestes normes, es prendran les mesures necess\u00e0ries i fins i tot es podr\u00e0 expulsar de l\u2019espai.<\/p>\n<p>Aquest servei, que porta en funcionament des de mitjans del curs 2005\/2006, no hauria estat possible sense la col\u00b7laboraci\u00f3 totalment volunt\u00e0ria d\u2019alumnes de 4t d\u2019ESO.<\/p>\n<p>Aquests s\u00f3n els primers monitors voluntaris que han deixat una petjada important en el nostre espai:<\/p>\n<ul>\n<li>Jennifer Flores<\/li>\n<li>Soulaf Boulahrouz<\/li>\n<li>Jonathan Ch\u00e1vez<\/li>\n<li>Montserrat Barea<\/li>\n<li>Montse Soriano<\/li>\n<li>Irina \u00c1lvarez<\/li>\n<li>Raimy Wilson<\/li>\n<li>Ariadna Alcar\u00e1z<\/li>\n<li>Mohamed Aevil<\/li>\n<li>Jhon Jairo Soliz<\/li>\n<li>Juliana Bonilla<\/li>\n<li>Marcela Jim\u00e9nez<\/li>\n<\/ul>\n","protected":false},"excerpt":{"rendered":"<p><a href=\"http:\/\/www.institutmarina.cat\/activitats\/espai-de-jocs\">Espai\u00a0de jocs<\/a><br \/>\nL\u2019espai de jocs, situat a l\u2019\u00c0gora, \u00e9s un lloc on es pot jugar a jocs de taula, de dilluns a dijous, de 11 a 11.30h.<br \/>\n\u00a0\u00a0\u00a0<br \/>\nEls jocs que podeu trobar en aquest espai s\u00f3n entre d\u2019altres:<\/p>\n<ul>\n<li>Abalone<\/li>\n<li>Cartes tradicionals<\/li>\n<li>Cartes uno<\/li>\n<li>Cluedo<\/li>\n<li>Construccions magn\u00e8tiques<\/li>\n<li>Cubiletras<\/li>\n<li>Dames<\/li>\n<li>Domin\u00f3<\/li>\n<li>Escacs<\/li>\n<li>Lingo<\/li>\n<li>Mastermid<\/li>\n<li>Mikado<\/li>\n<li>Monopoli<\/li>\n<li>Parx\u00eds<\/li>\n<li>Puzzles<\/li>\n<li>Scartegoris<\/li>\n<li>Scrabble<\/li>\n<li>Sin\u00f3nimos y ant\u00f3nimos<\/li>\n<li>Tab\u00fa<\/li>\n<li>Trivial&#8230;<\/li>\n<\/ul>\n<p>Normes de conviv\u00e8ncia<\/p>\n<ul>\n<li>L\u2019espai de&hellip;  <a href=\"https:\/\/agora.xtec.cat\/iesmarina\/projectes\/espai-de-jocs\/\" title=\"Read Espai de jocs\">Llegeix m\u00e9s\u00bb<\/a><br \/>\n","protected":false},"author":1,"featured_media":0,"parent":802,"menu_order":20,"comment_status":"closed","ping_status":"closed","template":"page-templates\/side-menu.php","meta":{"_bbp_topic_count":0,"_bbp_reply_count":0,"_bbp_total_topic_count":0,"_bbp_total_reply_count":0,"_bbp_voice_count":0,"_bbp_anonymous_reply_count":0,"_bbp_topic_count_hidden":0,"_bbp_reply_count_hidden":0,"_bbp_forum_subforum_count":0,"footnotes":""},"class_list":["post-1394","page","type-page","status-publish","hentry"],"post_mailing_queue_ids":[],"_links":{"self":[{"href":"https:\/\/agora.xtec.cat\/iesmarina\/wp-json\/wp\/v2\/pages\/1394","targetHints":{"allow":["GET"]}}],"collection":[{"href":"https:\/\/agora.xtec.cat\/iesmarina\/wp-json\/wp\/v2\/pages"}],"about":[{"href":"https:\/\/agora.xtec.cat\/iesmarina\/wp-json\/wp\/v2\/types\/page"}],"author":[{"embeddable":true,"href":"https:\/\/agora.xtec.cat\/iesmarina\/wp-json\/wp\/v2\/users\/1"}],"replies":[{"embeddable":true,"href":"https:\/\/agora.xtec.cat\/iesmarina\/wp-json\/wp\/v2\/comments?post=1394"}],"version-history":[{"count":3,"href":"https:\/\/agora.xtec.cat\/iesmarina\/wp-json\/wp\/v2\/pages\/1394\/revisions"}],"predecessor-version":[{"id":1464,"href":"https:\/\/agora.xtec.cat\/iesmarina\/wp-json\/wp\/v2\/pages\/1394\/revisions\/1464"}],"up":[{"embeddable":true,"href":"https:\/\/agora.xtec.cat\/iesmarina\/wp-json\/wp\/v2\/pages\/802"}],"wp:attachment":[{"href":"https:\/\/agora.xtec.cat\/iesmarina\/wp-json\/wp\/v2\/media?parent=1394"}],"curies":[{"name":"wp","href":"https:\/\/api.w.org\/{rel}","templated":true}]}}