{"id":1186,"date":"2018-02-16T10:36:29","date_gmt":"2018-02-16T09:36:29","guid":{"rendered":"http:\/\/agora.xtec.cat\/iesmarina\/?page_id=1186"},"modified":"2018-02-16T10:46:21","modified_gmt":"2018-02-16T09:46:21","slug":"beques","status":"publish","type":"page","link":"https:\/\/agora.xtec.cat\/iesmarina\/secretaria\/beques\/","title":{"rendered":"Beques"},"content":{"rendered":"<p><strong>ESO<\/strong><\/p>\n<p><a href=\"http:\/\/www20.gencat.cat\/portal\/site\/OVT\/menuitem.8d9f3f7e23c1cd519e629e30b0c0e1a0\/?vgnextoid=117381196e0e3210VgnVCM1000008d0c1e0aRCRD&amp;vgnextchannel=117381196e0e3210VgnVCM1000008d0c1e0aRCRD&amp;vgnextfmt=detall&amp;contentid=7038a4f9d2d93210VgnVCM1000008d0c1e0aRCRD\" target=\"_blank\" rel=\"noopener noreferrer\">Beques a l&#8217;estudi per a l&#8217;alumnat amb bon rendiment escolar a l&#8217;ESO<\/a><\/p>\n<p><a href=\"http:\/\/www20.gencat.cat\/portal\/site\/OVT\/menuitem.8d9f3f7e23c1cd519e629e30b0c0e1a0\/?vgnextoid=9d189fef421bb110VgnVCM1000008d0c1e0aRCRD&amp;vgnextchannel=9d189fef421bb110VgnVCM1000008d0c1e0aRCRD&amp;vgnextfmt=detall&amp;contentid=f948ba2cd622c110VgnVCM1000008d0c1e0aRCRD\" target=\"_blank\" rel=\"noopener noreferrer\">Ajuts per a l&#8217;adquisici\u00f3 de llibres de text i material did\u00e0ctic complementari i inform\u00e0tic<\/a><\/p>\n<p><a href=\"http:\/\/www20.gencat.cat\/portal\/site\/OVT\/menuitem.8d9f3f7e23c1cd519e629e30b0c0e1a0\/?vgnextoid=117381196e0e3210VgnVCM1000008d0c1e0aRCRD&amp;vgnextchannel=117381196e0e3210VgnVCM1000008d0c1e0aRCRD&amp;vgnextfmt=detall&amp;contentid=b8088b4289d2d110VgnVCM1000008d0c1e0aRCRD\" target=\"_blank\" rel=\"noopener noreferrer\">Ajuts per a alumnes amb necessitat espec\u00edfica de suport educatiu<\/a><\/p>\n<p>&nbsp;<\/p>\n<p><strong>BATX, CICLES i PFI<br \/>\n<\/strong><\/p>\n<p><a href=\"http:\/\/www20.gencat.cat\/portal\/site\/OVT\/menuitem.8d9f3f7e23c1cd519e629e30b0c0e1a0\/?vgnextoid=117381196e0e3210VgnVCM1000008d0c1e0aRCRD&amp;vgnextchannel=117381196e0e3210VgnVCM1000008d0c1e0aRCRD&amp;vgnextfmt=detall&amp;contentid=d848ba2cd622c110VgnVCM1000008d0c1e0aRCRD\" target=\"_blank\" rel=\"noopener noreferrer\">Beques i ajuts a l&#8217;estudi de car\u00e0cter general i de mobilitat<\/a><\/p>\n","protected":false},"excerpt":{"rendered":"<p>ESO<br \/>\n<a href=\"http:\/\/www20.gencat.cat\/portal\/site\/OVT\/menuitem.8d9f3f7e23c1cd519e629e30b0c0e1a0\/?vgnextoid=117381196e0e3210VgnVCM1000008d0c1e0aRCRD&amp;vgnextchannel=117381196e0e3210VgnVCM1000008d0c1e0aRCRD&amp;vgnextfmt=detall&amp;contentid=7038a4f9d2d93210VgnVCM1000008d0c1e0aRCRD\" target=\"_blank\" rel=\"noopener noreferrer\">Beques a l&#8217;estudi per a l&#8217;alumnat amb bon rendiment escolar a l&#8217;ESO<\/a><br \/>\n<a href=\"http:\/\/www20.gencat.cat\/portal\/site\/OVT\/menuitem.8d9f3f7e23c1cd519e629e30b0c0e1a0\/?vgnextoid=9d189fef421bb110VgnVCM1000008d0c1e0aRCRD&amp;vgnextchannel=9d189fef421bb110VgnVCM1000008d0c1e0aRCRD&amp;vgnextfmt=detall&amp;contentid=f948ba2cd622c110VgnVCM1000008d0c1e0aRCRD\" target=\"_blank\" rel=\"noopener noreferrer\">Ajuts per a l&#8217;adquisici\u00f3 de llibres de text i material did\u00e0ctic complementari i inform\u00e0tic<\/a><br \/>\n<a href=\"http:\/\/www20.gencat.cat\/portal\/site\/OVT\/menuitem.8d9f3f7e23c1cd519e629e30b0c0e1a0\/?vgnextoid=117381196e0e3210VgnVCM1000008d0c1e0aRCRD&amp;vgnextchannel=117381196e0e3210VgnVCM1000008d0c1e0aRCRD&amp;vgnextfmt=detall&amp;contentid=b8088b4289d2d110VgnVCM1000008d0c1e0aRCRD\" target=\"_blank\" rel=\"noopener noreferrer\">Ajuts per a alumnes amb necessitat espec\u00edfica de suport&hellip;  <a href=\"https:\/\/agora.xtec.cat\/iesmarina\/secretaria\/beques\/\" title=\"Read Beques\">Llegeix m\u00e9s\u00bb<\/a><\/p>\n","protected":false},"author":1,"featured_media":0,"parent":81,"menu_order":20,"comment_status":"closed","ping_status":"closed","template":"page-templates\/side-menu.php","meta":{"_bbp_topic_count":0,"_bbp_reply_count":0,"_bbp_total_topic_count":0,"_bbp_total_reply_count":0,"_bbp_voice_count":0,"_bbp_anonymous_reply_count":0,"_bbp_topic_count_hidden":0,"_bbp_reply_count_hidden":0,"_bbp_forum_subforum_count":0,"footnotes":""},"class_list":["post-1186","page","type-page","status-publish","hentry"],"post_mailing_queue_ids":[],"_links":{"self":[{"href":"https:\/\/agora.xtec.cat\/iesmarina\/wp-json\/wp\/v2\/pages\/1186","targetHints":{"allow":["GET"]}}],"collection":[{"href":"https:\/\/agora.xtec.cat\/iesmarina\/wp-json\/wp\/v2\/pages"}],"about":[{"href":"https:\/\/agora.xtec.cat\/iesmarina\/wp-json\/wp\/v2\/types\/page"}],"author":[{"embeddable":true,"href":"https:\/\/agora.xtec.cat\/iesmarina\/wp-json\/wp\/v2\/users\/1"}],"replies":[{"embeddable":true,"href":"https:\/\/agora.xtec.cat\/iesmarina\/wp-json\/wp\/v2\/comments?post=1186"}],"version-history":[{"count":3,"href":"https:\/\/agora.xtec.cat\/iesmarina\/wp-json\/wp\/v2\/pages\/1186\/revisions"}],"predecessor-version":[{"id":1201,"href":"https:\/\/agora.xtec.cat\/iesmarina\/wp-json\/wp\/v2\/pages\/1186\/revisions\/1201"}],"up":[{"embeddable":true,"href":"https:\/\/agora.xtec.cat\/iesmarina\/wp-json\/wp\/v2\/pages\/81"}],"wp:attachment":[{"href":"https:\/\/agora.xtec.cat\/iesmarina\/wp-json\/wp\/v2\/media?parent=1186"}],"curies":[{"name":"wp","href":"https:\/\/api.w.org\/{rel}","templated":true}]}}