{"id":77,"date":"2014-09-18T10:29:25","date_gmt":"2014-09-18T09:29:25","guid":{"rendered":"http:\/\/agora.xtec.cat\/iesmariarubies\/\/?page_id=77"},"modified":"2024-06-14T12:11:16","modified_gmt":"2024-06-14T10:11:16","slug":"transport-escolar","status":"publish","type":"page","link":"https:\/\/agora.xtec.cat\/iesmariarubies\/serveis\/transport-escolar\/","title":{"rendered":"AMPA"},"content":{"rendered":"<p lang=\"ca-ES\" style=\"text-align: center;\" align=\"JUSTIFY\"><a href=\"https:\/\/agora.xtec.cat\/iesmariarubies\/wp-content\/uploads\/usu171\/2024\/03\/logo_AFA.jpg\"><img loading=\"lazy\" decoding=\"async\" class=\"alignnone wp-image-22403\" src=\"https:\/\/agora.xtec.cat\/iesmariarubies\/wp-content\/uploads\/usu171\/2024\/03\/logo_AFA.jpg\" alt=\"\" width=\"270\" height=\"272\" srcset=\"https:\/\/agora.xtec.cat\/iesmariarubies\/wp-content\/uploads\/usu171\/2024\/03\/logo_AFA.jpg 213w, https:\/\/agora.xtec.cat\/iesmariarubies\/wp-content\/uploads\/usu171\/2024\/03\/logo_AFA-150x150.jpg 150w\" sizes=\"auto, (max-width: 270px) 100vw, 270px\" \/><\/a><\/p>\n<table>\n<tbody>\n<tr>\n<td>\n<p class=\"contenido-del-marco\"><span style=\"color: #000000;\"><strong>A<\/strong>ssociaci\u00f3 de <strong>F<\/strong>am\u00edlies d\u2019<strong>A<\/strong>lumnes<\/span><\/p>\n<p class=\"contenido-del-marco\"><span style=\"color: #000000;\">de l\u2019Institut Maria R\u00fabies<\/span><\/p>\n<p class=\"contenido-del-marco\"><span style=\"color: #000000;\">c\/ Boqu\u00e9, s\/n &#8212; 25001 Lleida<\/span><\/p>\n<p class=\"contenido-del-marco\"><span style=\"color: #000000;\">Tel. de contacte: 600 248 633<\/span><\/p>\n<p class=\"contenido-del-marco\"><span style=\"color: #000000;\">E-Mail: <\/span><a href=\"mailto:mariarubiesampa@gmail.com\"><span class=\"gI\"><span class=\"qu\" tabindex=\"-1\" role=\"gridcell\" translate=\"no\"><span class=\"go\">mariarubiesampa@gmail.com<\/span><\/span><\/span><\/a><\/p>\n<\/td>\n<\/tr>\n<\/tbody>\n<\/table>\n<p lang=\"ca-ES\" align=\"JUSTIFY\"><span style=\"font-size: medium;\"><span style=\"font-family: arial, helvetica, sans-serif;\">L\u2019AFA \u00e9s una entitat sense afany de lucre, que agrupa les mares i pares de l\u2019institut. Est\u00e0 reconeguda legalment en el Registre d\u2019Associacions i les seves funcions estan regulades per un Decret de la Generalitat de Catalunya.<\/span><\/span><\/p>\n<p lang=\"ca-ES\" align=\"JUSTIFY\"><span style=\"font-family: arial, helvetica, sans-serif; font-size: medium;\">El seu objectiu fonamental \u00e9s contribuir a la millora de l\u2019ensenyament que reben les nenes i els nens. El seu funcionament es basa en el di\u00e0leg i en la col\u00b7laboraci\u00f3 amb els diferents sectors implicats en la comunitat educativa.<\/span><\/p>\n<p lang=\"ca-ES\" align=\"JUSTIFY\"><span style=\"font-family: arial, helvetica, sans-serif; font-size: medium;\">Com AFA de l\u2019institut Maria R\u00fabies i representants de tots els pares i mares del centre, volem donar-vos les gr\u00e0cies pel vostre suport i la vostra confian\u00e7a.<\/span><\/p>\n<p lang=\"ca-ES\" align=\"JUSTIFY\"><span style=\"font-family: arial, helvetica, sans-serif; font-size: medium;\">Ens doneu forces per continuar ajudant, com sempre hem fet, a tota la comunitat educativa, pares i mares, alumnes I tamb\u00e9 al professorat tot donant sempre el nostre punt de vista com a pares que som, en qualsevol tema referent a l\u2019educaci\u00f3 dels nostres fills i filles.<\/span><\/p>\n<p lang=\"ca-ES\" align=\"JUSTIFY\"><span style=\"font-family: arial, helvetica, sans-serif; font-size: medium;\">Altres de les funcions de l\u2019AFA s\u00f3n:<\/span><\/p>\n<ul style=\"list-style-type: circle;\">\n<li lang=\"ca-ES\"><span style=\"font-family: arial, helvetica, sans-serif; font-size: medium;\">Subvencionar les sortides curriculars, les excursions de final d\u2019etapa, 4t d&#8217;ESO i 2n de batxillerat i qualsevol iniciativa que tinguin els alumnes i demanin el nostre suport.<\/span><\/li>\n<li lang=\"ca-ES\"><span style=\"font-family: arial, helvetica, sans-serif; font-size: medium;\">Col\u00b7laborar en les festes de graduaci\u00f3, tant econ\u00f2micament com log\u00edsticament.<\/span><\/li>\n<li lang=\"ca-ES\"><span style=\"font-family: arial, helvetica, sans-serif; font-size: medium;\">Fer xarrades per als pares i mares sobre educaci\u00f3, conviv\u00e8ncia i promoure cursos d&#8217;inform\u00e0tica i d\u2019astronomia.<\/span><\/li>\n<li lang=\"ca-ES\"><span style=\"font-family: arial, helvetica, sans-serif; font-size: medium;\">Com que \u00e9s una entitat sense \u00e0nim de lucre, reinverteix els super\u00e0vits en benefici del propi institut; per exemple, el dispositiu de cloraci\u00f3 del dip\u00f2sit d\u2019aigua, la reparaci\u00f3 del telescopi, etc.<\/span><\/li>\n<li lang=\"ca-ES\"><span style=\"font-family: arial, helvetica, sans-serif; font-size: medium;\">Gestionar la compra dels llibres directament a les editorials per fer-la m\u00e9s c\u00f2moda per als pares i tamb\u00e9 molt m\u00e9s econ\u00f2mica.<\/span><\/li>\n<li lang=\"ca-ES\"><span style=\"font-family: arial, helvetica, sans-serif; font-size: medium;\">A m\u00e9s, gr\u00e0cies a l\u2019estreta col\u00b7laboraci\u00f3 entre l\u2019AFA i la direcci\u00f3 del centre, aquest any comencem una nova etapa en el tema dels llibres, socialitzant els llibres dels nostres fills i filles, que suposar\u00e0 un estalvi molt important de diners per a tots nosaltres.<\/span><\/li>\n<\/ul>\n<p lang=\"ca-ES\" align=\"JUSTIFY\"><span style=\"font-family: arial, helvetica, sans-serif; font-size: medium;\">\u00c9s per aix\u00f2 que us continuem demanant ajuda tant de forma espor\u00e0dica com per formar part de la junta. Com m\u00e9s siguem millor, ja que far\u00e0 que siguem una AFA forta i preparada per poder afrontar un futur que per desgr\u00e0cia no sembla massa pr\u00f2sper.<\/span><\/p>\n<p lang=\"ca-ES\" align=\"JUSTIFY\"><span style=\"font-family: arial, helvetica, sans-serif; font-size: medium;\">Per aquestes i altres raons us hi esperem amb els bra\u00e7os oberts.<\/span><\/p>\n<p lang=\"ca-ES\" align=\"JUSTIFY\"><span style=\"font-family: arial, helvetica, sans-serif; font-size: medium;\">AFA Institut Maria R\u00fabies.<\/span><\/p>\n","protected":false},"excerpt":{"rendered":"<p>Associaci\u00f3 de Fam\u00edlies d\u2019Alumnes de l\u2019Institut Maria R\u00fabies c\/ Boqu\u00e9, s\/n &#8212; 25001 Lleida Tel. de contacte: 600 248 633 E-Mail: mariarubiesampa@gmail.com L\u2019AFA \u00e9s una entitat sense afany de lucre, que agrupa les mares i pares de l\u2019institut. Est\u00e0 reconeguda legalment en el Registre d\u2019Associacions i les seves funcions estan regulades per un Decret de [&hellip;]<\/p>\n","protected":false},"author":2,"featured_media":0,"parent":63,"menu_order":10,"comment_status":"closed","ping_status":"closed","template":"page-templates\/side-menu.php","meta":{"_bbp_topic_count":0,"_bbp_reply_count":0,"_bbp_total_topic_count":0,"_bbp_total_reply_count":0,"_bbp_voice_count":0,"_bbp_anonymous_reply_count":0,"_bbp_topic_count_hidden":0,"_bbp_reply_count_hidden":0,"_bbp_forum_subforum_count":0,"site-sidebar-layout":"default","site-content-layout":"","ast-site-content-layout":"","site-content-style":"default","site-sidebar-style":"default","ast-global-header-display":"","ast-banner-title-visibility":"","ast-main-header-display":"","ast-hfb-above-header-display":"","ast-hfb-below-header-display":"","ast-hfb-mobile-header-display":"","site-post-title":"","ast-breadcrumbs-content":"","ast-featured-img":"","footer-sml-layout":"","theme-transparent-header-meta":"","adv-header-id-meta":"","stick-header-meta":"","header-above-stick-meta":"","header-main-stick-meta":"","header-below-stick-meta":"","astra-migrate-meta-layouts":"default","ast-page-background-enabled":"default","ast-page-background-meta":{"desktop":{"background-color":"var(--ast-global-color-4)","background-image":"","background-repeat":"repeat","background-position":"center center","background-size":"auto","background-attachment":"scroll","background-type":"","background-media":"","overlay-type":"","overlay-color":"","overlay-opacity":"","overlay-gradient":""},"tablet":{"background-color":"","background-image":"","background-repeat":"repeat","background-position":"center center","background-size":"auto","background-attachment":"scroll","background-type":"","background-media":"","overlay-type":"","overlay-color":"","overlay-opacity":"","overlay-gradient":""},"mobile":{"background-color":"","background-image":"","background-repeat":"repeat","background-position":"center center","background-size":"auto","background-attachment":"scroll","background-type":"","background-media":"","overlay-type":"","overlay-color":"","overlay-opacity":"","overlay-gradient":""}},"ast-content-background-meta":{"desktop":{"background-color":"var(--ast-global-color-5)","background-image":"","background-repeat":"repeat","background-position":"center center","background-size":"auto","background-attachment":"scroll","background-type":"","background-media":"","overlay-type":"","overlay-color":"","overlay-opacity":"","overlay-gradient":""},"tablet":{"background-color":"var(--ast-global-color-5)","background-image":"","background-repeat":"repeat","background-position":"center center","background-size":"auto","background-attachment":"scroll","background-type":"","background-media":"","overlay-type":"","overlay-color":"","overlay-opacity":"","overlay-gradient":""},"mobile":{"background-color":"var(--ast-global-color-5)","background-image":"","background-repeat":"repeat","background-position":"center center","background-size":"auto","background-attachment":"scroll","background-type":"","background-media":"","overlay-type":"","overlay-color":"","overlay-opacity":"","overlay-gradient":""}},"footnotes":""},"class_list":["post-77","page","type-page","status-publish","hentry"],"post_mailing_queue_ids":[],"_links":{"self":[{"href":"https:\/\/agora.xtec.cat\/iesmariarubies\/wp-json\/wp\/v2\/pages\/77","targetHints":{"allow":["GET"]}}],"collection":[{"href":"https:\/\/agora.xtec.cat\/iesmariarubies\/wp-json\/wp\/v2\/pages"}],"about":[{"href":"https:\/\/agora.xtec.cat\/iesmariarubies\/wp-json\/wp\/v2\/types\/page"}],"author":[{"embeddable":true,"href":"https:\/\/agora.xtec.cat\/iesmariarubies\/wp-json\/wp\/v2\/users\/2"}],"replies":[{"embeddable":true,"href":"https:\/\/agora.xtec.cat\/iesmariarubies\/wp-json\/wp\/v2\/comments?post=77"}],"version-history":[{"count":6,"href":"https:\/\/agora.xtec.cat\/iesmariarubies\/wp-json\/wp\/v2\/pages\/77\/revisions"}],"predecessor-version":[{"id":22858,"href":"https:\/\/agora.xtec.cat\/iesmariarubies\/wp-json\/wp\/v2\/pages\/77\/revisions\/22858"}],"up":[{"embeddable":true,"href":"https:\/\/agora.xtec.cat\/iesmariarubies\/wp-json\/wp\/v2\/pages\/63"}],"wp:attachment":[{"href":"https:\/\/agora.xtec.cat\/iesmariarubies\/wp-json\/wp\/v2\/media?parent=77"}],"curies":[{"name":"wp","href":"https:\/\/api.w.org\/{rel}","templated":true}]}}