{"id":69,"date":"2014-09-18T10:15:07","date_gmt":"2014-09-18T09:15:07","guid":{"rendered":"http:\/\/agora.xtec.cat\/iesmariarubies\/\/?page_id=69"},"modified":"2016-03-01T13:44:28","modified_gmt":"2016-03-01T12:44:28","slug":"menjador-escolar","status":"publish","type":"page","link":"https:\/\/agora.xtec.cat\/iesmariarubies\/serveis\/menjador-escolar\/","title":{"rendered":"Salut i escola"},"content":{"rendered":"<p align=\"justify\"><a href=\"http:\/\/agora.xtec.cat\/iesmariarubies\/wp-content\/uploads\/usu171\/2014\/09\/file.php_.jpeg\"><img loading=\"lazy\" decoding=\"async\" class=\"  wp-image-408 aligncenter\" src=\"http:\/\/agora.xtec.cat\/iesmariarubies\/wp-content\/uploads\/usu171\/2014\/09\/file.php_.jpeg\" alt=\"file.php\" width=\"319\" height=\"116\" \/><\/a><\/p>\n<p align=\"justify\"><span style=\"font-family: arial, helvetica, sans-serif; font-size: medium;\">Dins del programa Salut i Escola un dia al mes el centre disposa d&#8217;una consulta d&#8217;atenci\u00f3\u00a0sanit\u00e0ria amb garanties de privacitat, confidencialitat i proximitat.<\/span><\/p>\n<p align=\"justify\"><span style=\"font-family: Arial, sans-serif; font-size: medium;\">Aquest programa de salut \u00e9s una actuaci\u00f3 dels departaments de Salut i d\u2019Educaci\u00f3 de la Generalitat de Catalunya i est\u00e0 adre\u00e7at als alumnes d\u2019ESO i Batxillerat, amb l\u2019objectiu de formar, educar en salut i detectar situacions de risc dels adolescents.<\/span><\/p>\n<p>El programa consisteix en dos tipus d\u2019activitats: les col\u00b7lectives, en forma de tallers, xerrades monogr\u00e0fiques, treballs de grup,etc&#8230;i una consulta individualitzada i personal anomenada Consulta Oberta en la qual l\u2019alumne ser\u00e0 at\u00e8s de forma absolutament confidencial.<\/p>\n<p>Els \u00e0mbits de la salut que tracta el\u00a0 programa s\u00f3n: Salut afectiva i sexual, Salut aliment\u00e0ria, Salut mental i H\u00e0bits de salut (consum de tabac i altres drogues, altres addicions, exercici f\u00edsic i dieta),etc.<\/p>\n<p>La Consulta ser\u00e0 atesa per un\/a infermer\/a de l\u2019\u00c0rea B\u00e0sica de Salut a la qual pertany l\u2019institut.<\/p>\n<p>Els alumnes poden accedir a la Consulta Oberta b\u00e0sicament a petici\u00f3 pr\u00f2pia i en les hores i dies que s\u2019esmenten en el quadre adjunt. Una altra via d\u2019acc\u00e9s a la Consulta Oberta \u00e9s a proposta dels professors, de l\u2019equip psicopedag\u00f2gic del centre, o b\u00e9 pels propis pares.<\/p>\n<p>Per a m\u00e9s informaci\u00f3, us podeu adre\u00e7ar a la persona de refer\u00e8ncia de l\u2019institut o a l\u2019infermera del programa mitjan\u00e7ant els\u00a0 tel\u00e8fons i correu electr\u00f2nic indicats.<\/p>\n<p align=\"LEFT\"><span style=\"font-size: large;\"><strong><span style=\"font-family: Arial, sans-serif;\"><u>Consulta Oberta a l\u2019INS Maria R\u00fabies<\/u><\/span><\/strong><\/span><\/p>\n<p><span style=\"font-family: arial, helvetica, sans-serif; font-size: large;\"><span style=\"font-size: medium;\"><strong>Infermera:<\/strong>\u00a0Eva Camats Escoda<br \/>\n<strong>Correu:<\/strong>\u00a0<a href=\"mailto:ecamats.lleida.ics@gencat.cat\" target=\"_blank\">ecamats.lleida.ics@gencat.cat<\/a><br \/>\n<strong>Horari consulta oberta institut<\/strong>: El\u00a0<strong><u>segon<\/u><\/strong>\u00a0<strong><u>dijous<\/u><\/strong>\u00a0de cada mes d&#8217; 11:00h a 13:30h<br \/>\n<strong>Lloc consulta<\/strong>: Aula Tutoria 1 (Peixera). Davant de consergeria.<\/span><\/span><\/p>\n<p>&nbsp;<\/p>\n<p align=\"LEFT\"><span style=\"font-family: Arial, sans-serif; font-size: medium;\">Persona de contacte a l\u2019Institut: Maria Cec\u00edlia Dom\u00e8nech (Coordinadora Programa Salut i Escola)<br \/>\nTel\u00e8fon: 973 212208<br \/>\nCorreu: mdomen49@xtec.cat<\/span><\/p>\n","protected":false},"excerpt":{"rendered":"<p>Dins del programa Salut i Escola un dia al mes el centre disposa d&#8217;una consulta d&#8217;atenci\u00f3\u00a0sanit\u00e0ria amb garanties de privacitat, confidencialitat i proximitat. Aquest programa de salut \u00e9s una actuaci\u00f3 dels departaments de Salut i d\u2019Educaci\u00f3 de la Generalitat de Catalunya i est\u00e0 adre\u00e7at als alumnes d\u2019ESO i Batxillerat, amb l\u2019objectiu de formar, educar en [&hellip;]<\/p>\n","protected":false},"author":2,"featured_media":0,"parent":63,"menu_order":60,"comment_status":"closed","ping_status":"closed","template":"page-templates\/side-menu.php","meta":{"_bbp_topic_count":0,"_bbp_reply_count":0,"_bbp_total_topic_count":0,"_bbp_total_reply_count":0,"_bbp_voice_count":0,"_bbp_anonymous_reply_count":0,"_bbp_topic_count_hidden":0,"_bbp_reply_count_hidden":0,"_bbp_forum_subforum_count":0,"site-sidebar-layout":"default","site-content-layout":"","ast-site-content-layout":"","site-content-style":"default","site-sidebar-style":"default","ast-global-header-display":"","ast-banner-title-visibility":"","ast-main-header-display":"","ast-hfb-above-header-display":"","ast-hfb-below-header-display":"","ast-hfb-mobile-header-display":"","site-post-title":"","ast-breadcrumbs-content":"","ast-featured-img":"","footer-sml-layout":"","theme-transparent-header-meta":"","adv-header-id-meta":"","stick-header-meta":"","header-above-stick-meta":"","header-main-stick-meta":"","header-below-stick-meta":"","astra-migrate-meta-layouts":"default","ast-page-background-enabled":"default","ast-page-background-meta":{"desktop":{"background-color":"var(--ast-global-color-4)","background-image":"","background-repeat":"repeat","background-position":"center center","background-size":"auto","background-attachment":"scroll","background-type":"","background-media":"","overlay-type":"","overlay-color":"","overlay-opacity":"","overlay-gradient":""},"tablet":{"background-color":"","background-image":"","background-repeat":"repeat","background-position":"center center","background-size":"auto","background-attachment":"scroll","background-type":"","background-media":"","overlay-type":"","overlay-color":"","overlay-opacity":"","overlay-gradient":""},"mobile":{"background-color":"","background-image":"","background-repeat":"repeat","background-position":"center center","background-size":"auto","background-attachment":"scroll","background-type":"","background-media":"","overlay-type":"","overlay-color":"","overlay-opacity":"","overlay-gradient":""}},"ast-content-background-meta":{"desktop":{"background-color":"var(--ast-global-color-5)","background-image":"","background-repeat":"repeat","background-position":"center center","background-size":"auto","background-attachment":"scroll","background-type":"","background-media":"","overlay-type":"","overlay-color":"","overlay-opacity":"","overlay-gradient":""},"tablet":{"background-color":"var(--ast-global-color-5)","background-image":"","background-repeat":"repeat","background-position":"center center","background-size":"auto","background-attachment":"scroll","background-type":"","background-media":"","overlay-type":"","overlay-color":"","overlay-opacity":"","overlay-gradient":""},"mobile":{"background-color":"var(--ast-global-color-5)","background-image":"","background-repeat":"repeat","background-position":"center center","background-size":"auto","background-attachment":"scroll","background-type":"","background-media":"","overlay-type":"","overlay-color":"","overlay-opacity":"","overlay-gradient":""}},"footnotes":""},"class_list":["post-69","page","type-page","status-publish","hentry"],"post_mailing_queue_ids":[],"_links":{"self":[{"href":"https:\/\/agora.xtec.cat\/iesmariarubies\/wp-json\/wp\/v2\/pages\/69","targetHints":{"allow":["GET"]}}],"collection":[{"href":"https:\/\/agora.xtec.cat\/iesmariarubies\/wp-json\/wp\/v2\/pages"}],"about":[{"href":"https:\/\/agora.xtec.cat\/iesmariarubies\/wp-json\/wp\/v2\/types\/page"}],"author":[{"embeddable":true,"href":"https:\/\/agora.xtec.cat\/iesmariarubies\/wp-json\/wp\/v2\/users\/2"}],"replies":[{"embeddable":true,"href":"https:\/\/agora.xtec.cat\/iesmariarubies\/wp-json\/wp\/v2\/comments?post=69"}],"version-history":[{"count":3,"href":"https:\/\/agora.xtec.cat\/iesmariarubies\/wp-json\/wp\/v2\/pages\/69\/revisions"}],"predecessor-version":[{"id":410,"href":"https:\/\/agora.xtec.cat\/iesmariarubies\/wp-json\/wp\/v2\/pages\/69\/revisions\/410"}],"up":[{"embeddable":true,"href":"https:\/\/agora.xtec.cat\/iesmariarubies\/wp-json\/wp\/v2\/pages\/63"}],"wp:attachment":[{"href":"https:\/\/agora.xtec.cat\/iesmariarubies\/wp-json\/wp\/v2\/media?parent=69"}],"curies":[{"name":"wp","href":"https:\/\/api.w.org\/{rel}","templated":true}]}}