{"id":65,"date":"2014-09-18T10:12:22","date_gmt":"2014-09-18T09:12:22","guid":{"rendered":"http:\/\/agora.xtec.cat\/iesmariarubies\/\/?page_id=65"},"modified":"2020-07-03T12:22:09","modified_gmt":"2020-07-03T10:22:09","slug":"serveis-digitals","status":"publish","type":"page","link":"https:\/\/agora.xtec.cat\/iesmariarubies\/serveis\/serveis-digitals\/","title":{"rendered":"Serveis digitals"},"content":{"rendered":"<ul>\n<li style=\"color: #444444;\">Moodle: El moodle \u00e9s un software que serveix per comunicar el professorat amb els alumnes. Cada alumne i cada professor t\u00e9 un nom d&#8217;usuari i una contrasenya que en el cas dels alumnes s&#8217;entrega a principi de curs. Des del moodle els alumnes poden visualitzar, per cursos i per mat\u00e8ries, els diferents arxius penjats pels professors. El que es pot fer \u00e9s prinicalment, penjar arxius o treballs sense la necessitat d&#8217;imprimir-los i que el professor els pugui comentar i qualificar de manera online, realizar comentaris en grups sobre un tema proposat per un professor a una classe determinada, els professors poden penjar material exterior per donar m\u00e9s import\u00e0ncia a quelcom de la mat\u00e8ria, per exemple, penjar v\u00eddeos, enlla\u00e7os, pr\u00e0ctiques del laboratori,etc.<\/li>\n<\/ul>\n<p><a href=\"http:\/\/agora.xtec.cat\/iesmariarubies\/wp-content\/uploads\/usu171\/2014\/09\/moodle.jpg\"><img loading=\"lazy\" decoding=\"async\" class=\" wp-image-400 aligncenter\" src=\"http:\/\/agora.xtec.cat\/iesmariarubies\/wp-content\/uploads\/usu171\/2014\/09\/moodle-1024x494.jpg\" alt=\"moodle\" width=\"733\" height=\"354\" \/><\/a><\/p>\n<ul>\n<li style=\"color: #444444;\">L&#8217;Al\u00e8xia: L&#8217;Al\u00e8xia s&#8217;utlitza per comunicar incid\u00e8ncies i faltes des del professorat cap a les fam\u00edlies. El seu objectiu \u00e9s que els pares puguin seguir el rendiment escolar dels seus fills di\u00e0riament. Els professors i les fam\u00edlies tenen, com en el moddle, un usuari i una contrasenya per entrar-hi. A m\u00e9s, s&#8217;envia un correu electr\u00f2nic cada mes o cada dos mesos de les incid\u00e8ncies i les faltes.<\/li>\n<\/ul>\n<p><a href=\"http:\/\/agora.xtec.cat\/iesmariarubies\/wp-content\/uploads\/usu171\/2014\/09\/alexia.jpg\"><img loading=\"lazy\" decoding=\"async\" class=\" wp-image-402 aligncenter\" src=\"http:\/\/agora.xtec.cat\/iesmariarubies\/wp-content\/uploads\/usu171\/2014\/09\/alexia.jpg\" alt=\"alexia\" width=\"522\" height=\"238\" \/><\/a><\/p>\n<p>&nbsp;<\/p>\n<ul>\n<li>El blog del comenius: Aquest bloc \u00e9s un recull de les activitats realitzades pels alumnes que van participar en el comenius realitzat entre diferents pa\u00efsos europeus.<\/li>\n<\/ul>\n<p><a href=\"http:\/\/agora.xtec.cat\/iesmariarubies\/wp-content\/uploads\/usu171\/2014\/09\/iletait.jpg\"><img loading=\"lazy\" decoding=\"async\" class=\"alignnone size-full wp-image-441\" src=\"http:\/\/agora.xtec.cat\/iesmariarubies\/wp-content\/uploads\/usu171\/2014\/09\/iletait.jpg\" alt=\"iletait\" width=\"1021\" height=\"528\" srcset=\"https:\/\/agora.xtec.cat\/iesmariarubies\/wp-content\/uploads\/usu171\/2014\/09\/iletait.jpg 1021w, https:\/\/agora.xtec.cat\/iesmariarubies\/wp-content\/uploads\/usu171\/2014\/09\/iletait-300x155.jpg 300w\" sizes=\"auto, (max-width: 1021px) 100vw, 1021px\" \/><\/a><\/p>\n<p>&nbsp;<\/p>\n<ul>\n<li style=\"color: #444444;\">\n<div align=\"center\"><strong>PROGRAMA DE REUTILITZACI\u00d3 DE LLIBRES<\/strong><\/div>\n<div align=\"center\"><img decoding=\"async\" src=\"http:\/\/www.extrea.nl\/images\/klanten_logos\/iddink.gif\" alt=\"\" \/><\/div>\n<p>L&#8217;alumnat que arriba al centre un cop ha comen\u00e7at el curs pot fer la seva comanda directament a IDDINK un cop sigui coneixedor del grup que se li ha assignat.<\/p>\n<h2><a href=\"http:\/\/microsites.iddink.es\/CA\/227_institut_maria_rubies\"><img loading=\"lazy\" decoding=\"async\" class=\"alignnone size-full wp-image-16644\" src=\"https:\/\/agora.xtec.cat\/iesmariarubies\/wp-content\/uploads\/usu171\/2020\/07\/image002.jpg\" alt=\"\" width=\"790\" height=\"264\" srcset=\"https:\/\/agora.xtec.cat\/iesmariarubies\/wp-content\/uploads\/usu171\/2020\/07\/image002.jpg 790w, https:\/\/agora.xtec.cat\/iesmariarubies\/wp-content\/uploads\/usu171\/2020\/07\/image002-300x100.jpg 300w, https:\/\/agora.xtec.cat\/iesmariarubies\/wp-content\/uploads\/usu171\/2020\/07\/image002-768x257.jpg 768w\" sizes=\"auto, (max-width: 790px) 100vw, 790px\" \/><\/a><\/h2>\n<p>&nbsp;<\/p>\n<div align=\"center\"><\/div>\n<div align=\"center\">\n<p>&nbsp;<\/p>\n<div align=\"center\"><\/div>\n<div align=\"center\">\n<p>&nbsp;<\/p>\n<\/div>\n<\/div>\n<\/li>\n<\/ul>\n<p style=\"color: #444444;\">\n","protected":false},"excerpt":{"rendered":"<p>Moodle: El moodle \u00e9s un software que serveix per comunicar el professorat amb els alumnes. Cada alumne i cada professor t\u00e9 un nom d&#8217;usuari i una contrasenya que en el cas dels alumnes s&#8217;entrega a principi de curs. Des del moodle els alumnes poden visualitzar, per cursos i per mat\u00e8ries, els diferents arxius penjats pels [&hellip;]<\/p>\n","protected":false},"author":1,"featured_media":0,"parent":63,"menu_order":50,"comment_status":"closed","ping_status":"closed","template":"page-templates\/side-menu.php","meta":{"_bbp_topic_count":0,"_bbp_reply_count":0,"_bbp_total_topic_count":0,"_bbp_total_reply_count":0,"_bbp_voice_count":0,"_bbp_anonymous_reply_count":0,"_bbp_topic_count_hidden":0,"_bbp_reply_count_hidden":0,"_bbp_forum_subforum_count":0,"site-sidebar-layout":"default","site-content-layout":"","ast-site-content-layout":"","site-content-style":"default","site-sidebar-style":"default","ast-global-header-display":"","ast-banner-title-visibility":"","ast-main-header-display":"","ast-hfb-above-header-display":"","ast-hfb-below-header-display":"","ast-hfb-mobile-header-display":"","site-post-title":"","ast-breadcrumbs-content":"","ast-featured-img":"","footer-sml-layout":"","theme-transparent-header-meta":"","adv-header-id-meta":"","stick-header-meta":"","header-above-stick-meta":"","header-main-stick-meta":"","header-below-stick-meta":"","astra-migrate-meta-layouts":"default","ast-page-background-enabled":"default","ast-page-background-meta":{"desktop":{"background-color":"var(--ast-global-color-4)","background-image":"","background-repeat":"repeat","background-position":"center center","background-size":"auto","background-attachment":"scroll","background-type":"","background-media":"","overlay-type":"","overlay-color":"","overlay-opacity":"","overlay-gradient":""},"tablet":{"background-color":"","background-image":"","background-repeat":"repeat","background-position":"center center","background-size":"auto","background-attachment":"scroll","background-type":"","background-media":"","overlay-type":"","overlay-color":"","overlay-opacity":"","overlay-gradient":""},"mobile":{"background-color":"","background-image":"","background-repeat":"repeat","background-position":"center center","background-size":"auto","background-attachment":"scroll","background-type":"","background-media":"","overlay-type":"","overlay-color":"","overlay-opacity":"","overlay-gradient":""}},"ast-content-background-meta":{"desktop":{"background-color":"var(--ast-global-color-5)","background-image":"","background-repeat":"repeat","background-position":"center center","background-size":"auto","background-attachment":"scroll","background-type":"","background-media":"","overlay-type":"","overlay-color":"","overlay-opacity":"","overlay-gradient":""},"tablet":{"background-color":"var(--ast-global-color-5)","background-image":"","background-repeat":"repeat","background-position":"center center","background-size":"auto","background-attachment":"scroll","background-type":"","background-media":"","overlay-type":"","overlay-color":"","overlay-opacity":"","overlay-gradient":""},"mobile":{"background-color":"var(--ast-global-color-5)","background-image":"","background-repeat":"repeat","background-position":"center center","background-size":"auto","background-attachment":"scroll","background-type":"","background-media":"","overlay-type":"","overlay-color":"","overlay-opacity":"","overlay-gradient":""}},"footnotes":""},"class_list":["post-65","page","type-page","status-publish","hentry"],"post_mailing_queue_ids":[],"_links":{"self":[{"href":"https:\/\/agora.xtec.cat\/iesmariarubies\/wp-json\/wp\/v2\/pages\/65","targetHints":{"allow":["GET"]}}],"collection":[{"href":"https:\/\/agora.xtec.cat\/iesmariarubies\/wp-json\/wp\/v2\/pages"}],"about":[{"href":"https:\/\/agora.xtec.cat\/iesmariarubies\/wp-json\/wp\/v2\/types\/page"}],"author":[{"embeddable":true,"href":"https:\/\/agora.xtec.cat\/iesmariarubies\/wp-json\/wp\/v2\/users\/1"}],"replies":[{"embeddable":true,"href":"https:\/\/agora.xtec.cat\/iesmariarubies\/wp-json\/wp\/v2\/comments?post=65"}],"version-history":[{"count":4,"href":"https:\/\/agora.xtec.cat\/iesmariarubies\/wp-json\/wp\/v2\/pages\/65\/revisions"}],"predecessor-version":[{"id":21383,"href":"https:\/\/agora.xtec.cat\/iesmariarubies\/wp-json\/wp\/v2\/pages\/65\/revisions\/21383"}],"up":[{"embeddable":true,"href":"https:\/\/agora.xtec.cat\/iesmariarubies\/wp-json\/wp\/v2\/pages\/63"}],"wp:attachment":[{"href":"https:\/\/agora.xtec.cat\/iesmariarubies\/wp-json\/wp\/v2\/media?parent=65"}],"curies":[{"name":"wp","href":"https:\/\/api.w.org\/{rel}","templated":true}]}}