{"id":290,"date":"2013-04-30T11:33:29","date_gmt":"2013-04-30T11:33:29","guid":{"rendered":"http:\/\/blocs.xtec.cat\/secretariarubies\/?page_id=41"},"modified":"2024-11-26T09:32:01","modified_gmt":"2024-11-26T08:32:01","slug":"secretaria-2","status":"publish","type":"page","link":"https:\/\/agora.xtec.cat\/iesmariarubies\/secretaria-2\/","title":{"rendered":"Secretaria"},"content":{"rendered":"<p><strong>Secret\u00e0ria:<\/strong> Maika Clua<br \/>\n<strong>Administratius:<\/strong> Imma Rosell\u00f3 i Oscar Rodrigo<\/p>\n<p>L\u2019horari d&#8217;atenci\u00f3 al p\u00fablic a secretaria \u00e9s el seg\u00fcent:<br \/>\nDe dilluns a divendres: de 8.30h a 16.00h<\/p>\n<p>Per realitzar qualsevol petici\u00f3 o consulta podeu trucar al tel\u00e8fon:<em> 973212208<\/em> (preguntant per secretaria) o enviar un correu electr\u00f2nic a: <em>iesmariarubies@xtec.cat<\/em> indicant la vostra consulta.<\/p>\n<p><em>HORARI SENSE ALUMNAT: de 8.30h a 14h (de dilluns a divendres)<\/em><\/p>\n","protected":false},"excerpt":{"rendered":"<p>Secret\u00e0ria: Maika Clua Administratius: Imma Rosell\u00f3 i Oscar Rodrigo L\u2019horari d&#8217;atenci\u00f3 al p\u00fablic a secretaria \u00e9s el seg\u00fcent: De dilluns a divendres: de 8.30h a 16.00h Per realitzar qualsevol petici\u00f3 o consulta podeu trucar al tel\u00e8fon: 973212208 (preguntant per secretaria) o enviar un correu electr\u00f2nic a: iesmariarubies@xtec.cat indicant la vostra consulta. HORARI SENSE ALUMNAT: de [&hellip;]<\/p>\n","protected":false},"author":1,"featured_media":0,"parent":0,"menu_order":0,"comment_status":"closed","ping_status":"closed","template":"page-templates\/side-menu.php","meta":{"_bbp_topic_count":0,"_bbp_reply_count":0,"_bbp_total_topic_count":0,"_bbp_total_reply_count":0,"_bbp_voice_count":0,"_bbp_anonymous_reply_count":0,"_bbp_topic_count_hidden":0,"_bbp_reply_count_hidden":0,"_bbp_forum_subforum_count":0,"site-sidebar-layout":"default","site-content-layout":"","ast-site-content-layout":"","site-content-style":"default","site-sidebar-style":"default","ast-global-header-display":"","ast-banner-title-visibility":"","ast-main-header-display":"","ast-hfb-above-header-display":"","ast-hfb-below-header-display":"","ast-hfb-mobile-header-display":"","site-post-title":"","ast-breadcrumbs-content":"","ast-featured-img":"","footer-sml-layout":"","theme-transparent-header-meta":"","adv-header-id-meta":"","stick-header-meta":"","header-above-stick-meta":"","header-main-stick-meta":"","header-below-stick-meta":"","astra-migrate-meta-layouts":"default","ast-page-background-enabled":"default","ast-page-background-meta":{"desktop":{"background-color":"var(--ast-global-color-4)","background-image":"","background-repeat":"repeat","background-position":"center center","background-size":"auto","background-attachment":"scroll","background-type":"","background-media":"","overlay-type":"","overlay-color":"","overlay-opacity":"","overlay-gradient":""},"tablet":{"background-color":"","background-image":"","background-repeat":"repeat","background-position":"center center","background-size":"auto","background-attachment":"scroll","background-type":"","background-media":"","overlay-type":"","overlay-color":"","overlay-opacity":"","overlay-gradient":""},"mobile":{"background-color":"","background-image":"","background-repeat":"repeat","background-position":"center center","background-size":"auto","background-attachment":"scroll","background-type":"","background-media":"","overlay-type":"","overlay-color":"","overlay-opacity":"","overlay-gradient":""}},"ast-content-background-meta":{"desktop":{"background-color":"var(--ast-global-color-5)","background-image":"","background-repeat":"repeat","background-position":"center center","background-size":"auto","background-attachment":"scroll","background-type":"","background-media":"","overlay-type":"","overlay-color":"","overlay-opacity":"","overlay-gradient":""},"tablet":{"background-color":"var(--ast-global-color-5)","background-image":"","background-repeat":"repeat","background-position":"center center","background-size":"auto","background-attachment":"scroll","background-type":"","background-media":"","overlay-type":"","overlay-color":"","overlay-opacity":"","overlay-gradient":""},"mobile":{"background-color":"var(--ast-global-color-5)","background-image":"","background-repeat":"repeat","background-position":"center center","background-size":"auto","background-attachment":"scroll","background-type":"","background-media":"","overlay-type":"","overlay-color":"","overlay-opacity":"","overlay-gradient":""}},"footnotes":""},"class_list":["post-290","page","type-page","status-publish","hentry"],"post_mailing_queue_ids":[],"_links":{"self":[{"href":"https:\/\/agora.xtec.cat\/iesmariarubies\/wp-json\/wp\/v2\/pages\/290","targetHints":{"allow":["GET"]}}],"collection":[{"href":"https:\/\/agora.xtec.cat\/iesmariarubies\/wp-json\/wp\/v2\/pages"}],"about":[{"href":"https:\/\/agora.xtec.cat\/iesmariarubies\/wp-json\/wp\/v2\/types\/page"}],"author":[{"embeddable":true,"href":"https:\/\/agora.xtec.cat\/iesmariarubies\/wp-json\/wp\/v2\/users\/1"}],"replies":[{"embeddable":true,"href":"https:\/\/agora.xtec.cat\/iesmariarubies\/wp-json\/wp\/v2\/comments?post=290"}],"version-history":[{"count":3,"href":"https:\/\/agora.xtec.cat\/iesmariarubies\/wp-json\/wp\/v2\/pages\/290\/revisions"}],"predecessor-version":[{"id":16481,"href":"https:\/\/agora.xtec.cat\/iesmariarubies\/wp-json\/wp\/v2\/pages\/290\/revisions\/16481"}],"wp:attachment":[{"href":"https:\/\/agora.xtec.cat\/iesmariarubies\/wp-json\/wp\/v2\/media?parent=290"}],"curies":[{"name":"wp","href":"https:\/\/api.w.org\/{rel}","templated":true}]}}