{"id":27,"date":"2014-09-17T16:24:03","date_gmt":"2014-09-17T16:24:03","guid":{"rendered":"http:\/\/agora.xtec.cat\/iesmariarubies\/\/?page_id=27"},"modified":"2016-02-27T11:36:51","modified_gmt":"2016-02-27T10:36:51","slug":"historia","status":"publish","type":"page","link":"https:\/\/agora.xtec.cat\/iesmariarubies\/linstitut\/historia\/","title":{"rendered":"Hist\u00f2ria"},"content":{"rendered":"<p><span style=\"font-family: arial,helvetica,sans-serif; font-size: medium;\"><span style=\"font-size: large;\"><span style=\"font-size: medium;\">\u00a0<\/span><\/span><\/span><\/p>\n<p><span style=\"font-family: arial,helvetica,sans-serif; font-size: medium;\"><span style=\"font-size: large;\"><span style=\"font-size: medium;\">El\u00a0 nom de l&#8217;institut fa refer\u00e8ncia a <a href=\"http:\/\/ca.wikipedia.org\/wiki\/Maria_R%C3%BAbies_i_Garrof%C3%A9\" target=\"_blank\">Maria R\u00fabies<\/a>, mestra i pedagoga lleidatana.<\/span><\/span><\/span><\/p>\n<p>L&#8217;Institut Maria R\u00fabies va obrir les seves portes l&#8217;any 1996 amb 10 aules prefabricades i 104 alumnes.<\/p>\n<p>&nbsp;<\/p>\n<p><a href=\"http:\/\/agora.xtec.cat\/iesmariarubies\/wp-content\/uploads\/usu171\/2014\/09\/oie_GJ89Emp6shKb.png\"><img loading=\"lazy\" decoding=\"async\" class=\" size-full wp-image-502 aligncenter\" src=\"http:\/\/agora.xtec.cat\/iesmariarubies\/wp-content\/uploads\/usu171\/2014\/09\/oie_GJ89Emp6shKb.png\" alt=\"oie_GJ89Emp6shKb\" width=\"683\" height=\"384\" srcset=\"https:\/\/agora.xtec.cat\/iesmariarubies\/wp-content\/uploads\/usu171\/2014\/09\/oie_GJ89Emp6shKb.png 683w, https:\/\/agora.xtec.cat\/iesmariarubies\/wp-content\/uploads\/usu171\/2014\/09\/oie_GJ89Emp6shKb-300x169.png 300w\" sizes=\"auto, (max-width: 683px) 100vw, 683px\" \/><\/a><\/p>\n<p>Aquesta \u00e9s una de les aules que hi havia als m\u00f2duls, l&#8217;aula de tecnologia.<\/p>\n<p><a href=\"http:\/\/agora.xtec.cat\/iesmariarubies\/wp-content\/uploads\/usu171\/2014\/09\/oie_5yiNFBgmvWqv.png\"><img loading=\"lazy\" decoding=\"async\" class=\"  wp-image-503 aligncenter\" src=\"http:\/\/agora.xtec.cat\/iesmariarubies\/wp-content\/uploads\/usu171\/2014\/09\/oie_5yiNFBgmvWqv.png\" alt=\"oie_5yiNFBgmvWqv\" width=\"539\" height=\"302\" srcset=\"https:\/\/agora.xtec.cat\/iesmariarubies\/wp-content\/uploads\/usu171\/2014\/09\/oie_5yiNFBgmvWqv.png 682w, https:\/\/agora.xtec.cat\/iesmariarubies\/wp-content\/uploads\/usu171\/2014\/09\/oie_5yiNFBgmvWqv-300x168.png 300w\" sizes=\"auto, (max-width: 539px) 100vw, 539px\" \/><\/a><\/p>\n<p>Aquesta \u00e9s una imatge de l&#8217;aula de tercer d&#8217;ESO en els m\u00f2duls-<\/p>\n<p><a href=\"http:\/\/agora.xtec.cat\/iesmariarubies\/wp-content\/uploads\/usu171\/2014\/09\/oie_cUy2lEAYdBbt.png\"><img loading=\"lazy\" decoding=\"async\" class=\"  wp-image-504 aligncenter\" src=\"http:\/\/agora.xtec.cat\/iesmariarubies\/wp-content\/uploads\/usu171\/2014\/09\/oie_cUy2lEAYdBbt.png\" alt=\"oie_cUy2lEAYdBbt\" width=\"482\" height=\"353\" srcset=\"https:\/\/agora.xtec.cat\/iesmariarubies\/wp-content\/uploads\/usu171\/2014\/09\/oie_cUy2lEAYdBbt.png 682w, https:\/\/agora.xtec.cat\/iesmariarubies\/wp-content\/uploads\/usu171\/2014\/09\/oie_cUy2lEAYdBbt-300x220.png 300w\" sizes=\"auto, (max-width: 482px) 100vw, 482px\" \/><\/a><\/p>\n<p>Imatge de l&#8217;Institut\u00a0 en construcci\u00f3, l&#8217;any 1998-1999.<\/p>\n<p><a href=\"http:\/\/agora.xtec.cat\/iesmariarubies\/wp-content\/uploads\/usu171\/2014\/09\/oie_LEK62dG9ja57.png\"><img loading=\"lazy\" decoding=\"async\" class=\" size-large wp-image-505 aligncenter\" src=\"http:\/\/agora.xtec.cat\/iesmariarubies\/wp-content\/uploads\/usu171\/2014\/09\/oie_LEK62dG9ja57.png\" alt=\"oie_LEK62dG9ja57\" width=\"682\" height=\"398\" srcset=\"https:\/\/agora.xtec.cat\/iesmariarubies\/wp-content\/uploads\/usu171\/2014\/09\/oie_LEK62dG9ja57.png 682w, https:\/\/agora.xtec.cat\/iesmariarubies\/wp-content\/uploads\/usu171\/2014\/09\/oie_LEK62dG9ja57-300x175.png 300w\" sizes=\"auto, (max-width: 682px) 100vw, 682px\" \/><\/a><\/p>\n<p><a href=\"http:\/\/agora.xtec.cat\/iesmariarubies\/wp-content\/uploads\/usu171\/2014\/09\/al\u00e7at.jpeg\"><img loading=\"lazy\" decoding=\"async\" class=\"  wp-image-1505 aligncenter\" src=\"http:\/\/agora.xtec.cat\/iesmariarubies\/wp-content\/uploads\/usu171\/2014\/09\/al\u00e7at.jpeg\" alt=\"al\u00e7at\" width=\"631\" height=\"473\" srcset=\"https:\/\/agora.xtec.cat\/iesmariarubies\/wp-content\/uploads\/usu171\/2014\/09\/al\u00e7at.jpeg 960w, https:\/\/agora.xtec.cat\/iesmariarubies\/wp-content\/uploads\/usu171\/2014\/09\/al\u00e7at-300x225.jpeg 300w, https:\/\/agora.xtec.cat\/iesmariarubies\/wp-content\/uploads\/usu171\/2014\/09\/al\u00e7at-200x150.jpeg 200w\" sizes=\"auto, (max-width: 631px) 100vw, 631px\" \/><\/a>\u00a0<a href=\"http:\/\/agora.xtec.cat\/iesmariarubies\/wp-content\/uploads\/usu171\/2014\/09\/aeria.jpeg\"><img loading=\"lazy\" decoding=\"async\" class=\"alignnone size-full wp-image-1504\" src=\"http:\/\/agora.xtec.cat\/iesmariarubies\/wp-content\/uploads\/usu171\/2014\/09\/aeria.jpeg\" alt=\"aeria\" width=\"960\" height=\"720\" srcset=\"https:\/\/agora.xtec.cat\/iesmariarubies\/wp-content\/uploads\/usu171\/2014\/09\/aeria.jpeg 960w, https:\/\/agora.xtec.cat\/iesmariarubies\/wp-content\/uploads\/usu171\/2014\/09\/aeria-300x225.jpeg 300w, https:\/\/agora.xtec.cat\/iesmariarubies\/wp-content\/uploads\/usu171\/2014\/09\/aeria-200x150.jpeg 200w\" sizes=\"auto, (max-width: 960px) 100vw, 960px\" \/><\/a><\/p>\n<p>Aquest \u00e9s l&#8217;edifici actual de l&#8217;institut, ja construit i acabat, l&#8217;any 1999-2000.<\/p>\n<p>&nbsp;<\/p>\n<p><a href=\"http:\/\/agora.xtec.cat\/iesmariarubies\/wp-content\/uploads\/usu171\/2014\/09\/oie_AYeYLUX0q25p.png\"><img loading=\"lazy\" decoding=\"async\" class=\"alignnone size-large wp-image-506\" src=\"http:\/\/agora.xtec.cat\/iesmariarubies\/wp-content\/uploads\/usu171\/2014\/09\/oie_AYeYLUX0q25p.png\" alt=\"oie_AYeYLUX0q25p\" width=\"682\" height=\"398\" srcset=\"https:\/\/agora.xtec.cat\/iesmariarubies\/wp-content\/uploads\/usu171\/2014\/09\/oie_AYeYLUX0q25p.png 682w, https:\/\/agora.xtec.cat\/iesmariarubies\/wp-content\/uploads\/usu171\/2014\/09\/oie_AYeYLUX0q25p-300x175.png 300w\" sizes=\"auto, (max-width: 682px) 100vw, 682px\" \/><\/a><\/p>\n<p>&nbsp;<\/p>\n<p>L&#8217;acte d&#8217;inaguraci\u00f3 va ser el 6 de juny del 2000.<\/p>\n<p>&nbsp;<\/p>\n<p><a href=\"http:\/\/agora.xtec.cat\/iesmariarubies\/wp-content\/uploads\/usu171\/2014\/09\/oie_IxJOqSQAs1Jm.png\"><img loading=\"lazy\" decoding=\"async\" class=\" size-large wp-image-507 aligncenter\" src=\"http:\/\/agora.xtec.cat\/iesmariarubies\/wp-content\/uploads\/usu171\/2014\/09\/oie_IxJOqSQAs1Jm.png\" alt=\"oie_IxJOqSQAs1Jm\" width=\"682\" height=\"382\" srcset=\"https:\/\/agora.xtec.cat\/iesmariarubies\/wp-content\/uploads\/usu171\/2014\/09\/oie_IxJOqSQAs1Jm.png 682w, https:\/\/agora.xtec.cat\/iesmariarubies\/wp-content\/uploads\/usu171\/2014\/09\/oie_IxJOqSQAs1Jm-300x168.png 300w\" sizes=\"auto, (max-width: 682px) 100vw, 682px\" \/><\/a><\/p>\n<p>&nbsp;<\/p>\n<p><span style=\"font-family: arial,helvetica,sans-serif; font-size: medium;\"><span style=\"font-size: large;\"><span style=\"font-size: medium;\">Actualment,\u00a0 acull m\u00e9s de 500 alumnes, distribu\u00efts en 16 grups d&#8217;E.S.O. i quatre de batxillerat. Hi treballen m\u00e9s de 50 professors\/es.<\/span><\/span><\/span><\/p>\n<p>&nbsp;<\/p>\n<p>&nbsp;<\/p>\n<p>&nbsp;<\/p>\n<p>&nbsp;<\/p>\n<p>&nbsp;<\/p>\n<p>&nbsp;<\/p>\n<p>&nbsp;<\/p>\n","protected":false},"excerpt":{"rendered":"<p>\u00a0 El\u00a0 nom de l&#8217;institut fa refer\u00e8ncia a Maria R\u00fabies, mestra i pedagoga lleidatana. L&#8217;Institut Maria R\u00fabies va obrir les seves portes l&#8217;any 1996 amb 10 aules prefabricades i 104 alumnes. &nbsp; Aquesta \u00e9s una de les aules que hi havia als m\u00f2duls, l&#8217;aula de tecnologia. Aquesta \u00e9s una imatge de l&#8217;aula de tercer d&#8217;ESO [&hellip;]<\/p>\n","protected":false},"author":1,"featured_media":0,"parent":19,"menu_order":20,"comment_status":"closed","ping_status":"closed","template":"page-templates\/side-menu.php","meta":{"_bbp_topic_count":0,"_bbp_reply_count":0,"_bbp_total_topic_count":0,"_bbp_total_reply_count":0,"_bbp_voice_count":0,"_bbp_anonymous_reply_count":0,"_bbp_topic_count_hidden":0,"_bbp_reply_count_hidden":0,"_bbp_forum_subforum_count":0,"site-sidebar-layout":"default","site-content-layout":"","ast-site-content-layout":"","site-content-style":"default","site-sidebar-style":"default","ast-global-header-display":"","ast-banner-title-visibility":"","ast-main-header-display":"","ast-hfb-above-header-display":"","ast-hfb-below-header-display":"","ast-hfb-mobile-header-display":"","site-post-title":"","ast-breadcrumbs-content":"","ast-featured-img":"","footer-sml-layout":"","theme-transparent-header-meta":"","adv-header-id-meta":"","stick-header-meta":"","header-above-stick-meta":"","header-main-stick-meta":"","header-below-stick-meta":"","astra-migrate-meta-layouts":"default","ast-page-background-enabled":"default","ast-page-background-meta":{"desktop":{"background-color":"var(--ast-global-color-4)","background-image":"","background-repeat":"repeat","background-position":"center center","background-size":"auto","background-attachment":"scroll","background-type":"","background-media":"","overlay-type":"","overlay-color":"","overlay-opacity":"","overlay-gradient":""},"tablet":{"background-color":"","background-image":"","background-repeat":"repeat","background-position":"center center","background-size":"auto","background-attachment":"scroll","background-type":"","background-media":"","overlay-type":"","overlay-color":"","overlay-opacity":"","overlay-gradient":""},"mobile":{"background-color":"","background-image":"","background-repeat":"repeat","background-position":"center center","background-size":"auto","background-attachment":"scroll","background-type":"","background-media":"","overlay-type":"","overlay-color":"","overlay-opacity":"","overlay-gradient":""}},"ast-content-background-meta":{"desktop":{"background-color":"var(--ast-global-color-5)","background-image":"","background-repeat":"repeat","background-position":"center center","background-size":"auto","background-attachment":"scroll","background-type":"","background-media":"","overlay-type":"","overlay-color":"","overlay-opacity":"","overlay-gradient":""},"tablet":{"background-color":"var(--ast-global-color-5)","background-image":"","background-repeat":"repeat","background-position":"center center","background-size":"auto","background-attachment":"scroll","background-type":"","background-media":"","overlay-type":"","overlay-color":"","overlay-opacity":"","overlay-gradient":""},"mobile":{"background-color":"var(--ast-global-color-5)","background-image":"","background-repeat":"repeat","background-position":"center center","background-size":"auto","background-attachment":"scroll","background-type":"","background-media":"","overlay-type":"","overlay-color":"","overlay-opacity":"","overlay-gradient":""}},"footnotes":""},"class_list":["post-27","page","type-page","status-publish","hentry"],"post_mailing_queue_ids":[],"_links":{"self":[{"href":"https:\/\/agora.xtec.cat\/iesmariarubies\/wp-json\/wp\/v2\/pages\/27","targetHints":{"allow":["GET"]}}],"collection":[{"href":"https:\/\/agora.xtec.cat\/iesmariarubies\/wp-json\/wp\/v2\/pages"}],"about":[{"href":"https:\/\/agora.xtec.cat\/iesmariarubies\/wp-json\/wp\/v2\/types\/page"}],"author":[{"embeddable":true,"href":"https:\/\/agora.xtec.cat\/iesmariarubies\/wp-json\/wp\/v2\/users\/1"}],"replies":[{"embeddable":true,"href":"https:\/\/agora.xtec.cat\/iesmariarubies\/wp-json\/wp\/v2\/comments?post=27"}],"version-history":[{"count":4,"href":"https:\/\/agora.xtec.cat\/iesmariarubies\/wp-json\/wp\/v2\/pages\/27\/revisions"}],"predecessor-version":[{"id":1508,"href":"https:\/\/agora.xtec.cat\/iesmariarubies\/wp-json\/wp\/v2\/pages\/27\/revisions\/1508"}],"up":[{"embeddable":true,"href":"https:\/\/agora.xtec.cat\/iesmariarubies\/wp-json\/wp\/v2\/pages\/19"}],"wp:attachment":[{"href":"https:\/\/agora.xtec.cat\/iesmariarubies\/wp-json\/wp\/v2\/media?parent=27"}],"curies":[{"name":"wp","href":"https:\/\/api.w.org\/{rel}","templated":true}]}}