{"id":19942,"date":"2021-10-22T14:58:42","date_gmt":"2021-10-22T12:58:42","guid":{"rendered":"https:\/\/agora.xtec.cat\/iesmariarubies\/?page_id=19942"},"modified":"2025-03-17T14:29:50","modified_gmt":"2025-03-17T13:29:50","slug":"pagaments","status":"publish","type":"page","link":"https:\/\/agora.xtec.cat\/iesmariarubies\/secretaria-2\/pagaments\/","title":{"rendered":"Pagaments"},"content":{"rendered":"<p>Els diferents pagaments que s&#8217;han de realitzar durant l&#8217;escolaritzaci\u00f3 al centre (sortides, matr\u00edcula, compra de material, etc.) els tenim centralitzats a l&#8217;entitat CAIXABANK mitjan\u00e7ant l&#8217;apartat &#8220;Pagaments a tercers&#8221;. La gran novetat d&#8217;aquest sistema \u00e9s que, a partir d&#8217;ara, <em><strong>NO caldr\u00e0 que les fam\u00edlies porteu a secretaria el comprovant del pagament<\/strong><\/em>.<\/p>\n<p>A continuaci\u00f3 us detallem les diferents maneres de fer els ingressos:<\/p>\n<p><em><strong>1. Via p\u00e0gina web.<\/strong><\/em><br \/>\nAquest sistema el podeu fer servir totes les fam\u00edlies, tingueu o no compte bancari a Caixabank i nom\u00e9s us far\u00e0 falta el n\u00famero de la vostra targeta banc\u00e0ria (ja sigui VISA, MASTERCARD, etc.). Nom\u00e9s cal que feu clic al seg\u00fcent enlla\u00e7 <a href=\"https:\/\/www2.caixabank.es\/apl\/pagos\/index_ca.html?CODCPR=90VPA003\" target=\"_blank\" rel=\"noopener\">https:\/\/www2.caixabank.es\/apl\/pagos\/index_ca.html?CODCPR=90VPA003<\/a> i empleneu la casella &#8220;ENTITAT&#8221; amb els n\u00fameros corresponents a cada pagament:<\/p>\n<ul>\n<li style=\"list-style-type: none;\">\n<ul>\n<li>0773707 Matr\u00edcula ESO<\/li>\n<li>0773719 Matr\u00edcula BATX<\/li>\n<li>0758950 Sortides 1r ESO<\/li>\n<li>0758962 Sortides 2n ESO<\/li>\n<li>0757945 Sortides 3r ESO<\/li>\n<li>0757933 Sortides 4t ESO<\/li>\n<li>0760208 Sortides 1r BATX<\/li>\n<li>0760210 Sortides 2n BATX<\/li>\n<li>0763702 Sortides diverses (Port Aventura, viatges de fi de curs, etc.)<\/li>\n<li>0763957 Reparacions ordinadors port\u00e0tils<\/li>\n<\/ul>\n<\/li>\n<\/ul>\n<p>Una vegada heu introduit el n\u00famero d&#8217;entitat, nom\u00e9s caldr\u00e0 que empleneu el nom de l&#8217;alumne\/a i el grup on est\u00e0 matriculat (grup A, B, C, D&#8230;). Despr\u00e9s de clicar al bot\u00f3 &#8220;Continuar&#8221; ja us demanar\u00e0 les dades de la vostra targeta per a poder validar el pagament.<\/p>\n<p><a href=\"https:\/\/agora.xtec.cat\/iesmariarubies\/wp-content\/uploads\/usu171\/2021\/10\/Snap-2021-10-25-at-12.40.33.png\"><img loading=\"lazy\" decoding=\"async\" class=\"wp-image-19947 aligncenter\" src=\"https:\/\/agora.xtec.cat\/iesmariarubies\/wp-content\/uploads\/usu171\/2021\/10\/Snap-2021-10-25-at-12.40.33.png\" alt=\"\" width=\"419\" height=\"288\" srcset=\"https:\/\/agora.xtec.cat\/iesmariarubies\/wp-content\/uploads\/usu171\/2021\/10\/Snap-2021-10-25-at-12.40.33.png 842w, https:\/\/agora.xtec.cat\/iesmariarubies\/wp-content\/uploads\/usu171\/2021\/10\/Snap-2021-10-25-at-12.40.33-300x206.png 300w, https:\/\/agora.xtec.cat\/iesmariarubies\/wp-content\/uploads\/usu171\/2021\/10\/Snap-2021-10-25-at-12.40.33-768x528.png 768w\" sizes=\"auto, (max-width: 419px) 100vw, 419px\" \/><\/a><\/p>\n<p><em><strong>2. Via caixer autom\u00e0tic a les oficines de Caixabank<br \/>\n<\/strong><\/em>No cal ser client de Caixabank, nom\u00e9s disposar d&#8217;una targeta banc\u00e0ria (NO ES POT FER EN MET\u00c0L\u00b7LIC).<\/p>\n<p>Es pot fer el pagament mitjan\u00e7ant el n\u00famero d&#8217;entitat (els n\u00fameros s\u00f3n els mateixos que al punt 1):<\/p>\n<div id='gallery-1' class='gallery galleryid-19942 gallery-columns-2 gallery-size-medium'><figure class='gallery-item'>\n\t\t\t<div class='gallery-icon landscape'>\n\t\t\t\t<a href='https:\/\/agora.xtec.cat\/iesmariarubies\/wp-content\/uploads\/usu171\/2021\/10\/Snap-2021-10-25-at-12.51.54.png'><img loading=\"lazy\" decoding=\"async\" width=\"300\" height=\"220\" src=\"https:\/\/agora.xtec.cat\/iesmariarubies\/wp-content\/uploads\/usu171\/2021\/10\/Snap-2021-10-25-at-12.51.54-300x220.png\" class=\"attachment-medium size-medium\" alt=\"\" srcset=\"https:\/\/agora.xtec.cat\/iesmariarubies\/wp-content\/uploads\/usu171\/2021\/10\/Snap-2021-10-25-at-12.51.54-300x220.png 300w, https:\/\/agora.xtec.cat\/iesmariarubies\/wp-content\/uploads\/usu171\/2021\/10\/Snap-2021-10-25-at-12.51.54.png 739w\" sizes=\"auto, (max-width: 300px) 100vw, 300px\" \/><\/a>\n\t\t\t<\/div><\/figure><figure class='gallery-item'>\n\t\t\t<div class='gallery-icon landscape'>\n\t\t\t\t<a href='https:\/\/agora.xtec.cat\/iesmariarubies\/wp-content\/uploads\/usu171\/2021\/10\/Snap-2021-10-25-at-12.52.54.png'><img loading=\"lazy\" decoding=\"async\" width=\"300\" height=\"211\" src=\"https:\/\/agora.xtec.cat\/iesmariarubies\/wp-content\/uploads\/usu171\/2021\/10\/Snap-2021-10-25-at-12.52.54-300x211.png\" class=\"attachment-medium size-medium\" alt=\"\" srcset=\"https:\/\/agora.xtec.cat\/iesmariarubies\/wp-content\/uploads\/usu171\/2021\/10\/Snap-2021-10-25-at-12.52.54-300x211.png 300w, https:\/\/agora.xtec.cat\/iesmariarubies\/wp-content\/uploads\/usu171\/2021\/10\/Snap-2021-10-25-at-12.52.54.png 758w\" sizes=\"auto, (max-width: 300px) 100vw, 300px\" \/><\/a>\n\t\t\t<\/div><\/figure><figure class='gallery-item'>\n\t\t\t<div class='gallery-icon landscape'>\n\t\t\t\t<a href='https:\/\/agora.xtec.cat\/iesmariarubies\/wp-content\/uploads\/usu171\/2021\/10\/Snap-2021-10-25-at-12.53.39.png'><img loading=\"lazy\" decoding=\"async\" width=\"300\" height=\"201\" src=\"https:\/\/agora.xtec.cat\/iesmariarubies\/wp-content\/uploads\/usu171\/2021\/10\/Snap-2021-10-25-at-12.53.39-300x201.png\" class=\"attachment-medium size-medium\" alt=\"\" srcset=\"https:\/\/agora.xtec.cat\/iesmariarubies\/wp-content\/uploads\/usu171\/2021\/10\/Snap-2021-10-25-at-12.53.39-300x201.png 300w, https:\/\/agora.xtec.cat\/iesmariarubies\/wp-content\/uploads\/usu171\/2021\/10\/Snap-2021-10-25-at-12.53.39.png 641w\" sizes=\"auto, (max-width: 300px) 100vw, 300px\" \/><\/a>\n\t\t\t<\/div><\/figure><figure class='gallery-item'>\n\t\t\t<div class='gallery-icon landscape'>\n\t\t\t\t<a href='https:\/\/agora.xtec.cat\/iesmariarubies\/wp-content\/uploads\/usu171\/2021\/10\/Snap-2021-10-25-at-12.54.11.png'><img loading=\"lazy\" decoding=\"async\" width=\"300\" height=\"193\" src=\"https:\/\/agora.xtec.cat\/iesmariarubies\/wp-content\/uploads\/usu171\/2021\/10\/Snap-2021-10-25-at-12.54.11-300x193.png\" class=\"attachment-medium size-medium\" alt=\"\" srcset=\"https:\/\/agora.xtec.cat\/iesmariarubies\/wp-content\/uploads\/usu171\/2021\/10\/Snap-2021-10-25-at-12.54.11-300x193.png 300w, https:\/\/agora.xtec.cat\/iesmariarubies\/wp-content\/uploads\/usu171\/2021\/10\/Snap-2021-10-25-at-12.54.11.png 676w\" sizes=\"auto, (max-width: 300px) 100vw, 300px\" \/><\/a>\n\t\t\t<\/div><\/figure><figure class='gallery-item'>\n\t\t\t<div class='gallery-icon landscape'>\n\t\t\t\t<a href='https:\/\/agora.xtec.cat\/iesmariarubies\/wp-content\/uploads\/usu171\/2021\/10\/Snap-2021-10-25-at-12.55.57.png'><img loading=\"lazy\" decoding=\"async\" width=\"300\" height=\"189\" src=\"https:\/\/agora.xtec.cat\/iesmariarubies\/wp-content\/uploads\/usu171\/2021\/10\/Snap-2021-10-25-at-12.55.57-300x189.png\" class=\"attachment-medium size-medium\" alt=\"\" srcset=\"https:\/\/agora.xtec.cat\/iesmariarubies\/wp-content\/uploads\/usu171\/2021\/10\/Snap-2021-10-25-at-12.55.57-300x189.png 300w, https:\/\/agora.xtec.cat\/iesmariarubies\/wp-content\/uploads\/usu171\/2021\/10\/Snap-2021-10-25-at-12.55.57.png 652w\" sizes=\"auto, (max-width: 300px) 100vw, 300px\" \/><\/a>\n\t\t\t<\/div><\/figure>\n\t\t<\/div>\n\n<p>A la casella d&#8217;entitat heu d&#8217;introduir un n\u00famero de 7 xifres:<\/p>\n<ul>\n<li style=\"list-style-type: none;\">\n<ul>\n<li>0773707 Matr\u00edcula ESO<\/li>\n<li>0773719 Matr\u00edcula BATX<\/li>\n<li>0758950 Sortides 1r ESO<\/li>\n<li>0758962 Sortides 2n ESO<\/li>\n<li>0757945 Sortides 3r ESO<\/li>\n<li>0757933 Sortides 4t ESO<\/li>\n<li>0760208 Sortides 1r BATX<\/li>\n<li>0760210 Sortides 2n BATX<\/li>\n<li>0763702 Sortides diverses (Port Aventura, viatges de fi de curs, etc.)<\/li>\n<li>0763957 Reparacions ordinadors port\u00e0tils<\/li>\n<\/ul>\n<\/li>\n<\/ul>\n<p>I tamb\u00e9 es pot fer el pagament al caixer mitjan\u00e7ant els seg\u00fcents codis de barres:<\/p>\n<div id='gallery-2' class='gallery galleryid-19942 gallery-columns-1 gallery-size-medium'><figure class='gallery-item'>\n\t\t\t<div class='gallery-icon landscape'>\n\t\t\t\t<a href='https:\/\/agora.xtec.cat\/iesmariarubies\/wp-content\/uploads\/usu171\/2022\/05\/codi-barres-matricula-ESO-75E-entitat-0773707.jpg'><img loading=\"lazy\" decoding=\"async\" width=\"169\" height=\"66\" src=\"https:\/\/agora.xtec.cat\/iesmariarubies\/wp-content\/uploads\/usu171\/2022\/05\/codi-barres-matricula-ESO-75E-entitat-0773707.jpg\" class=\"attachment-medium size-medium\" alt=\"\" aria-describedby=\"gallery-2-20431\" \/><\/a>\n\t\t\t<\/div>\n\t\t\t\t<figcaption class='wp-caption-text gallery-caption' id='gallery-2-20431'>\n\t\t\t\tMATR\u00cdCULA ESO\n\t\t\t\t<\/figcaption><\/figure><figure class='gallery-item'>\n\t\t\t<div class='gallery-icon landscape'>\n\t\t\t\t<a href='https:\/\/agora.xtec.cat\/iesmariarubies\/wp-content\/uploads\/usu171\/2022\/05\/codi-barres-matricula-BATX-85E-entitat-0773719.jpg'><img loading=\"lazy\" decoding=\"async\" width=\"169\" height=\"66\" src=\"https:\/\/agora.xtec.cat\/iesmariarubies\/wp-content\/uploads\/usu171\/2022\/05\/codi-barres-matricula-BATX-85E-entitat-0773719.jpg\" class=\"attachment-medium size-medium\" alt=\"\" aria-describedby=\"gallery-2-20430\" \/><\/a>\n\t\t\t<\/div>\n\t\t\t\t<figcaption class='wp-caption-text gallery-caption' id='gallery-2-20430'>\n\t\t\t\tMATR\u00cdCULA BATXILLERAT\n\t\t\t\t<\/figcaption><\/figure><figure class='gallery-item'>\n\t\t\t<div class='gallery-icon landscape'>\n\t\t\t\t<a href='https:\/\/agora.xtec.cat\/iesmariarubies\/wp-content\/uploads\/usu171\/2021\/10\/codi-barres-SORTIDES-1r-ESO-42E.jpg'><img loading=\"lazy\" decoding=\"async\" width=\"169\" height=\"66\" src=\"https:\/\/agora.xtec.cat\/iesmariarubies\/wp-content\/uploads\/usu171\/2021\/10\/codi-barres-SORTIDES-1r-ESO-42E.jpg\" class=\"attachment-medium size-medium\" alt=\"\" aria-describedby=\"gallery-2-19963\" \/><\/a>\n\t\t\t<\/div>\n\t\t\t\t<figcaption class='wp-caption-text gallery-caption' id='gallery-2-19963'>\n\t\t\t\tSORTIDES 1r ESO\n\t\t\t\t<\/figcaption><\/figure><figure class='gallery-item'>\n\t\t\t<div class='gallery-icon landscape'>\n\t\t\t\t<a href='https:\/\/agora.xtec.cat\/iesmariarubies\/wp-content\/uploads\/usu171\/2021\/10\/codi-barres-SORTIDES-2n-ESO-40E.jpg'><img loading=\"lazy\" decoding=\"async\" width=\"169\" height=\"66\" src=\"https:\/\/agora.xtec.cat\/iesmariarubies\/wp-content\/uploads\/usu171\/2021\/10\/codi-barres-SORTIDES-2n-ESO-40E.jpg\" class=\"attachment-medium size-medium\" alt=\"\" aria-describedby=\"gallery-2-19962\" \/><\/a>\n\t\t\t<\/div>\n\t\t\t\t<figcaption class='wp-caption-text gallery-caption' id='gallery-2-19962'>\n\t\t\t\tSORTIDES 2n ESO\n\t\t\t\t<\/figcaption><\/figure><figure class='gallery-item'>\n\t\t\t<div class='gallery-icon landscape'>\n\t\t\t\t<a href='https:\/\/agora.xtec.cat\/iesmariarubies\/wp-content\/uploads\/usu171\/2021\/10\/codi-barres-SORTIDES-3r-ESO-26E.jpg'><img loading=\"lazy\" decoding=\"async\" width=\"169\" height=\"66\" src=\"https:\/\/agora.xtec.cat\/iesmariarubies\/wp-content\/uploads\/usu171\/2021\/10\/codi-barres-SORTIDES-3r-ESO-26E.jpg\" class=\"attachment-medium size-medium\" alt=\"\" aria-describedby=\"gallery-2-19964\" \/><\/a>\n\t\t\t<\/div>\n\t\t\t\t<figcaption class='wp-caption-text gallery-caption' id='gallery-2-19964'>\n\t\t\t\tSORTIDES 3r ESO\n\t\t\t\t<\/figcaption><\/figure><figure class='gallery-item'>\n\t\t\t<div class='gallery-icon landscape'>\n\t\t\t\t<a href='https:\/\/agora.xtec.cat\/iesmariarubies\/wp-content\/uploads\/usu171\/2021\/10\/codi-barres-SORTIDES-4t-ESO-41E.jpg'><img loading=\"lazy\" decoding=\"async\" width=\"169\" height=\"66\" src=\"https:\/\/agora.xtec.cat\/iesmariarubies\/wp-content\/uploads\/usu171\/2021\/10\/codi-barres-SORTIDES-4t-ESO-41E.jpg\" class=\"attachment-medium size-medium\" alt=\"\" aria-describedby=\"gallery-2-19965\" \/><\/a>\n\t\t\t<\/div>\n\t\t\t\t<figcaption class='wp-caption-text gallery-caption' id='gallery-2-19965'>\n\t\t\t\tSORTIDES 4t ESO\n\t\t\t\t<\/figcaption><\/figure><figure class='gallery-item'>\n\t\t\t<div class='gallery-icon landscape'>\n\t\t\t\t<a href='https:\/\/agora.xtec.cat\/iesmariarubies\/wp-content\/uploads\/usu171\/2025\/03\/17032025142438.jpg'><img loading=\"lazy\" decoding=\"async\" width=\"169\" height=\"66\" src=\"https:\/\/agora.xtec.cat\/iesmariarubies\/wp-content\/uploads\/usu171\/2025\/03\/17032025142438.jpg\" class=\"attachment-medium size-medium\" alt=\"\" aria-describedby=\"gallery-2-23602\" \/><\/a>\n\t\t\t<\/div>\n\t\t\t\t<figcaption class='wp-caption-text gallery-caption' id='gallery-2-23602'>\n\t\t\t\tSORTIDES 1r BATX\n\t\t\t\t<\/figcaption><\/figure><figure class='gallery-item'>\n\t\t\t<div class='gallery-icon landscape'>\n\t\t\t\t<a href='https:\/\/agora.xtec.cat\/iesmariarubies\/wp-content\/uploads\/usu171\/2025\/03\/17032025142805.jpg'><img loading=\"lazy\" decoding=\"async\" width=\"169\" height=\"66\" src=\"https:\/\/agora.xtec.cat\/iesmariarubies\/wp-content\/uploads\/usu171\/2025\/03\/17032025142805.jpg\" class=\"attachment-medium size-medium\" alt=\"\" aria-describedby=\"gallery-2-23601\" \/><\/a>\n\t\t\t<\/div>\n\t\t\t\t<figcaption class='wp-caption-text gallery-caption' id='gallery-2-23601'>\n\t\t\t\tSORTIDES 2n BATX\n\t\t\t\t<\/figcaption><\/figure><figure class='gallery-item'>\n\t\t\t<div class='gallery-icon landscape'>\n\t\t\t\t<a href='https:\/\/agora.xtec.cat\/iesmariarubies\/wp-content\/uploads\/usu171\/2025\/03\/17032025142314.jpg'><img loading=\"lazy\" decoding=\"async\" width=\"169\" height=\"66\" src=\"https:\/\/agora.xtec.cat\/iesmariarubies\/wp-content\/uploads\/usu171\/2025\/03\/17032025142314.jpg\" class=\"attachment-medium size-medium\" alt=\"\" aria-describedby=\"gallery-2-23599\" \/><\/a>\n\t\t\t<\/div>\n\t\t\t\t<figcaption class='wp-caption-text gallery-caption' id='gallery-2-23599'>\n\t\t\t\tREPARACIONS PORT\u00c0TILS\n\t\t\t\t<\/figcaption><\/figure>\n\t\t<\/div>\n\n<div id='gallery-3' class='gallery galleryid-19942 gallery-columns-3 gallery-size-medium'><figure class='gallery-item'>\n\t\t\t<div class='gallery-icon landscape'>\n\t\t\t\t<a href='https:\/\/agora.xtec.cat\/iesmariarubies\/wp-content\/uploads\/usu171\/2021\/10\/Snap-2021-10-25-at-12.51.54.png'><img loading=\"lazy\" decoding=\"async\" width=\"300\" height=\"220\" src=\"https:\/\/agora.xtec.cat\/iesmariarubies\/wp-content\/uploads\/usu171\/2021\/10\/Snap-2021-10-25-at-12.51.54-300x220.png\" class=\"attachment-medium size-medium\" alt=\"\" srcset=\"https:\/\/agora.xtec.cat\/iesmariarubies\/wp-content\/uploads\/usu171\/2021\/10\/Snap-2021-10-25-at-12.51.54-300x220.png 300w, https:\/\/agora.xtec.cat\/iesmariarubies\/wp-content\/uploads\/usu171\/2021\/10\/Snap-2021-10-25-at-12.51.54.png 739w\" sizes=\"auto, (max-width: 300px) 100vw, 300px\" \/><\/a>\n\t\t\t<\/div><\/figure><figure class='gallery-item'>\n\t\t\t<div class='gallery-icon landscape'>\n\t\t\t\t<a href='https:\/\/agora.xtec.cat\/iesmariarubies\/wp-content\/uploads\/usu171\/2021\/10\/Snap-2021-10-25-at-13.38.33.png'><img loading=\"lazy\" decoding=\"async\" width=\"300\" height=\"226\" src=\"https:\/\/agora.xtec.cat\/iesmariarubies\/wp-content\/uploads\/usu171\/2021\/10\/Snap-2021-10-25-at-13.38.33-300x226.png\" class=\"attachment-medium size-medium\" alt=\"\" srcset=\"https:\/\/agora.xtec.cat\/iesmariarubies\/wp-content\/uploads\/usu171\/2021\/10\/Snap-2021-10-25-at-13.38.33-300x226.png 300w, https:\/\/agora.xtec.cat\/iesmariarubies\/wp-content\/uploads\/usu171\/2021\/10\/Snap-2021-10-25-at-13.38.33-200x150.png 200w, https:\/\/agora.xtec.cat\/iesmariarubies\/wp-content\/uploads\/usu171\/2021\/10\/Snap-2021-10-25-at-13.38.33.png 750w\" sizes=\"auto, (max-width: 300px) 100vw, 300px\" \/><\/a>\n\t\t\t<\/div><\/figure><figure class='gallery-item'>\n\t\t\t<div class='gallery-icon landscape'>\n\t\t\t\t<a href='https:\/\/agora.xtec.cat\/iesmariarubies\/wp-content\/uploads\/usu171\/2021\/10\/Snap-2021-10-25-at-13.39.36.png'><img loading=\"lazy\" decoding=\"async\" width=\"300\" height=\"219\" src=\"https:\/\/agora.xtec.cat\/iesmariarubies\/wp-content\/uploads\/usu171\/2021\/10\/Snap-2021-10-25-at-13.39.36-300x219.png\" class=\"attachment-medium size-medium\" alt=\"\" srcset=\"https:\/\/agora.xtec.cat\/iesmariarubies\/wp-content\/uploads\/usu171\/2021\/10\/Snap-2021-10-25-at-13.39.36-300x219.png 300w, https:\/\/agora.xtec.cat\/iesmariarubies\/wp-content\/uploads\/usu171\/2021\/10\/Snap-2021-10-25-at-13.39.36.png 742w\" sizes=\"auto, (max-width: 300px) 100vw, 300px\" \/><\/a>\n\t\t\t<\/div><\/figure>\n\t\t<\/div>\n\n<p>&nbsp;<\/p>\n<p><em><strong>3. Via CaixabankNow (mitjan\u00e7ant via Web o via APP)<br \/>\n<\/strong><\/em>L&#8217;\u00faltima manera de realitzar el pagament \u00e9s nom\u00e9s per a fam\u00edlies que siguin clients de Caixabank. Aquestes fam\u00edlies ho poden fer a la seva part privada de l&#8217;entitat banc\u00e0ria, ja sigui via Web o amb l&#8217;APP de CaixabankNOW.<\/p>\n<p>Tant si es fa via Web com per via APP, s&#8217;ha de realitzar dins del men\u00fa &#8220;Transfer\u00e8ncies&#8221; &#8211; &#8220;Altres pagaments&#8221; &#8211; &#8220;Pagaments a Tercers&#8221;.<\/p>\n<p><a href=\"https:\/\/agora.xtec.cat\/iesmariarubies\/wp-content\/uploads\/usu171\/2021\/10\/Snap-2021-10-25-at-14.07.03.png\"><img loading=\"lazy\" decoding=\"async\" class=\"alignnone size-large wp-image-19974\" src=\"https:\/\/agora.xtec.cat\/iesmariarubies\/wp-content\/uploads\/usu171\/2021\/10\/Snap-2021-10-25-at-14.07.03-1024x379.png\" alt=\"\" width=\"1024\" height=\"379\" srcset=\"https:\/\/agora.xtec.cat\/iesmariarubies\/wp-content\/uploads\/usu171\/2021\/10\/Snap-2021-10-25-at-14.07.03-1024x379.png 1024w, https:\/\/agora.xtec.cat\/iesmariarubies\/wp-content\/uploads\/usu171\/2021\/10\/Snap-2021-10-25-at-14.07.03-300x111.png 300w, https:\/\/agora.xtec.cat\/iesmariarubies\/wp-content\/uploads\/usu171\/2021\/10\/Snap-2021-10-25-at-14.07.03-768x284.png 768w, https:\/\/agora.xtec.cat\/iesmariarubies\/wp-content\/uploads\/usu171\/2021\/10\/Snap-2021-10-25-at-14.07.03.png 1350w\" sizes=\"auto, (max-width: 1024px) 100vw, 1024px\" \/><\/a><\/p>\n<p>I despr\u00e9s caldr\u00e0 introduir un dels n\u00fameros de 7 d\u00edgits corresponent a l&#8217;entitat correcta:<\/p>\n<ul>\n<li style=\"list-style-type: none;\">\n<ul>\n<li>0773707 Matr\u00edcula ESO<\/li>\n<li>0773719 Matr\u00edcula BATX<\/li>\n<li>0758950 Sortides 1r ESO<\/li>\n<li>0758962 Sortides 2n ESO<\/li>\n<li>0757945 Sortides 3r ESO<\/li>\n<li>0757933 Sortides 4t ESO<\/li>\n<li>0760208 Sortides 1r BATX<\/li>\n<li>0760210 Sortides 2n BATX<\/li>\n<li>0763702 Sortides diverses (Port Aventura, viatges de fi de curs, etc.)<\/li>\n<li>0763957 Reparacions ordinadors port\u00e0tils<\/li>\n<\/ul>\n<\/li>\n<\/ul>\n<p><a href=\"https:\/\/agora.xtec.cat\/iesmariarubies\/wp-content\/uploads\/usu171\/2021\/10\/Snap-2021-10-25-at-14.10.08.png\"><img loading=\"lazy\" decoding=\"async\" class=\"alignnone size-large wp-image-19975\" src=\"https:\/\/agora.xtec.cat\/iesmariarubies\/wp-content\/uploads\/usu171\/2021\/10\/Snap-2021-10-25-at-14.10.08-1024x482.png\" alt=\"\" width=\"1024\" height=\"482\" srcset=\"https:\/\/agora.xtec.cat\/iesmariarubies\/wp-content\/uploads\/usu171\/2021\/10\/Snap-2021-10-25-at-14.10.08-1024x482.png 1024w, https:\/\/agora.xtec.cat\/iesmariarubies\/wp-content\/uploads\/usu171\/2021\/10\/Snap-2021-10-25-at-14.10.08-300x141.png 300w, https:\/\/agora.xtec.cat\/iesmariarubies\/wp-content\/uploads\/usu171\/2021\/10\/Snap-2021-10-25-at-14.10.08-768x362.png 768w, https:\/\/agora.xtec.cat\/iesmariarubies\/wp-content\/uploads\/usu171\/2021\/10\/Snap-2021-10-25-at-14.10.08.png 1161w\" sizes=\"auto, (max-width: 1024px) 100vw, 1024px\" \/><\/a><\/p>\n<p>Aqu\u00ed us deixem un arxiu PDF amb una guia una mica m\u00e9s ampliada de les diferents pantalles que us podeu trobar a l&#8217;hora de fer els diferents tipus de pagaments:<\/p>\n<p><a href=\"https:\/\/agora.xtec.cat\/iesmariarubies\/wp-content\/uploads\/usu171\/2021\/10\/Guia-pagaments-sortides.pdf\">Guia pagaments sortides<\/a><\/p>\n<p>&nbsp;<\/p>\n<p>&nbsp;<\/p>\n","protected":false},"excerpt":{"rendered":"<p>Els diferents pagaments que s&#8217;han de realitzar durant l&#8217;escolaritzaci\u00f3 al centre (sortides, matr\u00edcula, compra de material, etc.) els tenim centralitzats a l&#8217;entitat CAIXABANK mitjan\u00e7ant l&#8217;apartat &#8220;Pagaments a tercers&#8221;. La gran novetat d&#8217;aquest sistema \u00e9s que, a partir d&#8217;ara, NO caldr\u00e0 que les fam\u00edlies porteu a secretaria el comprovant del pagament. A continuaci\u00f3 us detallem les [&hellip;]<\/p>\n","protected":false},"author":1,"featured_media":0,"parent":290,"menu_order":7,"comment_status":"closed","ping_status":"closed","template":"page-templates\/side-menu.php","meta":{"_bbp_topic_count":0,"_bbp_reply_count":0,"_bbp_total_topic_count":0,"_bbp_total_reply_count":0,"_bbp_voice_count":0,"_bbp_anonymous_reply_count":0,"_bbp_topic_count_hidden":0,"_bbp_reply_count_hidden":0,"_bbp_forum_subforum_count":0,"site-sidebar-layout":"default","site-content-layout":"","ast-site-content-layout":"","site-content-style":"default","site-sidebar-style":"default","ast-global-header-display":"","ast-banner-title-visibility":"","ast-main-header-display":"","ast-hfb-above-header-display":"","ast-hfb-below-header-display":"","ast-hfb-mobile-header-display":"","site-post-title":"","ast-breadcrumbs-content":"","ast-featured-img":"","footer-sml-layout":"","theme-transparent-header-meta":"","adv-header-id-meta":"","stick-header-meta":"","header-above-stick-meta":"","header-main-stick-meta":"","header-below-stick-meta":"","astra-migrate-meta-layouts":"default","ast-page-background-enabled":"default","ast-page-background-meta":{"desktop":{"background-color":"var(--ast-global-color-4)","background-image":"","background-repeat":"repeat","background-position":"center center","background-size":"auto","background-attachment":"scroll","background-type":"","background-media":"","overlay-type":"","overlay-color":"","overlay-opacity":"","overlay-gradient":""},"tablet":{"background-color":"","background-image":"","background-repeat":"repeat","background-position":"center center","background-size":"auto","background-attachment":"scroll","background-type":"","background-media":"","overlay-type":"","overlay-color":"","overlay-opacity":"","overlay-gradient":""},"mobile":{"background-color":"","background-image":"","background-repeat":"repeat","background-position":"center center","background-size":"auto","background-attachment":"scroll","background-type":"","background-media":"","overlay-type":"","overlay-color":"","overlay-opacity":"","overlay-gradient":""}},"ast-content-background-meta":{"desktop":{"background-color":"var(--ast-global-color-5)","background-image":"","background-repeat":"repeat","background-position":"center center","background-size":"auto","background-attachment":"scroll","background-type":"","background-media":"","overlay-type":"","overlay-color":"","overlay-opacity":"","overlay-gradient":""},"tablet":{"background-color":"var(--ast-global-color-5)","background-image":"","background-repeat":"repeat","background-position":"center center","background-size":"auto","background-attachment":"scroll","background-type":"","background-media":"","overlay-type":"","overlay-color":"","overlay-opacity":"","overlay-gradient":""},"mobile":{"background-color":"var(--ast-global-color-5)","background-image":"","background-repeat":"repeat","background-position":"center center","background-size":"auto","background-attachment":"scroll","background-type":"","background-media":"","overlay-type":"","overlay-color":"","overlay-opacity":"","overlay-gradient":""}},"footnotes":""},"class_list":["post-19942","page","type-page","status-publish","hentry"],"post_mailing_queue_ids":[],"_links":{"self":[{"href":"https:\/\/agora.xtec.cat\/iesmariarubies\/wp-json\/wp\/v2\/pages\/19942","targetHints":{"allow":["GET"]}}],"collection":[{"href":"https:\/\/agora.xtec.cat\/iesmariarubies\/wp-json\/wp\/v2\/pages"}],"about":[{"href":"https:\/\/agora.xtec.cat\/iesmariarubies\/wp-json\/wp\/v2\/types\/page"}],"author":[{"embeddable":true,"href":"https:\/\/agora.xtec.cat\/iesmariarubies\/wp-json\/wp\/v2\/users\/1"}],"replies":[{"embeddable":true,"href":"https:\/\/agora.xtec.cat\/iesmariarubies\/wp-json\/wp\/v2\/comments?post=19942"}],"version-history":[{"count":6,"href":"https:\/\/agora.xtec.cat\/iesmariarubies\/wp-json\/wp\/v2\/pages\/19942\/revisions"}],"predecessor-version":[{"id":23603,"href":"https:\/\/agora.xtec.cat\/iesmariarubies\/wp-json\/wp\/v2\/pages\/19942\/revisions\/23603"}],"up":[{"embeddable":true,"href":"https:\/\/agora.xtec.cat\/iesmariarubies\/wp-json\/wp\/v2\/pages\/290"}],"wp:attachment":[{"href":"https:\/\/agora.xtec.cat\/iesmariarubies\/wp-json\/wp\/v2\/media?parent=19942"}],"curies":[{"name":"wp","href":"https:\/\/api.w.org\/{rel}","templated":true}]}}