{"id":19023,"date":"2021-01-14T13:09:07","date_gmt":"2021-01-14T12:09:07","guid":{"rendered":"https:\/\/agora.xtec.cat\/iesmariarubies\/?page_id=19023"},"modified":"2025-05-22T09:10:45","modified_gmt":"2025-05-22T07:10:45","slug":"sollicitud-de-titols","status":"publish","type":"page","link":"https:\/\/agora.xtec.cat\/iesmariarubies\/secretaria-2\/sollicitud-de-titols\/","title":{"rendered":"Sol\u00b7licitud de t\u00edtols ESO i Batxillerat"},"content":{"rendered":"<p style=\"text-align: center;\"><a href=\"https:\/\/agora.xtec.cat\/iesmariarubies\/wp-content\/uploads\/usu171\/2021\/01\/SOL\u00b7LICITUD-T\u00cdTOLS.jpg\"><img loading=\"lazy\" decoding=\"async\" class=\"alignnone size-full wp-image-19024\" src=\"https:\/\/agora.xtec.cat\/iesmariarubies\/wp-content\/uploads\/usu171\/2021\/01\/SOL\u00b7LICITUD-T\u00cdTOLS.jpg\" alt=\"\" width=\"497\" height=\"174\" srcset=\"https:\/\/agora.xtec.cat\/iesmariarubies\/wp-content\/uploads\/usu171\/2021\/01\/SOL\u00b7LICITUD-T\u00cdTOLS.jpg 497w, https:\/\/agora.xtec.cat\/iesmariarubies\/wp-content\/uploads\/usu171\/2021\/01\/SOL\u00b7LICITUD-T\u00cdTOLS-300x105.jpg 300w\" sizes=\"auto, (max-width: 497px) 100vw, 497px\" \/><\/a><\/p>\n<h3 class=\"\" data-start=\"357\" data-end=\"428\"><strong data-start=\"364\" data-end=\"428\">T\u00edtol de Graduat\/da en Educaci\u00f3 Secund\u00e0ria Obligat\u00f2ria (ESO)<\/strong><\/h3>\n<ul data-start=\"430\" data-end=\"845\">\n<li class=\"\" data-start=\"430\" data-end=\"549\">\n<p class=\"\" data-start=\"432\" data-end=\"549\">Un cop superada l\u2019etapa d\u2019ESO, <strong data-start=\"463\" data-end=\"498\">el centre emet el t\u00edtol d\u2019ofici<\/strong>, sense que calgui fer cap sol\u00b7licitud ni pagament.<\/p>\n<\/li>\n<li class=\"\" data-start=\"550\" data-end=\"639\">\n<p class=\"\" data-start=\"552\" data-end=\"639\">El <strong data-start=\"555\" data-end=\"597\">t\u00edtol oficial pot trigar fins a 2 anys<\/strong> a arribar des del Departament d\u2019Educaci\u00f3.<\/p>\n<\/li>\n<li class=\"\" data-start=\"640\" data-end=\"845\">\n<p class=\"\" data-start=\"642\" data-end=\"845\">Si necessiteu un justificant abans, podeu demanar a Secretaria el <strong data-start=\"708\" data-end=\"730\">resguard del t\u00edtol<\/strong>, que <strong data-start=\"736\" data-end=\"759\">t\u00e9 validesa oficial<\/strong> i \u00e9s v\u00e0lid per accedir a estudis posteriors o per presentar a convocat\u00f2ries laborals.<\/p>\n<\/li>\n<\/ul>\n<h3 class=\"\" data-start=\"357\" data-end=\"428\"><strong data-start=\"364\" data-end=\"428\">T\u00edtol de Batxillerat (a partir de la promoci\u00f3 2024-2025)<\/strong><\/h3>\n<p>A partir del curs <b>2024-2025<\/b>, la <b>sol\u00b7licitud del t\u00edtol de Batxillerat<\/b> es fa exclusivament <i>en l\u00ednia<\/i>, a trav\u00e9s del portal del Departament d\u2019Educaci\u00f3.<\/p>\n<p><b>Aquest tr\u00e0mit no \u00e9s autom\u00e0tic. L\u2019ha de fer cada alumne o fam\u00edlia.<\/b><\/p>\n<p><b><br \/>\n<\/b> \ud83d\udd53 <b>Quan cal fer-la?<\/b><b><br \/>\n<\/b>A partir del moment que es publiquin les <b>qualificacions finals de 2n de Batxillerat.<\/b><\/p>\n<p><strong><b>\ud83e\uddfe<\/b>Com es fa la sol\u00b7licitud?<\/strong><\/p>\n<p>Accediu al seg\u00fcent enlla\u00e7 oficial del Departament d\u2019Educaci\u00f3:<br \/>\n<a href=\"https:\/\/web.gencat.cat\/ca\/tramits\/tramits-temes\/titols-academics-no-universitaris?category=742b7874-a82c-11e3-a972-000c29052e2c\"> Tramitaci\u00f3 de t\u00edtols acad\u00e8mics i professionals no universitaris<\/a><\/p>\n<p>Durant la sol\u00b7licitud, es podr\u00e0 fer el pagament de la taxa o indicar si es t\u00e9 dret a <b>bonificaci\u00f3 o exempci\u00f3<\/b> (fam\u00edlia nombrosa, monoparental, etc.).<\/p>\n<p>Si el sistema no valida les dades autom\u00e0ticament caldr\u00e0 aportar documentaci\u00f3 a Secretaria (DNI actualitzat, carnet de fam\u00edlia nombrosa&#8230;). Si fos el vostre cas, rebr\u00edeu instruccions durant el tr\u00e0mit.<\/p>\n<p><strong><b>\ud83d\udcc4 <\/b>Quan tindr\u00e9 el resguard del t\u00edtol?<\/strong><\/p>\n<p>Entre <b>2 i 5 dies laborables<\/b> despr\u00e9s del pagament i la validaci\u00f3 de les dades, el centre emetr\u00e0 el <b>resguard de t\u00edtol amb validesa legal<\/b>, <b>signat i segellat per Secretaria<\/b>.<\/p>\n<p>Aquest document es lliura <b>presencialment al centre<\/b>, i <b>t\u00e9 els mateixos efectes legals que el t\u00edtol oficial dins de l\u2019Estat espanyol<\/b>.<\/p>\n<p><b>\ud83d\udcec Quan podr\u00e9 recollir el t\u00edtol oficial impr\u00e8s?<\/b><\/p>\n<p>L\u2019expedici\u00f3 del t\u00edtol per part del Departament pot tardar fins a <b>6 mesos<\/b>. Us avisarem per correu electr\u00f2nic quan el rebem al centre.<\/p>\n<p>Si necessiteu acreditar el t\u00edtol <b>fora de l\u2019Estat espanyol<\/b>, podeu sol\u00b7licitar una <b>impressi\u00f3 urgent<\/b> aportant documentaci\u00f3 justificativa.<\/p>\n","protected":false},"excerpt":{"rendered":"<p>T\u00edtol de Graduat\/da en Educaci\u00f3 Secund\u00e0ria Obligat\u00f2ria (ESO) Un cop superada l\u2019etapa d\u2019ESO, el centre emet el t\u00edtol d\u2019ofici, sense que calgui fer cap sol\u00b7licitud ni pagament. El t\u00edtol oficial pot trigar fins a 2 anys a arribar des del Departament d\u2019Educaci\u00f3. Si necessiteu un justificant abans, podeu demanar a Secretaria el resguard del t\u00edtol, [&hellip;]<\/p>\n","protected":false},"author":1,"featured_media":0,"parent":290,"menu_order":4,"comment_status":"closed","ping_status":"closed","template":"page-templates\/side-menu.php","meta":{"_bbp_topic_count":0,"_bbp_reply_count":0,"_bbp_total_topic_count":0,"_bbp_total_reply_count":0,"_bbp_voice_count":0,"_bbp_anonymous_reply_count":0,"_bbp_topic_count_hidden":0,"_bbp_reply_count_hidden":0,"_bbp_forum_subforum_count":0,"site-sidebar-layout":"default","site-content-layout":"","ast-site-content-layout":"","site-content-style":"default","site-sidebar-style":"default","ast-global-header-display":"","ast-banner-title-visibility":"","ast-main-header-display":"","ast-hfb-above-header-display":"","ast-hfb-below-header-display":"","ast-hfb-mobile-header-display":"","site-post-title":"","ast-breadcrumbs-content":"","ast-featured-img":"","footer-sml-layout":"","theme-transparent-header-meta":"","adv-header-id-meta":"","stick-header-meta":"","header-above-stick-meta":"","header-main-stick-meta":"","header-below-stick-meta":"","astra-migrate-meta-layouts":"default","ast-page-background-enabled":"default","ast-page-background-meta":{"desktop":{"background-color":"var(--ast-global-color-4)","background-image":"","background-repeat":"repeat","background-position":"center center","background-size":"auto","background-attachment":"scroll","background-type":"","background-media":"","overlay-type":"","overlay-color":"","overlay-opacity":"","overlay-gradient":""},"tablet":{"background-color":"","background-image":"","background-repeat":"repeat","background-position":"center center","background-size":"auto","background-attachment":"scroll","background-type":"","background-media":"","overlay-type":"","overlay-color":"","overlay-opacity":"","overlay-gradient":""},"mobile":{"background-color":"","background-image":"","background-repeat":"repeat","background-position":"center center","background-size":"auto","background-attachment":"scroll","background-type":"","background-media":"","overlay-type":"","overlay-color":"","overlay-opacity":"","overlay-gradient":""}},"ast-content-background-meta":{"desktop":{"background-color":"var(--ast-global-color-5)","background-image":"","background-repeat":"repeat","background-position":"center center","background-size":"auto","background-attachment":"scroll","background-type":"","background-media":"","overlay-type":"","overlay-color":"","overlay-opacity":"","overlay-gradient":""},"tablet":{"background-color":"var(--ast-global-color-5)","background-image":"","background-repeat":"repeat","background-position":"center center","background-size":"auto","background-attachment":"scroll","background-type":"","background-media":"","overlay-type":"","overlay-color":"","overlay-opacity":"","overlay-gradient":""},"mobile":{"background-color":"var(--ast-global-color-5)","background-image":"","background-repeat":"repeat","background-position":"center center","background-size":"auto","background-attachment":"scroll","background-type":"","background-media":"","overlay-type":"","overlay-color":"","overlay-opacity":"","overlay-gradient":""}},"footnotes":""},"class_list":["post-19023","page","type-page","status-publish","hentry"],"post_mailing_queue_ids":[],"_links":{"self":[{"href":"https:\/\/agora.xtec.cat\/iesmariarubies\/wp-json\/wp\/v2\/pages\/19023","targetHints":{"allow":["GET"]}}],"collection":[{"href":"https:\/\/agora.xtec.cat\/iesmariarubies\/wp-json\/wp\/v2\/pages"}],"about":[{"href":"https:\/\/agora.xtec.cat\/iesmariarubies\/wp-json\/wp\/v2\/types\/page"}],"author":[{"embeddable":true,"href":"https:\/\/agora.xtec.cat\/iesmariarubies\/wp-json\/wp\/v2\/users\/1"}],"replies":[{"embeddable":true,"href":"https:\/\/agora.xtec.cat\/iesmariarubies\/wp-json\/wp\/v2\/comments?post=19023"}],"version-history":[{"count":7,"href":"https:\/\/agora.xtec.cat\/iesmariarubies\/wp-json\/wp\/v2\/pages\/19023\/revisions"}],"predecessor-version":[{"id":23877,"href":"https:\/\/agora.xtec.cat\/iesmariarubies\/wp-json\/wp\/v2\/pages\/19023\/revisions\/23877"}],"up":[{"embeddable":true,"href":"https:\/\/agora.xtec.cat\/iesmariarubies\/wp-json\/wp\/v2\/pages\/290"}],"wp:attachment":[{"href":"https:\/\/agora.xtec.cat\/iesmariarubies\/wp-json\/wp\/v2\/media?parent=19023"}],"curies":[{"name":"wp","href":"https:\/\/api.w.org\/{rel}","templated":true}]}}