{"id":16519,"date":"2020-05-08T23:23:02","date_gmt":"2020-05-08T21:23:02","guid":{"rendered":"https:\/\/agora.xtec.cat\/iesmariarubies\/?page_id=16519"},"modified":"2024-11-26T09:29:17","modified_gmt":"2024-11-26T08:29:17","slug":"informacio-preinscripcio-i-matricula","status":"publish","type":"page","link":"https:\/\/agora.xtec.cat\/iesmariarubies\/informacio-preinscripcio-i-matricula\/","title":{"rendered":"Informaci\u00f3 preinscripci\u00f3 i matr\u00edcula ESO i Batxillerat"},"content":{"rendered":"<p><b>Atenci\u00f3 al p\u00fablic telef\u00f2nica durant tot el proc\u00e9s<br \/>\n<\/b><\/p>\n<p>Horari: de 9:00h a 14:00h<\/p>\n<p>Adre\u00e7a de correu electr\u00f2nic: <a href=\"mailto:secretaria@institutmariarubies.cat\">secretaria@institutmariarubies.cat<\/a><\/p>\n<p>Atenci\u00f3 telef\u00f2nica: 973212208<\/p>\n<p>Atenci\u00f3 <a href=\"https:\/\/wa.me\/34625915211\">missatgeria WhatsApp<\/a>: <a href=\"https:\/\/wa.me\/34625915211\">625915211<\/a><\/p>\n<p><iframe loading=\"lazy\" src=\"https:\/\/www.youtube.com\/embed\/2agCN53RxNQ\" width=\"440\" height=\"260\" frameborder=\"0\"><span style=\"display: inline-block; width: 0px; overflow: hidden; line-height: 0;\" data-mce-type=\"bookmark\" class=\"mce_SELRES_start\">\ufeff<\/span><\/iframe><\/p>\n<p>&nbsp;<\/p>\n<p><b>ENSENYAMENTS POSTOBLIGATORIS (BATXILLERAT)<\/b><\/p>\n<p><b>Del 27 de maig al 3 de juny<\/b><\/p>\n<p>La <a href=\"https:\/\/accesvalidat.ensenyament.gencat.cat\/wayf\/wayf-IDP-SM.html?entityID=https%3A%2F%2Faccesvalidat.ensenyament.gencat.cat&amp;return=https%3A%2F%2Faccesvalidat.ensenyament.gencat.cat%2FShibboleth.sso%2FLogin%3FSAMLDS%3D1%26target%3Dhttps%253A%252F%252Faccesvalidat.ensenyament.gencat.cat%252Fpls%252Fapex%252Ff%253Fp%253D20160079072543618%253A102\" target=\"_blank\" rel=\"noopener noreferrer\"><b>SOL\u00b7LICITUD<\/b><\/a> s&#8217;ha de presentar al registre electr\u00f2nic de la Generalitat mitjan\u00e7ant el formulari electr\u00f2nic.<\/p>\n<p>Per poder utilitzar el formulari electr\u00f2nic, cal identificar-se amb un certificat digital, com per exemple el DNI electr\u00f2nic, o el sistema alternatiu d&#8217;identificaci\u00f3<a href=\"https:\/\/web.gencat.cat\/ca\/tramits\/com-tramitar-en-linia\/identificacio-digital\/id-cat-mobil\/\"> idCAT M\u00f2bil<\/a>, i el n\u00famero &#8216;identificaci\u00f3 de l&#8217;alumne\/a amb el qual consta al Registre d&#8217;Alumnes de Catalunya (RALC) i que es pot obtenir amb la<a href=\"http:\/\/ensenyament.gencat.cat\/ca\/tramits\/tramits-temes\/identificador-alumne\"> Consulta de l&#8217;identificador de l&#8217;alumne<\/a>. La direcci\u00f3 del centre on s&#8217;han cursat ensenyaments des del curs 2015-2016 tamb\u00e9 pot facilitar el n\u00famero identificador de l&#8217;alumne\/a a les fam\u00edlies i, en casos excepcionals i durant el per\u00edode de preinscripci\u00f3, es pot sol\u00b7licitar aquest identificador a les \u00e0rees territorials del Departament d&#8217;Educaci\u00f3, acreditant-se amb el DNI o document equivalent.<\/p>\n<p>El tr\u00e0mit de presentaci\u00f3 de la sol\u00b7licitud electr\u00f2nica s&#8217;acaba amb l&#8217;enviament del formulari i <b>NO<\/b> s&#8217;ha de presentar cap c\u00f2pia al centre (si cal enviar documentaci\u00f3 acreditativa es far\u00e0 saber en el moment d\u2019enviar la sol\u00b7licitud).<\/p>\n<p>Si no es pot utilitzar el formulari electr\u00f2nic cal utilitzar el <a href=\"http:\/\/ensenyament.gencat.cat\/ca\/tramits\/tramits-temes\/9388-batxillerat?moda=1\" target=\"_blank\" rel=\"noopener noreferrer\">formulari amb suport inform\u00e0tic<\/a>. En aquest cas, cal enviar les dades amb aquesta eina dins el termini previst. A continuaci\u00f3, cal enviar per correu electr\u00f2nic el resguard de la sol\u00b7licitud i, acompanyat de la documentaci\u00f3 acreditativa corresponent, escanejada o fotografiada per les dues cares, a <a href=\"mailto:secretaria@institutmariarubies.cat\"><b>secretaria@institutmariarubies.cat<\/b><\/a> o mitjan\u00e7ant <b>WhatsApp al n\u00famero 625915211<\/b> dins el termini establert per presentar la documentaci\u00f3.<\/p>\n<p>&nbsp;<\/p>\n<p><b>Matr\u00edcula<\/b><\/p>\n<p>Alumnes preinscrits amb pla\u00e7a assignada: del 8 al 14 de juliol.<\/p>\n<p>Alumnes de Batxillerat pendents de l\u2019avaluaci\u00f3 de setembre: del 7 al 10 de setembre.<\/p>\n<p>&nbsp;<\/p>\n<p><b>M\u00e9s informaci\u00f3:<\/b><\/p>\n<p><a href=\"http:\/\/mapaescolar.gencat.cat\/\"><b>Oferta inicial de places<\/b><\/a><b> (codi INS Maria R\u00fabies: 25007189)<\/b><\/p>\n<p><a href=\"http:\/\/queestudiar.gencat.cat\/ca\/preinscripcio\/estudis\/batxillerat\/calendari\/\"><b>Calendari<\/b><\/a><\/p>\n<p><a href=\"http:\/\/queestudiar.gencat.cat\/ca\/preinscripcio\/estudis\/batxillerat\/documentacio\/\"><b>Documentaci\u00f3 i criteris de prioritat<\/b><\/a><b><\/b><\/p>\n<p><strong><a href=\"https:\/\/agora.xtec.cat\/iesmariarubies\/wp-content\/uploads\/usu171\/2020\/06\/INFORME_BAREM_PROVISIONAL_BAREM-3.pdf\" target=\"_blank\" rel=\"noopener noreferrer\">Llista de sol\u00b7licituds<\/a> amb puntuaci\u00f3 provisional (15-06-2020)<\/strong>. Reclamacions del 16 al 18 de juny.<\/p>\n<p><strong><a href=\"https:\/\/agora.xtec.cat\/iesmariarubies\/wp-content\/uploads\/usu171\/2020\/07\/INFORME_BAREM_DEFINITIU_BAREM.pdf\" target=\"_blank\" rel=\"noopener noreferrer\">Llista de sol\u00b7licituds amb puntuaci\u00f3 definitiva, ordenada per barem<\/a> (26-06-2020)<\/strong><\/p>\n<p><a href=\"https:\/\/agora.xtec.cat\/iesmariarubies\/wp-content\/uploads\/usu171\/2020\/07\/INFORME_ASSIGNADES_INFORME_ASSIGNADES-1.pdf\" target=\"_blank\" rel=\"noopener noreferrer\"><strong>LLISTA ADMESOS AL CENTRE<\/strong><\/a>\u00a0 <strong>(07-07-2020)<\/strong><\/p>\n<p>&nbsp;<\/p>\n<p>&nbsp;<\/p>\n<p><b>EDUCACI\u00d3 SECUND\u00c0RIA OBLIGAT\u00d2RIA (ESO)<\/b><\/p>\n<p><b>Preinscripci\u00f3<\/b><\/p>\n<p><b>Del 13 al 22 de maig en l\u00ednia: <\/b>s\u2019haur\u00e0 d\u2019emplenar telem\u00e0ticament la <a href=\"http:\/\/ensenyament.gencat.cat\/ca\/tramits\/tramits-temes\/20483-obligatoris?category=&amp;evolutiuTramit=1&amp;moda=1\">SOL\u00b7LICITUD<\/a> i enviar a secretaria@institutmariarubies.cat el resguard de la mateixa, juntament amb la documentaci\u00f3 necess\u00e0ria escanejada o fotografiada. Tamb\u00e9 es pot fer arribar mitjan\u00e7ant <a href=\"https:\/\/wa.me\/34625915211\">WhatsApp<\/a> al n\u00famero <a href=\"https:\/\/wa.me\/34625915211\">625915211<\/a><\/p>\n<p>Us caldr\u00e0 tenir l&#8217;<em><strong>IDALU<\/strong><\/em> (n\u00famero d&#8217;identificador de l&#8217;alumne), el qual podeu obtenir de dues maneres:<\/p>\n<ul>\n<li style=\"list-style-type: none;\">\n<ul>\n<li>Directament a l&#8217;escola on est\u00e0 cursant 6\u00e8 (o a l&#8217;institut en cas que estigui matriculat a l&#8217;ESO).<\/li>\n<li>En aquest enlla\u00e7 <a href=\"http:\/\/ensenyament.gencat.cat\/ca\/tramits\/tramits-temes\/identificador-alumne\">http:\/\/ensenyament.gencat.cat\/ca\/tramits\/tramits-temes\/identificador-alumne<\/a> on necessitareu fer servir el <span style=\"text-decoration: underline;\">vostre certificat digital<\/span> o idCAT M\u00f2bil.<\/li>\n<\/ul>\n<\/li>\n<\/ul>\n<p>Un cop rebuda tota la documentaci\u00f3, us enviarem un correu electr\u00f2nic de confirmaci\u00f3.<\/p>\n<p><b>Del 19 al 22 de maig: <\/b>de manera excepcional, es podr\u00e0 fer presencial amb cita pr\u00e8via. Podreu demanar-la, a trav\u00e9s de l\u2019<a href=\"https:\/\/forms.gle\/TNfMiPhFmV77WE5d9\" target=\"_blank\" rel=\"noopener noreferrer\">eina de cita pr\u00e8via<\/a> o si truqueu directament al tel\u00e8fon del centre (973212208) en l\u2019horari establert. Cal portar la <a href=\"https:\/\/agora.xtec.cat\/iesmariarubies\/wp-content\/uploads\/usu171\/2020\/05\/A42.pdf\">SOL\u00b7LICITUD<\/a> degudament emplenada juntament amb la documentaci\u00f3 corresponent.<\/p>\n<p><strong><a href=\"https:\/\/agora.xtec.cat\/iesmariarubies\/wp-content\/uploads\/usu171\/2020\/06\/INFORME_BAREM_PROVISIONAL_ESO.pdf\" target=\"_blank\" rel=\"noopener noreferrer\">Llista de sol\u00b7licituds<\/a> amb puntuaci\u00f3 provisional (29-05-2020)<\/strong>. Reclamacions del 2 al 5 de juny.<\/p>\n<p><strong><a href=\"https:\/\/agora.xtec.cat\/iesmariarubies\/wp-content\/uploads\/usu171\/2020\/06\/INFORME_BAREM_RESOLTES_BAREM.pdf\">Llista de sol\u00b7licituds amb puntuaci\u00f3 definitiva<\/a> (09-06-2020)<\/strong><\/p>\n<p><strong><a href=\"https:\/\/agora.xtec.cat\/iesmariarubies\/wp-content\/uploads\/usu171\/2020\/06\/INFORME_BAREM_DEFINITIU_BAREM-11-6.pdf\">Llista ordenada definitiva <\/a>(11-06-2020)<\/strong><\/p>\n<p><strong><a href=\"https:\/\/agora.xtec.cat\/iesmariarubies\/wp-content\/uploads\/usu171\/2020\/07\/INFORME_ASSIGNADES_INFORME_ASSIGNADES.pdf\">LLISTA ADMESOS AL CENTRE<\/a> (07-07-2020)<\/strong><\/p>\n<p><strong><a href=\"https:\/\/agora.xtec.cat\/iesmariarubies\/wp-content\/uploads\/usu171\/2020\/07\/INFORME_LLISTA_ESPERA_OME_LLISTA_ESPERA.pdf\" target=\"_blank\" rel=\"noopener noreferrer\">Llista d&#8217;espera 2n, 3r i 4t ESO<\/a> \u00a0 (07-07-2020)<\/strong><\/p>\n<p><b>Matr\u00edcula<\/b><\/p>\n<p>L\u2019alumnat que obtingui pla\u00e7a realitzar\u00e0 la matr\u00edcula <b>entre el 13 i el 17 de juliol, ambd\u00f3s inclosos.<\/b><\/p>\n<p><b>M\u00e9s informaci\u00f3:<\/b><\/p>\n<p><strong><a href=\"http:\/\/mapaescolar.gencat.cat\/\">Mapa escolar de Catalunya<\/a><\/strong><\/p>\n<p><a href=\"http:\/\/queestudiar.gencat.cat\/ca\/preinscripcio\/estudis\/obligatoris\/calendari\/\"><b>Calendari<\/b><\/a><\/p>\n<p><a href=\"http:\/\/queestudiar.gencat.cat\/ca\/preinscripcio\/estudis\/obligatoris\/documentacio\/\"><b>Documentaci\u00f3 i criteris de prioritat<\/b><\/a><\/p>\n<p><a href=\"https:\/\/agora.xtec.cat\/iesmariarubies\/wp-content\/uploads\/usu171\/2020\/05\/Com-fer-una-tramitaci\u00f3-presencial-amb-seguretat.pdf\"><b>Com fer una tramitaci\u00f3 presencial amb seguretat<\/b><\/a><\/p>\n<p><span style=\"font-weight: 400;\">\u00a0<\/span><\/p>\n<p><span style=\"font-weight: 400;\">\u00a0<\/span><\/p>\n<p>&nbsp;<\/p>\n<p><span style=\"font-weight: 400;\">\u00a0<\/span><\/p>\n","protected":false},"excerpt":{"rendered":"<p>Atenci\u00f3 al p\u00fablic telef\u00f2nica durant tot el proc\u00e9s Horari: de 9:00h a 14:00h Adre\u00e7a de correu electr\u00f2nic: secretaria@institutmariarubies.cat Atenci\u00f3 telef\u00f2nica: 973212208 Atenci\u00f3 missatgeria WhatsApp: 625915211 \ufeff &nbsp; ENSENYAMENTS POSTOBLIGATORIS (BATXILLERAT) Del 27 de maig al 3 de juny La SOL\u00b7LICITUD s&#8217;ha de presentar al registre electr\u00f2nic de la Generalitat mitjan\u00e7ant el formulari electr\u00f2nic. Per poder [&hellip;]<\/p>\n","protected":false},"author":1,"featured_media":0,"parent":0,"menu_order":0,"comment_status":"closed","ping_status":"closed","template":"page-templates\/side-menu.php","meta":{"_bbp_topic_count":0,"_bbp_reply_count":0,"_bbp_total_topic_count":0,"_bbp_total_reply_count":0,"_bbp_voice_count":0,"_bbp_anonymous_reply_count":0,"_bbp_topic_count_hidden":0,"_bbp_reply_count_hidden":0,"_bbp_forum_subforum_count":0,"site-sidebar-layout":"default","site-content-layout":"","ast-site-content-layout":"","site-content-style":"default","site-sidebar-style":"default","ast-global-header-display":"","ast-banner-title-visibility":"","ast-main-header-display":"","ast-hfb-above-header-display":"","ast-hfb-below-header-display":"","ast-hfb-mobile-header-display":"","site-post-title":"","ast-breadcrumbs-content":"","ast-featured-img":"","footer-sml-layout":"","theme-transparent-header-meta":"","adv-header-id-meta":"","stick-header-meta":"","header-above-stick-meta":"","header-main-stick-meta":"","header-below-stick-meta":"","astra-migrate-meta-layouts":"default","ast-page-background-enabled":"default","ast-page-background-meta":{"desktop":{"background-color":"var(--ast-global-color-4)","background-image":"","background-repeat":"repeat","background-position":"center center","background-size":"auto","background-attachment":"scroll","background-type":"","background-media":"","overlay-type":"","overlay-color":"","overlay-opacity":"","overlay-gradient":""},"tablet":{"background-color":"","background-image":"","background-repeat":"repeat","background-position":"center center","background-size":"auto","background-attachment":"scroll","background-type":"","background-media":"","overlay-type":"","overlay-color":"","overlay-opacity":"","overlay-gradient":""},"mobile":{"background-color":"","background-image":"","background-repeat":"repeat","background-position":"center center","background-size":"auto","background-attachment":"scroll","background-type":"","background-media":"","overlay-type":"","overlay-color":"","overlay-opacity":"","overlay-gradient":""}},"ast-content-background-meta":{"desktop":{"background-color":"var(--ast-global-color-5)","background-image":"","background-repeat":"repeat","background-position":"center center","background-size":"auto","background-attachment":"scroll","background-type":"","background-media":"","overlay-type":"","overlay-color":"","overlay-opacity":"","overlay-gradient":""},"tablet":{"background-color":"var(--ast-global-color-5)","background-image":"","background-repeat":"repeat","background-position":"center center","background-size":"auto","background-attachment":"scroll","background-type":"","background-media":"","overlay-type":"","overlay-color":"","overlay-opacity":"","overlay-gradient":""},"mobile":{"background-color":"var(--ast-global-color-5)","background-image":"","background-repeat":"repeat","background-position":"center center","background-size":"auto","background-attachment":"scroll","background-type":"","background-media":"","overlay-type":"","overlay-color":"","overlay-opacity":"","overlay-gradient":""}},"footnotes":""},"class_list":["post-16519","page","type-page","status-publish","hentry"],"post_mailing_queue_ids":[],"_links":{"self":[{"href":"https:\/\/agora.xtec.cat\/iesmariarubies\/wp-json\/wp\/v2\/pages\/16519","targetHints":{"allow":["GET"]}}],"collection":[{"href":"https:\/\/agora.xtec.cat\/iesmariarubies\/wp-json\/wp\/v2\/pages"}],"about":[{"href":"https:\/\/agora.xtec.cat\/iesmariarubies\/wp-json\/wp\/v2\/types\/page"}],"author":[{"embeddable":true,"href":"https:\/\/agora.xtec.cat\/iesmariarubies\/wp-json\/wp\/v2\/users\/1"}],"replies":[{"embeddable":true,"href":"https:\/\/agora.xtec.cat\/iesmariarubies\/wp-json\/wp\/v2\/comments?post=16519"}],"version-history":[{"count":4,"href":"https:\/\/agora.xtec.cat\/iesmariarubies\/wp-json\/wp\/v2\/pages\/16519\/revisions"}],"predecessor-version":[{"id":16669,"href":"https:\/\/agora.xtec.cat\/iesmariarubies\/wp-json\/wp\/v2\/pages\/16519\/revisions\/16669"}],"wp:attachment":[{"href":"https:\/\/agora.xtec.cat\/iesmariarubies\/wp-json\/wp\/v2\/media?parent=16519"}],"curies":[{"name":"wp","href":"https:\/\/api.w.org\/{rel}","templated":true}]}}