{"id":16468,"date":"2020-05-02T19:56:16","date_gmt":"2020-05-02T17:56:16","guid":{"rendered":"https:\/\/agora.xtec.cat\/iesmariarubies\/?page_id=16468"},"modified":"2024-11-28T10:26:03","modified_gmt":"2024-11-28T09:26:03","slug":"el-batxillerat-2020-21","status":"publish","type":"page","link":"https:\/\/agora.xtec.cat\/iesmariarubies\/el-batxillerat-2020-21\/","title":{"rendered":"El Batxillerat 2020\/21"},"content":{"rendered":"<p>Hem habilitat aquesta p\u00e0gina al nostre web perqu\u00e8 ens puguis con\u00e9ixer una mica millor i tinguis tota la informaci\u00f3 que, malauradament aquest any, no hem pogut transmetre&#8217;t personalment en la jornada de portes obertes que celebrem habitualment a inicis del mes de maig. A continuaci\u00f3, pots veure un <strong>v\u00eddeo<\/strong> que et mostra el nostre batxillerat i moltes de les seves activitats. Tamb\u00e9 hem incl\u00f2s una <strong>presentaci\u00f3<\/strong> que t&#8217;ofereix tota la informaci\u00f3 que et cal en un moment decisiu com aquest, cursar el Batxillerat amb nosaltres. M\u00e9s avall trobar\u00e0s tamb\u00e9 un enlla\u00e7 a un <strong>formulari<\/strong>, perqu\u00e8 puguis demanar informaci\u00f3 personalitzada si aix\u00ed ho desitges.<\/p>\n<p style=\"text-align: center;\"><iframe loading=\"lazy\" src=\"https:\/\/www.youtube.com\/embed\/UWb-o9iVfek\" width=\"960\" height=\"540\" frameborder=\"0\"allowfullscreen>><\/iframe><\/p>\n<h5><\/h5>\n<p>&nbsp;<\/p>\n<p style=\"text-align: center;\"><iframe loading=\"lazy\" src=\"https:\/\/docs.google.com\/presentation\/d\/e\/2PACX-1vSZUBrt2LOmMsudrQdwWkD0QTjTnawXsMk2iK4wwMYyvD6X5Uqc95R6T9VybtTDJIH93bjk3PwLhB-i\/embed?start=false&#038;loop=false&#038;delayms=3000\" frameborder=\"0\" width=\"960\" height=\"749\" allowfullscreen=\"true\" mozallowfullscreen=\"true\" webkitallowfullscreen=\"true\"><\/iframe><\/p>\n<p>&nbsp;<\/p>\n<p style=\"text-align: center;\"><a href=\"https:\/\/docs.google.com\/forms\/d\/e\/1FAIpQLSf5BviWOt1b8O_B_1Lh_qBn8IajhgF3IaWrZQxw1ZNb5OXVtg\/viewform\" target=\"_blank\" rel=\"noopener noreferrer\"><img loading=\"lazy\" decoding=\"async\" class=\"alignnone wp-image-16489\" src=\"https:\/\/agora.xtec.cat\/iesmariarubies\/wp-content\/uploads\/usu171\/2020\/05\/form-853x1024.jpg\" alt=\"\" width=\"395\" height=\"474\" srcset=\"https:\/\/agora.xtec.cat\/iesmariarubies\/wp-content\/uploads\/usu171\/2020\/05\/form-853x1024.jpg 853w, https:\/\/agora.xtec.cat\/iesmariarubies\/wp-content\/uploads\/usu171\/2020\/05\/form-250x300.jpg 250w, https:\/\/agora.xtec.cat\/iesmariarubies\/wp-content\/uploads\/usu171\/2020\/05\/form-768x922.jpg 768w, https:\/\/agora.xtec.cat\/iesmariarubies\/wp-content\/uploads\/usu171\/2020\/05\/form.jpg 1500w\" sizes=\"auto, (max-width: 395px) 100vw, 395px\" \/><\/a><\/p>\n","protected":false},"excerpt":{"rendered":"<p>Hem habilitat aquesta p\u00e0gina al nostre web perqu\u00e8 ens puguis con\u00e9ixer una mica millor i tinguis tota la informaci\u00f3 que, malauradament aquest any, no hem pogut transmetre&#8217;t personalment en la jornada de portes obertes que celebrem habitualment a inicis del mes de maig. A continuaci\u00f3, pots veure un v\u00eddeo que et mostra el nostre batxillerat [&hellip;]<\/p>\n","protected":false},"author":1,"featured_media":0,"parent":0,"menu_order":0,"comment_status":"closed","ping_status":"closed","template":"page-templates\/side-menu.php","meta":{"_bbp_topic_count":0,"_bbp_reply_count":0,"_bbp_total_topic_count":0,"_bbp_total_reply_count":0,"_bbp_voice_count":0,"_bbp_anonymous_reply_count":0,"_bbp_topic_count_hidden":0,"_bbp_reply_count_hidden":0,"_bbp_forum_subforum_count":0,"site-sidebar-layout":"default","site-content-layout":"","ast-site-content-layout":"","site-content-style":"default","site-sidebar-style":"default","ast-global-header-display":"","ast-banner-title-visibility":"","ast-main-header-display":"","ast-hfb-above-header-display":"","ast-hfb-below-header-display":"","ast-hfb-mobile-header-display":"","site-post-title":"","ast-breadcrumbs-content":"","ast-featured-img":"","footer-sml-layout":"","theme-transparent-header-meta":"","adv-header-id-meta":"","stick-header-meta":"","header-above-stick-meta":"","header-main-stick-meta":"","header-below-stick-meta":"","astra-migrate-meta-layouts":"default","ast-page-background-enabled":"default","ast-page-background-meta":{"desktop":{"background-color":"var(--ast-global-color-4)","background-image":"","background-repeat":"repeat","background-position":"center center","background-size":"auto","background-attachment":"scroll","background-type":"","background-media":"","overlay-type":"","overlay-color":"","overlay-opacity":"","overlay-gradient":""},"tablet":{"background-color":"","background-image":"","background-repeat":"repeat","background-position":"center center","background-size":"auto","background-attachment":"scroll","background-type":"","background-media":"","overlay-type":"","overlay-color":"","overlay-opacity":"","overlay-gradient":""},"mobile":{"background-color":"","background-image":"","background-repeat":"repeat","background-position":"center center","background-size":"auto","background-attachment":"scroll","background-type":"","background-media":"","overlay-type":"","overlay-color":"","overlay-opacity":"","overlay-gradient":""}},"ast-content-background-meta":{"desktop":{"background-color":"var(--ast-global-color-5)","background-image":"","background-repeat":"repeat","background-position":"center center","background-size":"auto","background-attachment":"scroll","background-type":"","background-media":"","overlay-type":"","overlay-color":"","overlay-opacity":"","overlay-gradient":""},"tablet":{"background-color":"var(--ast-global-color-5)","background-image":"","background-repeat":"repeat","background-position":"center center","background-size":"auto","background-attachment":"scroll","background-type":"","background-media":"","overlay-type":"","overlay-color":"","overlay-opacity":"","overlay-gradient":""},"mobile":{"background-color":"var(--ast-global-color-5)","background-image":"","background-repeat":"repeat","background-position":"center center","background-size":"auto","background-attachment":"scroll","background-type":"","background-media":"","overlay-type":"","overlay-color":"","overlay-opacity":"","overlay-gradient":""}},"footnotes":""},"class_list":["post-16468","page","type-page","status-publish","hentry"],"post_mailing_queue_ids":[],"_links":{"self":[{"href":"https:\/\/agora.xtec.cat\/iesmariarubies\/wp-json\/wp\/v2\/pages\/16468","targetHints":{"allow":["GET"]}}],"collection":[{"href":"https:\/\/agora.xtec.cat\/iesmariarubies\/wp-json\/wp\/v2\/pages"}],"about":[{"href":"https:\/\/agora.xtec.cat\/iesmariarubies\/wp-json\/wp\/v2\/types\/page"}],"author":[{"embeddable":true,"href":"https:\/\/agora.xtec.cat\/iesmariarubies\/wp-json\/wp\/v2\/users\/1"}],"replies":[{"embeddable":true,"href":"https:\/\/agora.xtec.cat\/iesmariarubies\/wp-json\/wp\/v2\/comments?post=16468"}],"version-history":[{"count":4,"href":"https:\/\/agora.xtec.cat\/iesmariarubies\/wp-json\/wp\/v2\/pages\/16468\/revisions"}],"predecessor-version":[{"id":16563,"href":"https:\/\/agora.xtec.cat\/iesmariarubies\/wp-json\/wp\/v2\/pages\/16468\/revisions\/16563"}],"wp:attachment":[{"href":"https:\/\/agora.xtec.cat\/iesmariarubies\/wp-json\/wp\/v2\/media?parent=16468"}],"curies":[{"name":"wp","href":"https:\/\/api.w.org\/{rel}","templated":true}]}}