{"id":1544,"date":"2016-02-27T17:06:56","date_gmt":"2016-02-27T16:06:56","guid":{"rendered":"http:\/\/agora.xtec.cat\/iesmariarubies\/?page_id=1544"},"modified":"2025-06-29T12:14:37","modified_gmt":"2025-06-29T10:14:37","slug":"iddink","status":"publish","type":"page","link":"https:\/\/agora.xtec.cat\/iesmariarubies\/serveis\/iddink\/","title":{"rendered":"Adquisici\u00f3 de materials educatius"},"content":{"rendered":"<p>Ja podeu consultar el llistat de llibres i materials educatius per al curs vinent, amb tota la informaci\u00f3 necess\u00e0ria per fer la compra a trav\u00e9s d\u2019IDDINK:<\/p>\n<p><a href=\"https:\/\/agora.xtec.cat\/iesmariarubies\/wp-content\/uploads\/usu171\/2025\/06\/227-llista-de-llibres-25-26-4.pdf\">Llibreria Institut Maria R\u00fabies 2025-2026<\/a><\/p>\n<p><a href=\"https:\/\/agora.xtec.cat\/iesmariarubies\/wp-content\/uploads\/usu171\/2024\/07\/227-CC-ecoBooks.png\"><img loading=\"lazy\" decoding=\"async\" class=\"wp-image-22916 aligncenter\" src=\"https:\/\/agora.xtec.cat\/iesmariarubies\/wp-content\/uploads\/usu171\/2024\/07\/227-CC-ecoBooks-1024x1024.png\" alt=\"\" width=\"548\" height=\"548\" srcset=\"https:\/\/agora.xtec.cat\/iesmariarubies\/wp-content\/uploads\/usu171\/2024\/07\/227-CC-ecoBooks-1024x1024.png 1024w, https:\/\/agora.xtec.cat\/iesmariarubies\/wp-content\/uploads\/usu171\/2024\/07\/227-CC-ecoBooks-300x300.png 300w, https:\/\/agora.xtec.cat\/iesmariarubies\/wp-content\/uploads\/usu171\/2024\/07\/227-CC-ecoBooks-150x150.png 150w, https:\/\/agora.xtec.cat\/iesmariarubies\/wp-content\/uploads\/usu171\/2024\/07\/227-CC-ecoBooks-768x768.png 768w, https:\/\/agora.xtec.cat\/iesmariarubies\/wp-content\/uploads\/usu171\/2024\/07\/227-CC-ecoBooks-1536x1536.png 1536w, https:\/\/agora.xtec.cat\/iesmariarubies\/wp-content\/uploads\/usu171\/2024\/07\/227-CC-ecoBooks-2048x2048.png 2048w\" sizes=\"auto, (max-width: 548px) 100vw, 548px\" \/><\/a><\/p>\n<h3 data-start=\"449\" data-end=\"502\"><a href=\"https:\/\/agora.xtec.cat\/iesmariarubies\/wp-content\/uploads\/usu171\/2025\/06\/Com-comprar-IDDINK-25_26.pdf\">\ud83d\udc49 Com comprar IDDINK 25_26<\/a><\/h3>\n<h3 data-start=\"449\" data-end=\"502\">Assist\u00e8ncia presencial \u2013 10 de juliol de 2025<\/h3>\n<ul data-start=\"592\" data-end=\"759\">\n<li data-start=\"592\" data-end=\"680\">\n<p data-start=\"594\" data-end=\"680\"><strong data-start=\"594\" data-end=\"642\">Recollida dels llibres de l\u2019alumnat no becat<\/strong>, entre les <strong data-start=\"654\" data-end=\"679\">10:00 h i les 14:30 h<\/strong>.<\/p>\n<\/li>\n<li data-start=\"681\" data-end=\"759\">\n<p data-start=\"683\" data-end=\"759\"><strong data-start=\"683\" data-end=\"730\">Assessorament personalitzat per a la compra<\/strong>, a la biblioteca del centre.<\/p>\n<\/li>\n<\/ul>\n<h3 data-start=\"449\" data-end=\"502\">Fam\u00edlies NESE-B<\/h3>\n<p data-start=\"766\" data-end=\"918\">Les fam\u00edlies benefici\u00e0ries de la beca <strong data-start=\"804\" data-end=\"814\">NESE-B<\/strong> <strong data-start=\"815\" data-end=\"855\">no han de fer cap comanda de llibres<\/strong> a trav\u00e9s d\u2019IDDINK, ja que el centre la gestionar\u00e0 directament.<\/p>\n<p data-start=\"920\" data-end=\"1071\">Aquestes fam\u00edlies <strong data-start=\"938\" data-end=\"1022\">nom\u00e9s hauran d\u2019accedir a la plataforma per fer el pagament de la quota de l\u2019AMPA<\/strong>, que \u00e9s de <strong data-start=\"1034\" data-end=\"1070\">25\u202f\u20ac per alumne\/a i curs escolar<\/strong>.<\/p>\n<p data-start=\"1073\" data-end=\"1212\">Per a qualsevol dubte relacionat amb les beques o aquest pagament, podeu contactar amb la T\u00e8cnica d\u2019Integraci\u00f3 Social:<br data-start=\"1191\" data-end=\"1194\" \/>\ud83d\udcde <strong data-start=\"1197\" data-end=\"1212\">650 304 996<\/strong><\/p>\n<h3 data-start=\"449\" data-end=\"502\">Vals escolars alumnat ESO<\/h3>\n<p data-start=\"1304\" data-end=\"1408\">Quan rebeu els vals escolars del Departament d\u2019Educaci\u00f3, caldr\u00e0 <strong data-start=\"1368\" data-end=\"1383\">activar-los<\/strong> per poder-los utilitzar.<\/p>\n<ul data-start=\"1410\" data-end=\"1768\">\n<li data-start=\"1410\" data-end=\"1636\">\n<p data-start=\"1412\" data-end=\"1636\"><strong data-start=\"1412\" data-end=\"1431\">Fam\u00edlies NESE-B<\/strong>: podran utilitzar els vals en qualsevol establiment adherit per comprar motxilles, estoigs o altres materials similars.<\/p>\n<\/li>\n<li data-start=\"1410\" data-end=\"1636\">\n<p data-start=\"1412\" data-end=\"1636\"><strong data-start=\"1640\" data-end=\"1661\">Resta de fam\u00edlies<\/strong>: podran fer servir els vals a trav\u00e9s d\u2019IDDINK per pagar llibres, llic\u00e8ncies digitals i materials escolars.<\/p>\n<\/li>\n<li data-start=\"1410\" data-end=\"1636\">\n<p data-start=\"1412\" data-end=\"1636\">\u00a0<strong data-start=\"1559\" data-end=\"1636\">Els vals NO es poden fer servir per pagar sortides ni la quota de l\u2019AMPA.<\/strong><\/p>\n<\/li>\n<\/ul>\n<p>&nbsp;<\/p>\n<p><a href=\"https:\/\/microsites.iddink.es\/ca\/227_institut_maria_rubies\/ecobooks\/\" target=\"_blank\" rel=\"noopener\"><img loading=\"lazy\" decoding=\"async\" class=\" wp-image-22873 aligncenter\" src=\"https:\/\/agora.xtec.cat\/iesmariarubies\/wp-content\/uploads\/usu171\/2024\/06\/Val-escolar-IDDINK.png\" alt=\"\" width=\"595\" height=\"876\" srcset=\"https:\/\/agora.xtec.cat\/iesmariarubies\/wp-content\/uploads\/usu171\/2024\/06\/Val-escolar-IDDINK.png 547w, https:\/\/agora.xtec.cat\/iesmariarubies\/wp-content\/uploads\/usu171\/2024\/06\/Val-escolar-IDDINK-204x300.png 204w\" sizes=\"auto, (max-width: 595px) 100vw, 595px\" \/><\/a><\/p>\n<h3 data-start=\"449\" data-end=\"502\">Consells pr\u00e0ctics<\/h3>\n<ul data-start=\"2633\" data-end=\"2785\">\n<li data-start=\"2633\" data-end=\"2686\">\n<p data-start=\"2635\" data-end=\"2686\">Reviseu l\u2019estat dels llibres abans de retornar-los.<\/p>\n<\/li>\n<li data-start=\"2687\" data-end=\"2732\">\n<p data-start=\"2689\" data-end=\"2732\">Mantingueu-los en bon estat durant el curs.<\/p>\n<\/li>\n<li data-start=\"2733\" data-end=\"2785\">\n<p data-start=\"2735\" data-end=\"2785\">En cas de dubte, adreceu-vos al centre o a IDDINK.<\/p>\n<\/li>\n<\/ul>\n<p><a href=\"https:\/\/agora.xtec.cat\/iesmariarubies\/wp-content\/uploads\/usu171\/2024\/06\/CAT-Criteris-de-qualitat.jpg\"><img loading=\"lazy\" decoding=\"async\" class=\"size-full wp-image-22879 aligncenter\" src=\"https:\/\/agora.xtec.cat\/iesmariarubies\/wp-content\/uploads\/usu171\/2024\/06\/CAT-Criteris-de-qualitat.jpg\" alt=\"\" width=\"800\" height=\"493\" srcset=\"https:\/\/agora.xtec.cat\/iesmariarubies\/wp-content\/uploads\/usu171\/2024\/06\/CAT-Criteris-de-qualitat.jpg 800w, https:\/\/agora.xtec.cat\/iesmariarubies\/wp-content\/uploads\/usu171\/2024\/06\/CAT-Criteris-de-qualitat-300x185.jpg 300w, https:\/\/agora.xtec.cat\/iesmariarubies\/wp-content\/uploads\/usu171\/2024\/06\/CAT-Criteris-de-qualitat-768x473.jpg 768w\" sizes=\"auto, (max-width: 800px) 100vw, 800px\" \/><\/a><\/p>\n<h3 data-start=\"449\" data-end=\"502\"><a href=\"https:\/\/bestellen.iddink.cat\/?\">\ud83d\uded2 Acc\u00e9s directe a la plataforma de compra<\/a><\/h3>\n<p>&nbsp;<\/p>\n<p>Podeu consultar tamb\u00e9 els seg\u00fcents v\u00eddeos informatius:<\/p>\n<p><a href=\"https:\/\/agora.xtec.cat\/iesmariarubies\/wp-content\/uploads\/usu171\/2025\/06\/Com-comprar-IDDINK-25_26.pdf\">Presentaci\u00f3 Iddink Curta<\/a> (duraci\u00f3 5 minuts)<\/p>\n<p><a href=\"https:\/\/vimeo.com\/427671538\" target=\"_blank\" rel=\"noopener\">Com fer una comanda (v\u00eddeo)<\/a><\/p>\n<p><a href=\"https:\/\/vimeo.com\/45076699\">Com tractar els ecoBooks<\/a><\/p>\n<p>&nbsp;<\/p>\n","protected":false},"excerpt":{"rendered":"<p>Ja podeu consultar el llistat de llibres i materials educatius per al curs vinent, amb tota la informaci\u00f3 necess\u00e0ria per fer la compra a trav\u00e9s d\u2019IDDINK: Llibreria Institut Maria R\u00fabies 2025-2026 \ud83d\udc49 Com comprar IDDINK 25_26 Assist\u00e8ncia presencial \u2013 10 de juliol de 2025 Recollida dels llibres de l\u2019alumnat no becat, entre les 10:00 h [&hellip;]<\/p>\n","protected":false},"author":4,"featured_media":0,"parent":63,"menu_order":0,"comment_status":"closed","ping_status":"closed","template":"page-templates\/side-menu.php","meta":{"_bbp_topic_count":0,"_bbp_reply_count":0,"_bbp_total_topic_count":0,"_bbp_total_reply_count":0,"_bbp_voice_count":0,"_bbp_anonymous_reply_count":0,"_bbp_topic_count_hidden":0,"_bbp_reply_count_hidden":0,"_bbp_forum_subforum_count":0,"site-sidebar-layout":"default","site-content-layout":"","ast-site-content-layout":"","site-content-style":"default","site-sidebar-style":"default","ast-global-header-display":"","ast-banner-title-visibility":"","ast-main-header-display":"","ast-hfb-above-header-display":"","ast-hfb-below-header-display":"","ast-hfb-mobile-header-display":"","site-post-title":"","ast-breadcrumbs-content":"","ast-featured-img":"","footer-sml-layout":"","theme-transparent-header-meta":"","adv-header-id-meta":"","stick-header-meta":"","header-above-stick-meta":"","header-main-stick-meta":"","header-below-stick-meta":"","astra-migrate-meta-layouts":"default","ast-page-background-enabled":"default","ast-page-background-meta":{"desktop":{"background-color":"var(--ast-global-color-4)","background-image":"","background-repeat":"repeat","background-position":"center center","background-size":"auto","background-attachment":"scroll","background-type":"","background-media":"","overlay-type":"","overlay-color":"","overlay-opacity":"","overlay-gradient":""},"tablet":{"background-color":"","background-image":"","background-repeat":"repeat","background-position":"center center","background-size":"auto","background-attachment":"scroll","background-type":"","background-media":"","overlay-type":"","overlay-color":"","overlay-opacity":"","overlay-gradient":""},"mobile":{"background-color":"","background-image":"","background-repeat":"repeat","background-position":"center center","background-size":"auto","background-attachment":"scroll","background-type":"","background-media":"","overlay-type":"","overlay-color":"","overlay-opacity":"","overlay-gradient":""}},"ast-content-background-meta":{"desktop":{"background-color":"var(--ast-global-color-5)","background-image":"","background-repeat":"repeat","background-position":"center center","background-size":"auto","background-attachment":"scroll","background-type":"","background-media":"","overlay-type":"","overlay-color":"","overlay-opacity":"","overlay-gradient":""},"tablet":{"background-color":"var(--ast-global-color-5)","background-image":"","background-repeat":"repeat","background-position":"center center","background-size":"auto","background-attachment":"scroll","background-type":"","background-media":"","overlay-type":"","overlay-color":"","overlay-opacity":"","overlay-gradient":""},"mobile":{"background-color":"var(--ast-global-color-5)","background-image":"","background-repeat":"repeat","background-position":"center center","background-size":"auto","background-attachment":"scroll","background-type":"","background-media":"","overlay-type":"","overlay-color":"","overlay-opacity":"","overlay-gradient":""}},"footnotes":""},"class_list":["post-1544","page","type-page","status-publish","hentry"],"post_mailing_queue_ids":[],"_links":{"self":[{"href":"https:\/\/agora.xtec.cat\/iesmariarubies\/wp-json\/wp\/v2\/pages\/1544","targetHints":{"allow":["GET"]}}],"collection":[{"href":"https:\/\/agora.xtec.cat\/iesmariarubies\/wp-json\/wp\/v2\/pages"}],"about":[{"href":"https:\/\/agora.xtec.cat\/iesmariarubies\/wp-json\/wp\/v2\/types\/page"}],"author":[{"embeddable":true,"href":"https:\/\/agora.xtec.cat\/iesmariarubies\/wp-json\/wp\/v2\/users\/4"}],"replies":[{"embeddable":true,"href":"https:\/\/agora.xtec.cat\/iesmariarubies\/wp-json\/wp\/v2\/comments?post=1544"}],"version-history":[{"count":9,"href":"https:\/\/agora.xtec.cat\/iesmariarubies\/wp-json\/wp\/v2\/pages\/1544\/revisions"}],"predecessor-version":[{"id":22896,"href":"https:\/\/agora.xtec.cat\/iesmariarubies\/wp-json\/wp\/v2\/pages\/1544\/revisions\/22896"}],"up":[{"embeddable":true,"href":"https:\/\/agora.xtec.cat\/iesmariarubies\/wp-json\/wp\/v2\/pages\/63"}],"wp:attachment":[{"href":"https:\/\/agora.xtec.cat\/iesmariarubies\/wp-json\/wp\/v2\/media?parent=1544"}],"curies":[{"name":"wp","href":"https:\/\/api.w.org\/{rel}","templated":true}]}}