{"id":9853,"date":"2025-03-11T11:06:29","date_gmt":"2025-03-11T10:06:29","guid":{"rendered":"https:\/\/agora.xtec.cat\/iesmaremar\/?page_id=9853"},"modified":"2025-03-12T14:42:44","modified_gmt":"2025-03-12T13:42:44","slug":"admissio-fora-del-proces-de-preinscripcio","status":"publish","type":"page","link":"https:\/\/agora.xtec.cat\/iesmaremar\/secretaria\/admissio-fora-del-proces-de-preinscripcio\/","title":{"rendered":"Admissi\u00f3 fora del proc\u00e9s de preinscripci\u00f3 alumnat ESO"},"content":{"rendered":"<div class=\"wrapper_list_needToKnow-group-article\">\n<div class=\"list_needToKnow-group-item-paragraph\">\n<div class=\"link-dotted\">\n<p>Si et trobes <strong>fora del proc\u00e9s de preinscripci\u00f3 escolar<\/strong>, i vols una pla\u00e7a per al fill o filla en un centre educatiu sufragat amb fons p\u00fablics per a <strong>secund\u00e0ria obligat\u00f2ria<\/strong>, has de presentar la <span style=\"color: #33cccc;\"><span style=\"color: #51c7e8;\"><a style=\"color: #51c7e8;\" href=\"https:\/\/educacio.gencat.cat\/ca\/tramits\/tramits-temes\/admissio-centre-fora-proces-preinscripcio?category=74447ed8-a82c-11e3-a972-000c29052e2c&amp;moda=1#step-1-content\" target=\"_blank\" rel=\"noopener\">sol\u00b7licitud d&#8217;admissi\u00f3. <\/a><\/span><b style=\"font-family: inherit; font-size: 1em;\"><span style=\"color: #51c7e8;\">\u00a0<\/span> \u00a0<\/b><\/span><b style=\"font-family: inherit; font-size: 1em;\"><span style=\"color: #33cccc;\">\u00a0<\/span> \u00a0<\/b><b style=\"font-family: inherit; font-size: 1em;\">\u00a0 \u00a0 \u00a0 \u00a0 \u00a0\u00a0<\/b><\/p>\n<\/div>\n<\/div>\n<\/div>\n<div class=\"wrapper_list_needToKnow-group\">\n<div class=\"warning\">\n<p><b style=\"font-family: inherit; font-size: 1em;\">L<\/b><span style=\"font-family: inherit; font-size: 1em;\">a sol\u00b7licitud d&#8217;admissi\u00f3 es presenta en l\u00ednia.<\/span><br \/>\n<span style=\"font-family: inherit; font-size: 1em;\">Amb la sol\u00b7licitud, a m\u00e9s de la documentaci\u00f3<\/span><span style=\"font-family: inherit; font-size: 1em;\">\u00a0identificativa que correspongui, cal adjuntar la documentaci\u00f3 justificativa de la situaci\u00f3 exposada per demanar pla\u00e7a.<\/span><br \/>\nLa comissi\u00f3 de garanties d&#8217;admissi\u00f3 del territori de resid\u00e8ncia s&#8217;encarrega d&#8217;analitzar la sol\u00b7licitud i determina el centre d&#8217;assignaci\u00f3, tenint en compte la disponibilitat de llocs escolars, les prefer\u00e8ncies de la fam\u00edlia, l&#8217;equilibri en la distribuci\u00f3 de l&#8217;alumnat i la proporci\u00f3 m\u00e0xima d&#8217;alumnat amb necessitats educatives espec\u00edfiques que s&#8217;hagi determinat per als centres educatius de la zona.<\/p>\n<p>Aquesta sol\u00b7licitud nom\u00e9s s&#8217;at\u00e9n si la fam\u00edlia acredita algun dels sup\u00f2sits seg\u00fcents:<\/p>\n<ul>\n<li style=\"list-style-type: none;\">\n<ul>\n<li>Es tracta d&#8217;alumnat no escolaritzat a Catalunya.<\/li>\n<li>S&#8217;ha produ\u00eft un canvi de resid\u00e8ncia a un altre municipi o districte, en el cas de Barcelona.<\/li>\n<li>Hi ha la conveni\u00e8ncia d&#8217;un canvi de centre motivat per actes de viol\u00e8ncia de g\u00e8nere o d&#8217;assetjament escolar.<\/li>\n<li>Es tracta d&#8217;un canvi de centre a conseq\u00fc\u00e8ncia de la imposici\u00f3 d&#8217;una sanci\u00f3 disciplin\u00e0ria, que consisteix en la inhabilitaci\u00f3 definitiva per cursar estudis al centre.<\/li>\n<li>Est\u00e0 motivat per l&#8217;inici d&#8217;una mesura d&#8217;acolliment.<\/li>\n<\/ul>\n<\/li>\n<\/ul>\n<p><a href=\"https:\/\/educacio.gencat.cat\/ca\/tramits\/tramits-temes\/admissio-centre-fora-proces-preinscripcio?category=74447ed8-a82c-11e3-a972-000c29052e2c&amp;moda=1#step-1-content\"><img loading=\"lazy\" decoding=\"async\" class=\"aligncenter size-full wp-image-9958\" src=\"https:\/\/agora.xtec.cat\/iesmaremar\/wp-content\/uploads\/usu1710\/2025\/03\/admissio-1.png\" alt=\"\" width=\"637\" height=\"164\" srcset=\"https:\/\/agora.xtec.cat\/iesmaremar\/wp-content\/uploads\/usu1710\/2025\/03\/admissio-1.png 637w, https:\/\/agora.xtec.cat\/iesmaremar\/wp-content\/uploads\/usu1710\/2025\/03\/admissio-1-300x77.png 300w\" sizes=\"auto, (max-width: 637px) 100vw, 637px\" \/><\/a><\/p>\n<\/div>\n<\/div>\n","protected":false},"excerpt":{"rendered":"<p>Si et trobes fora del proc\u00e9s de preinscripci\u00f3 escolar, i vols una pla\u00e7a per al fill o filla en un centre educatiu sufragat amb fons p\u00fablics per a secund\u00e0ria obligat\u00f2ria, has de presentar la <a style=\"color: #51c7e8;\" href=\"https:\/\/educacio.gencat.cat\/ca\/tramits\/tramits-temes\/admissio-centre-fora-proces-preinscripcio?category=74447ed8-a82c-11e3-a972-000c29052e2c&amp;moda=1#step-1-content\" target=\"_blank\" rel=\"noopener\">sol\u00b7licitud d&#8217;admissi\u00f3. <\/a>\u00a0 \u00a0\u00a0 \u00a0\u00a0 \u00a0&hellip;  <a href=\"https:\/\/agora.xtec.cat\/iesmaremar\/secretaria\/admissio-fora-del-proces-de-preinscripcio\/\" title=\"Read Admissi\u00f3 fora del proc\u00e9s de preinscripci\u00f3 alumnat ESO\">Llegeix m\u00e9s\u00bb<\/a><\/p>\n","protected":false},"author":12,"featured_media":0,"parent":81,"menu_order":5,"comment_status":"closed","ping_status":"closed","template":"page-templates\/side-menu.php","meta":{"_bbp_topic_count":0,"_bbp_reply_count":0,"_bbp_total_topic_count":0,"_bbp_total_reply_count":0,"_bbp_voice_count":0,"_bbp_anonymous_reply_count":0,"_bbp_topic_count_hidden":0,"_bbp_reply_count_hidden":0,"_bbp_forum_subforum_count":0,"footnotes":""},"class_list":["post-9853","page","type-page","status-publish","hentry"],"post_mailing_queue_ids":[],"_links":{"self":[{"href":"https:\/\/agora.xtec.cat\/iesmaremar\/wp-json\/wp\/v2\/pages\/9853","targetHints":{"allow":["GET"]}}],"collection":[{"href":"https:\/\/agora.xtec.cat\/iesmaremar\/wp-json\/wp\/v2\/pages"}],"about":[{"href":"https:\/\/agora.xtec.cat\/iesmaremar\/wp-json\/wp\/v2\/types\/page"}],"author":[{"embeddable":true,"href":"https:\/\/agora.xtec.cat\/iesmaremar\/wp-json\/wp\/v2\/users\/12"}],"replies":[{"embeddable":true,"href":"https:\/\/agora.xtec.cat\/iesmaremar\/wp-json\/wp\/v2\/comments?post=9853"}],"version-history":[{"count":4,"href":"https:\/\/agora.xtec.cat\/iesmaremar\/wp-json\/wp\/v2\/pages\/9853\/revisions"}],"predecessor-version":[{"id":9967,"href":"https:\/\/agora.xtec.cat\/iesmaremar\/wp-json\/wp\/v2\/pages\/9853\/revisions\/9967"}],"up":[{"embeddable":true,"href":"https:\/\/agora.xtec.cat\/iesmaremar\/wp-json\/wp\/v2\/pages\/81"}],"wp:attachment":[{"href":"https:\/\/agora.xtec.cat\/iesmaremar\/wp-json\/wp\/v2\/media?parent=9853"}],"curies":[{"name":"wp","href":"https:\/\/api.w.org\/{rel}","templated":true}]}}