{"id":8528,"date":"2024-02-14T11:55:40","date_gmt":"2024-02-14T10:55:40","guid":{"rendered":"https:\/\/agora.xtec.cat\/iesmaremar\/?page_id=8528"},"modified":"2024-02-27T09:17:37","modified_gmt":"2024-02-27T08:17:37","slug":"pla-dimpuls-de-les-llengues-estrangeres-a-lfp","status":"publish","type":"page","link":"https:\/\/agora.xtec.cat\/iesmaremar\/pla-dimpuls-de-les-llengues-estrangeres-a-lfp\/","title":{"rendered":"Pla d\u2019impuls de les lleng\u00fces estrangeres a l\u2019FP"},"content":{"rendered":"<h5><strong><span style=\"color: #ff0000;\">2023-24 EI 1 Visita Berl\u00edn<\/span><\/strong><\/h5>\n<p style=\"text-align: justify;\">Aquest any el CFGS d&#8217;Educaci\u00f3 Infantil de la fam\u00edlia professional de Serveis Socioculturals i a la Comunitat ha entrat a formar part al Pla d&#8217;impuls de Lleng\u00fces Estrangeres.<\/p>\n<p style=\"text-align: justify;\">Del 19 al 23 de febrer van marxar d&#8217;estada ling\u00fc\u00edstica, en el marc del Pla d\u2019Impuls a les Lleng\u00fces Estrangeres que promou la Uni\u00f3 Europea a trav\u00e9s dels Fons Next Generation.<br \/>\nEl dest\u00ed va ser Berl\u00edn, entre altres activitats van rebre classes d&#8217;angl\u00e8s cada dia i va poder visitar una <em>Kita<\/em>: Kindergarten, guarderia, jard\u00ed d&#8217;infants biling\u00fce.<\/p>\n<p>Una abra\u00e7ada des de Berl\u00edn!!!<\/p>\n<p><img loading=\"lazy\" decoding=\"async\" class=\"aligncenter size-large wp-image-8713\" src=\"https:\/\/agora.xtec.cat\/iesmaremar\/wp-content\/uploads\/usu1710\/2024\/02\/WhatsApp-Image-2024-02-23-at-19.26.10-1024x768.jpeg\" alt=\"\" width=\"1024\" height=\"768\" srcset=\"https:\/\/agora.xtec.cat\/iesmaremar\/wp-content\/uploads\/usu1710\/2024\/02\/WhatsApp-Image-2024-02-23-at-19.26.10-1024x768.jpeg 1024w, https:\/\/agora.xtec.cat\/iesmaremar\/wp-content\/uploads\/usu1710\/2024\/02\/WhatsApp-Image-2024-02-23-at-19.26.10-300x225.jpeg 300w, https:\/\/agora.xtec.cat\/iesmaremar\/wp-content\/uploads\/usu1710\/2024\/02\/WhatsApp-Image-2024-02-23-at-19.26.10-768x576.jpeg 768w, https:\/\/agora.xtec.cat\/iesmaremar\/wp-content\/uploads\/usu1710\/2024\/02\/WhatsApp-Image-2024-02-23-at-19.26.10-1536x1152.jpeg 1536w, https:\/\/agora.xtec.cat\/iesmaremar\/wp-content\/uploads\/usu1710\/2024\/02\/WhatsApp-Image-2024-02-23-at-19.26.10-200x150.jpeg 200w, https:\/\/agora.xtec.cat\/iesmaremar\/wp-content\/uploads\/usu1710\/2024\/02\/WhatsApp-Image-2024-02-23-at-19.26.10.jpeg 1600w\" sizes=\"auto, (max-width: 1024px) 100vw, 1024px\" \/><\/p>\n<p>&nbsp;<\/p>\n<h5><strong><span style=\"color: #ff0000;\">2023-24 APD 2 Visita Berl\u00edn<\/span><\/strong><\/h5>\n<p>Dilluns 29 de gener va marxar d\u2019estada ling\u00fc\u00edstica el grup d\u2019alumnes de 2n curs de CFGM &#8211; Atenci\u00f3 a Persones en Situaci\u00f3 de Depend\u00e8ncia, en el marc del Pla d\u2019Impuls a les Lleng\u00fces Estrangeres que promou la Uni\u00f3 Europea a trav\u00e9s dels Fons Next Generation.<br \/>\nEl dest\u00ed va ser Berl\u00edn, un pa\u00eds que t\u00e9 com a llengua vehicular l\u2019angl\u00e8s, l\u2019estada va consistir en un curs d\u2019angl\u00e8s intensiu a les tardes\u00a0i al mat\u00ed vam fer visites guiades per la ciutat.<br \/>\nLa valoraci\u00f3 que fa el grup \u00e9s molt positiva, ja que han gaudit molt de l\u2019estada i han pogut con\u00e8ixer un pa\u00eds amb una cultura i ambient diferents.<\/p>\n<p>Us deixem un petit tast d&#8217;aquesta aventura.<\/p>\n<p><iframe loading=\"lazy\" src=\"https:\/\/drive.google.com\/file\/d\/1he1agfojTLov7TkHcYPwglf6onA7p42T\/preview\" width=\"640\" height=\"480\"><\/iframe><\/p>\n<h5><strong><span style=\"color: #ff0000;\">Que\u0300 e\u0301s el programa d\u2019Impuls de les llengu\u0308es estrangeres?<\/span><\/strong><\/h5>\n<p style=\"text-align: justify;\">E\u0301s la modalitat de formacio\u0301 professional en la qual l\u2019estudiant amplia els seus coneixements en llengu\u0308es estrangeres. A l\u2019Institut Escola d\u2019Hostaleria i Turisme de Girona hem apostat per fomentar\u00a0<b>l\u2019angle\u0300s\u00a0<\/b>i el<b>\u00a0franc\u00e8s\u00a0<\/b>com a lleng\u00fces estrangeres per la seva importa\u0300ncia cabdal al mo\u0301n de l\u2019hostaleria i el turisme.<\/p>\n<p style=\"text-align: justify;\">Aquest programa e\u0301s una experie\u0300ncia pilot impulsada pel departament d\u2019educacio\u0301 gra\u0300cies als fons econo\u0300mics europeus \u201cNext Generation\u201d.<\/p>\n<h5><strong><span style=\"color: #ff0000;\">Quins so\u0301n els seus objectius?<\/span><\/strong><\/h5>\n<ul>\n<li style=\"list-style-type: none;\">\n<ul>\n<li style=\"text-align: justify;\">Ampliar la compete\u0300ncia lingu\u0308i\u0301stica en llengu\u0308es estrangeres de l\u2019alumnat dels cicles formatius de grau mitja\u0300 i superior.<\/li>\n<li style=\"text-align: justify;\">Adquirir les compete\u0300ncies comunicatives, tant pel que fa a l\u2019expressio\u0301 oral com a l\u2019escrita en llengua estrangera.<\/li>\n<li style=\"text-align: justify;\">Incorporar i normalitzar l\u2019u\u0301s d\u2019una llengua estrangera en situacions professionals habituals i en la presa de decisions en l\u2019a\u0300mbit laboral.<\/li>\n<\/ul>\n<\/li>\n<\/ul>\n<p>El centre rep recursos econo\u0300mics i personals extres que ens permet:<\/p>\n<h5><span style=\"color: #ff0000;\"><strong>Curs 2022-23<\/strong><\/span><\/h5>\n<ul>\n<li style=\"list-style-type: none;\">\n<ul>\n<li>Aquest any al CFGM APD 1 es va incrementar les hores d\u2019angl\u00e8s amb un m\u00f2dul extra.<\/li>\n<li>El 20\u00a0 de febrer del 2023 els alumnes d&#8217;APD 1 van a Dubl\u00edn amb el programa \r\n\t<div class=\"slideshow_container slideshow_container_style-light\" style=\" \" data-slideshow-id=\"6835\" data-style-name=\"style-light\" data-style-version=\"2.3.1\" >\r\n\r\n\t\t\t\t\t<div class=\"slideshow_loading_icon\"><\/div>\r\n\t\t\r\n\t\t<div class=\"slideshow_content\" style=\"display: none;\">\r\n\r\n\t\t\t<div class=\"slideshow_view\">\r\n\t\t\t\t<div class=\"slideshow_slide slideshow_slide_image\">\r\n\t\t\t\t\t\t\t\t\t\t\t<img src=\"https:\/\/agora.xtec.cat\/iesmaremar\/wp-content\/uploads\/usu1710\/2023\/03\/IMG-20230221-WA0015.jpg\" alt=\"IMG-20230221-WA0015\" width=\"1600\" height=\"1200\" \/>\r\n\t\t\t\t\t\t\t\t\t\t<div class=\"slideshow_description_box slideshow_transparent\">\r\n\t\t\t\t\t\t\t\t\t\t\t\t\t\t\t\t\t<\/div>\r\n\t\t\t\t<\/div>\r\n\r\n\t\t\t\t\t\t<div style=\"clear: both;\"><\/div><\/div><div class=\"slideshow_view\">\r\n\t\t\t\t<div class=\"slideshow_slide slideshow_slide_image\">\r\n\t\t\t\t\t\t\t\t\t\t\t<img src=\"https:\/\/agora.xtec.cat\/iesmaremar\/wp-content\/uploads\/usu1710\/2023\/03\/IMG-20230224-WA0005.jpg\" alt=\"IMG-20230224-WA0005\" width=\"2048\" height=\"1536\" \/>\r\n\t\t\t\t\t\t\t\t\t\t<div class=\"slideshow_description_box slideshow_transparent\">\r\n\t\t\t\t\t\t<div class=\"slideshow_title\">IMG-20230224-WA0005<\/div>\t\t\t\t\t\t\t\t\t\t\t<\/div>\r\n\t\t\t\t<\/div>\r\n\r\n\t\t\t\t\t\t<div style=\"clear: both;\"><\/div><\/div><div class=\"slideshow_view\">\r\n\t\t\t\t<div class=\"slideshow_slide slideshow_slide_image\">\r\n\t\t\t\t\t\t\t\t\t\t\t<img src=\"https:\/\/agora.xtec.cat\/iesmaremar\/wp-content\/uploads\/usu1710\/2023\/03\/IMG-20230224-WA0009.jpg\" alt=\"IMG-20230224-WA0009\" width=\"1536\" height=\"2048\" \/>\r\n\t\t\t\t\t\t\t\t\t\t<div class=\"slideshow_description_box slideshow_transparent\">\r\n\t\t\t\t\t\t<div class=\"slideshow_title\">IMG-20230224-WA0009<\/div>\t\t\t\t\t\t\t\t\t\t\t<\/div>\r\n\t\t\t\t<\/div>\r\n\r\n\t\t\t\t\t\t<div style=\"clear: both;\"><\/div><\/div><div class=\"slideshow_view\">\r\n\t\t\t\t<div class=\"slideshow_slide slideshow_slide_image\">\r\n\t\t\t\t\t\t\t\t\t\t\t<img src=\"https:\/\/agora.xtec.cat\/iesmaremar\/wp-content\/uploads\/usu1710\/2023\/03\/IMG-20230224-WA0015.jpg\" alt=\"IMG-20230224-WA0015\" width=\"2048\" height=\"1536\" \/>\r\n\t\t\t\t\t\t\t\t\t\t<div class=\"slideshow_description_box slideshow_transparent\">\r\n\t\t\t\t\t\t<div class=\"slideshow_title\">IMG-20230224-WA0015<\/div>\t\t\t\t\t\t\t\t\t\t\t<\/div>\r\n\t\t\t\t<\/div>\r\n\r\n\t\t\t\t\t\t<div style=\"clear: both;\"><\/div><\/div><div class=\"slideshow_view\">\r\n\t\t\t\t<div class=\"slideshow_slide slideshow_slide_image\">\r\n\t\t\t\t\t\t\t\t\t\t\t<img src=\"https:\/\/agora.xtec.cat\/iesmaremar\/wp-content\/uploads\/usu1710\/2023\/03\/IMG-20230224-WA0016.jpg\" alt=\"IMG-20230224-WA0016\" width=\"2048\" height=\"1536\" \/>\r\n\t\t\t\t\t\t\t\t\t\t<div class=\"slideshow_description_box slideshow_transparent\">\r\n\t\t\t\t\t\t<div class=\"slideshow_title\">IMG-20230224-WA0016<\/div>\t\t\t\t\t\t\t\t\t\t\t<\/div>\r\n\t\t\t\t<\/div>\r\n\r\n\t\t\t\t\t\t<div style=\"clear: both;\"><\/div><\/div><div class=\"slideshow_view\">\r\n\t\t\t\t<div class=\"slideshow_slide slideshow_slide_image\">\r\n\t\t\t\t\t\t\t\t\t\t\t<img src=\"https:\/\/agora.xtec.cat\/iesmaremar\/wp-content\/uploads\/usu1710\/2023\/03\/IMG-20230224-WA0018.jpg\" alt=\"IMG-20230224-WA0018\" width=\"2048\" height=\"1536\" \/>\r\n\t\t\t\t\t\t\t\t\t\t<div class=\"slideshow_description_box slideshow_transparent\">\r\n\t\t\t\t\t\t<div class=\"slideshow_title\">IMG-20230224-WA0018<\/div>\t\t\t\t\t\t\t\t\t\t\t<\/div>\r\n\t\t\t\t<\/div>\r\n\r\n\t\t\t\t\t\t<div style=\"clear: both;\"><\/div><\/div><div class=\"slideshow_view\">\r\n\t\t\t\t<div class=\"slideshow_slide slideshow_slide_image\">\r\n\t\t\t\t\t\t\t\t\t\t\t<img src=\"https:\/\/agora.xtec.cat\/iesmaremar\/wp-content\/uploads\/usu1710\/2023\/03\/IMG-20230224-WA0025.jpg\" alt=\"IMG-20230224-WA0025\" width=\"2048\" height=\"1536\" \/>\r\n\t\t\t\t\t\t\t\t\t\t<div class=\"slideshow_description_box slideshow_transparent\">\r\n\t\t\t\t\t\t<div class=\"slideshow_title\">IMG-20230224-WA0025<\/div>\t\t\t\t\t\t\t\t\t\t\t<\/div>\r\n\t\t\t\t<\/div>\r\n\r\n\t\t\t\t\t\t<div style=\"clear: both;\"><\/div><\/div><div class=\"slideshow_view\">\r\n\t\t\t\t<div class=\"slideshow_slide slideshow_slide_image\">\r\n\t\t\t\t\t\t\t\t\t\t\t<img src=\"https:\/\/agora.xtec.cat\/iesmaremar\/wp-content\/uploads\/usu1710\/2023\/03\/IMG-20230224-WA0027.jpg\" alt=\"IMG-20230224-WA0027\" width=\"2048\" height=\"1536\" \/>\r\n\t\t\t\t\t\t\t\t\t\t<div class=\"slideshow_description_box slideshow_transparent\">\r\n\t\t\t\t\t\t<div class=\"slideshow_title\">IMG-20230224-WA0027<\/div>\t\t\t\t\t\t\t\t\t\t\t<\/div>\r\n\t\t\t\t<\/div>\r\n\r\n\t\t\t\t\t\t<div style=\"clear: both;\"><\/div><\/div><div class=\"slideshow_view\">\r\n\t\t\t\t<div class=\"slideshow_slide slideshow_slide_image\">\r\n\t\t\t\t\t\t\t\t\t\t\t<img src=\"https:\/\/agora.xtec.cat\/iesmaremar\/wp-content\/uploads\/usu1710\/2023\/03\/IMG-20230224-WA0032.jpg\" alt=\"IMG-20230224-WA0032\" width=\"2048\" height=\"1536\" \/>\r\n\t\t\t\t\t\t\t\t\t\t<div class=\"slideshow_description_box slideshow_transparent\">\r\n\t\t\t\t\t\t<div class=\"slideshow_title\">IMG-20230224-WA0032<\/div>\t\t\t\t\t\t\t\t\t\t\t<\/div>\r\n\t\t\t\t<\/div>\r\n\r\n\t\t\t\t\t\t<div style=\"clear: both;\"><\/div><\/div><div class=\"slideshow_view\">\r\n\t\t\t\t<div class=\"slideshow_slide slideshow_slide_image\">\r\n\t\t\t\t\t\t\t\t\t\t\t<img src=\"https:\/\/agora.xtec.cat\/iesmaremar\/wp-content\/uploads\/usu1710\/2023\/03\/IMG-20230224-WA0035.jpg\" alt=\"IMG-20230224-WA0035\" width=\"2048\" height=\"1536\" \/>\r\n\t\t\t\t\t\t\t\t\t\t<div class=\"slideshow_description_box slideshow_transparent\">\r\n\t\t\t\t\t\t<div class=\"slideshow_title\">IMG-20230224-WA0035<\/div>\t\t\t\t\t\t\t\t\t\t\t<\/div>\r\n\t\t\t\t<\/div>\r\n\r\n\t\t\t\t\t\t<div style=\"clear: both;\"><\/div><\/div><div class=\"slideshow_view\">\r\n\t\t\t\t<div class=\"slideshow_slide slideshow_slide_image\">\r\n\t\t\t\t\t\t\t\t\t\t\t<img src=\"https:\/\/agora.xtec.cat\/iesmaremar\/wp-content\/uploads\/usu1710\/2023\/03\/IMG-20230224-WA0067.jpg\" alt=\"IMG-20230224-WA0067\" width=\"2048\" height=\"1536\" \/>\r\n\t\t\t\t\t\t\t\t\t\t<div class=\"slideshow_description_box slideshow_transparent\">\r\n\t\t\t\t\t\t<div class=\"slideshow_title\">IMG-20230224-WA0067<\/div>\t\t\t\t\t\t\t\t\t\t\t<\/div>\r\n\t\t\t\t<\/div>\r\n\r\n\t\t\t\t\t\t<div style=\"clear: both;\"><\/div><\/div><div class=\"slideshow_view\">\r\n\t\t\t\t<div class=\"slideshow_slide slideshow_slide_image\">\r\n\t\t\t\t\t\t\t\t\t\t\t<img src=\"https:\/\/agora.xtec.cat\/iesmaremar\/wp-content\/uploads\/usu1710\/2023\/03\/IMG-20230224-WA0070.jpg\" alt=\"IMG-20230224-WA0070\" width=\"2048\" height=\"1536\" \/>\r\n\t\t\t\t\t\t\t\t\t\t<div class=\"slideshow_description_box slideshow_transparent\">\r\n\t\t\t\t\t\t<div class=\"slideshow_title\">IMG-20230224-WA0070<\/div>\t\t\t\t\t\t\t\t\t\t\t<\/div>\r\n\t\t\t\t<\/div>\r\n\r\n\t\t\t\t\t\t<div style=\"clear: both;\"><\/div><\/div>\r\n\t\t<\/div>\r\n\r\n\t\t<div class=\"slideshow_controlPanel slideshow_transparent\" style=\"display: none;\"><ul><li class=\"slideshow_togglePlay\" data-play-text=\"Visualitza\" data-pause-text=\"Pausa\"><\/li><\/ul><\/div>\r\n\r\n\t\t<div class=\"slideshow_button slideshow_previous slideshow_transparent\" role=\"button\" data-previous-text=\"Anterior\" style=\"display: none;\"><\/div>\r\n\t\t<div class=\"slideshow_button slideshow_next slideshow_transparent\" role=\"button\" data-next-text=\"Seg\u00fcent\" style=\"display: none;\"><\/div>\r\n\r\n\t\t<div class=\"slideshow_pagination\" style=\"display: none;\" data-go-to-text=\"V\u00e9s a la diapositiva\"><div class=\"slideshow_pagination_center\"><\/div><\/div>\r\n\r\n\t\t<!-- WordPress Slideshow Version 2.3.1 -->\r\n\r\n\t\t\t<\/div>\r\n\r\n<\/li>\n<\/ul>\n<\/li>\n<\/ul>\n<p><span style=\"color: #ff0000;\"><strong>Curs 2023-24<\/strong><\/span><\/p>\n<ul>\n<li style=\"list-style-type: none;\">\n<ul>\n<li>CFGM APD: a 2n curs MP13 Angl\u00e8s t\u00e8cnic (99 hores)<\/li>\n<li>CFGS EI: a 1r curs BOA MP14 Angl\u00e8s avan\u00e7at (66 hores)<\/li>\n<\/ul>\n<\/li>\n<\/ul>\n<p>Durant el 1r i 2n curs del projecte, a cada cicle formatiu participant va:<\/p>\n<ul>\n<li style=\"list-style-type: none;\">\n<ul>\n<li>Contractar\u00a0<b>auxiliar de conversa\u00a0<\/b>per ajudar a l\u2019alumnat en la seva expressio\u0301 oral.<\/li>\n<li>Fer una\u00a0<b>estada a l\u2019estranger\u00a0<\/b>per tot l\u2019alumnat que participi en el projecte.<\/li>\n<li>Tenir\u00a0<b>acce\u0301s a l\u2019obtencio\u0301 de certificats oficials\u00a0<\/b>d\u2019idiomes.<\/li>\n<\/ul>\n<\/li>\n<\/ul>\n<p>&nbsp;<\/p>\n<p><img loading=\"lazy\" decoding=\"async\" class=\"aligncenter size-full wp-image-8555\" src=\"https:\/\/agora.xtec.cat\/iesmaremar\/wp-content\/uploads\/usu1710\/2024\/02\/Impuls-llengues-horizontal.jpg\" alt=\"\" width=\"966\" height=\"149\" srcset=\"https:\/\/agora.xtec.cat\/iesmaremar\/wp-content\/uploads\/usu1710\/2024\/02\/Impuls-llengues-horizontal.jpg 966w, https:\/\/agora.xtec.cat\/iesmaremar\/wp-content\/uploads\/usu1710\/2024\/02\/Impuls-llengues-horizontal-300x46.jpg 300w, https:\/\/agora.xtec.cat\/iesmaremar\/wp-content\/uploads\/usu1710\/2024\/02\/Impuls-llengues-horizontal-768x118.jpg 768w\" sizes=\"auto, (max-width: 966px) 100vw, 966px\" \/><\/p>\n","protected":false},"excerpt":{"rendered":"<p>2023-24 EI 1 Visita Berl\u00edn<br \/>\nAquest any el CFGS d&#8217;Educaci\u00f3 Infantil de la fam\u00edlia professional de Serveis Socioculturals i a la Comunitat ha entrat a formar part al Pla d&#8217;impuls de Lleng\u00fces Estrangeres.<br \/>\nDel 19 al 23 de febrer van marxar d&#8217;estada ling\u00fc\u00edstica, en el marc del&hellip;  <a href=\"https:\/\/agora.xtec.cat\/iesmaremar\/pla-dimpuls-de-les-llengues-estrangeres-a-lfp\/\" title=\"Read Pla d\u2019impuls de les lleng\u00fces estrangeres a l\u2019FP\">Llegeix m\u00e9s\u00bb<\/a><\/p>\n","protected":false},"author":12,"featured_media":0,"parent":0,"menu_order":0,"comment_status":"closed","ping_status":"closed","template":"","meta":{"_bbp_topic_count":0,"_bbp_reply_count":0,"_bbp_total_topic_count":0,"_bbp_total_reply_count":0,"_bbp_voice_count":0,"_bbp_anonymous_reply_count":0,"_bbp_topic_count_hidden":0,"_bbp_reply_count_hidden":0,"_bbp_forum_subforum_count":0,"footnotes":""},"class_list":["post-8528","page","type-page","status-publish","hentry"],"post_mailing_queue_ids":[],"_links":{"self":[{"href":"https:\/\/agora.xtec.cat\/iesmaremar\/wp-json\/wp\/v2\/pages\/8528","targetHints":{"allow":["GET"]}}],"collection":[{"href":"https:\/\/agora.xtec.cat\/iesmaremar\/wp-json\/wp\/v2\/pages"}],"about":[{"href":"https:\/\/agora.xtec.cat\/iesmaremar\/wp-json\/wp\/v2\/types\/page"}],"author":[{"embeddable":true,"href":"https:\/\/agora.xtec.cat\/iesmaremar\/wp-json\/wp\/v2\/users\/12"}],"replies":[{"embeddable":true,"href":"https:\/\/agora.xtec.cat\/iesmaremar\/wp-json\/wp\/v2\/comments?post=8528"}],"version-history":[{"count":6,"href":"https:\/\/agora.xtec.cat\/iesmaremar\/wp-json\/wp\/v2\/pages\/8528\/revisions"}],"predecessor-version":[{"id":8714,"href":"https:\/\/agora.xtec.cat\/iesmaremar\/wp-json\/wp\/v2\/pages\/8528\/revisions\/8714"}],"wp:attachment":[{"href":"https:\/\/agora.xtec.cat\/iesmaremar\/wp-json\/wp\/v2\/media?parent=8528"}],"curies":[{"name":"wp","href":"https:\/\/api.w.org\/{rel}","templated":true}]}}