{"id":8435,"date":"2024-01-26T09:27:59","date_gmt":"2024-01-26T08:27:59","guid":{"rendered":"https:\/\/agora.xtec.cat\/iesmaremar\/?page_id=8435"},"modified":"2025-09-19T14:53:16","modified_gmt":"2025-09-19T12:53:16","slug":"servei-assessorament-i-reconeixement-academic","status":"publish","type":"page","link":"https:\/\/agora.xtec.cat\/iesmaremar\/servei-assessorament-i-reconeixement-academic\/","title":{"rendered":"Servei assessorament i reconeixement acad\u00e8mic"},"content":{"rendered":"<h3>SERVEI D&#8217;<span style=\"color: #ff6600;\">ASSESSORAMENT<\/span> EN LA FORMACI\u00d3 PROFESSIONAL DEL SISTEMA EDUCATIU<\/h3>\n<p style=\"text-align: justify;\">S&#8217;adre\u00e7a a les persones adultes interessades a obtenir la diagnosi de les seves possibilitats formatives i de promoci\u00f3 professional i l&#8217;itinerari formatiu m\u00e9s adequat per aconseguir l&#8217;objectiu de qualificaci\u00f3 m\u00e9s idoni. Al finalitzar se li lliura un informe personalitzat d&#8217;assessorament.<\/p>\n<p style=\"text-align: justify;\">Aquesta diagnosi \u00e9s un requisit previ per participar en el reconeixement acad\u00e8mic dels aprenentatges assolits mitjan\u00e7ant l&#8217;experi\u00e8ncia laboral o en activitats.<\/p>\n<p>Aquest servei t\u00e9 un preu p\u00fablic de\u00a0<strong>60,00 \u20ac<\/strong><\/p>\n<h3 style=\"text-align: left;\">SERVEI DE <span style=\"color: #ff6600;\">RECONEIXEMENT<\/span> ACAD\u00c8MIC DELS APRENENTATGES ASSOLITS MITJAN\u00c7ANT L&#8217;EXPERI\u00c8NCIA LABORAL O EN ACTIVITATS SOCIALS<\/h3>\n<p style=\"text-align: justify;\">S&#8217;adre\u00e7a a les persones amb experi\u00e8ncia laboral o en activitats socials que vulguin un reconeixement acad\u00e8mic dels aprenentatges adquirits relacionats amb un determinat cicle formatiu.<\/p>\n<p style=\"text-align: justify;\">Les persones destinat\u00e0ries han d&#8217;haver complert 18 anys i han d&#8217;acreditar una experi\u00e8ncia laboral o en activitats socials d&#8217;almenys 2 anys en el sector.<\/p>\n<p style=\"text-align: justify;\">\u00c9s imprescindible disposar de l&#8217;informe del servei d&#8217;assessorament o document equivalent de convocat\u00f2ries d&#8217;acreditaci\u00f3 o validaci\u00f3 amb l&#8217;orientaci\u00f3 i\/o assessorament fet del mateix t\u00edtol o d&#8217;un t\u00edtol af\u00ed.<\/p>\n<p>Aquest servei t\u00e9 un preu p\u00fablic de\u00a0<strong>18,00 \u20ac<\/strong> per unitat formativa a recon\u00e8ixer.<\/p>\n<p style=\"text-align: justify;\"><strong>Bonificacions i exempcions del preu p\u00fablic.<\/strong> Els membres de fam\u00edlies nombroses classificades en la categoria general i els membres de fam\u00edlies monoparentals, tenen una bonificaci\u00f3 del 50% dels imports dels preus p\u00fablics, sense que ambdues bonificacions siguin acumulables. Estaran exemptes de pagament els membres de fam\u00edlies nombroses de categoria especial, les v\u00edctimes d&#8217;actes terroristes, els seus c\u00f2njuges i els seus fills, les persones que posseeixen la declaraci\u00f3 legal de minusv\u00e0lua en un grau igual o superior al 33%, i les persones subjectes a mesures privatives de llibertat.<\/p>\n<p><a href=\"https:\/\/triaeducativa.gencat.cat\/ca\/fp\/cataleg-serveis\/reconeixement-academic\/\">M\u00e9s informaci\u00f3<\/a><\/p>\n","protected":false},"excerpt":{"rendered":"<p>SERVEI D&#8217;ASSESSORAMENT EN LA FORMACI\u00d3 PROFESSIONAL DEL SISTEMA EDUCATIU<br \/>\nS&#8217;adre\u00e7a a les persones adultes interessades a obtenir la diagnosi de les seves possibilitats formatives i de promoci\u00f3 professional i l&#8217;itinerari formatiu m\u00e9s adequat per aconseguir l&#8217;objectiu de qualificaci\u00f3 m\u00e9s idoni. Al finalitzar se li lliura un&hellip;  <a href=\"https:\/\/agora.xtec.cat\/iesmaremar\/servei-assessorament-i-reconeixement-academic\/\" title=\"Read Servei assessorament i reconeixement acad\u00e8mic\">Llegeix m\u00e9s\u00bb<\/a><\/p>\n","protected":false},"author":12,"featured_media":0,"parent":0,"menu_order":0,"comment_status":"closed","ping_status":"closed","template":"","meta":{"_bbp_topic_count":0,"_bbp_reply_count":0,"_bbp_total_topic_count":0,"_bbp_total_reply_count":0,"_bbp_voice_count":0,"_bbp_anonymous_reply_count":0,"_bbp_topic_count_hidden":0,"_bbp_reply_count_hidden":0,"_bbp_forum_subforum_count":0,"footnotes":""},"class_list":["post-8435","page","type-page","status-publish","hentry"],"post_mailing_queue_ids":[],"_links":{"self":[{"href":"https:\/\/agora.xtec.cat\/iesmaremar\/wp-json\/wp\/v2\/pages\/8435","targetHints":{"allow":["GET"]}}],"collection":[{"href":"https:\/\/agora.xtec.cat\/iesmaremar\/wp-json\/wp\/v2\/pages"}],"about":[{"href":"https:\/\/agora.xtec.cat\/iesmaremar\/wp-json\/wp\/v2\/types\/page"}],"author":[{"embeddable":true,"href":"https:\/\/agora.xtec.cat\/iesmaremar\/wp-json\/wp\/v2\/users\/12"}],"replies":[{"embeddable":true,"href":"https:\/\/agora.xtec.cat\/iesmaremar\/wp-json\/wp\/v2\/comments?post=8435"}],"version-history":[{"count":5,"href":"https:\/\/agora.xtec.cat\/iesmaremar\/wp-json\/wp\/v2\/pages\/8435\/revisions"}],"predecessor-version":[{"id":10617,"href":"https:\/\/agora.xtec.cat\/iesmaremar\/wp-json\/wp\/v2\/pages\/8435\/revisions\/10617"}],"wp:attachment":[{"href":"https:\/\/agora.xtec.cat\/iesmaremar\/wp-json\/wp\/v2\/media?parent=8435"}],"curies":[{"name":"wp","href":"https:\/\/api.w.org\/{rel}","templated":true}]}}