{"id":8262,"date":"2023-11-13T17:48:35","date_gmt":"2023-11-13T16:48:35","guid":{"rendered":"https:\/\/agora.xtec.cat\/iesmaremar\/?page_id=8262"},"modified":"2024-05-28T12:36:05","modified_gmt":"2024-05-28T10:36:05","slug":"cfgs-integracio-social-iso","status":"publish","type":"page","link":"https:\/\/agora.xtec.cat\/iesmaremar\/cfgs-integracio-social-iso\/","title":{"rendered":"CFGS \u2013 Integraci\u00f3 Social (ISO)"},"content":{"rendered":"<p><span style=\"color: #ff0000;\"><strong>Av\u00eds: canvis en els cicles d&#8217;FP per al curs 2024-2025<\/strong><\/span><\/p>\n<ul>\n<li><span style=\"color: #ff0000;\">S&#8217;introdueixen nous m\u00f2duls per millorar la compet\u00e8ncia en els \u00e0mbits de la sostenibilitat i la digitalitzaci\u00f3.<\/span><\/li>\n<li><span style=\"color: #ff0000;\">L&#8217;estada en un centre de treball \u00e9s de 515 hores per als cicles de grau mitj\u00e0 i superior, i de 416 hores per als de grau b\u00e0sic.<\/span><\/li>\n<li><span style=\"color: #ff0000;\">Es modifiquen les vies d&#8217;acc\u00e9s.<\/span><\/li>\n<\/ul>\n<p><span style=\"color: #ff0000;\">Aviat actualitzarem aquesta informaci\u00f3 per a cadascun dels cicles.<\/span><\/p>\n<p>Aquests estudis capaciten per programar, organitzar, implementar i avaluar les intervencions d&#8217;integraci\u00f3 social aplicant estrat\u00e8gies i t\u00e8cniques espec\u00edfiques, promovent la igualtat d&#8217;oportunitats, actuant en tot moment amb una actitud de respecte cap a les persones destinat\u00e0ries i garantint la creaci\u00f3 d&#8217;entorns segurs tant per a les persones destinat\u00e0ries com per al professional.<\/p>\n<p><strong>FAM\u00cdLIA PROFESSIONAL:<\/strong> Serveis socioculturals i a la comunitat<br \/>\n<strong>DURADA:<\/strong> Dos cursos de 2.000 h (1.551 al centre i 449 de formaci\u00f3 en centres de treball)<br \/>\n<strong>HORARI:<\/strong> Tarda de 14:40 a 21:00 h.<br \/>\n<strong>PREU (<\/strong>Dos pagaments a cada curs):<br \/>\n<span style=\"color: #00ccff;\"><a style=\"color: #00ccff;\" href=\"https:\/\/educacio.gencat.cat\/ca\/departament\/normativa\/taxes-preus-publics\/preu-public\/index.html\"><span style=\"color: #00ccff;\">&#8211; Taxa<\/span><\/a> <\/span>(Matr\u00edcula dels cicles de grau superior de formaci\u00f3 professional (LOE) impartits en els centres dependents del Departament d&#8217;Ensenyament).<br \/>\n\u2022 per curs: 360 euros<br \/>\n\u2022 per unitat formativa: 25 euros<br \/>\n\u2022 m\u00f2dul de formaci\u00f3 en centres de treball (FCT): 25 euros<br \/>\n&#8211; Matr\u00edcula del centre (material i AFA): preu a determinar per cada any<\/p>\n<h3>A QUI S&#8217;ADRE\u00c7A:<\/h3>\n<p>Alumnat interessat per temes de prevenci\u00f3 i inserci\u00f3 social, educaci\u00f3 dels diferents col\u00b7lectius:<br \/>\nimmigraci\u00f3, drogadicci\u00f3, persones amb discapacitat&#8230;,<\/p>\n<h3>SORTIDES PROFESSIONALS:<\/h3>\n<p>\u2022 T\u00e8cnic \/a de programes d&#8217;ajut a domicili<br \/>\n\u2022 T\u00e8cnic\/a de prevenci\u00f3 i inserci\u00f3 social<br \/>\n\u2022 T\u00e8cnic \/a d&#8217;inserci\u00f3 ocupacional<br \/>\n\u2022 Educador\/a en equipaments residencials de diferents tipus<br \/>\n\u2022 T\u00e8cnic\/a de mobilitat b\u00e0sica<br \/>\n\u2022 Treballador\/ra familiar<br \/>\n\u2022 Educador\/ra de discapacitats<\/p>\n<h3>CONTINGUTS CURRICULARS:<\/h3>\n<p>\u2022 Context de la intervenci\u00f3 social.<br \/>\n\u2022 Metodologia de la intervenci\u00f3 social.<br \/>\n\u2022 Promoci\u00f3 de l&#8217;autonomia personal<br \/>\n\u2022 Inserci\u00f3 sociolaboral<br \/>\n\u2022 Sistemes augmentatius i alternatius de comunicaci\u00f3<br \/>\n\u2022 Atenci\u00f3 a les unitats de conviv\u00e8ncia<br \/>\n\u2022 Suport a la intervenci\u00f3 educativa<br \/>\n\u2022 Mediaci\u00f3 comunit\u00e0ria<br \/>\n\u2022 Habilitats socials<br \/>\n\u2022 Primers auxilis<br \/>\n\u2022 Formaci\u00f3 i orientaci\u00f3 laboral<br \/>\n\u2022 Empresa i iniciativa innovadora<br \/>\n\u2022 Projecte d&#8217;integraci\u00f3 social<br \/>\n\u2022 Formaci\u00f3 en centres de treball<\/p>\n<p><a href=\"https:\/\/triaeducativa.gencat.cat\/ca\/estudis?integracio-social&amp;p_id=2055\"><span style=\"color: #00ccff;\">M\u00e9s informaci\u00f3 a:<\/span> <img loading=\"lazy\" decoding=\"async\" class=\"wp-image-8913 alignnone\" src=\"https:\/\/agora.xtec.cat\/iesmaremar\/wp-content\/uploads\/usu1710\/2024\/04\/gencat.png\" alt=\"\" width=\"125\" height=\"40\" srcset=\"https:\/\/agora.xtec.cat\/iesmaremar\/wp-content\/uploads\/usu1710\/2024\/04\/gencat.png 396w, https:\/\/agora.xtec.cat\/iesmaremar\/wp-content\/uploads\/usu1710\/2024\/04\/gencat-300x96.png 300w\" sizes=\"auto, (max-width: 125px) 100vw, 125px\" \/><\/a><\/p>\n","protected":false},"excerpt":{"rendered":"<p>Av\u00eds: canvis en els cicles d&#8217;FP per al curs 2024-2025<\/p>\n<ul>\n<li>S&#8217;introdueixen nous m\u00f2duls per millorar la compet\u00e8ncia en els \u00e0mbits de la sostenibilitat i la digitalitzaci\u00f3.<\/li>\n<li>L&#8217;estada en un centre de treball \u00e9s de 515 hores per als cicles de grau mitj\u00e0 i superior, i de 416&hellip;  <a href=\"https:\/\/agora.xtec.cat\/iesmaremar\/cfgs-integracio-social-iso\/\" title=\"Read CFGS \u2013 Integraci\u00f3 Social (ISO)\">Llegeix m\u00e9s\u00bb<\/a><br \/>\n","protected":false},"author":1,"featured_media":0,"parent":0,"menu_order":0,"comment_status":"closed","ping_status":"closed","template":"","meta":{"_bbp_topic_count":0,"_bbp_reply_count":0,"_bbp_total_topic_count":0,"_bbp_total_reply_count":0,"_bbp_voice_count":0,"_bbp_anonymous_reply_count":0,"_bbp_topic_count_hidden":0,"_bbp_reply_count_hidden":0,"_bbp_forum_subforum_count":0,"footnotes":""},"class_list":["post-8262","page","type-page","status-publish","hentry"],"post_mailing_queue_ids":[],"_links":{"self":[{"href":"https:\/\/agora.xtec.cat\/iesmaremar\/wp-json\/wp\/v2\/pages\/8262","targetHints":{"allow":["GET"]}}],"collection":[{"href":"https:\/\/agora.xtec.cat\/iesmaremar\/wp-json\/wp\/v2\/pages"}],"about":[{"href":"https:\/\/agora.xtec.cat\/iesmaremar\/wp-json\/wp\/v2\/types\/page"}],"author":[{"embeddable":true,"href":"https:\/\/agora.xtec.cat\/iesmaremar\/wp-json\/wp\/v2\/users\/1"}],"replies":[{"embeddable":true,"href":"https:\/\/agora.xtec.cat\/iesmaremar\/wp-json\/wp\/v2\/comments?post=8262"}],"version-history":[{"count":7,"href":"https:\/\/agora.xtec.cat\/iesmaremar\/wp-json\/wp\/v2\/pages\/8262\/revisions"}],"predecessor-version":[{"id":8924,"href":"https:\/\/agora.xtec.cat\/iesmaremar\/wp-json\/wp\/v2\/pages\/8262\/revisions\/8924"}],"wp:attachment":[{"href":"https:\/\/agora.xtec.cat\/iesmaremar\/wp-json\/wp\/v2\/media?parent=8262"}],"curies":[{"name":"wp","href":"https:\/\/api.w.org\/{rel}","templated":true}]}}