{"id":8251,"date":"2023-11-07T21:11:57","date_gmt":"2023-11-07T20:11:57","guid":{"rendered":"https:\/\/agora.xtec.cat\/iesmaremar\/?page_id=8251"},"modified":"2025-03-04T12:47:03","modified_gmt":"2025-03-04T11:47:03","slug":"cfgm-cures-auxiliars-dinfermeria","status":"publish","type":"page","link":"https:\/\/agora.xtec.cat\/iesmaremar\/cfgm-cures-auxiliars-dinfermeria\/","title":{"rendered":"CFGM \u2013 Cures Auxiliars d\u2019Infermeria"},"content":{"rendered":"<p><span style=\"color: #ff0000;\"><strong>Av\u00eds: canvis en els cicles d&#8217;FP per al curs 2024-2025<\/strong><\/span><\/p>\n<ul>\n<li><span style=\"color: #ff0000;\">S&#8217;introdueixen nous m\u00f2duls per millorar la compet\u00e8ncia en els \u00e0mbits de la sostenibilitat i la digitalitzaci\u00f3.<\/span><\/li>\n<li><span style=\"color: #ff0000;\">L&#8217;estada en un centre de treball \u00e9s de 515 hores per als cicles de grau mitj\u00e0 i superior, i de 416 hores per als de grau b\u00e0sic.<\/span><\/li>\n<li><span style=\"color: #ff0000;\">Es modifiquen les vies d&#8217;acc\u00e9s.<\/span><\/li>\n<\/ul>\n<p><span style=\"color: #ff0000;\">Aviat actualitzarem aquesta informaci\u00f3 per a cadascun dels cicles.<\/span><\/p>\n<p>Aquests estudis postobligatoris capaciten per fer cures auxiliars d&#8217;infermeria, controlar les condicions sanit\u00e0ries de l&#8217;entorn i del material o l&#8217;instrumental sanitari i portar a terme tasques relacionades amb l&#8217;instrumental d&#8217;equips de salut bucodental&#8230;<\/p>\n<p><strong>FAM\u00cdLIA PROFESSIONAL:<\/strong> Sanitat<br \/>\n<strong>DURADA: Dos cursos <\/strong>1400 h (990 al centre i 410 de formaci\u00f3 en centres de treball)<br \/>\n<strong>HORARI:<\/strong> Tarda de 14:40 a 21:00 h.<br \/>\n<strong>PREU: <\/strong>Matr\u00edcula del centre (material i AFA): preu a determinar per cada any<\/p>\n<h3>A QUI S\u2019ADRE\u00c7A:<\/h3>\n<p>Alumnat interessat a exercir la seva activitat laboral en el sector sanitari, a l&#8217;\u00e0rea d&#8217;assist\u00e8ncia al pacient\/client, formant part de l\u2019equip d&#8217;infermeria a l&#8217;atenci\u00f3 prim\u00e0ria, comunit\u00e0ria o especialitzada.<\/p>\n<h3>SORTIDES PROFESSIONALS:<\/h3>\n<ul>\n<li>Atenci\u00f3 prim\u00e0ria i comunit\u00e0ria: atenci\u00f3 domicili\u00e0ria, promoci\u00f3 de la salut, salut bucodental, consultes i centres geri\u00e0trics.<\/li>\n<li>Atenci\u00f3 especialitzada: consultes, hospitalitzaci\u00f3, urg\u00e8ncies, sales de parts, pediatria, unitats de cures especials quir\u00f2fans, centrals d&#8217;esterilitzaci\u00f3, salut mental i geriatria.<\/li>\n<li><strong>Altres:<\/strong> centres sanitaris, departaments d&#8217;afers socials de ministeris, comunitats aut\u00f2nomes, ajuntaments i centres de balneoter\u00e0pia.<\/li>\n<\/ul>\n<h3>CONTINGUTS CURRICULARS:<\/h3>\n<ul>\n<li>Operacions administratives i documentaci\u00f3.<\/li>\n<li>L\u2019\u00e9sser hum\u00e0 davant la malaltia.<\/li>\n<li>Benestar del pacient: necessitats d\u2019higiene.<\/li>\n<li>Cures b\u00e0siques d\u2019infermeria.<\/li>\n<li>Primers auxilis.<\/li>\n<li>Higiene del medi hospitalari.<\/li>\n<li>Recolzament psicol\u00f2gic al pacient.<\/li>\n<li>Educaci\u00f3 per la salut.<\/li>\n<li>T\u00e8cniques d\u2019ajuda odontol\u00f2gica\/estomatol\u00f2gica.<\/li>\n<li>Relacions en l\u2019equip de treball.<\/li>\n<li>Formaci\u00f3 i orientaci\u00f3 laboral.<\/li>\n<li>Formaci\u00f3 en centres de treball.<\/li>\n<li>S\u00edntesi.<\/li>\n<\/ul>\n<p><a href=\"https:\/\/triaeducativa.gencat.cat\/ca\/estudis\/?cures-auxiliars-infermeria&amp;p_id=109\"><span style=\"color: #00ccff;\">M\u00e9s informaci\u00f3 a:<\/span> <img loading=\"lazy\" decoding=\"async\" class=\"wp-image-8913 alignnone\" src=\"https:\/\/agora.xtec.cat\/iesmaremar\/wp-content\/uploads\/usu1710\/2024\/04\/gencat.png\" alt=\"\" width=\"125\" height=\"40\" srcset=\"https:\/\/agora.xtec.cat\/iesmaremar\/wp-content\/uploads\/usu1710\/2024\/04\/gencat.png 396w, https:\/\/agora.xtec.cat\/iesmaremar\/wp-content\/uploads\/usu1710\/2024\/04\/gencat-300x96.png 300w\" sizes=\"auto, (max-width: 125px) 100vw, 125px\" \/><\/a><\/p>\n","protected":false},"excerpt":{"rendered":"<p>Av\u00eds: canvis en els cicles d&#8217;FP per al curs 2024-2025<\/p>\n<ul>\n<li>S&#8217;introdueixen nous m\u00f2duls per millorar la compet\u00e8ncia en els \u00e0mbits de la sostenibilitat i la digitalitzaci\u00f3.<\/li>\n<li>L&#8217;estada en un centre de treball \u00e9s de 515 hores per als cicles de grau mitj\u00e0 i superior, i de 416&hellip;  <a href=\"https:\/\/agora.xtec.cat\/iesmaremar\/cfgm-cures-auxiliars-dinfermeria\/\" title=\"Read CFGM \u2013 Cures Auxiliars d\u2019Infermeria\">Llegeix m\u00e9s\u00bb<\/a><br \/>\n","protected":false},"author":1,"featured_media":0,"parent":0,"menu_order":0,"comment_status":"closed","ping_status":"closed","template":"","meta":{"_bbp_topic_count":0,"_bbp_reply_count":0,"_bbp_total_topic_count":0,"_bbp_total_reply_count":0,"_bbp_voice_count":0,"_bbp_anonymous_reply_count":0,"_bbp_topic_count_hidden":0,"_bbp_reply_count_hidden":0,"_bbp_forum_subforum_count":0,"footnotes":""},"class_list":["post-8251","page","type-page","status-publish","hentry"],"post_mailing_queue_ids":[],"_links":{"self":[{"href":"https:\/\/agora.xtec.cat\/iesmaremar\/wp-json\/wp\/v2\/pages\/8251","targetHints":{"allow":["GET"]}}],"collection":[{"href":"https:\/\/agora.xtec.cat\/iesmaremar\/wp-json\/wp\/v2\/pages"}],"about":[{"href":"https:\/\/agora.xtec.cat\/iesmaremar\/wp-json\/wp\/v2\/types\/page"}],"author":[{"embeddable":true,"href":"https:\/\/agora.xtec.cat\/iesmaremar\/wp-json\/wp\/v2\/users\/1"}],"replies":[{"embeddable":true,"href":"https:\/\/agora.xtec.cat\/iesmaremar\/wp-json\/wp\/v2\/comments?post=8251"}],"version-history":[{"count":2,"href":"https:\/\/agora.xtec.cat\/iesmaremar\/wp-json\/wp\/v2\/pages\/8251\/revisions"}],"predecessor-version":[{"id":8931,"href":"https:\/\/agora.xtec.cat\/iesmaremar\/wp-json\/wp\/v2\/pages\/8251\/revisions\/8931"}],"wp:attachment":[{"href":"https:\/\/agora.xtec.cat\/iesmaremar\/wp-json\/wp\/v2\/media?parent=8251"}],"curies":[{"name":"wp","href":"https:\/\/api.w.org\/{rel}","templated":true}]}}