{"id":8247,"date":"2023-11-07T20:54:36","date_gmt":"2023-11-07T19:54:36","guid":{"rendered":"https:\/\/agora.xtec.cat\/iesmaremar\/?page_id=8247"},"modified":"2024-05-28T12:33:57","modified_gmt":"2024-05-28T10:33:57","slug":"cfgs-ei","status":"publish","type":"page","link":"https:\/\/agora.xtec.cat\/iesmaremar\/cfgs-ei\/","title":{"rendered":"CFGS \u2013 Educaci\u00f3 Infantil (EI)"},"content":{"rendered":"<p><span style=\"color: #ff0000;\"><strong>Av\u00eds: canvis en els cicles d&#8217;FP per al curs 2024-2025<\/strong><\/span><\/p>\n<ul>\n<li><span style=\"color: #ff0000;\">S&#8217;introdueixen nous m\u00f2duls per millorar la compet\u00e8ncia en els \u00e0mbits de la sostenibilitat i la digitalitzaci\u00f3.<\/span><\/li>\n<li><span style=\"color: #ff0000;\">L&#8217;estada en un centre de treball \u00e9s de 515 hores per als cicles de grau mitj\u00e0 i superior, i de 416 hores per als de grau b\u00e0sic.<\/span><\/li>\n<li><span style=\"color: #ff0000;\">Es modifiquen les vies d&#8217;acc\u00e9s.<\/span><\/li>\n<\/ul>\n<p><span style=\"color: #ff0000;\">Aviat actualitzarem aquesta informaci\u00f3 per a cadascun dels cicles.<\/span><\/p>\n<p>Aquests estudis postobligatoris capaciten dissenyar, posar en marxa i avaluar projectes i programes educatius d&#8217;atenci\u00f3 a la inf\u00e0ncia en el primer cicle d&#8217;educaci\u00f3 infantil en l&#8217;\u00e0mbit formal, d&#8217;acord amb la proposta pedag\u00f2gica elaborada per un mestre o mestra.<\/p>\n<p><strong>FAM\u00cdLIA PROFESSIONAL:<\/strong> Serveis socioculturals i a la comunitat<br \/>\n<strong>DURADA:<\/strong> Dos cursos de 2.000 h (1.551 al centre i 449 de formaci\u00f3 en centres de treball)<br \/>\n<strong>HORARI:<\/strong> Tarda de 14:40 a 21:00 h.<br \/>\n<strong>PREU (<\/strong>Dos pagaments a cada curs):<br \/>\n<span style=\"color: #00ccff;\"><a style=\"color: #00ccff;\" href=\"https:\/\/educacio.gencat.cat\/ca\/departament\/normativa\/taxes-preus-publics\/preu-public\/index.html\">&#8211; Taxa<\/a> <\/span>(Matr\u00edcula dels cicles de grau superior de formaci\u00f3 professional (LOE) impartits en els centres dependents del Departament d&#8217;Ensenyament).<br \/>\n\u2022 per curs: 360 euros<br \/>\n\u2022 per unitat formativa: 25 euros<br \/>\n\u2022 m\u00f2dul de formaci\u00f3 en centres de treball (FCT): 25 euros<br \/>\n&#8211; Matr\u00edcula del centre (material i AFA): preu a determinar per cada any<\/p>\n<h3>A QUI S&#8217;ADRE\u00c7A:<\/h3>\n<p>Alumnat interessat pel m\u00f3n de l&#8217;educaci\u00f3 infantil tant formal com no formal.<\/p>\n<h3>SORTIDES PROFESSIONALS:<\/h3>\n<ul>\n<li>Sector de la doc\u00e8ncia: etapa d&#8217;educaci\u00f3 infantil<\/li>\n<li>Sector de l&#8217;educaci\u00f3 no formal: activitats recreatives de lleure&#8230;<\/li>\n<li>Sector d&#8217;assist\u00e8ncia social<\/li>\n<\/ul>\n<h3>CONTINGUTS CURRICULARS:<\/h3>\n<ul>\n<li>Did\u00e0ctica de l&#8217;educaci\u00f3 infantil<\/li>\n<li>Autonomia personal i salut infantil<\/li>\n<li>El joc infantil i la seva metodologia<\/li>\n<li>Expressi\u00f3 i comunicaci\u00f3<\/li>\n<li>Desenvolupament cognitiu i motriu<\/li>\n<li>Desenvolupament socioafectiu<\/li>\n<li>Habilitats socials<\/li>\n<li>Intervenci\u00f3 amb fam\u00edlies i atenci\u00f3 en menors<\/li>\n<li>Primers auxilis<\/li>\n<li>Formaci\u00f3 i orientaci\u00f3 laboral<\/li>\n<li>Empresa i iniciativa emprenedora<\/li>\n<li>Projecte d&#8217;atenci\u00f3 a la inf\u00e0ncia<\/li>\n<li>Formaci\u00f3 en centres de treball<\/li>\n<\/ul>\n<p><a href=\"https:\/\/triaeducativa.gencat.cat\/ca\/estudis?educacio-infantil&amp;p_id=200\"><span style=\"color: #00ccff;\">M\u00e9s informaci\u00f3 a:<\/span> <img loading=\"lazy\" decoding=\"async\" class=\"wp-image-8913 alignnone\" src=\"https:\/\/agora.xtec.cat\/iesmaremar\/wp-content\/uploads\/usu1710\/2024\/04\/gencat.png\" alt=\"\" width=\"125\" height=\"40\" srcset=\"https:\/\/agora.xtec.cat\/iesmaremar\/wp-content\/uploads\/usu1710\/2024\/04\/gencat.png 396w, https:\/\/agora.xtec.cat\/iesmaremar\/wp-content\/uploads\/usu1710\/2024\/04\/gencat-300x96.png 300w\" sizes=\"auto, (max-width: 125px) 100vw, 125px\" \/><\/a><\/p>\n","protected":false},"excerpt":{"rendered":"<p>Av\u00eds: canvis en els cicles d&#8217;FP per al curs 2024-2025<\/p>\n<ul>\n<li>S&#8217;introdueixen nous m\u00f2duls per millorar la compet\u00e8ncia en els \u00e0mbits de la sostenibilitat i la digitalitzaci\u00f3.<\/li>\n<li>L&#8217;estada en un centre de treball \u00e9s de 515 hores per als cicles de grau mitj\u00e0 i superior, i de 416&hellip;  <a href=\"https:\/\/agora.xtec.cat\/iesmaremar\/cfgs-ei\/\" title=\"Read CFGS \u2013 Educaci\u00f3 Infantil (EI)\">Llegeix m\u00e9s\u00bb<\/a><br \/>\n","protected":false},"author":1,"featured_media":0,"parent":0,"menu_order":0,"comment_status":"closed","ping_status":"closed","template":"","meta":{"_bbp_topic_count":0,"_bbp_reply_count":0,"_bbp_total_topic_count":0,"_bbp_total_reply_count":0,"_bbp_voice_count":0,"_bbp_anonymous_reply_count":0,"_bbp_topic_count_hidden":0,"_bbp_reply_count_hidden":0,"_bbp_forum_subforum_count":0,"footnotes":""},"class_list":["post-8247","page","type-page","status-publish","hentry"],"post_mailing_queue_ids":[],"_links":{"self":[{"href":"https:\/\/agora.xtec.cat\/iesmaremar\/wp-json\/wp\/v2\/pages\/8247","targetHints":{"allow":["GET"]}}],"collection":[{"href":"https:\/\/agora.xtec.cat\/iesmaremar\/wp-json\/wp\/v2\/pages"}],"about":[{"href":"https:\/\/agora.xtec.cat\/iesmaremar\/wp-json\/wp\/v2\/types\/page"}],"author":[{"embeddable":true,"href":"https:\/\/agora.xtec.cat\/iesmaremar\/wp-json\/wp\/v2\/users\/1"}],"replies":[{"embeddable":true,"href":"https:\/\/agora.xtec.cat\/iesmaremar\/wp-json\/wp\/v2\/comments?post=8247"}],"version-history":[{"count":2,"href":"https:\/\/agora.xtec.cat\/iesmaremar\/wp-json\/wp\/v2\/pages\/8247\/revisions"}],"predecessor-version":[{"id":8926,"href":"https:\/\/agora.xtec.cat\/iesmaremar\/wp-json\/wp\/v2\/pages\/8247\/revisions\/8926"}],"wp:attachment":[{"href":"https:\/\/agora.xtec.cat\/iesmaremar\/wp-json\/wp\/v2\/media?parent=8247"}],"curies":[{"name":"wp","href":"https:\/\/api.w.org\/{rel}","templated":true}]}}