{"id":8219,"date":"2023-11-01T20:13:20","date_gmt":"2023-11-01T19:13:20","guid":{"rendered":"https:\/\/agora.xtec.cat\/iesmaremar\/?page_id=8219"},"modified":"2024-05-16T12:17:18","modified_gmt":"2024-05-16T10:17:18","slug":"cfgm-apd","status":"publish","type":"page","link":"https:\/\/agora.xtec.cat\/iesmaremar\/cicles-de-grau-mitja\/cfgm-apd\/","title":{"rendered":"CFGM &#8211; Atenci\u00f3 a persones en situaci\u00f3 de depend\u00e8ncia (APD)"},"content":{"rendered":"<p><span style=\"color: #ff0000;\"><strong>Av\u00eds: canvis en els cicles d&#8217;FP per al curs 2024-2025<\/strong><\/span><\/p>\n<ul>\n<li><span style=\"color: #ff0000;\">S&#8217;introdueixen nous m\u00f2duls per millorar la compet\u00e8ncia en els \u00e0mbits de la sostenibilitat i la digitalitzaci\u00f3.<\/span><\/li>\n<li><span style=\"color: #ff0000;\">L&#8217;estada en un centre de treball \u00e9s de 515 hores per als cicles de grau mitj\u00e0 i superior, i de 416 hores per als de grau b\u00e0sic.<\/span><\/li>\n<li><span style=\"color: #ff0000;\">Es modifiquen les vies d&#8217;acc\u00e9s.<\/span><\/li>\n<\/ul>\n<p><span style=\"color: #ff0000;\">Aviat actualitzarem aquesta informaci\u00f3 per a cadascun dels cicles.<\/span><\/p>\n<p>Aquests estudis capaciten per atendre les persones en situaci\u00f3 de depend\u00e8ncia, en l&#8217;\u00e0mbit domiciliari i institucional, a fi de mantenir i millorar la seva qualitat de vida, fent activitats assistencials, no sanit\u00e0ries, psicosocials i de suport a la gesti\u00f3 dom\u00e8stica, i aplicant mesures i normes de prevenci\u00f3 i seguretat i derivant-les a altres serveis quan calgui.<\/p>\n<p><strong>FAM\u00cdLIA PROFESSIONAL:<\/strong> Serveis socioculturals i a la comunitat<br \/>\n<strong>DURADA:<\/strong> Dos cursos de 2.000 h (1.551 al centre i 449 de formaci\u00f3 en centres de treball)<br \/>\n<strong>HORARI:<\/strong> Tarda de 14:40 a 21:00 h.<br \/>\n<strong>PREU: <\/strong>Matr\u00edcula del centre (material i AFA): preu a determinar per cada any<\/p>\n<h3>A QUI S\u2019ADRE\u00c7A:<\/h3>\n<p style=\"text-align: justify;\">Alumnat interessat per la cura de persones grans, persones amb discapacitat f\u00edsica, ps\u00edquica o sensorial en les diferents institucions.<\/p>\n<h3>SORTIDES PROFESSIONALS:<\/h3>\n<p style=\"text-align: justify;\">En centres residencials, pisos tutelats, centres de dia, centres de rehabilitaci\u00f3, centres d&#8217;oci i temps de lleure, centres d&#8217;inserci\u00f3 ocupacional de persones amb discapacitat o gent gran, serveis d\u2019atenci\u00f3 a domicili, domicilis particulars.<\/p>\n<h3>CONTINGUTS CURRICULARS:<\/h3>\n<div class=\"section section--bg section--bg-6\">\n<ul>\n<li>Organitzaci\u00f3 de l&#8217;atenci\u00f3 a les persones en situaci\u00f3 de depend\u00e8ncia.<\/li>\n<li>Atenci\u00f3 sanit\u00e0ria.<\/li>\n<li>Atenci\u00f3 higi\u00e8nica.<\/li>\n<li>Atenci\u00f3 i suport psicosocial.<\/li>\n<li>Caracter\u00edstiques i necessitats de les persones en situaci\u00f3 de depend\u00e8ncia.<\/li>\n<li>Teleassist\u00e8ncia.<\/li>\n<li>Suport domiciliari.<\/li>\n<li>Suport en la comunicaci\u00f3.<\/li>\n<li>Destreses socials.<\/li>\n<li>Primers auxilis.<\/li>\n<li>Formaci\u00f3 i orientaci\u00f3 laboral.<\/li>\n<li>Empresa i iniciativa emprenedora.<\/li>\n<li>Angl\u00e8s t\u00e8cnic.<\/li>\n<li>S\u00edntesi.<\/li>\n<li>Formaci\u00f3 en centres de treball.<\/li>\n<\/ul>\n<p><a href=\"https:\/\/triaeducativa.gencat.cat\/ca\/estudis\/?atencio-persones-situacio-dependencia&amp;p_id=1570\"><span style=\"color: #00ccff;\">M\u00e9s informaci\u00f3 a:<\/span> <img loading=\"lazy\" decoding=\"async\" class=\"wp-image-8913 alignnone\" src=\"https:\/\/agora.xtec.cat\/iesmaremar\/wp-content\/uploads\/usu1710\/2024\/04\/gencat.png\" alt=\"\" width=\"125\" height=\"40\" srcset=\"https:\/\/agora.xtec.cat\/iesmaremar\/wp-content\/uploads\/usu1710\/2024\/04\/gencat.png 396w, https:\/\/agora.xtec.cat\/iesmaremar\/wp-content\/uploads\/usu1710\/2024\/04\/gencat-300x96.png 300w\" sizes=\"auto, (max-width: 125px) 100vw, 125px\" \/><\/a><\/p>\n<\/div>\n","protected":false},"excerpt":{"rendered":"<p>Av\u00eds: canvis en els cicles d&#8217;FP per al curs 2024-2025<\/p>\n<ul>\n<li>S&#8217;introdueixen nous m\u00f2duls per millorar la compet\u00e8ncia en els \u00e0mbits de la sostenibilitat i la digitalitzaci\u00f3.<\/li>\n<li>L&#8217;estada en un centre de treball \u00e9s de 515 hores per als cicles de grau mitj\u00e0 i superior, i de 416&hellip;  <a href=\"https:\/\/agora.xtec.cat\/iesmaremar\/cicles-de-grau-mitja\/cfgm-apd\/\" title=\"Read CFGM &#8211; Atenci\u00f3 a persones en situaci\u00f3 de depend\u00e8ncia (APD)\">Llegeix m\u00e9s\u00bb<\/a><br \/>\n","protected":false},"author":1,"featured_media":0,"parent":4014,"menu_order":0,"comment_status":"closed","ping_status":"closed","template":"","meta":{"_bbp_topic_count":0,"_bbp_reply_count":0,"_bbp_total_topic_count":0,"_bbp_total_reply_count":0,"_bbp_voice_count":0,"_bbp_anonymous_reply_count":0,"_bbp_topic_count_hidden":0,"_bbp_reply_count_hidden":0,"_bbp_forum_subforum_count":0,"footnotes":""},"class_list":["post-8219","page","type-page","status-publish","hentry"],"post_mailing_queue_ids":[],"_links":{"self":[{"href":"https:\/\/agora.xtec.cat\/iesmaremar\/wp-json\/wp\/v2\/pages\/8219","targetHints":{"allow":["GET"]}}],"collection":[{"href":"https:\/\/agora.xtec.cat\/iesmaremar\/wp-json\/wp\/v2\/pages"}],"about":[{"href":"https:\/\/agora.xtec.cat\/iesmaremar\/wp-json\/wp\/v2\/types\/page"}],"author":[{"embeddable":true,"href":"https:\/\/agora.xtec.cat\/iesmaremar\/wp-json\/wp\/v2\/users\/1"}],"replies":[{"embeddable":true,"href":"https:\/\/agora.xtec.cat\/iesmaremar\/wp-json\/wp\/v2\/comments?post=8219"}],"version-history":[{"count":2,"href":"https:\/\/agora.xtec.cat\/iesmaremar\/wp-json\/wp\/v2\/pages\/8219\/revisions"}],"predecessor-version":[{"id":8928,"href":"https:\/\/agora.xtec.cat\/iesmaremar\/wp-json\/wp\/v2\/pages\/8219\/revisions\/8928"}],"up":[{"embeddable":true,"href":"https:\/\/agora.xtec.cat\/iesmaremar\/wp-json\/wp\/v2\/pages\/4014"}],"wp:attachment":[{"href":"https:\/\/agora.xtec.cat\/iesmaremar\/wp-json\/wp\/v2\/media?parent=8219"}],"curies":[{"name":"wp","href":"https:\/\/api.w.org\/{rel}","templated":true}]}}