{"id":81,"date":"2014-09-18T10:38:05","date_gmt":"2014-09-18T10:38:05","guid":{"rendered":"http:\/\/agora.xtec.cat\/iesmaremar\/?page_id=81"},"modified":"2025-03-19T13:11:43","modified_gmt":"2025-03-19T12:11:43","slug":"secretaria","status":"publish","type":"page","link":"https:\/\/agora.xtec.cat\/iesmaremar\/secretaria\/","title":{"rendered":"Secretaria"},"content":{"rendered":"<div class=\"FW_sInfoCanal\" style=\"text-align: left;\">\n<table class=\" aligncenter\" style=\"height: 430px; width: 100%; border-collapse: collapse; border-style: solid; border-color: #ffffff;\">\n<tbody>\n<tr style=\"height: 350px;\">\n<td style=\"width: 33.3333%; height: 130px; border-style: hidden; text-align: left; vertical-align: top;\"><a href=\"https:\/\/agora.xtec.cat\/iesmaremar\/secretaria\/tramits\/\"><img loading=\"lazy\" decoding=\"async\" class=\"aligncenter wp-image-9887\" src=\"https:\/\/agora.xtec.cat\/iesmaremar\/wp-content\/uploads\/usu1710\/2025\/03\/TRAMITS.png\" alt=\"\" width=\"295\" height=\"221\" srcset=\"https:\/\/agora.xtec.cat\/iesmaremar\/wp-content\/uploads\/usu1710\/2025\/03\/TRAMITS.png 862w, https:\/\/agora.xtec.cat\/iesmaremar\/wp-content\/uploads\/usu1710\/2025\/03\/TRAMITS-300x224.png 300w, https:\/\/agora.xtec.cat\/iesmaremar\/wp-content\/uploads\/usu1710\/2025\/03\/TRAMITS-768x575.png 768w, https:\/\/agora.xtec.cat\/iesmaremar\/wp-content\/uploads\/usu1710\/2025\/03\/TRAMITS-200x150.png 200w\" sizes=\"auto, (max-width: 295px) 100vw, 295px\" \/><\/a><\/td>\n<td style=\"width: 33.3333%; height: 130px; border-style: hidden; text-align: left; vertical-align: top;\"><a href=\"https:\/\/agora.xtec.cat\/iesmaremar\/secretaria\/horaris-i-contacte\/\"><img loading=\"lazy\" decoding=\"async\" class=\"aligncenter wp-image-9889\" src=\"https:\/\/agora.xtec.cat\/iesmaremar\/wp-content\/uploads\/usu1710\/2025\/03\/QUAN-HI-SOM.png\" alt=\"\" width=\"300\" height=\"249\" \/><\/a><\/td>\n<td style=\"width: 33.3333%; height: 130px; border-style: hidden; text-align: left; vertical-align: top;\"><a href=\"https:\/\/agora.xtec.cat\/iesmaremar\/secretaria\/tramits\/\"><img loading=\"lazy\" decoding=\"async\" class=\"aligncenter wp-image-9913\" src=\"https:\/\/agora.xtec.cat\/iesmaremar\/wp-content\/uploads\/usu1710\/2025\/03\/documents12.03.png\" alt=\"\" width=\"291\" height=\"246\" srcset=\"https:\/\/agora.xtec.cat\/iesmaremar\/wp-content\/uploads\/usu1710\/2025\/03\/documents12.03.png 439w, https:\/\/agora.xtec.cat\/iesmaremar\/wp-content\/uploads\/usu1710\/2025\/03\/documents12.03-300x253.png 300w\" sizes=\"auto, (max-width: 291px) 100vw, 291px\" \/><\/a><\/td>\n<\/tr>\n<tr style=\"height: 8px;\">\n<td style=\"width: 99.9999%; height: 10px; border-style: hidden; background-color: #ffffff; text-align: left; vertical-align: top;\" colspan=\"3\"><img loading=\"lazy\" decoding=\"async\" class=\"aligncenter wp-image-9911\" src=\"https:\/\/agora.xtec.cat\/iesmaremar\/wp-content\/uploads\/usu1710\/2025\/03\/SECRETARIA-1.png\" alt=\"\" width=\"580\" height=\"154\" srcset=\"https:\/\/agora.xtec.cat\/iesmaremar\/wp-content\/uploads\/usu1710\/2025\/03\/SECRETARIA-1.png 1014w, https:\/\/agora.xtec.cat\/iesmaremar\/wp-content\/uploads\/usu1710\/2025\/03\/SECRETARIA-1-300x80.png 300w, https:\/\/agora.xtec.cat\/iesmaremar\/wp-content\/uploads\/usu1710\/2025\/03\/SECRETARIA-1-768x204.png 768w\" sizes=\"auto, (max-width: 580px) 100vw, 580px\" \/><\/td>\n<\/tr>\n<tr style=\"height: 290px;\">\n<td style=\"width: 33.3333%; height: 290px; border-style: hidden; text-align: left; vertical-align: top;\"><a href=\"https:\/\/agora.xtec.cat\/iesmaremar\/secretaria\/professorat\/\"><img loading=\"lazy\" decoding=\"async\" class=\"aligncenter size-full wp-image-9910\" src=\"https:\/\/agora.xtec.cat\/iesmaremar\/wp-content\/uploads\/usu1710\/2025\/03\/PROFESSORAT-1.png\" alt=\"\" width=\"780\" height=\"657\" srcset=\"https:\/\/agora.xtec.cat\/iesmaremar\/wp-content\/uploads\/usu1710\/2025\/03\/PROFESSORAT-1.png 780w, https:\/\/agora.xtec.cat\/iesmaremar\/wp-content\/uploads\/usu1710\/2025\/03\/PROFESSORAT-1-300x253.png 300w, https:\/\/agora.xtec.cat\/iesmaremar\/wp-content\/uploads\/usu1710\/2025\/03\/PROFESSORAT-1-768x647.png 768w\" sizes=\"auto, (max-width: 780px) 100vw, 780px\" \/><\/a><\/td>\n<td style=\"width: 33.3333%; height: 290px; border-style: hidden; text-align: left; vertical-align: top;\"><a href=\"https:\/\/agora.xtec.cat\/iesmaremar\/secretaria\/preinscripcio\/\"><img loading=\"lazy\" decoding=\"async\" class=\"aligncenter size-full wp-image-9912\" src=\"https:\/\/agora.xtec.cat\/iesmaremar\/wp-content\/uploads\/usu1710\/2025\/03\/Preinscripcio-matricula.png\" alt=\"\" width=\"854\" height=\"672\" srcset=\"https:\/\/agora.xtec.cat\/iesmaremar\/wp-content\/uploads\/usu1710\/2025\/03\/Preinscripcio-matricula.png 854w, https:\/\/agora.xtec.cat\/iesmaremar\/wp-content\/uploads\/usu1710\/2025\/03\/Preinscripcio-matricula-300x236.png 300w, https:\/\/agora.xtec.cat\/iesmaremar\/wp-content\/uploads\/usu1710\/2025\/03\/Preinscripcio-matricula-768x604.png 768w\" sizes=\"auto, (max-width: 854px) 100vw, 854px\" \/><\/a><\/td>\n<td style=\"width: 33.3333%; height: 290px; border-style: hidden; text-align: left; vertical-align: top;\"><a href=\"https:\/\/agora.xtec.cat\/iesmaremar\/secretaria\/admissio-fora-del-proces-de-preinscripcio\/\"><img loading=\"lazy\" decoding=\"async\" class=\"aligncenter wp-image-9909\" src=\"https:\/\/agora.xtec.cat\/iesmaremar\/wp-content\/uploads\/usu1710\/2025\/03\/admissio.png\" alt=\"\" width=\"351\" height=\"311\" srcset=\"https:\/\/agora.xtec.cat\/iesmaremar\/wp-content\/uploads\/usu1710\/2025\/03\/admissio.png 758w, https:\/\/agora.xtec.cat\/iesmaremar\/wp-content\/uploads\/usu1710\/2025\/03\/admissio-300x266.png 300w\" sizes=\"auto, (max-width: 351px) 100vw, 351px\" \/><\/a><\/td>\n<\/tr>\n<\/tbody>\n<\/table>\n<h4><\/h4>\n<p>&nbsp;<\/p>\n<h4><\/h4>\n<h4><\/h4>\n<h4><\/h4>\n<h4><\/h4>\n<\/div>\n<h4><\/h4>\n<p>&nbsp;<\/p>\n<div class=\"FW_sInfoCanal\" style=\"text-align: left;\">\n<h4><\/h4>\n<h4><\/h4>\n<h4><\/h4>\n<h4><\/h4>\n<h4><\/h4>\n<h4><\/h4>\n<\/div>\n<h4><\/h4>\n<p>&nbsp;<\/p>\n<p>&nbsp;<\/p>\n<div class=\"FW_sInfoCanal\" style=\"text-align: left;\">\n<h4><\/h4>\n<\/div>\n<h4><\/h4>\n<p>&nbsp;<\/p>\n<p>&nbsp;<\/p>\n<p>&nbsp;<\/p>\n<p>&nbsp;<\/p>\n<p>&nbsp;<\/p>\n<p>&nbsp;<\/p>\n<p>&nbsp;<\/p>\n<p>&nbsp;<\/p>\n<p>&nbsp;<\/p>\n<p>&nbsp;<\/p>\n<p>&nbsp;<\/p>\n<p>&nbsp;<\/p>\n<div class=\"FW_sInfoCanal\" style=\"text-align: left;\">\n<h4><\/h4>\n<h4 class=\"enter-effect enter-effect--1 text-left\" style=\"text-align: justify;\"><span style=\"color: #666666; font-family: Arial, sans-serif; font-size: medium; text-align: justify; font-weight: normal;\">G<\/span><span style=\"color: #666666; font-family: Arial, sans-serif; font-size: medium; text-align: justify; font-weight: normal;\">estionem els tr\u00e0mits acad\u00e8mics administratius que sol\u00b7licitis: certificats acad\u00e8mics, tramitaci\u00f3 i recollida de t\u00edtols, preinscripci\u00f3, matr\u00edcula, etc.<\/span><\/h4>\n<p style=\"text-align: justify;\"><span style=\"color: #333333;\">Recomanem que, en primer lloc, es consulti la p\u00e0gina web en qu\u00e8 es podr\u00e0 trobar tota la informaci\u00f3, s\u00ed, tot i aix\u00f2, consideres que la teva consulta necessita un altre tipus de resposta, ens pots trucar o enviar un correu electr\u00f2nic. Cal tindre en compte que no ser\u00e0 una resposta immediata.<\/span><\/p>\n<div class=\"enter-effect enter-effect--2\">\n<p style=\"text-align: justify;\"><span style=\"font-size: medium; font-family: Arial, sans-serif; color: #666666; text-align: justify;\">\u00c9s important que ens feu saber si hi ha canvis en les vostres dades personals perqu\u00e8 el canal de comunicaci\u00f3 amb nosaltres sigui \u00e0gil i efica\u00e7.<\/span><\/p>\n<header class=\"entry-header\">\n<div><\/div>\n<div><span style=\"color: #ff9900;\"><strong>L&#8217;HORARI de secretaria \u00e9s:<\/strong><\/span><\/div>\n<div><\/div>\n<ul>\n<li><strong>D\u2019octubre a maig<\/strong>: de d<strong>illuns a dijous de 9:30 h a 13:30 h.<\/strong><\/li>\n<li><strong>Juny, juliol i setembre: de d<\/strong><strong>illuns a dijous de 9:30\u202fh a 13:00\u202fh.<\/strong><\/li>\n<li><strong>Del 21 de juliol al 31 d\u2019agost: <\/strong><strong>TANCAT per vacances<\/strong><\/li>\n<\/ul>\n<p style=\"text-align: justify;\">Els\u00a0<strong>divendres<\/strong>\u00a0no hi haur\u00e0 atenci\u00f3 al p\u00fablic a causa del gran volum de feina. Podeu contactar amb secretaria mitjan\u00e7ant un correu electr\u00f2nic<\/p>\n<p style=\"text-align: justify;\">*Aquest horari pot ser modificat durant els terminis de preinscripci\u00f3 i matr\u00edcula per evitar esperes innecess\u00e0ries.<\/p>\n<\/header>\n<div class=\"entry-content\">\n<div><span style=\"color: #ff9900;\"><strong>CONTACTE<\/strong><\/span><\/div>\n<ul>\n<li style=\"list-style-type: none;\">\n<ul>\n<li>Tel\u00e8fon: 935 40 23 98<\/li>\n<li>e-mail:\u00a0<span id=\"cloak7a11fbb63a35cd3cc36738278ec8d5ca\">secretaria<span class=\"\">@<\/span>iesmaremar.net<\/span><\/li>\n<\/ul>\n<\/li>\n<\/ul>\n<\/div>\n<div><span style=\"color: #ff9900;\"><strong>TR\u00c0MITS<\/strong><\/span><\/div>\n<ul>\n<li style=\"list-style-type: none;\">\n<ul>\n<li style=\"list-style-type: none;\">\n<ul style=\"list-style-type: circle;\">\n<li><a href=\"https:\/\/drive.google.com\/file\/d\/11OZPJqoBeC_FDqoT1zcgRio0QEA-XKEV\/view?usp=sharing\">Autoritzaci\u00f3 d&#8217;\u00fas d&#8217;imatges d&#8217;alumnes menors de 14 anys.<\/a><\/li>\n<li><a href=\"https:\/\/agora.xtec.cat\/iesmaremar\/secretaria\/admissio-fora-del-proces-de-preinscripcio\/\">ADMISSI\u00d3 AL CENTRE fora del proc\u00e9s de preinscripci\u00f3.<\/a><\/li>\n<li><a title=\"Baixa de m\u00f2duls o unitats formatives\" href=\"https:\/\/agora.xtec.cat\/iesmaremar\/secretaria\/tramits\/baixa-de-moduls-o-unitats-formatives\/\">BAIXA: de m\u00f2duls o unitats formatives.<\/a><\/li>\n<li><a title=\"Baixa del centre\" href=\"https:\/\/agora.xtec.cat\/iesmaremar\/secretaria\/tramits\/sollicitud-de-baixa-del-centre\/\">BAIXA: del centre sol\u00b7licitud.<\/a><\/li>\n<li><a title=\"Beques\" href=\"https:\/\/agora.xtec.cat\/iesmaremar\/secretaria\/tramits\/beques\/\">BEQUES.<\/a><\/li>\n<li><a title=\"Certificats de matr\u00edcula, de qualificacions o altres\" href=\"https:\/\/agora.xtec.cat\/iesmaremar\/secretaria\/tramits\/certificats\/\">CERTIFICAT: de matr\u00edcula, de qualificacions o altres.<\/a><\/li>\n<li><a title=\"Certificat de catal\u00e0 nivell B2 i C1\" href=\"https:\/\/agora.xtec.cat\/iesmaremar\/secretaria\/tramits\/com-sol-licitar-el-certificat-nivell-catala-b-c\/\">CERTIFICAT: de catal\u00e0 nivell B2 i C1.<\/a><\/li>\n<li><a title=\"Convalidacions entre cicles\" href=\"https:\/\/agora.xtec.cat\/iesmaremar\/secretaria\/tramits\/convalidacions\/\">CONVALIDACI\u00d3: entre cicles.<\/a><\/li>\n<li><a title=\"Convalidacions m\u00fasica, dansa i educaci\u00f3.\" href=\"https:\/\/agora.xtec.cat\/iesmaremar\/secretaria\/tramits\/convalidacions-musica-dansa-i-educacio-fisica\/\">CONVALIDACI\u00d3: m\u00fasica, dansa i educaci\u00f3.<\/a><\/li>\n<li><a title=\"IDALU (RALC)\" href=\"https:\/\/agora.xtec.cat\/iesmaremar\/secretaria\/tramits\/que-es-idalu-ralc-com-saber-el-teu-numero-idalu\/\">IDALU (RALC) Identificador de l&#8217;alumne\/a.<\/a><\/li>\n<li><a href=\"https:\/\/web.gencat.cat\/ca\/tramits\/suport-tramitacio\/durant-la-tramitacio\/signatura-identificacio-digital\/idcat-mobil\/index.html\">IdCAT M\u00f2bil<\/a><\/li>\n<li><a href=\"https:\/\/drive.google.com\/file\/d\/1eerSlakuBoAPUO8mUxQGwWrlG1uFy7UL\/view?usp=sharing\">Justificaci\u00f3 de faltes d&#8217;assist\u00e8ncia puntuals.<\/a><\/li>\n<li><a href=\"https:\/\/agora.xtec.cat\/iesmaremar\/secretaria\/instruccions-de-matricula\/\"><span style=\"color: #ff9900;\"><strong>MATR\u00cdCULA 24-25.<\/strong><\/span><\/a><\/li>\n<li><a title=\"Tramitaci\u00f3 del t\u00edtol\" href=\"https:\/\/agora.xtec.cat\/iesmaremar\/secretaria\/tramits\/titols\/\">T\u00cdTOLS: Tramitaci\u00f3 del t\u00edtol.<\/a><\/li>\n<li><a title=\"Homologaci\u00f3 de t\u00edtols estrangers\" href=\"https:\/\/agora.xtec.cat\/iesmaremar\/secretaria\/tramits\/homologacions\/\">T\u00cdTOLS: Homologaci\u00f3 de t\u00edtols estrangers.<\/a><\/li>\n<li class=\"NG__breadcrumb_item\"><a href=\"https:\/\/mossos.gencat.cat\/ca\/detalls\/Tramit\/7864_-_Permis-de-viatge-a-lestranger-per-a-menors\">Perm\u00eds de viatge a l\u2019estranger per a menors.<\/a><\/li>\n<li><a href=\"https:\/\/agora.xtec.cat\/iesmaremar\/secretaria\/preinscripcio\/tpvescola-instruccions\/\">TPVEscola.<\/a><\/li>\n<\/ul>\n<\/li>\n<\/ul>\n<\/li>\n<\/ul>\n<\/div>\n<\/div>\n<div>Des del men\u00fa de navegaci\u00f3 podr\u00e0s accedir a la informaci\u00f3 relacionada amb l\u2019<a href=\"https:\/\/agora.xtec.cat\/iesmaremar\/secretaria\/horaris-i-contacte\/\"><span style=\"color: #0000ff; font-family: Arial, sans-serif; font-size: medium; text-align: justify; font-weight: normal;\">horari i m\u00e8todes d\u2019atenci\u00f3 directa<\/span><\/a>, la\u00a0<a href=\"https:\/\/agora.xtec.cat\/iesmaremar\/secretaria\/preinscripcio\/\"><span style=\"color: #0000ff; font-family: Arial, sans-serif; font-size: medium; text-align: justify; font-weight: normal;\">preinscripci\u00f3 i matr\u00edcula<\/span><\/a>, els\u00a0<a href=\"https:\/\/agora.xtec.cat\/iesmaremar\/secretaria\/tramits\/\"><span style=\"color: #0000ff; font-family: Arial, sans-serif; font-size: medium; text-align: justify; font-weight: normal;\">tr\u00e0mits m\u00e9s habituals.<\/span><\/a><\/div>\n<div>\n<hr \/>\n<\/div>\n<div><\/div>\n<div><span style=\"color: #ff9900;\"><strong>PROFESSORAT<\/strong><\/span><\/div>\n<div><\/div>\n<ul>\n<li style=\"list-style-type: none;\">\n<ul style=\"list-style-type: circle;\">\n<li><a href=\"https:\/\/forms.gle\/R4NBLkJKqaWb9Zyd8\">Formulari professorat<\/a><\/li>\n<li><a href=\"https:\/\/educacio.gencat.cat\/ca\/arees-actuacio\/professors\/altres\/carnet-docent\/\">Carnet docent<\/a><\/li>\n<li><a href=\"https:\/\/xtec.gencat.cat\/ca\/at_usuari\/gestio\/altausuari\/\">Alta usuari xtec<\/a><\/li>\n<\/ul>\n<\/li>\n<\/ul>\n","protected":false},"excerpt":{"rendered":"<p><a href=\"https:\/\/agora.xtec.cat\/iesmaremar\/secretaria\/tramits\/\"><\/a><br \/>\n<a href=\"https:\/\/agora.xtec.cat\/iesmaremar\/secretaria\/horaris-i-contacte\/\"><\/a><br \/>\n<a href=\"https:\/\/agora.xtec.cat\/iesmaremar\/secretaria\/tramits\/\"><\/a><\/p>\n<p><a href=\"https:\/\/agora.xtec.cat\/iesmaremar\/secretaria\/professorat\/\"><\/a><br \/>\n<a href=\"https:\/\/agora.xtec.cat\/iesmaremar\/secretaria\/preinscripcio\/\"><\/a><br \/>\n<a href=\"https:\/\/agora.xtec.cat\/iesmaremar\/secretaria\/admissio-fora-del-proces-de-preinscripcio\/\"><\/a><\/p>\n<p>&nbsp;<\/p>\n<p>&nbsp;<\/p>\n<p>&nbsp;<br \/>\n&nbsp;<\/p>\n<p>&nbsp;<br \/>\n&nbsp;<br \/>\n&nbsp;<br \/>\n&nbsp;<br \/>\n&nbsp;<br \/>\n&nbsp;<br \/>\n&nbsp;<br \/>\n&nbsp;<br \/>\n&nbsp;<br \/>\n&nbsp;<br \/>\n&nbsp;<br \/>\n&nbsp;<\/p>\n<p>Gestionem els tr\u00e0mits acad\u00e8mics administratius que sol\u00b7licitis: certificats acad\u00e8mics, tramitaci\u00f3 i recollida de t\u00edtols, preinscripci\u00f3, matr\u00edcula, etc.<br \/>\nRecomanem que, en primer lloc, es consulti la p\u00e0gina web en qu\u00e8 es podr\u00e0 trobar tota la informaci\u00f3, s\u00ed, tot i aix\u00f2, consideres&hellip;  <a href=\"https:\/\/agora.xtec.cat\/iesmaremar\/secretaria\/\" title=\"Read Secretaria\">Llegeix m\u00e9s\u00bb<\/a><\/p>\n","protected":false},"author":1,"featured_media":0,"parent":0,"menu_order":3,"comment_status":"closed","ping_status":"closed","template":"page-templates\/side-menu.php","meta":{"_bbp_topic_count":0,"_bbp_reply_count":0,"_bbp_total_topic_count":0,"_bbp_total_reply_count":0,"_bbp_voice_count":0,"_bbp_anonymous_reply_count":0,"_bbp_topic_count_hidden":0,"_bbp_reply_count_hidden":0,"_bbp_forum_subforum_count":0,"footnotes":""},"class_list":["post-81","page","type-page","status-publish","hentry"],"post_mailing_queue_ids":[],"_links":{"self":[{"href":"https:\/\/agora.xtec.cat\/iesmaremar\/wp-json\/wp\/v2\/pages\/81","targetHints":{"allow":["GET"]}}],"collection":[{"href":"https:\/\/agora.xtec.cat\/iesmaremar\/wp-json\/wp\/v2\/pages"}],"about":[{"href":"https:\/\/agora.xtec.cat\/iesmaremar\/wp-json\/wp\/v2\/types\/page"}],"author":[{"embeddable":true,"href":"https:\/\/agora.xtec.cat\/iesmaremar\/wp-json\/wp\/v2\/users\/1"}],"replies":[{"embeddable":true,"href":"https:\/\/agora.xtec.cat\/iesmaremar\/wp-json\/wp\/v2\/comments?post=81"}],"version-history":[{"count":10,"href":"https:\/\/agora.xtec.cat\/iesmaremar\/wp-json\/wp\/v2\/pages\/81\/revisions"}],"predecessor-version":[{"id":10073,"href":"https:\/\/agora.xtec.cat\/iesmaremar\/wp-json\/wp\/v2\/pages\/81\/revisions\/10073"}],"wp:attachment":[{"href":"https:\/\/agora.xtec.cat\/iesmaremar\/wp-json\/wp\/v2\/media?parent=81"}],"curies":[{"name":"wp","href":"https:\/\/api.w.org\/{rel}","templated":true}]}}