{"id":8002,"date":"2023-09-19T10:08:07","date_gmt":"2023-09-19T08:08:07","guid":{"rendered":"https:\/\/agora.xtec.cat\/iesmaremar\/?page_id=8002"},"modified":"2025-03-31T09:01:21","modified_gmt":"2025-03-31T07:01:21","slug":"baixa-de-moduls-o-unitats-formatives","status":"publish","type":"page","link":"https:\/\/agora.xtec.cat\/iesmaremar\/secretaria\/tramits\/baixa-de-moduls-o-unitats-formatives\/","title":{"rendered":"Baixa de m\u00f2duls o unitats formatives"},"content":{"rendered":"<p><strong style=\"font-family: inherit; font-size: 1em;\">Ren\u00fancia de la matr\u00edcula de m\u00f2duls i\/o unitats formatives dels cicles formatius<\/strong><\/p>\n<p><span style=\"font-family: inherit; font-size: 1em;\">L\u2019alumne, o qui en tingui la p\u00e0tria potestat si \u00e9s menor, pot sol\u00b7licitar, per qualsevol de les causes que s\u2019indiquen a continuaci\u00f3, la ren\u00fancia total o parcial a la matr\u00edcula de determinats m\u00f2duls i\/o unitats formatives del cicle formatiu, per escrit i per una sola vegada, al director del centre.<\/span><\/p>\n<div class=\"wpb_column vc_column_container vc_col-sm-4\">\n<div class=\"vc_column-inner\">\n<div class=\"wpb_wrapper\">\n<div class=\"vc_empty_space\"><\/div>\n<div class=\"wpb_text_column wpb_content_element \">\n<div class=\"wpb_wrapper\">\n<p><strong>Sol\u00b7licitud<\/strong><\/p>\n<p><a href=\"https:\/\/drive.google.com\/file\/d\/1ewsJ8UowuaSFAZRkRYr44YjAFdomOche\/view?usp=sharing\" target=\"_blank\" rel=\"noopener\"><img loading=\"lazy\" decoding=\"async\" class=\"alignnone\" src=\"https:\/\/www.insalexandregali.cat\/wp-content\/plugins\/img-documents\/img\/pdf.png\" alt=\"\" width=\"48\" height=\"48\" \/><\/a>\u00a0<a href=\"https:\/\/drive.google.com\/file\/d\/1ewsJ8UowuaSFAZRkRYr44YjAFdomOche\/view?usp=sharing\">Sol\u00b7licitud de ren\u00fancia de la matr\u00edcula de m\u00f2duls i\/o unitats formatives<\/a><\/p>\n<p>&nbsp;<\/p>\n<\/div>\n<\/div>\n<\/div>\n<\/div>\n<\/div>\n<div class=\"wpb_column vc_column_container vc_col-sm-4\">\n<div class=\"vc_column-inner\">\n<div class=\"wpb_wrapper\">\n<div class=\"wpb_text_column wpb_content_element \">\n<div class=\"wpb_wrapper\">\n<p><strong>Causes de l\u2019anul\u00b7laci\u00f3 de matr\u00edcula<\/strong><\/p>\n<p>Podran ser causes de l\u2019anul\u00b7laci\u00f3 total de la matr\u00edcula aquelles que generen una abs\u00e8ncia prolongada, com \u00e9s ara:<\/p>\n<ul>\n<li style=\"list-style-type: none;\">\n<ul>\n<li>La malaltia o accident de l\u2019alumne o alumna o de familiars;<\/li>\n<li>L\u2019atenci\u00f3 a familiars;<\/li>\n<li>La maternitat o paternitat;<\/li>\n<li>El fet de treballar o d\u2019incorporar-se a un lloc de treball;<\/li>\n<li>Altres circumst\u00e0ncies personals de car\u00e0cter extraordinari.<\/li>\n<\/ul>\n<\/li>\n<\/ul>\n<p>L\u2019alumne o alumna haur\u00e0 d\u2019aportar la documentaci\u00f3 que justifiqui de manera fidedigna les circumst\u00e0ncies al\u00b7legades.<\/p>\n<\/div>\n<\/div>\n<\/div>\n<\/div>\n<\/div>\n<div class=\"wpb_column vc_column_container vc_col-sm-4\">\n<div class=\"vc_column-inner\">\n<div class=\"wpb_wrapper\">\n<div class=\"wpb_text_column wpb_content_element \">\n<div class=\"wpb_wrapper\">\n<p>&nbsp;<\/p>\n<p style=\"text-align: left;\"><strong>Efectes de ren\u00fancia de matr\u00edcula<\/strong><\/p>\n<p>L\u2019alumnat amb la matr\u00edcula anul\u00b7lada:<\/p>\n<ul>\n<li style=\"list-style-type: none;\">\n<ul>\n<li>Conserva el dret de reserva de pla\u00e7a per al curs seg\u00fcent.<\/li>\n<li>No perd la qualificaci\u00f3 obtinguda en els m\u00f2duls i\/o unitats formatives superades.<\/li>\n<li>No se li computen les convocat\u00f2ries dels m\u00f2duls no qualificats.<\/li>\n<li>En el cas de la formaci\u00f3 en centres de treball (FCT), si aquesta s\u2019ha iniciat, per\u00f2 no s\u2019ha completat, si s\u2019anul\u00b7la la matr\u00edcula, es computen les hores de formaci\u00f3 en centres de treball efectivament fetes fins al moment.<\/li>\n<\/ul>\n<\/li>\n<\/ul>\n<p><strong><em>S\u2019estableix com a termini m\u00e0xim per a l\u2019anul\u00b7laci\u00f3 de matr\u00edcula de m\u00f2duls i\/o unitats formatives, l\u2019\u00faltim dia del mes d\u2019octubre.<\/em><\/strong><\/p>\n<p><strong><em>\u00c9s necessari presentar la sol\u00b7licitud a la secretaria del centre.<\/em><\/strong><\/p>\n<\/div>\n<\/div>\n<\/div>\n<\/div>\n<\/div>\n","protected":false},"excerpt":{"rendered":"<p>Ren\u00fancia de la matr\u00edcula de m\u00f2duls i\/o unitats formatives dels cicles formatius<br \/>\nL\u2019alumne, o qui en tingui la p\u00e0tria potestat si \u00e9s menor, pot sol\u00b7licitar, per qualsevol de les causes que s\u2019indiquen a continuaci\u00f3, la ren\u00fancia total o parcial a la matr\u00edcula de determinats m\u00f2duls i\/o&hellip;  <a href=\"https:\/\/agora.xtec.cat\/iesmaremar\/secretaria\/tramits\/baixa-de-moduls-o-unitats-formatives\/\" title=\"Read Baixa de m\u00f2duls o unitats formatives\">Llegeix m\u00e9s\u00bb<\/a><\/p>\n","protected":false},"author":12,"featured_media":0,"parent":7954,"menu_order":0,"comment_status":"closed","ping_status":"closed","template":"","meta":{"_bbp_topic_count":0,"_bbp_reply_count":0,"_bbp_total_topic_count":0,"_bbp_total_reply_count":0,"_bbp_voice_count":0,"_bbp_anonymous_reply_count":0,"_bbp_topic_count_hidden":0,"_bbp_reply_count_hidden":0,"_bbp_forum_subforum_count":0,"footnotes":""},"class_list":["post-8002","page","type-page","status-publish","hentry"],"post_mailing_queue_ids":[],"_links":{"self":[{"href":"https:\/\/agora.xtec.cat\/iesmaremar\/wp-json\/wp\/v2\/pages\/8002","targetHints":{"allow":["GET"]}}],"collection":[{"href":"https:\/\/agora.xtec.cat\/iesmaremar\/wp-json\/wp\/v2\/pages"}],"about":[{"href":"https:\/\/agora.xtec.cat\/iesmaremar\/wp-json\/wp\/v2\/types\/page"}],"author":[{"embeddable":true,"href":"https:\/\/agora.xtec.cat\/iesmaremar\/wp-json\/wp\/v2\/users\/12"}],"replies":[{"embeddable":true,"href":"https:\/\/agora.xtec.cat\/iesmaremar\/wp-json\/wp\/v2\/comments?post=8002"}],"version-history":[{"count":7,"href":"https:\/\/agora.xtec.cat\/iesmaremar\/wp-json\/wp\/v2\/pages\/8002\/revisions"}],"predecessor-version":[{"id":10096,"href":"https:\/\/agora.xtec.cat\/iesmaremar\/wp-json\/wp\/v2\/pages\/8002\/revisions\/10096"}],"up":[{"embeddable":true,"href":"https:\/\/agora.xtec.cat\/iesmaremar\/wp-json\/wp\/v2\/pages\/7954"}],"wp:attachment":[{"href":"https:\/\/agora.xtec.cat\/iesmaremar\/wp-json\/wp\/v2\/media?parent=8002"}],"curies":[{"name":"wp","href":"https:\/\/api.w.org\/{rel}","templated":true}]}}