{"id":7980,"date":"2023-09-15T12:22:16","date_gmt":"2023-09-15T10:22:16","guid":{"rendered":"https:\/\/agora.xtec.cat\/iesmaremar\/?page_id=7980"},"modified":"2025-03-12T14:23:57","modified_gmt":"2025-03-12T13:23:57","slug":"horaris-i-contacte","status":"publish","type":"page","link":"https:\/\/agora.xtec.cat\/iesmaremar\/secretaria\/horaris-i-contacte\/","title":{"rendered":"Horaris i contacte"},"content":{"rendered":"<header class=\"entry-header\">\n<h4><img loading=\"lazy\" decoding=\"async\" class=\"aligncenter  wp-image-9960\" src=\"https:\/\/agora.xtec.cat\/iesmaremar\/wp-content\/uploads\/usu1710\/2025\/03\/Horari-secretaria-724x1024.png\" alt=\"\" width=\"589\" height=\"833\" srcset=\"https:\/\/agora.xtec.cat\/iesmaremar\/wp-content\/uploads\/usu1710\/2025\/03\/Horari-secretaria-724x1024.png 724w, https:\/\/agora.xtec.cat\/iesmaremar\/wp-content\/uploads\/usu1710\/2025\/03\/Horari-secretaria-212x300.png 212w, https:\/\/agora.xtec.cat\/iesmaremar\/wp-content\/uploads\/usu1710\/2025\/03\/Horari-secretaria-768x1086.png 768w, https:\/\/agora.xtec.cat\/iesmaremar\/wp-content\/uploads\/usu1710\/2025\/03\/Horari-secretaria-1086x1536.png 1086w, https:\/\/agora.xtec.cat\/iesmaremar\/wp-content\/uploads\/usu1710\/2025\/03\/Horari-secretaria-1448x2048.png 1448w, https:\/\/agora.xtec.cat\/iesmaremar\/wp-content\/uploads\/usu1710\/2025\/03\/Horari-secretaria.png 1587w\" sizes=\"auto, (max-width: 589px) 100vw, 589px\" \/><\/h4>\n<\/header>\n<ul>\n<li>*Aquest horari pot ser modificat durant els terminis de preinscripci\u00f3 i matr\u00edcula per evitar esperes innecess\u00e0ries.<\/li>\n<li class=\"entry-content\">Per a qualsevol consulta o petici\u00f3 truqueu al tel\u00e8fon 935402398 o envieu un correu electr\u00f2nic a: <span style=\"color: #ff6600;\">secretaria@iesmaremar.net<\/span><\/li>\n<li>Recomanem que, en primer lloc, es consulti la p\u00e0gina web en qu\u00e8 es podr\u00e0 trobar tota la informaci\u00f3, s\u00ed, aix\u00ed i tot, consideres que la teva consulta necessita un altre tipus de resposta, ens pots trucar o enviar un correu electr\u00f2nic. Cal tindre en compte que no ser\u00e0 una resposta immediata.<\/li>\n<li>*Recordem que els procediments de preinscripci\u00f3 s\u00f3n online i cal seguir les instruccions segons cada proc\u00e9s (clica aqu\u00ed per anar a les instruccions). En cas de tindre algun dubte es pot trucar de 9:00 a 14:00 h. Al 938172018.<\/li>\n<\/ul>\n<p>&nbsp;<\/p>\n","protected":false},"excerpt":{"rendered":"<ul>\n<li>*Aquest horari pot ser modificat durant els terminis de preinscripci\u00f3 i matr\u00edcula per evitar esperes innecess\u00e0ries.<\/li>\n<li class=\"entry-content\">Per a qualsevol consulta o petici\u00f3 truqueu al tel\u00e8fon 935402398 o envieu un correu electr\u00f2nic a: secretaria@iesmaremar.net<\/li>\n<li>Recomanem que, en primer lloc, es consulti la p\u00e0gina web en qu\u00e8 es&hellip;  <a href=\"https:\/\/agora.xtec.cat\/iesmaremar\/secretaria\/horaris-i-contacte\/\" title=\"Read Horaris i contacte\">Llegeix m\u00e9s\u00bb<\/a><br \/>\n","protected":false},"author":12,"featured_media":0,"parent":81,"menu_order":1,"comment_status":"closed","ping_status":"closed","template":"","meta":{"_bbp_topic_count":0,"_bbp_reply_count":0,"_bbp_total_topic_count":0,"_bbp_total_reply_count":0,"_bbp_voice_count":0,"_bbp_anonymous_reply_count":0,"_bbp_topic_count_hidden":0,"_bbp_reply_count_hidden":0,"_bbp_forum_subforum_count":0,"footnotes":""},"class_list":["post-7980","page","type-page","status-publish","hentry"],"post_mailing_queue_ids":[],"_links":{"self":[{"href":"https:\/\/agora.xtec.cat\/iesmaremar\/wp-json\/wp\/v2\/pages\/7980","targetHints":{"allow":["GET"]}}],"collection":[{"href":"https:\/\/agora.xtec.cat\/iesmaremar\/wp-json\/wp\/v2\/pages"}],"about":[{"href":"https:\/\/agora.xtec.cat\/iesmaremar\/wp-json\/wp\/v2\/types\/page"}],"author":[{"embeddable":true,"href":"https:\/\/agora.xtec.cat\/iesmaremar\/wp-json\/wp\/v2\/users\/12"}],"replies":[{"embeddable":true,"href":"https:\/\/agora.xtec.cat\/iesmaremar\/wp-json\/wp\/v2\/comments?post=7980"}],"version-history":[{"count":6,"href":"https:\/\/agora.xtec.cat\/iesmaremar\/wp-json\/wp\/v2\/pages\/7980\/revisions"}],"predecessor-version":[{"id":9961,"href":"https:\/\/agora.xtec.cat\/iesmaremar\/wp-json\/wp\/v2\/pages\/7980\/revisions\/9961"}],"up":[{"embeddable":true,"href":"https:\/\/agora.xtec.cat\/iesmaremar\/wp-json\/wp\/v2\/pages\/81"}],"wp:attachment":[{"href":"https:\/\/agora.xtec.cat\/iesmaremar\/wp-json\/wp\/v2\/media?parent=7980"}],"curies":[{"name":"wp","href":"https:\/\/api.w.org\/{rel}","templated":true}]}}