{"id":7959,"date":"2023-09-15T11:43:41","date_gmt":"2023-09-15T09:43:41","guid":{"rendered":"https:\/\/agora.xtec.cat\/iesmaremar\/?page_id=7959"},"modified":"2025-06-02T11:02:43","modified_gmt":"2025-06-02T09:02:43","slug":"sollicitud-de-baixa-del-centre","status":"publish","type":"page","link":"https:\/\/agora.xtec.cat\/iesmaremar\/secretaria\/tramits\/sollicitud-de-baixa-del-centre\/","title":{"rendered":"Sol\u00b7licitud de baixa del centre \/ Renuncia a la matr\u00edcula"},"content":{"rendered":"<div class=\"traductor-checkbox form-group\">\n<div class=\"row\">\n<div class=\"col-sm-5\"><\/div>\n<\/div>\n<\/div>\n<p data-start=\"202\" data-end=\"547\">L\u2019alumne\/a \u2014o, en cas de menors d\u2019edat, la persona que en tingui la <strong data-start=\"270\" data-end=\"304\">p\u00e0tria potestat o tutela legal<\/strong>\u2014 pot sol\u00b7licitar la <strong data-start=\"325\" data-end=\"347\">baixa de matr\u00edcula<\/strong> del centre per qualsevol de les causes que s\u2019indiquen a continuaci\u00f3.<br data-start=\"416\" data-end=\"419\" \/>La sol\u00b7licitud s\u2019ha de fer <strong data-start=\"446\" data-end=\"460\">per escrit<\/strong>, adre\u00e7ada a la <strong data-start=\"476\" data-end=\"499\">direcci\u00f3 del centre<\/strong>, i nom\u00e9s es pot presentar <strong data-start=\"526\" data-end=\"546\">una \u00fanica vegada<\/strong>.<\/p>\n<hr data-start=\"549\" data-end=\"552\" \/>\n<h3 data-start=\"554\" data-end=\"587\">\ud83d\udcc4 <strong data-start=\"561\" data-end=\"587\">Com fer la sol\u00b7licitud<\/strong><\/h3>\n<ul>\n<li data-start=\"591\" data-end=\"643\">Cal omplir el formulari de <strong data-start=\"618\" data-end=\"642\">sol\u00b7licitud de baixa<\/strong>.<\/li>\n<li data-start=\"646\" data-end=\"725\">La sol\u00b7licitud s\u2019ha de presentar <strong data-start=\"679\" data-end=\"724\">presencialment a la secretaria del centre<\/strong>.<\/li>\n<li data-start=\"728\" data-end=\"798\"><strong data-start=\"728\" data-end=\"772\">No cal aportar cap document justificatiu<\/strong> per formalitzar la baixa.<\/li>\n<\/ul>\n<p data-start=\"800\" data-end=\"907\">\ud83d\udce5 <strong data-start=\"803\" data-end=\"836\">Descarrega el formulari aqu\u00ed:<\/strong> <a href=\"https:\/\/drive.google.com\/file\/d\/1mdZBTQ4FLVdsvl8aCxt85zBRgte5TNNJ\/view?usp=sharing\" target=\"_blank\" rel=\"noopener\"><img loading=\"lazy\" decoding=\"async\" class=\"alignnone\" src=\"https:\/\/www.insalexandregali.cat\/wp-content\/plugins\/img-documents\/img\/pdf.png\" alt=\"\" width=\"48\" height=\"48\" \/><\/a><\/p>\n<hr data-start=\"909\" data-end=\"912\" \/>\n<h3 data-start=\"914\" data-end=\"956\">\ud83d\udccc <strong data-start=\"921\" data-end=\"956\">Causes per sol\u00b7licitar la baixa<\/strong><\/h3>\n<ul>\n<li data-start=\"960\" data-end=\"1001\">Trasllat a un altre centre de Catalunya<\/li>\n<li data-start=\"1004\" data-end=\"1050\">Trasllat a un altre centre fora de Catalunya<\/li>\n<li data-start=\"1053\" data-end=\"1100\">Abandonament per motius personals o familiars<\/li>\n<li data-start=\"1103\" data-end=\"1125\">Defunci\u00f3 de l\u2019alumne<\/li>\n<li data-start=\"1128\" data-end=\"1149\">Accident o malaltia<\/li>\n<li data-start=\"1152\" data-end=\"1190\">Desinter\u00e8s per continuar els estudis<\/li>\n<li data-start=\"1193\" data-end=\"1222\">Incorporaci\u00f3 al m\u00f3n laboral<\/li>\n<li data-start=\"1225\" data-end=\"1261\">Incid\u00e8ncia o sinistre en el centre<\/li>\n<li data-start=\"1264\" data-end=\"1283\">Manca de pagament<\/li>\n<li data-start=\"1286\" data-end=\"1310\">Expedient disciplinari<\/li>\n<li data-start=\"1313\" data-end=\"1333\">Altres (especificar)<\/li>\n<\/ul>\n<hr data-start=\"1335\" data-end=\"1338\" \/>\n<h3 data-start=\"1340\" data-end=\"1377\">\ud83d\udcb0 <strong data-start=\"1347\" data-end=\"1377\">Consideracions econ\u00f2miques<\/strong><\/h3>\n<p data-start=\"1379\" data-end=\"1499\">L\u2019import abonat en concepte de <strong data-start=\"1410\" data-end=\"1466\">material o altres despeses vinculades a la matr\u00edcula<\/strong> <strong data-start=\"1467\" data-end=\"1487\">no ser\u00e0 retornat<\/strong> en cap cas.<\/p>\n<hr data-start=\"1501\" data-end=\"1504\" \/>\n<p data-start=\"1506\" data-end=\"1608\">Per a m\u00e9s informaci\u00f3, pots adre\u00e7ar-te a la <strong data-start=\"1549\" data-end=\"1574\">secretaria del centre<\/strong> o contactar amb el teu tutor\/la teva tutora.<\/p>\n","protected":false},"excerpt":{"rendered":"<p>L\u2019alumne\/a \u2014o, en cas de menors d\u2019edat, la persona que en tingui la p\u00e0tria potestat o tutela legal\u2014 pot sol\u00b7licitar la baixa de matr\u00edcula del centre per qualsevol de les causes que s\u2019indiquen a continuaci\u00f3.La sol\u00b7licitud s\u2019ha de fer per escrit, adre\u00e7ada a la direcci\u00f3&hellip;  <a href=\"https:\/\/agora.xtec.cat\/iesmaremar\/secretaria\/tramits\/sollicitud-de-baixa-del-centre\/\" title=\"Read Sol\u00b7licitud de baixa del centre \/ Renuncia a la matr\u00edcula\">Llegeix m\u00e9s\u00bb<\/a><\/p>\n","protected":false},"author":12,"featured_media":0,"parent":7954,"menu_order":1,"comment_status":"closed","ping_status":"closed","template":"","meta":{"_bbp_topic_count":0,"_bbp_reply_count":0,"_bbp_total_topic_count":0,"_bbp_total_reply_count":0,"_bbp_voice_count":0,"_bbp_anonymous_reply_count":0,"_bbp_topic_count_hidden":0,"_bbp_reply_count_hidden":0,"_bbp_forum_subforum_count":0,"footnotes":""},"class_list":["post-7959","page","type-page","status-publish","hentry"],"post_mailing_queue_ids":[],"_links":{"self":[{"href":"https:\/\/agora.xtec.cat\/iesmaremar\/wp-json\/wp\/v2\/pages\/7959","targetHints":{"allow":["GET"]}}],"collection":[{"href":"https:\/\/agora.xtec.cat\/iesmaremar\/wp-json\/wp\/v2\/pages"}],"about":[{"href":"https:\/\/agora.xtec.cat\/iesmaremar\/wp-json\/wp\/v2\/types\/page"}],"author":[{"embeddable":true,"href":"https:\/\/agora.xtec.cat\/iesmaremar\/wp-json\/wp\/v2\/users\/12"}],"replies":[{"embeddable":true,"href":"https:\/\/agora.xtec.cat\/iesmaremar\/wp-json\/wp\/v2\/comments?post=7959"}],"version-history":[{"count":7,"href":"https:\/\/agora.xtec.cat\/iesmaremar\/wp-json\/wp\/v2\/pages\/7959\/revisions"}],"predecessor-version":[{"id":10331,"href":"https:\/\/agora.xtec.cat\/iesmaremar\/wp-json\/wp\/v2\/pages\/7959\/revisions\/10331"}],"up":[{"embeddable":true,"href":"https:\/\/agora.xtec.cat\/iesmaremar\/wp-json\/wp\/v2\/pages\/7954"}],"wp:attachment":[{"href":"https:\/\/agora.xtec.cat\/iesmaremar\/wp-json\/wp\/v2\/media?parent=7959"}],"curies":[{"name":"wp","href":"https:\/\/api.w.org\/{rel}","templated":true}]}}