{"id":7954,"date":"2023-09-15T10:58:01","date_gmt":"2023-09-15T08:58:01","guid":{"rendered":"https:\/\/agora.xtec.cat\/iesmaremar\/?page_id=7954"},"modified":"2025-10-16T09:39:15","modified_gmt":"2025-10-16T07:39:15","slug":"tramits","status":"publish","type":"page","link":"https:\/\/agora.xtec.cat\/iesmaremar\/secretaria\/tramits\/","title":{"rendered":"Tr\u00e0mits i documents"},"content":{"rendered":"<h5><span style=\"color: #ff6600;\"><strong>TR\u00c0MITS<\/strong><\/span><\/h5>\n<ul>\n<li><a href=\"https:\/\/agora.xtec.cat\/iesmaremar\/secretaria\/admissio-fora-del-proces-de-preinscripcio\/\">ADMISSI\u00d3 AL CENTRE fora del proc\u00e9s de preinscripci\u00f3<\/a><\/li>\n<li><a title=\"Baixa de m\u00f2duls o unitats formatives\" href=\"https:\/\/agora.xtec.cat\/iesmaremar\/secretaria\/tramits\/baixa-de-moduls-o-unitats-formatives\/\">BAIXA de m\u00f2duls o unitats formatives<\/a><\/li>\n<li><a title=\"Baixa del centre\" href=\"https:\/\/agora.xtec.cat\/iesmaremar\/secretaria\/tramits\/sollicitud-de-baixa-del-centre\/\">BAIXA: del centre sol\u00b7licitud<\/a><\/li>\n<li><a title=\"Beques\" href=\"https:\/\/agora.xtec.cat\/iesmaremar\/secretaria\/tramits\/beques\/\">BEQUES<\/a><\/li>\n<li><a title=\"Certificat de catal\u00e0 nivell B2 i C1\" href=\"https:\/\/agora.xtec.cat\/iesmaremar\/secretaria\/tramits\/com-sol-licitar-el-certificat-nivell-catala-b-c\/\">CERTIFICAT CATAL\u00c0 nivell B2 i C1<\/a><\/li>\n<li><a title=\"Certificats de matr\u00edcula, de qualificacions o altres\" href=\"https:\/\/agora.xtec.cat\/iesmaremar\/secretaria\/tramits\/certificats\/\">CERTIFICATS de matr\u00edcula, de qualificacions o altres<\/a><\/li>\n<li><a title=\"Convalidacions entre cicles\" href=\"https:\/\/agora.xtec.cat\/iesmaremar\/secretaria\/tramits\/convalidacions\/\">CONVALIDACI\u00d3 entre cicles<\/a><\/li>\n<li><a title=\"Convalidacions m\u00fasica, dansa i educaci\u00f3.\" href=\"https:\/\/agora.xtec.cat\/iesmaremar\/secretaria\/tramits\/convalidacions-musica-dansa-i-educacio-fisica\/\">CONVALIDACI\u00d3 m\u00fasica, dansa i educaci\u00f3<\/a><\/li>\n<li><a title=\"Homologaci\u00f3 de t\u00edtols estrangers\" href=\"https:\/\/agora.xtec.cat\/iesmaremar\/secretaria\/tramits\/homologacions\/\">HOMOLOGACI\u00d3 de t\u00edtols estrangers<\/a><\/li>\n<li><a title=\"IDALU (RALC)\" href=\"https:\/\/agora.xtec.cat\/iesmaremar\/secretaria\/tramits\/que-es-idalu-ralc-com-saber-el-teu-numero-idalu\/\">IDALU (RALC) Identificador de l&#8217;alumne\/a<\/a><\/li>\n<li><a href=\"https:\/\/web.gencat.cat\/ca\/tramits\/suport-tramitacio\/durant-la-tramitacio\/signatura-identificacio-digital\/idcat-mobil\/index.html\">IdCAT M\u00f2bil<\/a><\/li>\n<li><a href=\"https:\/\/agora.xtec.cat\/iesmaremar\/secretaria\/instruccions-de-matricula\/\"><strong>MATR\u00cdCULA 25-26<\/strong><\/a><\/li>\n<li><a title=\"Tramitaci\u00f3 del t\u00edtol\" href=\"https:\/\/agora.xtec.cat\/iesmaremar\/secretaria\/tramits\/titols\/\">T\u00cdTOLS: Tramitaci\u00f3 del t\u00edtol<\/a><\/li>\n<li><a title=\"Homologaci\u00f3 de t\u00edtols estrangers\" href=\"https:\/\/agora.xtec.cat\/iesmaremar\/secretaria\/tramits\/homologacions\/\">T\u00cdTOLS: Homologaci\u00f3 de t\u00edtols estrangers<\/a><\/li>\n<li><a class=\"ss-text-link ss-text-link--black text--strong\" href=\"https:\/\/revista.seg-social.es\/-\/como-obtener-el-nuss-numero-de-la-seguridad-social-1\" data-insuit-uuid=\"d0ae5223-19f6-4445-af8f-e027910ced64\">N\u00famero de la Seguretat Social. Com obtenir-lo<\/a><\/li>\n<li class=\"NG__breadcrumb_item\"><a href=\"https:\/\/mossos.gencat.cat\/ca\/detalls\/Tramit\/7864_-_Permis-de-viatge-a-lestranger-per-a-menors\">Perm\u00eds de viatge a l\u2019estranger per a menors<\/a><\/li>\n<li><a href=\"https:\/\/agora.xtec.cat\/iesmaremar\/secretaria\/preinscripcio\/tpvescola-instruccions\/\">TPVEscola<\/a><br \/>\n<hr \/>\n<\/li>\n<\/ul>\n<ul class=\"side-nav\">\n<li class=\"page_item page-item-8002\">\n<h5><span style=\"color: #ff6600;\"><strong>DOCUMENTS<\/strong><\/span><\/h5>\n<\/li>\n<\/ul>\n<ul>\n<li><a href=\"https:\/\/drive.google.com\/file\/d\/14UWVDuHoa9WxJCQlDCk1vqB-EIdccmFW\/view?usp=sharing\">Autoritzaci\u00f3 d&#8217;\u00fas d&#8217;imatges dels alumnes<\/a><\/li>\n<li><a href=\"https:\/\/drive.google.com\/file\/d\/1SPJAubY4gGnLnInwdgLbd9J-l8W7xIGY\/view?usp=sharing\">Carta de comprom\u00eds<\/a><\/li>\n<li><a href=\"https:\/\/drive.google.com\/file\/d\/1eerSlakuBoAPUO8mUxQGwWrlG1uFy7UL\/view?usp=sharing\">Justificaci\u00f3 de faltes d\u2019assist\u00e8ncia puntuals<\/a><\/li>\n<\/ul>\n","protected":false},"excerpt":{"rendered":"<p>TR\u00c0MITS<\/p>\n<ul>\n<li><a href=\"https:\/\/agora.xtec.cat\/iesmaremar\/secretaria\/admissio-fora-del-proces-de-preinscripcio\/\">ADMISSI\u00d3 AL CENTRE fora del proc\u00e9s de preinscripci\u00f3<\/a><\/li>\n<li><a title=\"Baixa de m\u00f2duls o unitats formatives\" href=\"https:\/\/agora.xtec.cat\/iesmaremar\/secretaria\/tramits\/baixa-de-moduls-o-unitats-formatives\/\">BAIXA de m\u00f2duls o unitats formatives<\/a><\/li>\n<li><a title=\"Baixa del centre\" href=\"https:\/\/agora.xtec.cat\/iesmaremar\/secretaria\/tramits\/sollicitud-de-baixa-del-centre\/\">BAIXA: del centre sol\u00b7licitud<\/a><\/li>\n<li><a title=\"Beques\" href=\"https:\/\/agora.xtec.cat\/iesmaremar\/secretaria\/tramits\/beques\/\">BEQUES<\/a><\/li>\n<li><a title=\"Certificat de catal\u00e0 nivell B2 i C1\" href=\"https:\/\/agora.xtec.cat\/iesmaremar\/secretaria\/tramits\/com-sol-licitar-el-certificat-nivell-catala-b-c\/\">CERTIFICAT CATAL\u00c0 nivell B2 i C1<\/a><\/li>\n<li><a title=\"Certificats de&hellip;  <a href=\"https:\/\/agora.xtec.cat\/iesmaremar\/secretaria\/tramits\/\" title=\"Read Tr\u00e0mits i documents\">Llegeix m\u00e9s\u00bb<\/a><br \/>\n","protected":false},"author":12,"featured_media":0,"parent":81,"menu_order":2,"comment_status":"closed","ping_status":"closed","template":"page-templates\/side-menu.php","meta":{"_bbp_topic_count":0,"_bbp_reply_count":0,"_bbp_total_topic_count":0,"_bbp_total_reply_count":0,"_bbp_voice_count":0,"_bbp_anonymous_reply_count":0,"_bbp_topic_count_hidden":0,"_bbp_reply_count_hidden":0,"_bbp_forum_subforum_count":0,"footnotes":""},"class_list":["post-7954","page","type-page","status-publish","hentry"],"post_mailing_queue_ids":[],"_links":{"self":[{"href":"https:\/\/agora.xtec.cat\/iesmaremar\/wp-json\/wp\/v2\/pages\/7954","targetHints":{"allow":["GET"]}}],"collection":[{"href":"https:\/\/agora.xtec.cat\/iesmaremar\/wp-json\/wp\/v2\/pages"}],"about":[{"href":"https:\/\/agora.xtec.cat\/iesmaremar\/wp-json\/wp\/v2\/types\/page"}],"author":[{"embeddable":true,"href":"https:\/\/agora.xtec.cat\/iesmaremar\/wp-json\/wp\/v2\/users\/12"}],"replies":[{"embeddable":true,"href":"https:\/\/agora.xtec.cat\/iesmaremar\/wp-json\/wp\/v2\/comments?post=7954"}],"version-history":[{"count":6,"href":"https:\/\/agora.xtec.cat\/iesmaremar\/wp-json\/wp\/v2\/pages\/7954\/revisions"}],"predecessor-version":[{"id":10651,"href":"https:\/\/agora.xtec.cat\/iesmaremar\/wp-json\/wp\/v2\/pages\/7954\/revisions\/10651"}],"up":[{"embeddable":true,"href":"https:\/\/agora.xtec.cat\/iesmaremar\/wp-json\/wp\/v2\/pages\/81"}],"wp:attachment":[{"href":"https:\/\/agora.xtec.cat\/iesmaremar\/wp-json\/wp\/v2\/media?parent=7954"}],"curies":[{"name":"wp","href":"https:\/\/api.w.org\/{rel}","templated":true}]}}