{"id":7780,"date":"2023-06-16T08:36:03","date_gmt":"2023-06-16T06:36:03","guid":{"rendered":"https:\/\/agora.xtec.cat\/iesmaremar\/?page_id=7780"},"modified":"2023-06-16T10:17:38","modified_gmt":"2023-06-16T08:17:38","slug":"edc-estrategia-digital-de-centre","status":"publish","type":"page","link":"https:\/\/agora.xtec.cat\/iesmaremar\/edc-estrategia-digital-de-centre\/","title":{"rendered":"EDC (Estrat\u00e8gia Digital de Centre)"},"content":{"rendered":"<p style=\"text-align: justify;\">L\u2019EDC \u00e9s una evoluci\u00f3 del Pla TAC. D\u2019una banda, s\u2019alinea amb el Pla d\u2019Educaci\u00f3 Digital de Catalunya (<a href=\"http:\/\/educacio.gencat.cat\/web\/.content\/home\/departament\/publicacions\/colleccions\/pla-educacio-digital\/pla-educacio-digital-catalunya\/pla-educacio-digital.pdf\" target=\"_blank\" rel=\"noopener noreferrer\">PEDC<\/a>), i per altra, incorpora els canvis socials i tecnol\u00f2gics que s\u2019han anat esdevenint. El tercer canvi rellevant \u00e9s la incorporaci\u00f3 en l\u2019EDC de l\u2019apartat que recull tots els documents de centre que fan refer\u00e8ncia a la seva cultura digital (protocols d\u2019\u00fas de dispositius, NOFC\u2026).<\/p>\n<p style=\"text-align: justify;\">Respecte al PEDC, l\u2019EDC s\u2019articula seguint els eixos proposats (alumnat, professorat i centre) i s\u2019enfoca a l\u2019assoliment de la compet\u00e8ncia digital, fent \u00e8mfasi en les metodologies did\u00e0ctiques i la inclusi\u00f3 digital.<\/p>\n<p>L&#8217;Estrat\u00e8gia Digital de Centre de l&#8217;INS Maremar es troba en el seg\u00fcent lloc web:<\/p>\n<p><a href=\"https:\/\/sites.google.com\/iesmaremar.net\/edcinsmaremar\/inici\" target=\"_blank\" rel=\"noopener\">EDC de l&#8217;INS Maremar<\/a><\/p>\n","protected":false},"excerpt":{"rendered":"<p>L\u2019EDC \u00e9s una evoluci\u00f3 del Pla TAC. D\u2019una banda, s\u2019alinea amb el Pla d\u2019Educaci\u00f3 Digital de Catalunya (<a href=\"http:\/\/educacio.gencat.cat\/web\/.content\/home\/departament\/publicacions\/colleccions\/pla-educacio-digital\/pla-educacio-digital-catalunya\/pla-educacio-digital.pdf\" target=\"_blank\" rel=\"noopener noreferrer\">PEDC<\/a>), i per altra, incorpora els canvis socials i tecnol\u00f2gics que s\u2019han anat esdevenint. El tercer canvi rellevant \u00e9s la incorporaci\u00f3 en l\u2019EDC de&hellip;  <a href=\"https:\/\/agora.xtec.cat\/iesmaremar\/edc-estrategia-digital-de-centre\/\" title=\"Read EDC (Estrat\u00e8gia Digital de Centre)\">Llegeix m\u00e9s\u00bb<\/a><\/p>\n","protected":false},"author":1,"featured_media":0,"parent":0,"menu_order":0,"comment_status":"closed","ping_status":"closed","template":"","meta":{"_bbp_topic_count":0,"_bbp_reply_count":0,"_bbp_total_topic_count":0,"_bbp_total_reply_count":0,"_bbp_voice_count":0,"_bbp_anonymous_reply_count":0,"_bbp_topic_count_hidden":0,"_bbp_reply_count_hidden":0,"_bbp_forum_subforum_count":0,"footnotes":""},"class_list":["post-7780","page","type-page","status-publish","hentry"],"post_mailing_queue_ids":[],"_links":{"self":[{"href":"https:\/\/agora.xtec.cat\/iesmaremar\/wp-json\/wp\/v2\/pages\/7780","targetHints":{"allow":["GET"]}}],"collection":[{"href":"https:\/\/agora.xtec.cat\/iesmaremar\/wp-json\/wp\/v2\/pages"}],"about":[{"href":"https:\/\/agora.xtec.cat\/iesmaremar\/wp-json\/wp\/v2\/types\/page"}],"author":[{"embeddable":true,"href":"https:\/\/agora.xtec.cat\/iesmaremar\/wp-json\/wp\/v2\/users\/1"}],"replies":[{"embeddable":true,"href":"https:\/\/agora.xtec.cat\/iesmaremar\/wp-json\/wp\/v2\/comments?post=7780"}],"version-history":[{"count":2,"href":"https:\/\/agora.xtec.cat\/iesmaremar\/wp-json\/wp\/v2\/pages\/7780\/revisions"}],"predecessor-version":[{"id":7783,"href":"https:\/\/agora.xtec.cat\/iesmaremar\/wp-json\/wp\/v2\/pages\/7780\/revisions\/7783"}],"wp:attachment":[{"href":"https:\/\/agora.xtec.cat\/iesmaremar\/wp-json\/wp\/v2\/media?parent=7780"}],"curies":[{"name":"wp","href":"https:\/\/api.w.org\/{rel}","templated":true}]}}