{"id":737,"date":"2018-02-14T18:23:11","date_gmt":"2018-02-14T17:23:11","guid":{"rendered":"http:\/\/agora.xtec.cat\/iesmaremar\/?page_id=737"},"modified":"2018-02-20T14:23:07","modified_gmt":"2018-02-20T13:23:07","slug":"curriculum-i-orientacion-xtec","status":"publish","type":"page","link":"https:\/\/agora.xtec.cat\/iesmaremar\/curriculum-i-orientacion-xtec\/","title":{"rendered":"Curr\u00edculum i Orientaci\u00f3 XTEC"},"content":{"rendered":"<p>Aqu\u00ed podeu consultar el <a href=\"http:\/\/xtec.gencat.cat\/ca\/curriculum\/eso\/\">curr\u00edculum de l&#8217;ESO<\/a><\/p>\n","protected":false},"excerpt":{"rendered":"<p>Aqu\u00ed podeu consultar el <a href=\"http:\/\/xtec.gencat.cat\/ca\/curriculum\/eso\/\">curr\u00edculum de l&#8217;ESO<\/a><\/p>\n","protected":false},"author":1,"featured_media":0,"parent":0,"menu_order":0,"comment_status":"closed","ping_status":"closed","template":"","meta":{"_bbp_topic_count":0,"_bbp_reply_count":0,"_bbp_total_topic_count":0,"_bbp_total_reply_count":0,"_bbp_voice_count":0,"_bbp_anonymous_reply_count":0,"_bbp_topic_count_hidden":0,"_bbp_reply_count_hidden":0,"_bbp_forum_subforum_count":0,"footnotes":""},"class_list":["post-737","page","type-page","status-publish","hentry"],"post_mailing_queue_ids":[],"_links":{"self":[{"href":"https:\/\/agora.xtec.cat\/iesmaremar\/wp-json\/wp\/v2\/pages\/737","targetHints":{"allow":["GET"]}}],"collection":[{"href":"https:\/\/agora.xtec.cat\/iesmaremar\/wp-json\/wp\/v2\/pages"}],"about":[{"href":"https:\/\/agora.xtec.cat\/iesmaremar\/wp-json\/wp\/v2\/types\/page"}],"author":[{"embeddable":true,"href":"https:\/\/agora.xtec.cat\/iesmaremar\/wp-json\/wp\/v2\/users\/1"}],"replies":[{"embeddable":true,"href":"https:\/\/agora.xtec.cat\/iesmaremar\/wp-json\/wp\/v2\/comments?post=737"}],"version-history":[{"count":3,"href":"https:\/\/agora.xtec.cat\/iesmaremar\/wp-json\/wp\/v2\/pages\/737\/revisions"}],"predecessor-version":[{"id":811,"href":"https:\/\/agora.xtec.cat\/iesmaremar\/wp-json\/wp\/v2\/pages\/737\/revisions\/811"}],"wp:attachment":[{"href":"https:\/\/agora.xtec.cat\/iesmaremar\/wp-json\/wp\/v2\/media?parent=737"}],"curies":[{"name":"wp","href":"https:\/\/api.w.org\/{rel}","templated":true}]}}