{"id":7322,"date":"2023-04-17T18:00:12","date_gmt":"2023-04-17T16:00:12","guid":{"rendered":"https:\/\/agora.xtec.cat\/iesmaremar\/?page_id=7322"},"modified":"2026-02-20T13:03:50","modified_gmt":"2026-02-20T12:03:50","slug":"preinscripcio","status":"publish","type":"page","link":"https:\/\/agora.xtec.cat\/iesmaremar\/secretaria\/preinscripcio\/","title":{"rendered":"Preinscripci\u00f3 i matr\u00edcula"},"content":{"rendered":"<h5><a style=\"font-size: 1.125em; font-weight: bold;\" href=\"https:\/\/docs.google.com\/forms\/d\/e\/1FAIpQLSe8cMP4Be8ite7niJAO0WAB8pezHOu1rvI3tzXBQ_kh408EGw\/viewform?usp=sharing&amp;ouid=113757464358462357157\"> \u27a1\u00a0 LLISTA D&#8217;ESPERA\u00a0<\/a><\/h5>\n<p><span style=\"font-size: 1.125em;\">CFGM Farm\u00e0cia i parafarm\u00e0cia, CFGS Documentaci\u00f3 i administraci\u00f3 sanit\u00e0ria i CFGS Integraci\u00f3 social<\/span><span style=\"font-size: 1.125em;\">.\u00a0<\/span><\/p>\n<p><strong>Ens posarem en contacte amb les persones seleccionades.<\/strong><\/p>\n<h4><\/h4>\n<p>&nbsp;<\/p>\n<table style=\"border-collapse: collapse; width: 100%; height: 169px;\">\n<tbody>\n<tr style=\"height: 122px;\">\n<td style=\"width: 20%; background-color: #cbe0e9; border-style: hidden; height: 122px;\">\n<h2 style=\"text-align: center;\"><strong><span style=\"color: #ffffff;\"><a style=\"color: #ffffff;\" href=\"https:\/\/agora.xtec.cat\/iesmaremar\/secretaria\/preinscripcio-eso-23-24\/\" target=\"_blank\" rel=\"noopener\"><strong><span style=\"color: #ffffff;\">ESO<\/span><\/strong><\/a><\/span><\/strong><\/h2>\n<\/td>\n<td style=\"width: 3.30%; border-style: hidden; height: 122px;\"><\/td>\n<td style=\"width: 19.36%; background-color: #eea069; border-style: hidden; height: 122px;\">\n<h2 style=\"text-align: center;\"><strong><span style=\"color: #ffffff;\"><a style=\"color: #ffffff;\" href=\"https:\/\/agora.xtec.cat\/iesmaremar\/secretaria\/preinscripcio-batxillerat-23-24\/\" target=\"_blank\" rel=\"noopener\"><strong><span style=\"color: #ffffff;\">Batxillerat<\/span><\/strong><\/a><\/span><\/strong><\/h2>\n<\/td>\n<td style=\"border-style: hidden; height: 122px; width: 3.30%;\"><\/td>\n<td style=\"width: 19.7333%; background-color: #8d8b55; border-style: hidden; height: 122px;\">\n<h2 style=\"text-align: center;\"><strong><span style=\"color: #ffffff;\"><a style=\"color: #ffffff;\" href=\"https:\/\/agora.xtec.cat\/iesmaremar\/secretaria\/preinscripcio-cicles-mitjans\/\" target=\"_blank\" rel=\"noopener\"><strong><span style=\"color: #ffffff;\">Cicle formatiu de grau mitj\u00e0<\/span><\/strong><\/a><\/span><\/strong><\/h2>\n<\/td>\n<td style=\"width: 3.30%; border-style: hidden; height: 122px;\">\n<h3><\/h3>\n<\/td>\n<td style=\"width: 19.52%; background-color: #e5cbc5; border-style: hidden; height: 122px;\">\n<h2 style=\"text-align: center;\"><span style=\"color: #ffffff;\"><strong><a style=\"color: #ffffff;\" href=\"https:\/\/agora.xtec.cat\/iesmaremar\/secretaria\/preinscripcio\/preinscripcio-cicles-grau-superior-23-24\/\" target=\"_blank\" rel=\"noopener\"><strong><span style=\"color: #ffffff;\">Cicle formatiu de grau superior<\/span><\/strong><\/a><\/strong><\/span><\/h2>\n<\/td>\n<\/tr>\n<tr style=\"height: 47px;\">\n<td style=\"width: 20%; height: 47px; border-style: hidden; text-align: center; background-color: #ffffff;\">\n<h5><span style=\"color: #808080;\">Del 6 al 18 de mar\u00e7<\/span><\/h5>\n<\/td>\n<td style=\"width: 2.84%; height: 47px; border-style: hidden; text-align: center; background-color: #ffffff;\"><\/td>\n<td style=\"width: 19.36%; height: 47px; border-style: hidden; text-align: center; background-color: #ffffff;\">\n<h5><span style=\"color: #808080;\">Del 9 al 16 d&#8217;abril<\/span><\/h5>\n<\/td>\n<td style=\"width: 3.58667%; height: 47px; border-style: hidden; text-align: center; background-color: #ffffff;\"><\/td>\n<td style=\"width: 19.7333%; height: 47px; border-style: hidden; text-align: center; background-color: #ffffff;\">\n<h5><span style=\"color: #808080;\">Dates a concretar properament<\/span><\/h5>\n<\/td>\n<td style=\"width: 3.96%; height: 47px; border-style: hidden; text-align: center; background-color: #ffffff;\"><\/td>\n<td style=\"width: 19.52%; height: 47px; border-style: hidden; text-align: center; background-color: #ffffff;\">\n<h5><span style=\"color: #808080;\">Dates a concretar properament<\/span><\/h5>\n<\/td>\n<\/tr>\n<\/tbody>\n<\/table>\n<p style=\"text-align: center;\"><span style=\"color: #808080;\">M\u00c9S INFORMACI\u00d3 SOBRE PREINSCRIPCI\u00d3 I MATR\u00cdCULA<\/span><\/p>\n<ul>\n<li style=\"list-style-type: none;\">\n<ul>\n<li style=\"list-style-type: none;\">\n<ul>\n<li style=\"list-style-type: none;\">\n<ul>\n<li style=\"list-style-type: none;\">\n<ul>\n<li style=\"list-style-type: none;\">\n<ul>\n<li style=\"list-style-type: none;\">\n<ul>\n<li style=\"list-style-type: none;\">\n<ul>\n<li style=\"list-style-type: none;\">\n<ul>\n<li style=\"list-style-type: none;\">\n<ul>\n<li style=\"list-style-type: none;\">\n<ul>\n<li style=\"list-style-type: none;\">\n<ul>\n<li class=\"first\"><a class=\"external\" href=\"https:\/\/triaeducativa.gencat.cat\/ca\/inici\" target=\"_blank\" rel=\"external noopener\">Tria Educativa<\/a><\/li>\n<li><a class=\"external\" href=\"https:\/\/preinscripcio.gencat.cat\/ca\/inici\" target=\"_blank\" rel=\"external noopener\">Preinscripci\u00f3 Departament d&#8217;Educaci\u00f3<\/a><\/li>\n<\/ul>\n<\/li>\n<\/ul>\n<\/li>\n<\/ul>\n<\/li>\n<\/ul>\n<\/li>\n<\/ul>\n<\/li>\n<\/ul>\n<\/li>\n<\/ul>\n<\/li>\n<\/ul>\n<\/li>\n<\/ul>\n<\/li>\n<\/ul>\n<\/li>\n<\/ul>\n<\/li>\n<\/ul>\n","protected":false},"excerpt":{"rendered":"<p><a style=\"font-size: 1.125em; font-weight: bold;\" href=\"https:\/\/docs.google.com\/forms\/d\/e\/1FAIpQLSe8cMP4Be8ite7niJAO0WAB8pezHOu1rvI3tzXBQ_kh408EGw\/viewform?usp=sharing&amp;ouid=113757464358462357157\"> \u27a1\u00a0 LLISTA D&#8217;ESPERA\u00a0<\/a><br \/>\nCFGM Farm\u00e0cia i parafarm\u00e0cia, CFGS Documentaci\u00f3 i administraci\u00f3 sanit\u00e0ria i CFGS Integraci\u00f3 social.\u00a0<br \/>\nEns posarem en contacte amb les persones seleccionades.<\/p>\n<p>&nbsp;<\/p>\n<p><a style=\"color: #ffffff;\" href=\"https:\/\/agora.xtec.cat\/iesmaremar\/secretaria\/preinscripcio-eso-23-24\/\" target=\"_blank\" rel=\"noopener\">ESO<\/a><\/p>\n<p><a style=\"color: #ffffff;\" href=\"https:\/\/agora.xtec.cat\/iesmaremar\/secretaria\/preinscripcio-batxillerat-23-24\/\" target=\"_blank\" rel=\"noopener\">Batxillerat<\/a><\/p>\n<p><a style=\"color: #ffffff;\" href=\"https:\/\/agora.xtec.cat\/iesmaremar\/secretaria\/preinscripcio-cicles-mitjans\/\" target=\"_blank\" rel=\"noopener\">Cicle formatiu de&hellip;  <a href=\"https:\/\/agora.xtec.cat\/iesmaremar\/secretaria\/preinscripcio\/\" title=\"Read Preinscripci\u00f3 i matr\u00edcula\">Llegeix m\u00e9s\u00bb<\/a><\/p>\n","protected":false},"author":12,"featured_media":0,"parent":81,"menu_order":3,"comment_status":"closed","ping_status":"closed","template":"page-templates\/side-menu.php","meta":{"_bbp_topic_count":0,"_bbp_reply_count":0,"_bbp_total_topic_count":0,"_bbp_total_reply_count":0,"_bbp_voice_count":0,"_bbp_anonymous_reply_count":0,"_bbp_topic_count_hidden":0,"_bbp_reply_count_hidden":0,"_bbp_forum_subforum_count":0,"footnotes":""},"class_list":["post-7322","page","type-page","status-publish","hentry"],"post_mailing_queue_ids":[],"_links":{"self":[{"href":"https:\/\/agora.xtec.cat\/iesmaremar\/wp-json\/wp\/v2\/pages\/7322","targetHints":{"allow":["GET"]}}],"collection":[{"href":"https:\/\/agora.xtec.cat\/iesmaremar\/wp-json\/wp\/v2\/pages"}],"about":[{"href":"https:\/\/agora.xtec.cat\/iesmaremar\/wp-json\/wp\/v2\/types\/page"}],"author":[{"embeddable":true,"href":"https:\/\/agora.xtec.cat\/iesmaremar\/wp-json\/wp\/v2\/users\/12"}],"replies":[{"embeddable":true,"href":"https:\/\/agora.xtec.cat\/iesmaremar\/wp-json\/wp\/v2\/comments?post=7322"}],"version-history":[{"count":7,"href":"https:\/\/agora.xtec.cat\/iesmaremar\/wp-json\/wp\/v2\/pages\/7322\/revisions"}],"predecessor-version":[{"id":10830,"href":"https:\/\/agora.xtec.cat\/iesmaremar\/wp-json\/wp\/v2\/pages\/7322\/revisions\/10830"}],"up":[{"embeddable":true,"href":"https:\/\/agora.xtec.cat\/iesmaremar\/wp-json\/wp\/v2\/pages\/81"}],"wp:attachment":[{"href":"https:\/\/agora.xtec.cat\/iesmaremar\/wp-json\/wp\/v2\/media?parent=7322"}],"curies":[{"name":"wp","href":"https:\/\/api.w.org\/{rel}","templated":true}]}}