{"id":6937,"date":"2023-03-23T12:04:43","date_gmt":"2023-03-23T11:04:43","guid":{"rendered":"https:\/\/agora.xtec.cat\/iesmaremar\/?page_id=6937"},"modified":"2025-07-10T08:57:45","modified_gmt":"2025-07-10T06:57:45","slug":"preinscripcio-cicles-grau-superior-23-24","status":"publish","type":"page","link":"https:\/\/agora.xtec.cat\/iesmaremar\/secretaria\/preinscripcio\/preinscripcio-cicles-grau-superior-23-24\/","title":{"rendered":"Preinscripci\u00f3 cicle formatiu grau superior"},"content":{"rendered":"<table style=\"width: 100%; height: 752px;\">\n<tbody>\n<tr style=\"height: 10px;\">\n<td style=\"width: 1.54083%; background-color: #ffffff; border-style: hidden; height: 10px; text-align: center; vertical-align: top;\">\n<h1><span style=\"color: #00ffff;\"><strong>\u039f<\/strong><\/span><\/h1>\n<\/td>\n<td style=\"width: 75.3407%; border-style: hidden; background-color: #ffffff; height: 10px; vertical-align: middle;\">\n<h3><span style=\"color: #ff6600;\"><a style=\"color: #ff6600; text-decoration: underline;\" href=\"https:\/\/docs.google.com\/forms\/d\/e\/1FAIpQLScl3i9J_jTdBNjDb9mPjYlXJOMPGyR2vcA0eWF4eSpAIJS1hg\/viewform\">Demana cita per venir a con\u00e8ixer-nos a les portes obertes<\/a><\/span><\/h3>\n<\/td>\n<\/tr>\n<tr style=\"height: 80px;\">\n<td style=\"width: 1.54083%; background-color: #ffffff; border-style: hidden; height: 10px; text-align: center; vertical-align: top;\">\n<h1><span style=\"color: #ff0000;\"><strong>\u039f<\/strong><\/span><\/h1>\n<\/td>\n<td style=\"width: 75.3407%; border-style: hidden; background-color: #ffffff; height: 10px; vertical-align: middle;\">\n<h3><span style=\"text-decoration: underline;\"><span style=\"color: #ff6600;\"><a class=\"\" style=\"color: #ff6600; text-decoration: underline;\" title=\"Ves-hi\" href=\"https:\/\/preinscripcio.gencat.cat\/ca\/estudis\/fp-grau-superior\/informat\/consulta-notes-tall\/\" target=\"_self\" rel=\"noopener\">Consulta les notes de tall per accedir a cicles de grau superior<\/a><\/span><\/span><\/h3>\n<\/td>\n<\/tr>\n<tr style=\"height: 10px;\">\n<td style=\"width: 1.54083%; height: 10px; background-color: #ffffff; text-align: center; vertical-align: top; border-style: hidden;\">\n<h1><span style=\"color: #ff6600;\"><strong>\u039f<\/strong><\/span><\/h1>\n<\/td>\n<td style=\"width: 75.3407%; height: 10px; border-style: hidden; background-color: #ffffff;\">\n<h5><span style=\"color: #000000;\"><strong>22 de maig de 2025<\/strong><\/span><\/h5>\n<h3><a href=\"https:\/\/drive.google.com\/file\/d\/1w-J4kJJHNUCR24ZjRfoR68cenxhoMfBW\/view?usp=sharing\"><span style=\"text-decoration: underline; color: #ff6600;\">Publicaci\u00f3 de l&#8217;oferta inicial<\/span><\/a><\/h3>\n<\/td>\n<\/tr>\n<tr style=\"height: 34px;\">\n<td style=\"width: 1.54083%; height: 76px; background-color: #ffffff; text-align: center; vertical-align: top; border-style: hidden;\">\n<h1><span style=\"color: #ffff00;\"><strong>\u039f<\/strong><\/span><\/h1>\n<\/td>\n<td style=\"width: 75.3407%; height: 76px; border-style: hidden; background-color: #ffffff;\" width=\"702\">\n<h5><span style=\"color: #000000;\"><strong>Del 23 al 29 de maig de 2025<\/strong><\/span><\/h5>\n<h3><span style=\"color: #808080;\">Per\u00edode de<a href=\"https:\/\/educacio.gencat.cat\/ca\/tramits\/tramits-temes\/preinscripcio-fp-gs\"><span style=\"text-decoration: underline; color: #ff6600;\"> presentaci\u00f3 de\u00a0 sol\u00b7licituds<\/span><\/a>, ambd\u00f3s inclosos. Es pot presentar la documentaci\u00f3 fins al 30 de maig de 2025.<\/span><\/h3>\n<\/td>\n<\/tr>\n<tr style=\"height: 10px;\">\n<td style=\"width: 1.54083%; height: 10px; background-color: #ffffff; text-align: center; vertical-align: top; border-style: hidden;\"><\/td>\n<td style=\"width: 75.3407%; height: 10px; border-style: hidden; background-color: #ffffff;\" width=\"702\">\n<h3><span style=\"color: #808080;\">*Les sol\u00b7licituds s\u2019han de presentar en format telem\u00e0tic, <strong>no hi ha la possibilitat de full de preinscripci\u00f3 en paper.<\/strong><\/span><\/h3>\n<h3><span style=\"color: #808080;\">*Si has de modificar alguna dada de la teva sol\u00b7licitud, NO FACIS UNA SOL\u00b7LICITUD NOVA SI NO QUEDAR\u00c0S FORA DE LA PREINSCRIPCI\u00d3.<\/span><\/h3>\n<h3><span style=\"color: #ff6600;\"><a style=\"color: #ff6600;\" href=\"https:\/\/accesvalidat.ensenyament.gencat.cat\/pls\/apex\/f?p=20160079072543618:102:::NO:100,105,110,115:P100_MODIFICA:1\">Modifica aqu\u00ed alguna dada de la teva sol\u00b7licitud amb certificat digital<\/a><\/span><\/h3>\n<h3><span style=\"color: #ff6600;\"><a style=\"color: #ff6600;\" href=\"https:\/\/aplicacions.gestioeducativa.gencat.cat\/ords\/pls\/apex\/f?p=20160079072543618:CAT_MO_SI\">Modifica aqu\u00ed alguna dada de la teva sol\u00b7licitud sense certificat digital<\/a><\/span><span style=\"color: #ff6600;\"><a style=\"color: #ff6600;\" href=\"https:\/\/accesvalidat.ensenyament.gencat.cat\/pls\/apex\/f?p=20160079072543618:102:::NO:100,105,110,115:P100_MODIFICA:1\">\u00a0<\/a><\/span><\/h3>\n<\/td>\n<\/tr>\n<tr style=\"height: 34px;\">\n<td style=\"width: 1.54083%; height: 10px; background-color: #ffffff; text-align: center; vertical-align: top; border-style: hidden;\">\n<h1><span style=\"color: #99cc00;\"><strong>\u039f<\/strong><\/span><\/h1>\n<h3><span style=\"color: #3366ff;\">\u00a0<\/span><\/h3>\n<\/td>\n<td style=\"width: 75.3407%; height: 10px; border-style: hidden; background-color: #ffffff;\">\n<h5><span style=\"color: #000000;\"><strong>27 de juny de 2025<\/strong><\/span><\/h5>\n<h3><span style=\"color: #808080;\"><a href=\"https:\/\/drive.google.com\/file\/d\/1po-CIs2MfSPVq47sQrM7Fo90NKXqLhrC\/view?usp=drive_link\"><span style=\"text-decoration: underline;\"><span style=\"color: #ff6600; text-decoration: underline;\">Llista de sol\u00b7licituds<\/span><\/span><\/a> amb la puntuaci\u00f3 provisional<\/span><\/h3>\n<\/td>\n<\/tr>\n<tr style=\"height: 34px;\">\n<td style=\"width: 1.54083%; height: 10px; background-color: #ffffff; text-align: center; vertical-align: top; border-style: hidden;\">\n<h1><span style=\"color: #33cccc;\"><strong>\u039f<\/strong><\/span><\/h1>\n<\/td>\n<td style=\"width: 75.3407%; height: 10px; border-style: hidden; background-color: #ffffff;\">\n<h5><span style=\"color: #000000;\"><strong>Del 27 de juny al 2 de juliol de 2025<\/strong><\/span><\/h5>\n<h3><span style=\"color: #808080;\">Presentaci\u00f3 de reclamacions<\/span><\/h3>\n<\/td>\n<\/tr>\n<tr style=\"height: 125px;\">\n<td style=\"width: 1.54083%; background-color: #ffffff; text-align: center; vertical-align: top; border-style: hidden; height: 125px;\">\n<h1><span style=\"color: #ff6600;\"><strong>\u039f<\/strong><\/span><\/h1>\n<h1><span style=\"color: #33cccc;\"><strong>\u00a0<\/strong><\/span><\/h1>\n<\/td>\n<td style=\"width: 75.3407%; border-style: hidden; background-color: #ffffff; height: 125px;\">\n<h5><span style=\"color: #000000;\"><strong>4 de juliol de 2025<\/strong><\/span><\/h5>\n<h3><span style=\"color: #808080;\">Sorteig del n\u00famero de desempat a les 11 hores, als serveis centrals del Departament d&#8217;Educaci\u00f3 (Via Augusta, 202-226, Barcelona).<\/span><\/h3>\n<\/td>\n<\/tr>\n<tr style=\"height: 10px;\">\n<td style=\"width: 1.54083%; height: 10px; background-color: #ffffff; text-align: center; vertical-align: top; border-style: hidden;\">\n<h1><span style=\"color: #000000;\"><strong>\u039f<\/strong><\/span><\/h1>\n<\/td>\n<td style=\"width: 75.3407%; height: 10px; border-style: hidden; background-color: #ffffff;\">\n<h5><span style=\"color: #000000;\"><strong>7 de juliol de 2025<\/strong><\/span><\/h5>\n<h3><a href=\"https:\/\/drive.google.com\/file\/d\/1dkBUqsX8c5vaRIJ7e3dYLv-Caor8rMld\/view?usp=sharing\"><span style=\"text-decoration: underline;\"><span style=\"color: #ff6600; text-decoration: underline;\">Ll<\/span><\/span><span style=\"color: #808080;\"><span style=\"text-decoration: underline;\"><span style=\"color: #ff6600; text-decoration: underline;\">ista amb barem<\/span><\/span> un cop resoltes les reclamacions<\/span><\/a><\/h3>\n<\/td>\n<\/tr>\n<tr style=\"height: 37px;\">\n<td style=\"width: 1.54083%; height: 67px; background-color: #ffffff; text-align: center; vertical-align: top; border-style: hidden;\">\n<h1><span style=\"color: #339966;\"><strong>\u039f<\/strong><\/span><\/h1>\n<\/td>\n<td style=\"width: 75.3407%; height: 67px; border-style: hidden; background-color: #ffffff;\">\n<h5><span style=\"color: #000000;\"><strong>10 de juliol de 2025<\/strong><\/span><\/h5>\n<h3><span style=\"color: #808080;\"><span style=\"text-decoration: underline;\"><span style=\"color: #ff6600; text-decoration: underline;\">Oferta final<\/span><\/span><\/span><\/h3>\n<h3><span style=\"color: #808080;\"><span style=\"text-decoration: underline;\"><span style=\"color: #ff6600; text-decoration: underline;\"><a href=\"https:\/\/drive.google.com\/file\/d\/13B12V8hr8XyUfMvJ1pz9mp6PE9mrYs4U\/view?usp=sharing\">Llista d&#8217;alumnes admesos<\/a> <\/span><\/span><\/span><span style=\"color: #808080;\">de la primera tanda d&#8217;assignacions<\/span><\/h3>\n<\/td>\n<\/tr>\n<tr style=\"height: 34px;\">\n<td style=\"width: 1.54083%; height: 25px; background-color: #ffffff; text-align: center; vertical-align: top; border-style: hidden;\">\n<h1><span style=\"color: #ff0000;\"><strong>\u039f<\/strong><\/span><\/h1>\n<\/td>\n<td style=\"width: 75.3407%; height: 25px; border-style: hidden; background-color: #ffffff;\">\n<h5><strong><span style=\"color: #000000;\">De l&#8217;11 al 14 de juliol de 2025<\/span><\/strong><\/h5>\n<h3><span style=\"color: #808080;\"><span style=\"color: #ff6600;\">Confirma la matr\u00edcula o renuncia a la pla\u00e7a assignada <\/span><\/span><span style=\"color: #808080;\">alumnat 1a tanda<\/span><\/h3>\n<h3><span style=\"color: #808080;\">En aquest per\u00edode, pots:<\/span><\/h3>\n<h3><span style=\"color: #808080;\">&#8211; <span style=\"color: #ff6600;\">Confirmar la matr\u00edcula<\/span> en l\u00ednia si tens assignada la teva primera opci\u00f3 en la primera assignaci\u00f3; o<\/span><\/h3>\n<h3><span style=\"color: #808080;\">&#8211; <span style=\"color: #ff6600;\">Renunciar<\/span> a la pla\u00e7a assignada.<\/span><\/h3>\n<h3><span style=\"color: #808080;\">Has de tenir en compte que si ren\u00fancies o no fas la confirmaci\u00f3 de matr\u00edcula en l\u00ednia, perdr\u00e0s la pla\u00e7a assignada i quedar\u00e0s excl\u00f2s\/osa del proc\u00e9s.<\/span><\/h3>\n<h4><span style=\"color: #000000;\">Tot i haver confirmat la matr\u00edcula en l\u00ednia has de completar la matr\u00edcula adre\u00e7ant-te al centre assignat. Consulta l&#8217;apartat &#8216;A l&#8217;hora de completar la matriculaci\u00f3&#8217;.<\/span><\/h4>\n<\/td>\n<\/tr>\n<tr style=\"height: 34px;\">\n<td style=\"width: 1.54083%; height: 24px; background-color: #ffffff; text-align: center; vertical-align: top; border-style: hidden;\">\n<h1><span style=\"color: #ccffff;\"><strong>\u039f<\/strong><\/span><\/h1>\n<\/td>\n<td style=\"width: 75.3407%; height: 24px; border-style: hidden; background-color: #ffffff;\">\n<h5><strong><span style=\"color: #000000;\">18 de juliol de 2025<\/span><\/strong><\/h5>\n<h3><span style=\"color: #808080;\"><span style=\"text-decoration: underline;\"><span style=\"color: #ff6600; text-decoration: underline;\">Llista d&#8217;alumnes admesos <\/span><\/span><\/span><span style=\"color: #808080;\">de la segona tarda d&#8217;assignacions<\/span><\/h3>\n<\/td>\n<\/tr>\n<tr style=\"height: 34px;\">\n<td style=\"width: 1.54083%; height: 10px; background-color: #ffffff; text-align: center; vertical-align: top; border-style: hidden;\">\n<h1><span style=\"color: #ff99cc;\"><strong>\u039f<\/strong><\/span><\/h1>\n<\/td>\n<td style=\"width: 75.3407%; height: 10px; border-style: hidden; background-color: #ffffff;\">\n<h5><strong><span style=\"color: #000000;\">\u00a021 i 22 de juliol de 2025<\/span><\/strong><\/h5>\n<h3><span style=\"color: #808080;\"><span style=\"color: #ff6600;\">Confirma la matr\u00edcula o renuncia a la pla\u00e7a assignada <\/span><\/span><span style=\"color: #808080;\">alumnat 2a tanda<\/span><\/h3>\n<h3><span style=\"color: #808080;\">En aquest per\u00edode, pots:<\/span><\/h3>\n<h3><span style=\"color: #808080;\">&#8211; <span style=\"color: #ff6600;\">Confirmar la matr\u00edcula<\/span> en l\u00ednia si acceptes la pla\u00e7a assignada en la segona tanda d&#8217;assignaci\u00f3; o<\/span><\/h3>\n<h3><span style=\"color: #808080;\">&#8211; <span style=\"color: #ff6600;\">Renunciar a la pla\u00e7a assignada.<\/span><\/span><\/h3>\n<h3><span style=\"color: #808080;\">&#8211; <span style=\"color: #ff6600;\">Indicar que vols participar en la tercera tanda<\/span> per tal de millorar l&#8217;assignaci\u00f3 obtinguda a la segona tanda. Si no obtens una millor assignaci\u00f3 a la tercera tanda, tindr\u00e0s garantida la pla\u00e7a assignada en aquesta segona tanda.<\/span><\/h3>\n<h3><span style=\"color: #808080;\">Has de tenir en compte que si ren\u00fancies, no fas la confirmaci\u00f3 de matr\u00edcula en l\u00ednia o no indiques que vols participar en la tercera tanda, perdr\u00e0s la pla\u00e7a assignada i quedar\u00e0s excl\u00f2s\/osa del proc\u00e9s.<\/span><\/h3>\n<h4><span style=\"color: #000000;\">Tot i haver confirmat la matr\u00edcula en l\u00ednia has de completar la matr\u00edcula adre\u00e7ant-te al centre assignat. Consulta l&#8217;apartat &#8216;A l&#8217;hora de completar la matriculaci\u00f3&#8217;.<\/span><\/h4>\n<\/td>\n<\/tr>\n<tr style=\"height: 33px;\">\n<td style=\"width: 1.54083%; height: 10px; background-color: #ffffff; text-align: center; vertical-align: top; border-style: hidden;\">\n<h1><span style=\"color: #ff6600;\"><strong>\u039f<\/strong><\/span><\/h1>\n<\/td>\n<td style=\"width: 75.3407%; height: 10px; border-style: hidden; background-color: #ffffff;\">\n<h5><span style=\"color: #000000;\"><strong>29 de juliol de 2025<\/strong><\/span><\/h5>\n<h3><span style=\"color: #808080;\"><span style=\"text-decoration: underline;\"><span style=\"color: #ff6600; text-decoration: underline;\">Llista d&#8217;alumnes admesos <\/span><\/span><\/span><span style=\"color: #808080;\">de la tercera tarda d&#8217;assignacions<\/span><\/h3>\n<\/td>\n<\/tr>\n<tr style=\"height: 345px;\">\n<td style=\"width: 1.54083%; background-color: #ffffff; text-align: center; vertical-align: top; border-style: hidden; height: 345px;\">\n<h1><span style=\"color: #99cc00;\"><strong>\u039f<\/strong><\/span><\/h1>\n<h1><span style=\"color: #ff6600;\"><strong>\u00a0<\/strong><\/span><\/h1>\n<\/td>\n<td style=\"width: 75.3407%; border-style: hidden; background-color: #ffffff; height: 345px;\">\n<h5><strong><span style=\"color: #000000;\">\u00a030 i 31 de juliol de 2025<\/span><\/strong><\/h5>\n<h3><span style=\"color: #808080;\"><span style=\"color: #ff6600;\">Confirma la matr\u00edcula o renuncia a la pla\u00e7a assignada <\/span><\/span><span style=\"color: #808080;\">alumnat 3a tanda<\/span><\/h3>\n<h3><span style=\"color: #808080;\">En aquest per\u00edode, pots:<\/span><\/h3>\n<h3><span style=\"color: #808080;\">&#8211; Confirmar la matr\u00edcula en l\u00ednia si acceptes la pla\u00e7a assignada en la segona tanda d&#8217;assignaci\u00f3; o<\/span><\/h3>\n<h3><span style=\"color: #808080;\">&#8211; Renunciar a la pla\u00e7a assignada.<\/span><\/h3>\n<h3><span style=\"color: #808080;\">Has de tenir en compte que si no fas la confirmaci\u00f3 de matr\u00edcula en l\u00ednia quedar\u00e0s excl\u00f2s\/osa del proc\u00e9s.<\/span><\/h3>\n<h4><span style=\"color: #000000;\">Tot i haver confirmat la matr\u00edcula en l\u00ednia has de completar la matr\u00edcula adre\u00e7ant-te al centre assignat. Consulta l&#8217;apartat &#8216;A l&#8217;hora de completar la matriculaci\u00f3&#8217;.<\/span><\/h4>\n<\/td>\n<\/tr>\n<\/tbody>\n<\/table>\n<ul>\n<li><a href=\"https:\/\/preinscripcio.gencat.cat\/ca\/estudis\/batxillerat\/informat\/busca-centre\/\">Busca l&#8217;escola o centre educatiu<\/a><\/li>\n<li><a href=\"https:\/\/preinscripcio.gencat.cat\/ca\/estudis\/fp-grau-superior\/informat\/calendari\/\">Consulteu el calendari complet al web Preinscripci\u00f3<\/a><\/li>\n<li><a href=\"https:\/\/preinscripcio.gencat.cat\/ca\/estudis\/fp-grau-superior\/informat\/prepara-documentacio\/\">Prepara la documentaci\u00f3 que, si escau, haur\u00e0s d&#8217;adjuntar a la sol\u00b7licitud<\/a><\/li>\n<li><a href=\"https:\/\/preinscripcio.gencat.cat\/ca\/estudis\/fp-grau-superior\/preinscriute\/sollicitud\/\">Com fer la sol\u00b7licitud de preinscripci\u00f3<\/a><\/li>\n<li><a href=\"https:\/\/preinscripcio.gencat.cat\/ca\/estudis\/fp-grau-superior\/informat\/criteris-assignacio\/\">Criteris d\u2019assignaci\u00f3<\/a><\/li>\n<li><a href=\"https:\/\/preinscripcio.gencat.cat\/ca\/estudis\/fp-grau-superior\/informat\/calendari\/\">Podeu trobar tota la informaci\u00f3 sobre la Preinscripci\u00f3 a la web que ha habilitat el Departament:\u00a0\u00a0<\/a><\/li>\n<\/ul>\n","protected":false},"excerpt":{"rendered":"<p>\u039f<\/p>\n<p><a style=\"color: #ff6600; text-decoration: underline;\" href=\"https:\/\/docs.google.com\/forms\/d\/e\/1FAIpQLScl3i9J_jTdBNjDb9mPjYlXJOMPGyR2vcA0eWF4eSpAIJS1hg\/viewform\">Demana cita per venir a con\u00e8ixer-nos a les portes obertes<\/a><\/p>\n<p>\u039f<\/p>\n<p><a class=\"\" style=\"color: #ff6600; text-decoration: underline;\" title=\"Ves-hi\" href=\"https:\/\/preinscripcio.gencat.cat\/ca\/estudis\/fp-grau-superior\/informat\/consulta-notes-tall\/\" target=\"_self\" rel=\"noopener\">Consulta les notes de tall per accedir a cicles de grau superior<\/a><\/p>\n<p>\u039f<\/p>\n<p>22 de maig de 2025<br \/>\n<a href=\"https:\/\/drive.google.com\/file\/d\/1w-J4kJJHNUCR24ZjRfoR68cenxhoMfBW\/view?usp=sharing\">Publicaci\u00f3 de l&#8217;oferta inicial<\/a><\/p>\n<p>\u039f<\/p>\n<p>Del 23 al&hellip;  <a href=\"https:\/\/agora.xtec.cat\/iesmaremar\/secretaria\/preinscripcio\/preinscripcio-cicles-grau-superior-23-24\/\" title=\"Read Preinscripci\u00f3 cicle formatiu grau superior\">Llegeix m\u00e9s\u00bb<\/a><\/p>\n","protected":false},"author":12,"featured_media":0,"parent":7322,"menu_order":3,"comment_status":"closed","ping_status":"closed","template":"page-templates\/side-menu.php","meta":{"_bbp_topic_count":0,"_bbp_reply_count":0,"_bbp_total_topic_count":0,"_bbp_total_reply_count":0,"_bbp_voice_count":0,"_bbp_anonymous_reply_count":0,"_bbp_topic_count_hidden":0,"_bbp_reply_count_hidden":0,"_bbp_forum_subforum_count":0,"footnotes":""},"class_list":["post-6937","page","type-page","status-publish","hentry"],"post_mailing_queue_ids":[],"_links":{"self":[{"href":"https:\/\/agora.xtec.cat\/iesmaremar\/wp-json\/wp\/v2\/pages\/6937","targetHints":{"allow":["GET"]}}],"collection":[{"href":"https:\/\/agora.xtec.cat\/iesmaremar\/wp-json\/wp\/v2\/pages"}],"about":[{"href":"https:\/\/agora.xtec.cat\/iesmaremar\/wp-json\/wp\/v2\/types\/page"}],"author":[{"embeddable":true,"href":"https:\/\/agora.xtec.cat\/iesmaremar\/wp-json\/wp\/v2\/users\/12"}],"replies":[{"embeddable":true,"href":"https:\/\/agora.xtec.cat\/iesmaremar\/wp-json\/wp\/v2\/comments?post=6937"}],"version-history":[{"count":7,"href":"https:\/\/agora.xtec.cat\/iesmaremar\/wp-json\/wp\/v2\/pages\/6937\/revisions"}],"predecessor-version":[{"id":10495,"href":"https:\/\/agora.xtec.cat\/iesmaremar\/wp-json\/wp\/v2\/pages\/6937\/revisions\/10495"}],"up":[{"embeddable":true,"href":"https:\/\/agora.xtec.cat\/iesmaremar\/wp-json\/wp\/v2\/pages\/7322"}],"wp:attachment":[{"href":"https:\/\/agora.xtec.cat\/iesmaremar\/wp-json\/wp\/v2\/media?parent=6937"}],"curies":[{"name":"wp","href":"https:\/\/api.w.org\/{rel}","templated":true}]}}