{"id":6922,"date":"2023-03-23T11:20:24","date_gmt":"2023-03-23T10:20:24","guid":{"rendered":"https:\/\/agora.xtec.cat\/iesmaremar\/?page_id=6922"},"modified":"2026-03-04T23:36:57","modified_gmt":"2026-03-04T22:36:57","slug":"preinscripcio-batxillerat-23-24","status":"publish","type":"page","link":"https:\/\/agora.xtec.cat\/iesmaremar\/secretaria\/preinscripcio\/preinscripcio-batxillerat-23-24\/","title":{"rendered":"Preinscripci\u00f3 Batxillerat"},"content":{"rendered":"<table>\n<tbody>\n<tr style=\"height: 10px;\">\n<td style=\"width: 1.56006%; height: 10px; background-color: #ffffff; text-align: center; vertical-align: top; border-style: hidden;\">\n<h1><span style=\"color: #ff6600;\"><strong>\u039f<\/strong><\/span><\/h1>\n<\/td>\n<td style=\"width: 75.3216%; height: 10px; border-style: hidden; background-color: #ffffff;\">\n<h5><span style=\"color: #000000;\"><strong>8 d&#8217;abril de 2026<\/strong><\/span><\/h5>\n<h3><a href=\"https:\/\/drive.google.com\/file\/d\/1xqtzgqY_K-KIfxx5njvmd5R_g9D9R1-g\/view?usp=sharing\"><span style=\"text-decoration: underline; color: #ff6600;\">Publicaci\u00f3 de l&#8217;oferta inicial<\/span><\/a><\/h3>\n<\/td>\n<\/tr>\n<tr style=\"height: 34px;\">\n<td style=\"width: 1.56006%; height: 76px; background-color: #ffffff; text-align: center; vertical-align: top; border-style: hidden;\">\n<h1><span style=\"color: #ffff00;\"><strong>\u039f<\/strong><\/span><\/h1>\n<\/td>\n<td style=\"width: 75.3216%; height: 76px; border-style: hidden; background-color: #ffffff;\" width=\"702\">\n<h5><span style=\"color: #000000;\"><strong>Del 9 al 16 d&#8217;abril de 2026<\/strong><\/span><\/h5>\n<h3><span style=\"color: #808080;\">Per\u00edode de<a href=\"https:\/\/educacio.gencat.cat\/ca\/tramits\/tramits-temes\/preinscripcio-batxillerat?&amp;moda=1\"><span style=\"text-decoration: underline; color: #ff6600;\"> presentaci\u00f3 de\u00a0 sol\u00b7licituds<\/span><\/a>, ambd\u00f3s inclosos. Es pot presentar la documentaci\u00f3 fins al 17 d&#8217;abril.<\/span><\/h3>\n<\/td>\n<\/tr>\n<tr style=\"height: 34px;\">\n<td style=\"width: 1.56006%; height: 69px; background-color: #ffffff; text-align: center; vertical-align: top; border-style: hidden;\"><\/td>\n<td style=\"width: 75.3216%; height: 69px; border-style: hidden; background-color: #ffffff;\" width=\"702\">\n<h3><span style=\"color: #808080;\">Les sol\u00b7licituds s\u2019han de presentar en format telem\u00e0tic, <strong>no hi ha la possibilitat de full de preinscripci\u00f3 en paper.<\/strong><\/span><\/h3>\n<\/td>\n<\/tr>\n<tr style=\"height: 34px;\">\n<td style=\"width: 1.56006%; height: 10px; background-color: #ffffff; text-align: center; vertical-align: top; border-style: hidden;\">\n<h1><span style=\"color: #99cc00;\"><strong>\u039f<\/strong><\/span><\/h1>\n<h3><span style=\"color: #3366ff;\">\u00a0<\/span><\/h3>\n<\/td>\n<td style=\"width: 75.3216%; height: 10px; border-style: hidden; background-color: #ffffff;\">\n<h5><span style=\"color: #000000;\"><strong>14 de maig de 2026<\/strong><\/span><\/h5>\n<h3><span style=\"color: #808080;\"><a href=\"https:\/\/drive.google.com\/file\/d\/1XqH4NPAUVgQ3Ui6A_wEWOWpfwrRktlGB\/view?usp=sharing\"><span style=\"text-decoration: underline;\"><span style=\"color: #ff6600; text-decoration: underline;\">Llista de sol\u00b7licituds<\/span><\/span><\/a> amb la puntuaci\u00f3 provisional.<\/span><\/h3>\n<\/td>\n<\/tr>\n<tr style=\"height: 34px;\">\n<td style=\"width: 1.56006%; height: 10px; background-color: #ffffff; text-align: center; vertical-align: top; border-style: hidden;\">\n<h1><span style=\"color: #33cccc;\"><strong>\u039f<\/strong><\/span><\/h1>\n<\/td>\n<td style=\"width: 75.3216%; height: 10px; border-style: hidden; background-color: #ffffff;\">\n<h5><span style=\"color: #000000;\"><strong>Del 14 al 20 de maig de 2026<\/strong><\/span><\/h5>\n<h3><span style=\"color: #808080;\">Presentaci\u00f3 de reclamacions.<\/span><\/h3>\n<\/td>\n<\/tr>\n<tr style=\"height: 34px;\">\n<td style=\"width: 1.56006%; height: 29px; background-color: #ffffff; text-align: center; vertical-align: top; border-style: hidden;\">\n<h1><span style=\"color: #cc99ff;\"><strong>\u039f<\/strong><\/span><\/h1>\n<\/td>\n<td style=\"width: 75.3216%; height: 29px; border-style: hidden; background-color: #ffffff;\">\n<h5><span style=\"color: #000000;\"><strong>26 de maig de 2026<\/strong><\/span><\/h5>\n<h3><span style=\"color: #808080;\"><a href=\"https:\/\/drive.google.com\/file\/d\/1-k48acpTGZXHZ-0J15FKsBw07uNfStXN\/view?usp=drive_link\"><span style=\"text-decoration: underline; color: #ff6600;\">Llista de sol\u00b7licituds<\/span><\/a> amb la puntuaci\u00f3 un cop resoltes les reclamacions.\u00a0<\/span><\/h3>\n<h3><span style=\"color: #808080;\">Sorteig del n\u00famero de desempat a les 11 hores, als serveis centrals del Departament d&#8217;Educaci\u00f3 (Via Augusta, 202-226, Barcelona).<\/span><\/h3>\n<\/td>\n<\/tr>\n<tr style=\"height: 34px;\">\n<td style=\"width: 1.56006%; height: 10px; background-color: #ffffff; text-align: center; vertical-align: top; border-style: hidden;\">\n<h1><span style=\"color: #003366;\"><strong>\u039f<\/strong><\/span><\/h1>\n<\/td>\n<td style=\"width: 75.3216%; height: 10px; border-style: hidden; background-color: #ffffff;\">\n<h5><span style=\"color: #000000;\"><strong>29 de maig de 2026<\/strong><\/span><\/h5>\n<h3><span style=\"color: #808080;\"><a href=\"https:\/\/drive.google.com\/file\/d\/1z2U5Uq1r7iB1elxlbHH-8DlhgrgFB_NF\/view?usp=drive_link\"><span style=\"text-decoration: underline; color: #ff6600;\">Llista ordenada.<\/span><\/a><\/span><\/h3>\n<\/td>\n<\/tr>\n<tr style=\"height: 34px;\">\n<td style=\"width: 1.56006%; height: 24px; background-color: #ffffff; text-align: center; vertical-align: top; border-style: hidden;\">\n<h1><span style=\"color: #ccffff;\"><strong>\u039f<\/strong><\/span><\/h1>\n<\/td>\n<td style=\"width: 75.3216%; height: 24px; border-style: hidden; background-color: #ffffff;\">\n<h5><strong><span style=\"color: #000000;\">17 de juny de 2026<\/span><\/strong><\/h5>\n<h3><span style=\"color: #808080;\">Publicaci\u00f3 de:<\/span><\/h3>\n<h3><a href=\"https:\/\/drive.google.com\/file\/d\/18SLcwmN77erEZ7cg1he3lK59NZq3slX4\/view?usp=sharing\"><span style=\"color: #808080;\"><span style=\"text-decoration: underline;\"><span style=\"color: #ff6600; text-decoration: underline;\">Oferta final.<\/span><\/span><\/span><\/a><\/h3>\n<h3><a href=\"https:\/\/drive.google.com\/file\/d\/1eOqtkw1bBq-YTXwH1jn1Trs0UBGAeF0R\/view?usp=sharing\"><span style=\"color: #808080;\"><span style=\"text-decoration: underline;\"><span style=\"color: #ff6600; text-decoration: underline;\">Llista d&#8217;alumnes admesos.<\/span><\/span><\/span><\/a><\/h3>\n<h3><a href=\"https:\/\/drive.google.com\/file\/d\/1Kf9rE201bjf_ivTs-q8kpGerfPpZnj5y\/view?usp=sharing\"><span style=\"color: #808080;\"><span style=\"text-decoration: underline;\"><span style=\"color: #ff6600; text-decoration: underline;\">Llista d&#8217;espera.<\/span><\/span><\/span><\/a><\/h3>\n<\/td>\n<\/tr>\n<tr style=\"height: 34px;\">\n<td style=\"width: 1.56006%; height: 10px; background-color: #ffffff; text-align: center; vertical-align: top; border-style: hidden;\">\n<h1><span style=\"color: #ff99cc;\"><strong>\u039f<\/strong><\/span><\/h1>\n<\/td>\n<td style=\"width: 75.3216%; height: 10px; border-style: hidden; background-color: #ffffff;\">\n<h5><strong><span style=\"color: #000000;\">Del 18 de juny al 30 de juny de 2026<\/span><\/strong><\/h5>\n<h3><span style=\"color: #ff6600;\">Matriculaci\u00f3<span style=\"color: #808080;\"> de l&#8217;alumnat assignat.\u00a0<\/span><\/span><\/h3>\n<\/td>\n<\/tr>\n<tr style=\"height: 33px;\">\n<td style=\"width: 1.56006%; height: 10px; background-color: #ffffff; text-align: center; vertical-align: top; border-style: hidden;\">\n<h1><span style=\"color: #ff0000;\"><strong>\u039f<\/strong><\/span><\/h1>\n<\/td>\n<td style=\"width: 75.3216%; height: 10px; border-style: hidden; background-color: #ffffff;\">\n<h5><strong><span style=\"color: #000000;\">De l&#8217;1 a l&#8217;10 de juliol de 2026<\/span><\/strong><\/h5>\n<h3><span style=\"color: #808080;\">Gesti\u00f3 llistes d&#8217;espera.<\/span><\/h3>\n<\/td>\n<\/tr>\n<\/tbody>\n<\/table>\n<p>Pots consultar m\u00e9s informaci\u00f3 als seg\u00fcents enlla\u00e7os:<\/p>\n<ul>\n<li><a href=\"https:\/\/preinscripcio.gencat.cat\/ca\/estudis\/batxillerat\/informat\/busca-centre\/\">Busca l&#8217;escola o centre educatiu<\/a><\/li>\n<li><a href=\"Coneix%20les%20dates%20clau%20del%20calendari%20i%20les%20accions%20associades\">Consulta el calendari complet al web Preinscripci\u00f3.<\/a><\/li>\n<li><a href=\"https:\/\/preinscripcio.gencat.cat\/ca\/estudis\/batxillerat\/informat\/prepara-documentacio\/\">Prepara la documentaci\u00f3 que, si escau, haur\u00e0s d&#8217;adjuntar a la sol\u00b7licitud<\/a><\/li>\n<li><a href=\"Fes%20la%20sol\u00b7licitud%20de%20preinscripci\u00f3%20i%20presenta-la\">Com fer la sol\u00b7licitud de preinscripci\u00f3<\/a><\/li>\n<li><a href=\"https:\/\/preinscripcio.gencat.cat\/ca\/estudis\/batxillerat\/informat\/criteris-assignacio\/\">Criteris d\u2019assignaci\u00f3<\/a><\/li>\n<li><a href=\"https:\/\/preinscripcio.gencat.cat\/ca\/estudis\/batxillerat\/inici\/\">Pots trobar tota la informaci\u00f3 sobre la Preinscripci\u00f3 a la web que ha habilitat el Departament:<\/a><\/li>\n<\/ul>\n<p><span style=\"color: #ff9900;\"><strong>Centres i ensenyaments adscrits a l\u2019Institut Maremar:<\/strong><\/span><br \/>\n08077393 Institut Escola Llu\u00eds Millet (El Masnou)<br \/>\n08061117 Institut Tur\u00f3 d&#8217;en Baldiri (Tei\u00e0)<\/p>\n<p>&nbsp;<\/p>\n<hr \/>\n<ul>\n<li><a href=\"https:\/\/drive.google.com\/file\/d\/1lrHjvL2uJx1CkFJpeUkXcIZZxqC2zNyV\/view?usp=sharing\">Llibres 1r batxillerat curs 2025-2026<\/a><\/li>\n<li><a href=\"https:\/\/drive.google.com\/file\/d\/1qovc0v8F_4s-zXIBvDjs4k17_4eWyLZq\/view?usp=sharing\">Llibres 2n batxillerat curs 2025-2026<\/a><\/li>\n<\/ul>\n","protected":false},"excerpt":{"rendered":"<p>\u039f<\/p>\n<p>8 d&#8217;abril de 2026<br \/>\n<a href=\"https:\/\/drive.google.com\/file\/d\/1xqtzgqY_K-KIfxx5njvmd5R_g9D9R1-g\/view?usp=sharing\">Publicaci\u00f3 de l&#8217;oferta inicial<\/a><\/p>\n<p>\u039f<\/p>\n<p>Del 9 al 16 d&#8217;abril de 2026<br \/>\nPer\u00edode de<a href=\"https:\/\/educacio.gencat.cat\/ca\/tramits\/tramits-temes\/preinscripcio-batxillerat?&amp;moda=1\"> presentaci\u00f3 de\u00a0 sol\u00b7licituds<\/a>, ambd\u00f3s inclosos. Es pot presentar la documentaci\u00f3 fins al 17 d&#8217;abril.<\/p>\n<p>Les sol\u00b7licituds s\u2019han de presentar en format telem\u00e0tic, no hi ha la possibilitat de full de&hellip;  <a href=\"https:\/\/agora.xtec.cat\/iesmaremar\/secretaria\/preinscripcio\/preinscripcio-batxillerat-23-24\/\" title=\"Read Preinscripci\u00f3 Batxillerat\">Llegeix m\u00e9s\u00bb<\/a><\/p>\n","protected":false},"author":12,"featured_media":0,"parent":7322,"menu_order":1,"comment_status":"closed","ping_status":"closed","template":"page-templates\/side-menu.php","meta":{"_bbp_topic_count":0,"_bbp_reply_count":0,"_bbp_total_topic_count":0,"_bbp_total_reply_count":0,"_bbp_voice_count":0,"_bbp_anonymous_reply_count":0,"_bbp_topic_count_hidden":0,"_bbp_reply_count_hidden":0,"_bbp_forum_subforum_count":0,"footnotes":""},"class_list":["post-6922","page","type-page","status-publish","hentry"],"post_mailing_queue_ids":[],"_links":{"self":[{"href":"https:\/\/agora.xtec.cat\/iesmaremar\/wp-json\/wp\/v2\/pages\/6922","targetHints":{"allow":["GET"]}}],"collection":[{"href":"https:\/\/agora.xtec.cat\/iesmaremar\/wp-json\/wp\/v2\/pages"}],"about":[{"href":"https:\/\/agora.xtec.cat\/iesmaremar\/wp-json\/wp\/v2\/types\/page"}],"author":[{"embeddable":true,"href":"https:\/\/agora.xtec.cat\/iesmaremar\/wp-json\/wp\/v2\/users\/12"}],"replies":[{"embeddable":true,"href":"https:\/\/agora.xtec.cat\/iesmaremar\/wp-json\/wp\/v2\/comments?post=6922"}],"version-history":[{"count":6,"href":"https:\/\/agora.xtec.cat\/iesmaremar\/wp-json\/wp\/v2\/pages\/6922\/revisions"}],"predecessor-version":[{"id":10899,"href":"https:\/\/agora.xtec.cat\/iesmaremar\/wp-json\/wp\/v2\/pages\/6922\/revisions\/10899"}],"up":[{"embeddable":true,"href":"https:\/\/agora.xtec.cat\/iesmaremar\/wp-json\/wp\/v2\/pages\/7322"}],"wp:attachment":[{"href":"https:\/\/agora.xtec.cat\/iesmaremar\/wp-json\/wp\/v2\/media?parent=6922"}],"curies":[{"name":"wp","href":"https:\/\/api.w.org\/{rel}","templated":true}]}}