{"id":6907,"date":"2023-03-23T10:42:05","date_gmt":"2023-03-23T09:42:05","guid":{"rendered":"https:\/\/agora.xtec.cat\/iesmaremar\/?page_id=6907"},"modified":"2026-03-05T09:30:21","modified_gmt":"2026-03-05T08:30:21","slug":"preinscripcio-eso-23-24","status":"publish","type":"page","link":"https:\/\/agora.xtec.cat\/iesmaremar\/secretaria\/preinscripcio\/preinscripcio-eso-23-24\/","title":{"rendered":"Preinscripci\u00f3 ESO"},"content":{"rendered":"<div class=\"wrapper_list_needToKnow-group-article\">\n<div class=\"list_needToKnow-group-item-paragraph\">\n<div class=\"link-dotted\"><\/div>\n<table style=\"width: 85.0799%; height: 451px;\">\n<tbody>\n<tr style=\"height: 10px;\">\n<td style=\"width: 1.56006%; height: 10px; background-color: #ffffff; text-align: center; vertical-align: top; border-style: hidden;\">\n<h1><span style=\"color: #ff6600;\"><strong>\u039f<\/strong><\/span><\/h1>\n<\/td>\n<td style=\"width: 75.3216%; height: 10px; border-style: hidden; background-color: #ffffff;\">\n<h5><span style=\"color: #000000;\"><strong>06 de mar\u00e7 de 2026<\/strong><\/span><\/h5>\n<h3><span style=\"text-decoration: underline; color: #ff6600;\"><a style=\"color: #ff6600; text-decoration: underline;\" href=\"https:\/\/drive.google.com\/file\/d\/12tOe_kI_sFLcqn3K94Z_5wt7_PJlGoCN\/view?usp=sharing\">Publicaci\u00f3 de l&#8217;oferta inicial<\/a><\/span><\/h3>\n<\/td>\n<\/tr>\n<tr style=\"height: 34px;\">\n<td style=\"width: 1.56006%; height: 76px; background-color: #ffffff; text-align: center; vertical-align: top; border-style: hidden;\">\n<h1><span style=\"color: #ffff00;\"><strong>\u039f<\/strong><\/span><\/h1>\n<\/td>\n<td style=\"width: 75.3216%; height: 76px; border-style: hidden; background-color: #ffffff;\" width=\"702\">\n<h5><span style=\"color: #000000;\"><strong>Del 06 al 18 de mar\u00e7 de 2026<\/strong><\/span><\/h5>\n<h3><span style=\"color: #808080;\">Per\u00edode de<a href=\"https:\/\/educacio.gencat.cat\/ca\/tramits\/tramits-temes\/perinscripcio-obligatoris?&amp;moda=3\"><span style=\"text-decoration: underline; color: #ff6600;\"> presentaci\u00f3 de\u00a0 sol\u00b7licituds<\/span><\/a>, ambd\u00f3s inclosos. Es pot presentar la documentaci\u00f3 fins al 19 de mar\u00e7.<\/span><\/h3>\n<\/td>\n<\/tr>\n<tr style=\"height: 34px;\">\n<td style=\"width: 1.56006%; height: 69px; background-color: #ffffff; text-align: center; vertical-align: top; border-style: hidden;\"><\/td>\n<td style=\"width: 75.3216%; height: 69px; border-style: hidden; background-color: #ffffff;\" width=\"702\">\n<h3><span style=\"color: #808080;\">Les sol\u00b7licituds s\u2019han de presentar en format telem\u00e0tic, <strong>no hi ha la possibilitat de full de preinscripci\u00f3 en paper.<\/strong><\/span><\/h3>\n<\/td>\n<\/tr>\n<tr style=\"height: 34px;\">\n<td style=\"width: 1.56006%; height: 10px; background-color: #ffffff; text-align: center; vertical-align: top; border-style: hidden;\">\n<h1><span style=\"color: #99cc00;\"><strong>\u039f<\/strong><\/span><\/h1>\n<h3><span style=\"color: #3366ff;\">\u00a0<\/span><\/h3>\n<\/td>\n<td style=\"width: 75.3216%; height: 10px; border-style: hidden; background-color: #ffffff;\">\n<h5><span style=\"color: #000000;\"><strong>15 d&#8217;abril de 2026<\/strong><\/span><\/h5>\n<h3><span style=\"color: #808080;\"><span style=\"text-decoration: underline;\"><span style=\"color: #ff6600; text-decoration: underline;\">Llista de sol\u00b7licituds<\/span><\/span> amb la puntuaci\u00f3 provisional.\u00a0<\/span><\/h3>\n<\/td>\n<\/tr>\n<tr style=\"height: 34px;\">\n<td style=\"width: 1.56006%; height: 10px; background-color: #ffffff; text-align: center; vertical-align: top; border-style: hidden;\">\n<h1><span style=\"color: #33cccc;\"><strong>\u039f<\/strong><\/span><\/h1>\n<\/td>\n<td style=\"width: 75.3216%; height: 10px; border-style: hidden; background-color: #ffffff;\">\n<h5><span style=\"color: #000000;\"><strong>Del 15 al 20 d&#8217;abril de 2026<\/strong><\/span><\/h5>\n<h3><span style=\"color: #808080;\">Presentaci\u00f3 de reclamacions.<\/span><\/h3>\n<\/td>\n<\/tr>\n<tr style=\"height: 34px;\">\n<td style=\"width: 1.56006%; height: 29px; background-color: #ffffff; text-align: center; vertical-align: top; border-style: hidden;\">\n<h1><span style=\"color: #cc99ff;\"><strong>\u039f<\/strong><\/span><\/h1>\n<\/td>\n<td style=\"width: 75.3216%; height: 29px; border-style: hidden; background-color: #ffffff;\">\n<h5><span style=\"color: #000000;\"><strong>23 d&#8217;abril de 2026<\/strong><\/span><\/h5>\n<h3><span style=\"color: #808080;\"><span style=\"text-decoration: underline;\"><span style=\"color: #ff6600; text-decoration: underline;\">Llista de sol\u00b7licituds<\/span><\/span> amb la puntuaci\u00f3 un cop resoltes les reclamacions.\u00a0\u00a0<\/span><\/h3>\n<\/td>\n<\/tr>\n<tr style=\"height: 10px;\">\n<td style=\"width: 1.56006%; height: 10px; background-color: #ffffff; text-align: center; vertical-align: top; border-style: hidden;\">\n<h1><span style=\"color: #000000;\"><strong>\u039f<\/strong><\/span><\/h1>\n<\/td>\n<td style=\"width: 75.3216%; height: 10px; border-style: hidden; background-color: #ffffff;\">\n<h5><span style=\"color: #000000;\"><strong>28 d&#8217;abril de 2026<\/strong><\/span><\/h5>\n<h3><span style=\"color: #808080;\">Sorteig del n\u00famero de desempat a les 11 hores, als serveis centrals del Departament d&#8217;Educaci\u00f3 (Via Augusta, 202-226, Barcelona).<\/span><\/h3>\n<\/td>\n<\/tr>\n<tr style=\"height: 34px;\">\n<td style=\"width: 1.56006%; height: 10px; background-color: #ffffff; text-align: center; vertical-align: top; border-style: hidden;\">\n<h1><span style=\"color: #00ccff;\"><strong>\u039f<\/strong><\/span><\/h1>\n<\/td>\n<td style=\"width: 75.3216%; height: 10px; border-style: hidden; background-color: #ffffff;\">\n<h5><span style=\"color: #000000;\"><strong>29 d&#8217;abril de 2026<\/strong><\/span><\/h5>\n<h3><span style=\"color: #808080;\"><span style=\"text-decoration: underline; color: #ff6600;\">Llista ordenada<\/span>, a partir de les 11 hores.<\/span><\/h3>\n<\/td>\n<\/tr>\n<tr style=\"height: 37px;\">\n<td style=\"width: 1.56006%; height: 81px; background-color: #ffffff; text-align: center; vertical-align: top; border-style: hidden;\">\n<h1><span style=\"color: #339966;\"><strong>\u039f<\/strong><\/span><\/h1>\n<\/td>\n<td style=\"width: 75.3216%; height: 81px; border-style: hidden; background-color: #ffffff;\">\n<h5><strong><span style=\"color: #000000;\">Del 13 al 14 de maig de 2026<\/span><\/strong><\/h5>\n<h3><span style=\"color: #808080;\">Ampliaci\u00f3 de peticions &#8211; per a alumnes NEE B que necessiten assignaci\u00f3 d&#8217;ofici i no s&#8217;han assignat per petici\u00f3 original &#8211; (fam\u00edlies).<\/span><\/h3>\n<\/td>\n<\/tr>\n<tr style=\"height: 34px;\">\n<td style=\"width: 1.56006%; height: 102px; background-color: #ffffff; text-align: center; vertical-align: top; border-style: hidden;\">\n<h1><span style=\"color: #ff0000;\"><strong>\u039f<\/strong><\/span><\/h1>\n<p><strong><span style=\"color: #008080;\">\u00a0<\/span><\/strong><\/td>\n<td style=\"width: 75.3216%; height: 102px; border-style: hidden; background-color: #ffffff;\">\n<h5><strong><span style=\"color: #000000;\">De l&#8217;1 al 3 de juny de 2026<\/span><\/strong><\/h5>\n<h3><span style=\"color: #808080;\">Ampliaci\u00f3 de peticions &#8211; per a alumnes ordinaris que necessiten assignaci\u00f3 d&#8217;ofici i no s&#8217;han assignat per petici\u00f3 original &#8211; (fam\u00edlies).<\/span><\/h3>\n<\/td>\n<\/tr>\n<tr style=\"height: 34px;\">\n<td style=\"width: 1.56006%; height: 24px; background-color: #ffffff; text-align: center; vertical-align: top; border-style: hidden;\">\n<h1><span style=\"color: #ccffff;\"><strong>\u039f<\/strong><\/span><\/h1>\n<\/td>\n<td style=\"width: 75.3216%; height: 24px; border-style: hidden; background-color: #ffffff;\">\n<h5><strong><span style=\"color: #000000;\">10 de juny de 2026<\/span><\/strong><\/h5>\n<h3><span style=\"color: #808080;\">Publicaci\u00f3 de:<\/span><\/h3>\n<h3><span style=\"color: #808080;\"><span style=\"text-decoration: underline;\"><span style=\"color: #ff6600; text-decoration: underline;\">Oferta final.<\/span><\/span><\/span><\/h3>\n<h3><span style=\"color: #ff6600;\"><span style=\"text-decoration: underline;\">Llista d&#8217;alumnes admesos. <\/span><\/span><\/h3>\n<h3><span style=\"color: #808080;\"><span style=\"text-decoration: underline;\"><span style=\"color: #ff6600; text-decoration: underline;\">Llista d&#8217;espera.<\/span><\/span><\/span><\/h3>\n<\/td>\n<\/tr>\n<tr style=\"height: 34px;\">\n<td style=\"width: 1.56006%; height: 10px; background-color: #ffffff; text-align: center; vertical-align: top; border-style: hidden;\">\n<h1><span style=\"color: #ff99cc;\"><strong>\u039f<\/strong><\/span><\/h1>\n<\/td>\n<td style=\"width: 75.3216%; height: 10px; border-style: hidden; background-color: #ffffff;\">\n<h5><strong><span style=\"color: #000000;\">Del 22 al 30 de juny de 2026<\/span><\/strong><\/h5>\n<h3><span style=\"color: #ff6600;\">Matriculaci\u00f3<span style=\"color: #808080;\"> de l&#8217;alumnat assignat.\u00a0<\/span><\/span><\/h3>\n<\/td>\n<\/tr>\n<tr style=\"height: 33px;\">\n<td style=\"width: 1.56006%; height: 10px; background-color: #ffffff; text-align: center; vertical-align: top; border-style: hidden;\">\n<h1><span style=\"color: #ff6600;\"><strong>\u039f<\/strong><\/span><\/h1>\n<\/td>\n<td style=\"width: 75.3216%; height: 10px; border-style: hidden; background-color: #ffffff;\">\n<h5><strong><span style=\"color: #000000;\">30 de setembre de 2026<\/span><\/strong><\/h5>\n<h3><span style=\"color: #808080;\">Llistes d&#8217;alumnes matriculats procedents de preinscripci\u00f3 i nova admissi\u00f3.<\/span><\/h3>\n<\/td>\n<\/tr>\n<\/tbody>\n<\/table>\n<h6><strong><span style=\"color: #808080;\">Pots consultar m\u00e9s informaci\u00f3 als seg\u00fcents enlla\u00e7os:<\/span><\/strong><\/h6>\n<ul>\n<li style=\"list-style-type: none;\">\n<ul>\n<li><a href=\"https:\/\/preinscripcio.gencat.cat\/ca\/estudis\/eso\/informat\/calendari\/\">Calendari preinscripci\u00f3.<\/a><\/li>\n<li><a href=\"https:\/\/educacio.gencat.cat\/ca\/tramits\/tramits-temes\/identificador-alumne\">Cercador RALC \/ IDALU de l&#8217;alumne\/a (Identificador alumnat)<\/a><\/li>\n<li><span data-contrast=\"auto\"><a href=\"http:\/\/mapaescolar.gencat.cat\/\">Mapa escolar per poder triar centre necessites con\u00e8ixer l\u2019oferta educativa.\u00a0<\/a><\/span><\/li>\n<li><a href=\"https:\/\/preinscripcio.gencat.cat\/ca\/estudis\/eso\/informat\/prepara-documentacio\/\">Documentaci\u00f3 que cal aportar.<\/a><\/li>\n<li><a href=\"https:\/\/preinscripcio.gencat.cat\/ca\/estudis\/eso\/preinscriute\/sollicitud\/\">Com fer la sol\u00b7licitud de preinscripci\u00f3<\/a><\/li>\n<li><a href=\"https:\/\/preinscripcio.gencat.cat\/ca\/estudis\/eso\/informat\/criteris-assignacio\/\">Criteris d\u2019assignaci\u00f3<\/a><\/li>\n<li><a href=\"https:\/\/preinscripcio.gencat.cat\/ca\/estudis\/eso\/inici\">Podeu trobar tota la informaci\u00f3 sobre la preinscripci\u00f3 a la web que ha habilitat el Departament:\u00a0\u00a0Preinscripci\u00f3 2025-2026<\/a><\/li>\n<\/ul>\n<\/li>\n<\/ul>\n<\/div>\n<\/div>\n<h6><span style=\"color: #ff8000;\"><strong>Centres de El Masnou i ensenyaments adscrits a l\u2019Institut Maremar:<\/strong><\/span><\/h6>\n<ul>\n<li style=\"list-style-type: none;\">\n<ul>\n<li>08020723 Escola Ocata<\/li>\n<li>08038031 Escola Rosa Sensat<\/li>\n<li>08039604 Escola Francesc Ferrer i Gu\u00e0rdia<\/li>\n<li>08043930 Escola Marinada<\/li>\n<\/ul>\n<\/li>\n<\/ul>\n<p>Consulta a la <a href=\"https:\/\/preinscripcio.gencat.cat\/web\/.content\/estudis\/eso\/informat\/busca-centre\/adscripcio-centres\/adscripcio-centres-pri-eso-MVO.pdf\">web\u00a0<\/a><\/p>\n<hr \/>\n<div class=\"wrapper_list_needToKnow-group-article\">\n<div class=\"list_needToKnow-group-item-paragraph\">\n<h6 class=\"link-dotted\"><strong>Llistat llibres curs 25-26:<\/strong><\/h6>\n<div><\/div>\n<ul>\n<li style=\"list-style-type: none;\">\n<ul>\n<li class=\"link-dotted\"><a href=\"https:\/\/drive.google.com\/file\/d\/1N3ux4hx8VaaRAMbqYYn2vNMw8AdIgtxC\/view?usp=sharing\">1r ESO <\/a><\/li>\n<li><a href=\"https:\/\/drive.google.com\/file\/d\/1XWlfK71FvysLXPEsq0igjz2wfYAXefKS\/view?usp=sharing\">2n ESO <\/a><\/li>\n<li><a href=\"https:\/\/drive.google.com\/file\/d\/1zbx_aBfrb-P8k7ExBq_aNbymM5MOhAs0\/view?usp=sharing\">3r ESO\u00a0<\/a><\/li>\n<li><a href=\"https:\/\/drive.google.com\/file\/d\/1py7K3QcrX78UlwcUdKno6IF4FOAvMH34\/view?usp=sharing\">4t ESO<\/a><\/li>\n<\/ul>\n<\/li>\n<\/ul>\n<\/div>\n<\/div>\n","protected":false},"excerpt":{"rendered":"<p>\u039f<\/p>\n<p>06 de mar\u00e7 de 2026<br \/>\n<a style=\"color: #ff6600; text-decoration: underline;\" href=\"https:\/\/drive.google.com\/file\/d\/12tOe_kI_sFLcqn3K94Z_5wt7_PJlGoCN\/view?usp=sharing\">Publicaci\u00f3 de l&#8217;oferta inicial<\/a><\/p>\n<p>\u039f<\/p>\n<p>Del 06 al 18 de mar\u00e7 de 2026<br \/>\nPer\u00edode de<a href=\"https:\/\/educacio.gencat.cat\/ca\/tramits\/tramits-temes\/perinscripcio-obligatoris?&amp;moda=3\"> presentaci\u00f3 de\u00a0 sol\u00b7licituds<\/a>, ambd\u00f3s inclosos. Es pot presentar la documentaci\u00f3 fins al 19 de mar\u00e7.<\/p>\n<p>Les sol\u00b7licituds s\u2019han de presentar en format telem\u00e0tic, no&hellip;  <a href=\"https:\/\/agora.xtec.cat\/iesmaremar\/secretaria\/preinscripcio\/preinscripcio-eso-23-24\/\" title=\"Read Preinscripci\u00f3 ESO\">Llegeix m\u00e9s\u00bb<\/a><\/p>\n","protected":false},"author":12,"featured_media":0,"parent":7322,"menu_order":0,"comment_status":"closed","ping_status":"closed","template":"page-templates\/side-menu.php","meta":{"_bbp_topic_count":0,"_bbp_reply_count":0,"_bbp_total_topic_count":0,"_bbp_total_reply_count":0,"_bbp_voice_count":0,"_bbp_anonymous_reply_count":0,"_bbp_topic_count_hidden":0,"_bbp_reply_count_hidden":0,"_bbp_forum_subforum_count":0,"footnotes":""},"class_list":["post-6907","page","type-page","status-publish","hentry"],"post_mailing_queue_ids":[],"_links":{"self":[{"href":"https:\/\/agora.xtec.cat\/iesmaremar\/wp-json\/wp\/v2\/pages\/6907","targetHints":{"allow":["GET"]}}],"collection":[{"href":"https:\/\/agora.xtec.cat\/iesmaremar\/wp-json\/wp\/v2\/pages"}],"about":[{"href":"https:\/\/agora.xtec.cat\/iesmaremar\/wp-json\/wp\/v2\/types\/page"}],"author":[{"embeddable":true,"href":"https:\/\/agora.xtec.cat\/iesmaremar\/wp-json\/wp\/v2\/users\/12"}],"replies":[{"embeddable":true,"href":"https:\/\/agora.xtec.cat\/iesmaremar\/wp-json\/wp\/v2\/comments?post=6907"}],"version-history":[{"count":7,"href":"https:\/\/agora.xtec.cat\/iesmaremar\/wp-json\/wp\/v2\/pages\/6907\/revisions"}],"predecessor-version":[{"id":10903,"href":"https:\/\/agora.xtec.cat\/iesmaremar\/wp-json\/wp\/v2\/pages\/6907\/revisions\/10903"}],"up":[{"embeddable":true,"href":"https:\/\/agora.xtec.cat\/iesmaremar\/wp-json\/wp\/v2\/pages\/7322"}],"wp:attachment":[{"href":"https:\/\/agora.xtec.cat\/iesmaremar\/wp-json\/wp\/v2\/media?parent=6907"}],"curies":[{"name":"wp","href":"https:\/\/api.w.org\/{rel}","templated":true}]}}