{"id":679,"date":"2018-02-08T09:22:04","date_gmt":"2018-02-08T08:22:04","guid":{"rendered":"http:\/\/agora.xtec.cat\/iesmaremar\/?page_id=679"},"modified":"2022-06-02T14:15:10","modified_gmt":"2022-06-02T12:15:10","slug":"projecte-linguistic-del-centre","status":"publish","type":"page","link":"https:\/\/agora.xtec.cat\/iesmaremar\/projecte-linguistic-del-centre\/","title":{"rendered":"Projecte Ling\u00fc\u00edstic del Centre (en revisi\u00f3)"},"content":{"rendered":"<p><iframe loading=\"lazy\" src=\"https:\/\/docs.google.com\/document\/d\/1Qka1BGmDWtmOwC1sT7bmooqUmONFrTwPyc-h0SX_EWU\/preview?usp=sharing \" width=\"800\" height=\"700\"><span data-mce-type=\"bookmark\" style=\"display: inline-block; width: 0px; overflow: hidden; line-height: 0;\" class=\"mce_SELRES_start\">\ufeff<\/span><span data-mce-type=\"bookmark\" style=\"display: inline-block; width: 0px; overflow: hidden; line-height: 0;\" class=\"mce_SELRES_start\">\ufeff<\/span><\/iframe><\/p>\n","protected":false},"excerpt":{"rendered":"<p>\ufeff\ufeff<\/p>\n","protected":false},"author":1,"featured_media":0,"parent":0,"menu_order":0,"comment_status":"closed","ping_status":"closed","template":"","meta":{"_bbp_topic_count":0,"_bbp_reply_count":0,"_bbp_total_topic_count":0,"_bbp_total_reply_count":0,"_bbp_voice_count":0,"_bbp_anonymous_reply_count":0,"_bbp_topic_count_hidden":0,"_bbp_reply_count_hidden":0,"_bbp_forum_subforum_count":0,"footnotes":""},"class_list":["post-679","page","type-page","status-publish","hentry"],"post_mailing_queue_ids":[],"_links":{"self":[{"href":"https:\/\/agora.xtec.cat\/iesmaremar\/wp-json\/wp\/v2\/pages\/679","targetHints":{"allow":["GET"]}}],"collection":[{"href":"https:\/\/agora.xtec.cat\/iesmaremar\/wp-json\/wp\/v2\/pages"}],"about":[{"href":"https:\/\/agora.xtec.cat\/iesmaremar\/wp-json\/wp\/v2\/types\/page"}],"author":[{"embeddable":true,"href":"https:\/\/agora.xtec.cat\/iesmaremar\/wp-json\/wp\/v2\/users\/1"}],"replies":[{"embeddable":true,"href":"https:\/\/agora.xtec.cat\/iesmaremar\/wp-json\/wp\/v2\/comments?post=679"}],"version-history":[{"count":4,"href":"https:\/\/agora.xtec.cat\/iesmaremar\/wp-json\/wp\/v2\/pages\/679\/revisions"}],"predecessor-version":[{"id":6228,"href":"https:\/\/agora.xtec.cat\/iesmaremar\/wp-json\/wp\/v2\/pages\/679\/revisions\/6228"}],"wp:attachment":[{"href":"https:\/\/agora.xtec.cat\/iesmaremar\/wp-json\/wp\/v2\/media?parent=679"}],"curies":[{"name":"wp","href":"https:\/\/api.w.org\/{rel}","templated":true}]}}