{"id":614,"date":"2018-02-07T12:39:18","date_gmt":"2018-02-07T11:39:18","guid":{"rendered":"http:\/\/agora.xtec.cat\/iesmaremar\/?page_id=614"},"modified":"2025-01-17T09:17:07","modified_gmt":"2025-01-17T08:17:07","slug":"erasmus","status":"publish","type":"page","link":"https:\/\/agora.xtec.cat\/iesmaremar\/erasmus\/","title":{"rendered":"Erasmus+ Cicles Formatius"},"content":{"rendered":"<p><a href=\"http:\/\/agora.xtec.cat\/iesmaremar\/wp-content\/uploads\/usu1710\/2018\/02\/cofinanciadoENWEB.jpg\"><img loading=\"lazy\" decoding=\"async\" class=\"alignnone size-full wp-image-1295\" src=\"http:\/\/agora.xtec.cat\/iesmaremar\/wp-content\/uploads\/usu1710\/2018\/02\/cofinanciadoENWEB.jpg\" alt=\"\" width=\"344\" height=\"76\" srcset=\"https:\/\/agora.xtec.cat\/iesmaremar\/wp-content\/uploads\/usu1710\/2018\/02\/cofinanciadoENWEB.jpg 344w, https:\/\/agora.xtec.cat\/iesmaremar\/wp-content\/uploads\/usu1710\/2018\/02\/cofinanciadoENWEB-300x66.jpg 300w\" sizes=\"auto, (max-width: 344px) 100vw, 344px\" \/><\/a><\/p>\n<h3 style=\"text-align: center;\"><span style=\"color: #ff6600;\"><a style=\"color: #ff8000;\" href=\"https:\/\/drive.google.com\/file\/d\/1UapD7LQy_Wa6mDs2Farnd390sp8FXk4O\/view?usp=drive_link\" target=\"_blank\" rel=\"noopener\"><strong>Document amb la selecci\u00f3 dels Erasmus de cicles<\/strong>.<\/a><\/span><\/h3>\n<ul>\n<li><a href=\"#cartaerasmus\">Carta Erasmus<\/a><\/li>\n<li><a href=\"#cartaeche\">Carta Eche<\/a><\/li>\n<li><a href=\"#experiencies\">Experi\u00e8ncies Erasmus+ dels nostres alumnes<\/a><\/li>\n<\/ul>\n<h3><em><a id=\"cartaerasmus\"><\/a>Carta Erasmus<\/em><\/h3>\n<p>L\u2019any 2014 l\u2019INS Maremar va obtenir la Carta Erasmus.<\/p>\n<p>La carta Erasmus \u00e9s un document\u00a0 que concedeix la Comissi\u00f3 Europea i que d\u00f3na la possibilitat, als centres educatius d&#8217;educaci\u00f3 superior i de formaci\u00f3 professional, a participar en les activitats relacionades amb el programa Erasmus. La Carta recull els principis fonamentals als quals ens hem adherit com a centre i pels quals ens comprometen a organitzar i aplicar una mobilitat i cooperaci\u00f3 d&#8217;alta qualitat a tots els nivells.<\/p>\n<p>Com a part del nostre comprom\u00eds, donem publicitat a la Declaraci\u00f3 de la Pol\u00edtica Erasmus, on queda recollida totes les actuacions previstes des del nostre centre per implementar el programa Erasmus+<\/p>\n<p>Amb la concessi\u00f3 de la Carta Erasmus,\u00a0 el nostre alumnat tindr\u00e0 la possibilitat de:<\/p>\n<ul>\n<li>Realitzar pr\u00e0ctiques a una empresa o organitzaci\u00f3 d&#8217;un altre pa\u00eds de l\u2019\u00e0mbit europeu.<\/li>\n<li>Tindran la possibilitat de con\u00e8ixer i adaptar-se a les exig\u00e8ncies del mercat laboral a escala comunit\u00e0ria.<\/li>\n<li>Podran millorar la seva comprensi\u00f3 de l&#8217;entorn econ\u00f2mic i social del pa\u00eds on facin la seva estada.<\/li>\n<li>Adquiriran experi\u00e8ncia laboral.<\/li>\n<\/ul>\n<p>Tot aix\u00f2 repercuteix de forma positiva tant en la formaci\u00f3 del nostre alumnat com en la millora dels processos educatius del nostre centre. Pots trobar m\u00e9s informaci\u00f3 sobre el projecte Erasmus+ en el moodle de l&#8217;INS Maremar (si no ets usuari inicia la sessi\u00f3 com a visitant):<\/p>\n<p><a href=\"http:\/\/iesmaremar.xtec.cat\/moodle38\/course\/view.php?id=241\" target=\"_blank\" rel=\"noopener noreferrer\">Informaci\u00f3 sobre el projecte Erasmus+ al moodle de l&#8217;INS Maremar<\/a><\/p>\n<p>We participate in the Erasmus+ program since 2014, if you want to know more about our project, go to the next document:<\/p>\n<p><a href=\"https:\/\/drive.google.com\/file\/d\/1wobIsxIMj38jOeazf5c_9-9uoIn7mttB\/view?usp=sharing\" target=\"_blank\" rel=\"noopener\">Declaraci\u00f3 Pol\u00edtica Erasmus \/ Erasmus Policy Statement<\/a><\/p>\n<p><strong>Al Maremar celebrem la renovaci\u00f3 de la carta ECHE. Continuem participant en el programa ERASMUS+!!<\/strong><\/p>\n<p style=\"text-align: justify;\">Des de la primera concessi\u00f3 de la Carta ECHE (the Erasmus Charter for Higher Education), al 2014, l\u2019institut Maremar ha participat en el programa ERASMUS+ promovent la mobilitat internacional entre els alumnes del cicles de grau superior (CFGS) que oferim: Integraci\u00f3 Social i Educaci\u00f3 Infantil. Gr\u00e0cies a la concessi\u00f3 de la ECHE per part de la Comissi\u00f3 Europea, ara celebrem que ho podrem continuar fent fins el per\u00edode 2021-2027, com a m\u00ednim.<\/p>\n<p>El programa ERASMUS+ persegueix:<\/p>\n<ul>\n<li>Donar suport a la creaci\u00f3 de l\u2019Espai Europeu d\u2019Educaci\u00f3 Superior.<\/li>\n<li>Millorar la qualitat i incrementar la mobilitat dels estudiants i el personal de les institucions d\u2019educaci\u00f3 superior.<\/li>\n<li>Potenciar la cooperaci\u00f3 multilateral entre les institucions europees d\u2019educaci\u00f3 superior.<\/li>\n<li>Augmentar la transpar\u00e8ncia i la comptabilitat entre les qualificacions de l\u2019educaci\u00f3 superior obtingudes a Europa.<\/li>\n<li>Promoure la cooperaci\u00f3 entre els centres d\u2019ensenyament superior i les empreses.<\/li>\n<li>Facilitar el desenvolupament de pr\u00e0ctiques innovadores en educaci\u00f3 i formaci\u00f3.<\/li>\n<\/ul>\n<p style=\"text-align: justify;\">L\u2019institut Maremar ofereix als alumnes de CFGS fer les pr\u00e0ctiques a l\u2019estranger. Aix\u00f2 vol dir que els alumnes poden fer part del m\u00f2dul (FCT) formaci\u00f3 en centres de treball en empreses, centres de formaci\u00f3 i investigaci\u00f3 i altres organitzacions dels pa\u00efsos que participen en el programa ERASMUS+ (Finl\u00e0ndia, Irlanda, Pa\u00efsos Baixos, Portugal, etc.). L\u2019objectiu d\u2019aquesta iniciativa \u00e9s familiaritzar els nostres alumnes amb les exig\u00e8ncies del mercat de treball a nivell europeu i afavorir que ampli\u00efn el seu horitz\u00f3 cultural i social tot compartint la seva experi\u00e8ncia amb joves d\u2019altres pa\u00efsos.<\/p>\n<p style=\"text-align: justify;\">El professorat dels equips docents dels cicles formatius entenem la mobilitat internacional com una eina pedag\u00f2gica imprescindible per la capacitaci\u00f3 professional i l\u2019adquisici\u00f3 de les compet\u00e8ncies transversals dels nostres alumnes. I \u00e9s per aix\u00f2 que reafirmem el nostre comprom\u00eds per continuar treballant en la implementaci\u00f3 el programa ERASMUS+ i oferir un ensenyament de qualitat com fins ara.<\/p>\n<p><a href=\"https:\/\/agora.xtec.cat\/iesmaremar\/wp-content\/uploads\/usu1710\/2021\/03\/IMG_20210315_162918.jpg\"><img loading=\"lazy\" decoding=\"async\" class=\"alignnone size-large wp-image-4343\" src=\"https:\/\/agora.xtec.cat\/iesmaremar\/wp-content\/uploads\/usu1710\/2021\/03\/IMG_20210315_162918-1024x576.jpg\" alt=\"\" width=\"1024\" height=\"576\" srcset=\"https:\/\/agora.xtec.cat\/iesmaremar\/wp-content\/uploads\/usu1710\/2021\/03\/IMG_20210315_162918-1024x576.jpg 1024w, https:\/\/agora.xtec.cat\/iesmaremar\/wp-content\/uploads\/usu1710\/2021\/03\/IMG_20210315_162918-300x169.jpg 300w, https:\/\/agora.xtec.cat\/iesmaremar\/wp-content\/uploads\/usu1710\/2021\/03\/IMG_20210315_162918-768x432.jpg 768w\" sizes=\"auto, (max-width: 1024px) 100vw, 1024px\" \/><\/a><\/p>\n<p><a id=\"cartaeche\"><\/a><a href=\"https:\/\/drive.google.com\/file\/d\/1W3k3L-posdOxIN0Q4pms9sfGiBYO-B2w\/view?usp=sharing\" target=\"_blank\" rel=\"noopener noreferrer\">carta ECHE<\/a><\/p>\n<p><iframe loading=\"lazy\" src=\"https:\/\/drive.google.com\/file\/d\/1W3k3L-posdOxIN0Q4pms9sfGiBYO-B2w\/preview?usp=sharing \" width=\"400\" height=\"350\"><span data-mce-type=\"bookmark\" style=\"display: inline-block; width: 0px; overflow: hidden; line-height: 0;\" class=\"mce_SELRES_start\">\ufeff<\/span><\/iframe><\/p>\n<p>V\u00eddeo sobre el nou programa 2021-2027:<\/p>\n<p><a href=\"https:\/\/www.youtube.com\/watch?v=3s1i9Rk2Kpc&amp;t=27s\" target=\"_blank\" rel=\"noopener noreferrer\"><img loading=\"lazy\" decoding=\"async\" class=\"alignnone wp-image-4350 size-large\" src=\"https:\/\/agora.xtec.cat\/iesmaremar\/wp-content\/uploads\/usu1710\/2021\/03\/Captura-de-Pantalla-2021-03-21-a-les-10.49.05-1024x559.png\" alt=\"\" width=\"1024\" height=\"559\" srcset=\"https:\/\/agora.xtec.cat\/iesmaremar\/wp-content\/uploads\/usu1710\/2021\/03\/Captura-de-Pantalla-2021-03-21-a-les-10.49.05-1024x559.png 1024w, https:\/\/agora.xtec.cat\/iesmaremar\/wp-content\/uploads\/usu1710\/2021\/03\/Captura-de-Pantalla-2021-03-21-a-les-10.49.05-300x164.png 300w, https:\/\/agora.xtec.cat\/iesmaremar\/wp-content\/uploads\/usu1710\/2021\/03\/Captura-de-Pantalla-2021-03-21-a-les-10.49.05-768x420.png 768w, https:\/\/agora.xtec.cat\/iesmaremar\/wp-content\/uploads\/usu1710\/2021\/03\/Captura-de-Pantalla-2021-03-21-a-les-10.49.05.png 1060w\" sizes=\"auto, (max-width: 1024px) 100vw, 1024px\" \/><\/a><\/p>\n<p><a href=\"http:\/\/www.sepie.es\/index.html\" target=\"_blank\" rel=\"noopener noreferrer\"><img loading=\"lazy\" decoding=\"async\" class=\"alignnone size-full wp-image-4347\" src=\"https:\/\/agora.xtec.cat\/iesmaremar\/wp-content\/uploads\/usu1710\/2021\/03\/SEPIE_erasmus_plus.gif\" alt=\"\" width=\"400\" height=\"100\" \/><\/a><\/p>\n<p><a id=\"experiencies\"><\/a><a href=\"https:\/\/agora.xtec.cat\/iesmaremar\/experiencies-dels-alumnes-en-el-projecte-erasmus\/\" target=\"_blank\" rel=\"noopener\">Experi\u00e8ncies Erasmus+ dels nostres alumnes<\/a><\/p>\n<p><iframe loading=\"lazy\" src=\"https:\/\/drive.google.com\/file\/d\/1nhJuuB0DVtQCie2SVEn-OB6hewMun2kd\/preview?usp=sharing \" width=\"400\" height=\"350\"><span data-mce-type=\"bookmark\" style=\"display: inline-block; width: 0px; overflow: hidden; line-height: 0;\" class=\"mce_SELRES_start\">\ufeff<\/span><\/iframe><\/p>\n","protected":false},"excerpt":{"rendered":"<p><a href=\"http:\/\/agora.xtec.cat\/iesmaremar\/wp-content\/uploads\/usu1710\/2018\/02\/cofinanciadoENWEB.jpg\"><\/a><br \/>\n<a style=\"color: #ff8000;\" href=\"https:\/\/drive.google.com\/file\/d\/1UapD7LQy_Wa6mDs2Farnd390sp8FXk4O\/view?usp=drive_link\" target=\"_blank\" rel=\"noopener\">Document amb la selecci\u00f3 dels Erasmus de cicles.<\/a><\/p>\n<ul>\n<li><a href=\"#cartaerasmus\">Carta Erasmus<\/a><\/li>\n<li><a href=\"#cartaeche\">Carta Eche<\/a><\/li>\n<li><a href=\"#experiencies\">Experi\u00e8ncies Erasmus+ dels nostres alumnes<\/a><\/li>\n<\/ul>\n<p><a id=\"cartaerasmus\"><\/a>Carta Erasmus<br \/>\nL\u2019any 2014 l\u2019INS Maremar va obtenir la Carta Erasmus.<br \/>\nLa carta Erasmus \u00e9s un document\u00a0 que concedeix la Comissi\u00f3 Europea i que&hellip;  <a href=\"https:\/\/agora.xtec.cat\/iesmaremar\/erasmus\/\" title=\"Read Erasmus+ Cicles Formatius\">Llegeix m\u00e9s\u00bb<\/a><\/p>\n","protected":false},"author":1,"featured_media":0,"parent":0,"menu_order":0,"comment_status":"closed","ping_status":"closed","template":"","meta":{"_bbp_topic_count":0,"_bbp_reply_count":0,"_bbp_total_topic_count":0,"_bbp_total_reply_count":0,"_bbp_voice_count":0,"_bbp_anonymous_reply_count":0,"_bbp_topic_count_hidden":0,"_bbp_reply_count_hidden":0,"_bbp_forum_subforum_count":0,"footnotes":""},"class_list":["post-614","page","type-page","status-publish","hentry"],"post_mailing_queue_ids":[],"_links":{"self":[{"href":"https:\/\/agora.xtec.cat\/iesmaremar\/wp-json\/wp\/v2\/pages\/614","targetHints":{"allow":["GET"]}}],"collection":[{"href":"https:\/\/agora.xtec.cat\/iesmaremar\/wp-json\/wp\/v2\/pages"}],"about":[{"href":"https:\/\/agora.xtec.cat\/iesmaremar\/wp-json\/wp\/v2\/types\/page"}],"author":[{"embeddable":true,"href":"https:\/\/agora.xtec.cat\/iesmaremar\/wp-json\/wp\/v2\/users\/1"}],"replies":[{"embeddable":true,"href":"https:\/\/agora.xtec.cat\/iesmaremar\/wp-json\/wp\/v2\/comments?post=614"}],"version-history":[{"count":6,"href":"https:\/\/agora.xtec.cat\/iesmaremar\/wp-json\/wp\/v2\/pages\/614\/revisions"}],"predecessor-version":[{"id":9658,"href":"https:\/\/agora.xtec.cat\/iesmaremar\/wp-json\/wp\/v2\/pages\/614\/revisions\/9658"}],"wp:attachment":[{"href":"https:\/\/agora.xtec.cat\/iesmaremar\/wp-json\/wp\/v2\/media?parent=614"}],"curies":[{"name":"wp","href":"https:\/\/api.w.org\/{rel}","templated":true}]}}