{"id":5837,"date":"2022-03-23T17:28:50","date_gmt":"2022-03-23T16:28:50","guid":{"rendered":"https:\/\/agora.xtec.cat\/iesmaremar\/?page_id=5837"},"modified":"2022-03-23T17:33:46","modified_gmt":"2022-03-23T16:33:46","slug":"cad","status":"publish","type":"page","link":"https:\/\/agora.xtec.cat\/iesmaremar\/cad\/","title":{"rendered":"CAD"},"content":{"rendered":"<h2>COMISSI\u00d3 D&#8217;ATENCI\u00d3 A LA DIVERSITAT de FP (CAD)<\/h2>\n<p>La CAD \u00e9s un recurs habitual als ensenyaments de prim\u00e0ria i ESO, per\u00f2 poc freq\u00fcent als estudis postobligatoris. Amb la CAD, volem donar resposta a les necessitats educatives de tot el nostre alumnat, establint dos eixos d&#8217;acci\u00f3: suport a l&#8217;equip docent i a l&#8217;alumnat.<\/p>\n<p><b>Qu\u00e8 fem?<\/b><\/p>\n<p><b>&#8211;\u00a0<\/b>Realitzem la detecci\u00f3 inicial de tot l&#8217;alumnat de cicles formatius que presenta necessitats educatives.<\/p>\n<p>&#8211; Planifiquem i organitzem les mesures flexibilitzadores per atendre la diversitat de l&#8217;alumnat.<\/p>\n<p>&#8211; Organitzem l&#8217;orientaci\u00f3 i fem un assessorament individualitzat a aquell alumnat, fam\u00edlies o professorat que ho requereix.<\/p>\n<p>&#8211; Realitzem el seguiment de les mesures establertes: es revisen i es promouen canvis per millorar els resultats, l&#8217;acollida i l&#8217;\u00e8xit de tot l&#8217;alumnat.<\/p>\n<p><a href=\"https:\/\/agora.xtec.cat\/iesmaremar\/wp-content\/uploads\/usu1710\/2022\/03\/Atencio\u0301aladiversitat.jpg\"><img loading=\"lazy\" decoding=\"async\" class=\"size-large wp-image-5838 aligncenter\" src=\"https:\/\/agora.xtec.cat\/iesmaremar\/wp-content\/uploads\/usu1710\/2022\/03\/Atencio\u0301aladiversitat-893x1024.jpg\" alt=\"\" width=\"893\" height=\"1024\" srcset=\"https:\/\/agora.xtec.cat\/iesmaremar\/wp-content\/uploads\/usu1710\/2022\/03\/Atencio\u0301aladiversitat-893x1024.jpg 893w, https:\/\/agora.xtec.cat\/iesmaremar\/wp-content\/uploads\/usu1710\/2022\/03\/Atencio\u0301aladiversitat-262x300.jpg 262w, https:\/\/agora.xtec.cat\/iesmaremar\/wp-content\/uploads\/usu1710\/2022\/03\/Atencio\u0301aladiversitat-768x881.jpg 768w, https:\/\/agora.xtec.cat\/iesmaremar\/wp-content\/uploads\/usu1710\/2022\/03\/Atencio\u0301aladiversitat.jpg 1080w\" sizes=\"auto, (max-width: 893px) 100vw, 893px\" \/><\/a><\/p>\n","protected":false},"excerpt":{"rendered":"<p>COMISSI\u00d3 D&#8217;ATENCI\u00d3 A LA DIVERSITAT de FP (CAD)<br \/>\nLa CAD \u00e9s un recurs habitual als ensenyaments de prim\u00e0ria i ESO, per\u00f2 poc freq\u00fcent als estudis postobligatoris. Amb la CAD, volem donar resposta a les necessitats educatives de tot el nostre alumnat, establint dos eixos d&#8217;acci\u00f3: suport&hellip;  <a href=\"https:\/\/agora.xtec.cat\/iesmaremar\/cad\/\" title=\"Read CAD\">Llegeix m\u00e9s\u00bb<\/a><\/p>\n","protected":false},"author":1,"featured_media":0,"parent":0,"menu_order":0,"comment_status":"closed","ping_status":"closed","template":"","meta":{"_bbp_topic_count":0,"_bbp_reply_count":0,"_bbp_total_topic_count":0,"_bbp_total_reply_count":0,"_bbp_voice_count":0,"_bbp_anonymous_reply_count":0,"_bbp_topic_count_hidden":0,"_bbp_reply_count_hidden":0,"_bbp_forum_subforum_count":0,"footnotes":""},"class_list":["post-5837","page","type-page","status-publish","hentry"],"post_mailing_queue_ids":[],"_links":{"self":[{"href":"https:\/\/agora.xtec.cat\/iesmaremar\/wp-json\/wp\/v2\/pages\/5837","targetHints":{"allow":["GET"]}}],"collection":[{"href":"https:\/\/agora.xtec.cat\/iesmaremar\/wp-json\/wp\/v2\/pages"}],"about":[{"href":"https:\/\/agora.xtec.cat\/iesmaremar\/wp-json\/wp\/v2\/types\/page"}],"author":[{"embeddable":true,"href":"https:\/\/agora.xtec.cat\/iesmaremar\/wp-json\/wp\/v2\/users\/1"}],"replies":[{"embeddable":true,"href":"https:\/\/agora.xtec.cat\/iesmaremar\/wp-json\/wp\/v2\/comments?post=5837"}],"version-history":[{"count":2,"href":"https:\/\/agora.xtec.cat\/iesmaremar\/wp-json\/wp\/v2\/pages\/5837\/revisions"}],"predecessor-version":[{"id":5841,"href":"https:\/\/agora.xtec.cat\/iesmaremar\/wp-json\/wp\/v2\/pages\/5837\/revisions\/5841"}],"wp:attachment":[{"href":"https:\/\/agora.xtec.cat\/iesmaremar\/wp-json\/wp\/v2\/media?parent=5837"}],"curies":[{"name":"wp","href":"https:\/\/api.w.org\/{rel}","templated":true}]}}