{"id":5820,"date":"2022-03-22T18:23:34","date_gmt":"2022-03-22T17:23:34","guid":{"rendered":"https:\/\/agora.xtec.cat\/iesmaremar\/?page_id=5820"},"modified":"2024-05-16T12:12:21","modified_gmt":"2024-05-16T10:12:21","slug":"cfgs-das","status":"publish","type":"page","link":"https:\/\/agora.xtec.cat\/iesmaremar\/cfgs-das\/","title":{"rendered":"CFGS &#8211; Documentaci\u00f3 i Administraci\u00f3 Sanit\u00e0ria (DAS)"},"content":{"rendered":"<p><span style=\"color: #ff0000;\"><strong>Av\u00eds: canvis en els cicles d&#8217;FP per al curs 2024-2025<\/strong><\/span><\/p>\n<ul>\n<li><span style=\"color: #ff0000;\">S&#8217;introdueixen nous m\u00f2duls per millorar la compet\u00e8ncia en els \u00e0mbits de la sostenibilitat i la digitalitzaci\u00f3.<\/span><\/li>\n<li><span style=\"color: #ff0000;\">L&#8217;estada en un centre de treball \u00e9s de 515 hores per als cicles de grau mitj\u00e0 i superior, i de 416 hores per als de grau b\u00e0sic.<\/span><\/li>\n<li><span style=\"color: #ff0000;\">Es modifiquen les vies d&#8217;acc\u00e9s.<\/span><\/li>\n<\/ul>\n<p><span style=\"color: #ff0000;\">Aviat actualitzarem aquesta informaci\u00f3 per a cadascun dels cicles.<\/span><\/p>\n<p style=\"text-align: justify;\">Els\u00a0<strong>T\u00e8cnics i les T\u00e8cniques Superiors en Documentaci\u00f3 i administraci\u00f3 sanit\u00e0ries<\/strong>\u00a0organitzen el tractament de la informaci\u00f3 i la documentaci\u00f3 cl\u00edniques, les codifiquen i garanteixen el compliment de les normes de l&#8217;administraci\u00f3 sanit\u00e0ria i dels sistemes de classificaci\u00f3 i codificaci\u00f3 internacionals, amb el suport de les noves tecnologies.<\/p>\n<p style=\"text-align: justify;\">L&#8217;orientaci\u00f3 professional del t\u00edtol est\u00e0 enfocada a capacitar al o la t\u00e8cnic per al proc\u00e9s d&#8217;explotaci\u00f3 i validaci\u00f3 de bases de dades aplicant criteris de qualitat i la realitzaci\u00f3 de la gesti\u00f3 documental i de dades en els assajos cl\u00ednics i en els projectes de recerca.<\/p>\n<p><strong>FAM\u00cdLIA PROFESSIONAL:<\/strong> Sanitat<br \/>\n<strong>DURADA: <\/strong>Dos\u00a0cursos acad\u00e8mics 2000<span class=\"hores\"> hores <\/span><span class=\"hores\">(1551 h al centre i 449 h de formaci\u00f3 en centres de treball).<\/span><br \/>\n<strong>HORARI:<\/strong> Tarda de 14:40 a 21:00 h<br \/>\n<strong>PREU (<\/strong>Dos pagaments a cada curs):<br \/>\n<a href=\"https:\/\/educacio.gencat.cat\/ca\/departament\/normativa\/taxes-preus-publics\/preu-public\/index.html\">\u2013 Taxa<\/a>\u00a0(Matr\u00edcula dels cicles de grau superior de formaci\u00f3 professional (LOE) impartits en els centres dependents del Departament d\u2019Ensenyament).<br \/>\n\u2022 per curs: 360 euros<br \/>\n\u2022 per unitat formativa: 25 euros<br \/>\n\u2022 m\u00f2dul de formaci\u00f3 en centres de treball (FCT): 25 euros<br \/>\n\u2013 Matr\u00edcula del centre (material i AFA): preu a determinar per cada any<\/p>\n<h3 style=\"text-align: left;\">VIES D&#8217;ACC\u00c9S<\/h3>\n<ul>\n<li><a href=\"https:\/\/preinscripcio.gencat.cat\/ca\/estudis\/fp-grau-superior\/informat\/prioritats-batxillerat\/\">Batxillerat preferent o equivalent<\/a><\/li>\n<li><a href=\"https:\/\/preinscripcio.gencat.cat\/ca\/estudis\/fp-grau-superior\/informat\/prioritats-acces-tecnic-fp\/\">T\u00edtol de t\u00e8cnic de formaci\u00f3 professional de grau mitj\u00e0<\/a><\/li>\n<li><a href=\"http:\/\/ensenyament.gencat.cat\/ca\/serveis-tramits\/proves\/proves-acces\/gs-fp\/\">Prova d&#8217;acc\u00e9s a grau superior o altres titulacions<\/a><\/li>\n<\/ul>\n<h3 style=\"text-align: left;\">QU\u00c8 SABR\u00c9 FER?<\/h3>\n<div class=\"section section--bg section--bg-6\">\n<ul>\n<li>Gestionar dades cl\u00edniques<\/li>\n<li>Atendre i gestionar pacients<\/li>\n<li>Definir, organitzar i codificar (dades, informaci\u00f3, documentaci\u00f3)<\/li>\n<li>Realitzar gestions administratives<\/li>\n<\/ul>\n<h3 style=\"text-align: left;\">ON<\/h3>\n<ul>\n<li>En unitats i serveis especialitzats<\/li>\n<li>En centres sanitaris<\/li>\n<\/ul>\n<h3 style=\"text-align: left;\">QU\u00c8 APRENDR\u00c9?<\/h3>\n<h4>M\u00f2duls t\u00e8cnics professionals<\/h4>\n<ul>\n<li class=\"first\">Gesti\u00f3 de pacients \u00b7 Gesti\u00f3 administrativa sanit\u00e0ria<\/li>\n<li>Atenci\u00f3 psicosocial al pacient\/usuari<\/li>\n<li>Ofim\u00e0tica i processos de la informaci\u00f3<\/li>\n<li>Sistema d&#8217;informaci\u00f3 i classificaci\u00f3 sanit\u00e0ria<\/li>\n<li>Extracci\u00f3 de diagn\u00f2stics i procediments<\/li>\n<li>Codificaci\u00f3 sanit\u00e0ria<\/li>\n<li class=\"last\">Validaci\u00f3 i explotaci\u00f3 de dades<\/li>\n<\/ul>\n<h4>M\u00f2duls transversals<\/h4>\n<ul>\n<li class=\"first\">Formaci\u00f3 i orientaci\u00f3 laboral<\/li>\n<li>Empresa i iniciativa emprenedora<\/li>\n<li>Projecte de documentaci\u00f3 i administraci\u00f3 sanit\u00e0ries<\/li>\n<li class=\"last\">Formaci\u00f3 en centres de treball<\/li>\n<\/ul>\n<h4>M\u00f2duls de suport<\/h4>\n<ul>\n<li class=\"first\">Arxiu i documentaci\u00f3 sanitaris<\/li>\n<li>Terminologia cl\u00ednica i patol\u00f2gica<\/li>\n<li class=\"last\">Angl\u00e8s t\u00e8cnic<\/li>\n<\/ul>\n<h4>M\u00f2duls propis<\/h4>\n<ul>\n<li class=\"first\">Acreditaci\u00f3 de centres sanitaris<\/li>\n<li class=\"last\">Gestor de dades sanit\u00e0ries<\/li>\n<\/ul>\n<\/div>\n<h3 style=\"text-align: left;\">DE QU\u00c8 TREBALLAR\u00c9?<\/h3>\n<p>Atenci\u00f3 prim\u00e0ria,\u00a0Atenci\u00f3 especialitzada: sistemes d&#8217;informaci\u00f3, servei de documentaci\u00f3 i arxiu, avaluaci\u00f3 i control de la qualitat,\u00a0Recerca biom\u00e8dica i assajos cl\u00ednics, Biobancs.<\/p>\n<h3 style=\"text-align: left;\">ON PODR\u00c9 FER LES PR\u00c0CTIQUES?<\/h3>\n<h3 style=\"text-align: left;\">QU\u00c8 \u00c9S L&#8217;FP DUAL?<\/h3>\n<p style=\"text-align: justify;\"><strong>La formaci\u00f3 professional Dual<\/strong>\u00a0fa refer\u00e8ncia a la modalitat d&#8217;ensenyament professional que combina els processos d&#8217;ensenyament i aprenentatge a l&#8217;empresa i a l&#8217;Institut. <a href=\"https:\/\/agora.xtec.cat\/iesmaremar\/categoria\/cicles-formatius\/#:~:text=administraci%C3%B3%20sanit%C3%A0ria%20(DAS)-,FPDual,-Per%20a%20la\">M\u00e9s informaci\u00f3 sobre l&#8217;FP Dual<\/a><\/p>\n<p><a href=\"https:\/\/triaeducativa.gencat.cat\/ca\/estudis\/?documentacio-administracio-sanitaries&amp;p_id=2951\">M\u00e9s informaci\u00f3 a:\u00a0<img loading=\"lazy\" decoding=\"async\" class=\"wp-image-8913 alignnone\" src=\"https:\/\/agora.xtec.cat\/iesmaremar\/wp-content\/uploads\/usu1710\/2024\/04\/gencat.png\" sizes=\"auto, (max-width: 125px) 100vw, 125px\" srcset=\"https:\/\/agora.xtec.cat\/iesmaremar\/wp-content\/uploads\/usu1710\/2024\/04\/gencat.png 396w, https:\/\/agora.xtec.cat\/iesmaremar\/wp-content\/uploads\/usu1710\/2024\/04\/gencat-300x96.png 300w\" alt=\"\" width=\"125\" height=\"40\" \/><\/a><\/p>\n","protected":false},"excerpt":{"rendered":"<p>Av\u00eds: canvis en els cicles d&#8217;FP per al curs 2024-2025<\/p>\n<ul>\n<li>S&#8217;introdueixen nous m\u00f2duls per millorar la compet\u00e8ncia en els \u00e0mbits de la sostenibilitat i la digitalitzaci\u00f3.<\/li>\n<li>L&#8217;estada en un centre de treball \u00e9s de 515 hores per als cicles de grau mitj\u00e0 i superior, i de 416&hellip;  <a href=\"https:\/\/agora.xtec.cat\/iesmaremar\/cfgs-das\/\" title=\"Read CFGS &#8211; Documentaci\u00f3 i Administraci\u00f3 Sanit\u00e0ria (DAS)\">Llegeix m\u00e9s\u00bb<\/a><br \/>\n","protected":false},"author":1,"featured_media":0,"parent":0,"menu_order":0,"comment_status":"closed","ping_status":"closed","template":"","meta":{"_bbp_topic_count":0,"_bbp_reply_count":0,"_bbp_total_topic_count":0,"_bbp_total_reply_count":0,"_bbp_voice_count":0,"_bbp_anonymous_reply_count":0,"_bbp_topic_count_hidden":0,"_bbp_reply_count_hidden":0,"_bbp_forum_subforum_count":0,"footnotes":""},"class_list":["post-5820","page","type-page","status-publish","hentry"],"post_mailing_queue_ids":[],"_links":{"self":[{"href":"https:\/\/agora.xtec.cat\/iesmaremar\/wp-json\/wp\/v2\/pages\/5820","targetHints":{"allow":["GET"]}}],"collection":[{"href":"https:\/\/agora.xtec.cat\/iesmaremar\/wp-json\/wp\/v2\/pages"}],"about":[{"href":"https:\/\/agora.xtec.cat\/iesmaremar\/wp-json\/wp\/v2\/types\/page"}],"author":[{"embeddable":true,"href":"https:\/\/agora.xtec.cat\/iesmaremar\/wp-json\/wp\/v2\/users\/1"}],"replies":[{"embeddable":true,"href":"https:\/\/agora.xtec.cat\/iesmaremar\/wp-json\/wp\/v2\/comments?post=5820"}],"version-history":[{"count":6,"href":"https:\/\/agora.xtec.cat\/iesmaremar\/wp-json\/wp\/v2\/pages\/5820\/revisions"}],"predecessor-version":[{"id":8923,"href":"https:\/\/agora.xtec.cat\/iesmaremar\/wp-json\/wp\/v2\/pages\/5820\/revisions\/8923"}],"wp:attachment":[{"href":"https:\/\/agora.xtec.cat\/iesmaremar\/wp-json\/wp\/v2\/media?parent=5820"}],"curies":[{"name":"wp","href":"https:\/\/api.w.org\/{rel}","templated":true}]}}