{"id":43,"date":"2014-09-17T16:45:07","date_gmt":"2014-09-17T16:45:07","guid":{"rendered":"http:\/\/agora.xtec.cat\/iesmaremar\/?page_id=43"},"modified":"2024-01-25T10:37:04","modified_gmt":"2024-01-25T09:37:04","slug":"consell-escolar","status":"publish","type":"page","link":"https:\/\/agora.xtec.cat\/iesmaremar\/linstitut\/consell-escolar\/","title":{"rendered":"Consell escolar"},"content":{"rendered":"<p>&nbsp;<\/p>\n<h3>RESULTAT DE LES ELECCIONS AL CONSELL ESCOLAR<\/h3>\n<p>&nbsp;<\/p>\n<p class=\"gmail_default\">Durant el dimarts 21-11-2023 es van dur a terme les votacions per les vacants del consell escolar pels sectors alumant, professorat, pares i mares i PAS-PAE.<\/p>\n<p class=\"gmail_default\">Els nous membres del consell escolar per sector s\u00f3n:<\/p>\n<ul>\n<li style=\"list-style-type: none;\">\n<ul>\n<li class=\"gmail_default\"><b>Sector alumnat:<\/b> Jana Adan Adorador i Mart\u00ed LLorente Folch<\/li>\n<li class=\"gmail_default\"><b>Sector Professorat:<\/b>\u00a0Carolina Ortiz Garre, Maria Teresa Vallbuena de la Fuente, Rosa Maria Gomis, Pere Cadena Sendra.<\/li>\n<li class=\"gmail_default\"><b>Sector Pares i Mares:<\/b>\u00a0Gener Santandreu Lorite<\/li>\n<li class=\"gmail_default\"><b>Sector PAS-PAE:<\/b>\u00a0Ivan Gonz\u00e1lez Aguilar, Elisabeth Merino Castillo.<\/li>\n<\/ul>\n<\/li>\n<\/ul>\n<p class=\"gmail_default\">Moltes felicitats a tots i totes i benvinguts al consell escolar.<\/p>\n<p>&nbsp;<\/p>\n<hr \/>\n<p>&nbsp;<\/p>\n<p style=\"text-align: justify;\">El <strong>consell escolar del centre<\/strong> \u00e9s l&#8217;\u00f2rgan de participaci\u00f3 de la comunitat escolar en el govern del centre i l&#8217;\u00f2rgan de programaci\u00f3, seguiment i avaluaci\u00f3 general de les seves activitats.<\/p>\n<p style=\"text-align: justify;\">Corresponen al consell escolar les funcions seg\u00fcents:<\/p>\n<ol>\n<li style=\"list-style-type: none;\">\n<ol style=\"list-style-type: lower-alpha;\">\n<li style=\"text-align: justify;\">Aprovar el projecte educatiu i les modificacions corresponents per una majoria de tres cinquenes parts dels membres.<\/li>\n<li style=\"text-align: justify;\">Aprovar la programaci\u00f3 general anual del centre i avaluar-ne el desenvolupament i els resultats.<\/li>\n<li style=\"text-align: justify;\">Aprovar les propostes d&#8217;acords de corresponsabilitat, convenis i altres acords de col\u00b7laboraci\u00f3 del centre amb entitats o institucions.<\/li>\n<li style=\"text-align: justify;\">Aprovar les normes d&#8217;organitzaci\u00f3 i funcionament i les modificacions corresponents.<\/li>\n<li style=\"text-align: justify;\">Aprovar la carta de comprom\u00eds educatiu.<\/li>\n<li style=\"text-align: justify;\">Aprovar el pressupost del centre i el rendiment de comptes.<\/li>\n<li style=\"text-align: justify;\">Intervenir en el procediment d&#8217;admissi\u00f3 d&#8217;alumnes.<\/li>\n<li style=\"text-align: justify;\">Participar en el procediment de selecci\u00f3 i en la proposta de cessament del director o directora.<\/li>\n<li style=\"text-align: justify;\">Intervenir en la resoluci\u00f3 dels conflictes i, si escau, revisar les sancions als alumnes.<\/li>\n<li style=\"text-align: justify;\">Aprovar les directrius per a la programaci\u00f3 d&#8217;activitats escolars complement\u00e0ries i d&#8217;activitats extraescolars, i avaluar-ne el desenvolupament.<\/li>\n<li style=\"text-align: justify;\">Participar en les an\u00e0lisis i les avaluacions del funcionament general del centre i con\u00e8ixer l&#8217;evoluci\u00f3 del rendiment escolar.<\/li>\n<li style=\"text-align: justify;\">Aprovar els criteris de col\u00b7laboraci\u00f3 amb altres centres i amb l&#8217;entorn.<\/li>\n<li style=\"text-align: justify;\">Qualsevol altra que li sigui atribu\u00efda per les normes legals o reglament\u00e0ries.<\/li>\n<\/ol>\n<\/li>\n<\/ol>\n<p style=\"text-align: justify;\">El Consell Escolar est\u00e0 compost per:<\/p>\n<ul>\n<li style=\"list-style-type: none;\">\n<ul>\n<li style=\"text-align: justify;\">El director o directora de l&#8217;institut, que n&#8217;\u00e9s el president\/a.<\/li>\n<li style=\"text-align: justify;\">El o la cap d&#8217;estudis.<\/li>\n<li style=\"text-align: justify;\">Un regidor\/a o representant de l&#8217;Ajuntament del Masnou.<\/li>\n<li style=\"text-align: justify;\">Set professors elegits pel Claustre.<\/li>\n<li style=\"text-align: justify;\">Quatre alumnes i quatre pares d&#8217;alumnes elegits entre ells. D&#8217;entre els pares, un ser\u00e0 designat per l&#8217;associaci\u00f3 de pares d&#8217;alumnes m\u00e9s representativa, d&#8217;acord amb el seu nombre d&#8217;associats.<\/li>\n<li style=\"text-align: justify;\">Un\/a representant del personal d&#8217;administraci\u00f3 i serveis del centre.<\/li>\n<li style=\"text-align: justify;\">Un\/a representant del personal d\u2019administraci\u00f3 i serveis d\u2019educaci\u00f3 especial.<\/li>\n<li style=\"text-align: justify;\">Un o una representant del personal d&#8217;atenci\u00f3 educativa provinent de la unitat d&#8217;educaci\u00f3 especial. La representaci\u00f3 d&#8217;aquest personal no t\u00e9 la consideraci\u00f3 de representaci\u00f3 del professorat a l&#8217;efecte de determinar la composici\u00f3 del consell escolar.<\/li>\n<li style=\"text-align: justify;\">En el cas d\u2019impartir-se com a m\u00ednim dues fam\u00edlies professionals o si almenys el 25% de l&#8217;alumnat estigui cursant ensenyaments de formaci\u00f3 professional espec\u00edfica,un\/a representant proposat per les organitzacions empresarials o institucions laborals presents en l&#8217;\u00e0mbit d&#8217;acci\u00f3 de l&#8217;institut, amb veu, per\u00f2 sense vot.<\/li>\n<li style=\"text-align: justify;\">El secretari o secret\u00e0ria de l&#8217;institut, que actua de secretari del Consell, amb veu i sense vot.<\/li>\n<\/ul>\n<\/li>\n<\/ul>\n<p>El nombre de representants electes del professorat no pot ser inferior a un ter\u00e7 del total dels components del Consell. El nombre de representants d&#8217;alumnes i de pares d&#8217;alumnes en conjunt, incl\u00f2s el designat per l&#8217;associaci\u00f3 de pares d&#8217;alumnes, no pot ser inferior a un ter\u00e7 del total dels components del Consell. Quan el nombre de representants d&#8217;alumnes i de pares d&#8217;alumnes sigui parell, la representaci\u00f3 es decidir\u00e0 per parts iguals entre els dos sectors; quan el nombre total d&#8217;aquests representants sigui senar, el sector alumnes tindr\u00e0 un representant m\u00e9s que el sector pares.<\/p>\n<p>&nbsp;<\/p>\n<p style=\"text-align: justify;\">Les comissions espec\u00edfiques del Consell Escolar s\u00f3n:<\/p>\n<p style=\"text-align: justify; padding-left: 40px;\">a) <strong>Comissi\u00f3 Econ\u00f2mica<\/strong>: integrada pel director\/a, que la presideix, l&#8217;administrador\/a, un professor\/a, un pare o mare d&#8217;alumne\/a i un alumne\/a, designats pel Consell Escolar del centre d&#8217;entre els seus membres. De la Comissi\u00f3 Econ\u00f2mica en forma part el secretari\/\u00e0ria amb veu i sense vot. La Comissi\u00f3 Econ\u00f2mica t\u00e9 les compet\u00e8ncies que expressa ment li delega el Consell Escolar. L&#8217;aprovaci\u00f3 del pressupost i la fiscalitzaci\u00f3 dels comptes anuals del centre no s\u00f3n delegables.<\/p>\n<p style=\"text-align: justify; padding-left: 40px;\">b) <strong>Comissi\u00f3 Permanent<\/strong>: integrada pel director\/a, que la presideix, el o la cap d&#8217;estudis i sengles representants del professorat, dels pares i mares d&#8217;alumnat i el mateix alumnat, designats pel Consell Escolar del centre entre els seus membres. De la Comissi\u00f3 Permanent en forma part el secretari\/\u00e0ria amb veu i sense vot. El Consell Escolar del centre no pot delegar en la Comissi\u00f3 Permanent les compet\u00e8ncies referides a l&#8217;elecci\u00f3 i el cessament de director\/a, les de creaci\u00f3 d&#8217;\u00f2rgans de coordinaci\u00f3, les d&#8217;aprovaci\u00f3 del projecte educatiu, del pressupost i la seva liquidaci\u00f3, del reglament de r\u00e8gim interior i de la programaci\u00f3 general anual, ni les de resoluci\u00f3 de conflictes i imposicions de correctius amb finalitat pedag\u00f2gica en mat\u00e8ria de disciplina d&#8217;alumnes.<\/p>\n<p style=\"text-align: justify; padding-left: 40px;\">c) <strong>Comissi\u00f3 de Conviv\u00e8ncia<\/strong>: integrada pel director\/a, que la presideix, el o la cap d&#8217;estudis, i sengles representants del professorat, dels pares i mares d&#8217;alumnat i alumnat, designats pel Consell Escolar del centre entre els seus membres. De la Comissi\u00f3 de conviv\u00e8ncia en forma part el secretari\/\u00e0ria amb veu i sense vot. D\u2019aquesta comissi\u00f3 sortir\u00e0 una per manent que es reunir\u00e0 setmanalment per fer un seguiment de les incid\u00e8ncies que es vagin produint. En formar\u00e0 part d\u2019aquesta permanent el director\/a, que la presideix, el o la cap d\u2019estudis, el o la coordinadora pedag\u00f2gica i un \/a professor\/a membre del consell escolar.<\/p>\n<p style=\"text-align: justify; padding-left: 40px;\">d) <strong>Comissi\u00f3 Escola-Treball<\/strong>: integrada pel director\/a, que la presideix, el secretari\/\u00e0ria, un professor\/a, un pare o mare d&#8217;alumnat i un alumne\/a, designats pel Consell Escolar del centre entre els seus membres. La comissi\u00f3 Escola-Treball t\u00e9 les compet\u00e8ncies referides al seguiment de l\u2019alumnat del centre que realitzen pr\u00e0ctiques, siguin obligat\u00f2ries o no, en les diverses empreses. Igualment, el Consell Escolar del Centre designa com a representants seus al Consell Escolar Municipal al director\/a, un professor\/a i un alumne\/a. Aix\u00ed mateix, el Consell Escolar podr\u00e0 autoritzar la col\u00b7laboraci\u00f3 d&#8217;altres membres de la comunitat educativa quan sigui d&#8217;inter\u00e8s per als objectius de la comissi\u00f3. S\u00f3n funcions de les comissions estudiar aspectes de l&#8217;\u00e0mbit del Consell que se&#8217;ls sol\u00b7licitin o considerin convenient aportar, informar-ne al Consell i elevar-hi propostes, aix\u00ed com desenvolupar les tasques que el Consell li encomani.<\/p>\n<p>&nbsp;<\/p>\n<p>&nbsp;<\/p>\n<p>&nbsp;<\/p>\n<p>&nbsp;<\/p>\n<p>&nbsp;<\/p>\n","protected":false},"excerpt":{"rendered":"<p>&nbsp;<br \/>\nRESULTAT DE LES ELECCIONS AL CONSELL ESCOLAR<br \/>\n&nbsp;<br \/>\nDurant el dimarts 21-11-2023 es van dur a terme les votacions per les vacants del consell escolar pels sectors alumant, professorat, pares i mares i PAS-PAE.<br \/>\nEls nous membres del consell escolar per sector s\u00f3n:<\/p>\n<ul>\n<li style=\"list-style-type: none;\">\n<ul>\n<li class=\"gmail_default\">Sector alumnat: Jana&hellip;  <a href=\"https:\/\/agora.xtec.cat\/iesmaremar\/linstitut\/consell-escolar\/\" title=\"Read Consell escolar\">Llegeix m\u00e9s\u00bb<\/a><br \/>\n","protected":false},"author":1,"featured_media":0,"parent":19,"menu_order":40,"comment_status":"closed","ping_status":"closed","template":"page-templates\/side-menu.php","meta":{"_bbp_topic_count":0,"_bbp_reply_count":0,"_bbp_total_topic_count":0,"_bbp_total_reply_count":0,"_bbp_voice_count":0,"_bbp_anonymous_reply_count":0,"_bbp_topic_count_hidden":0,"_bbp_reply_count_hidden":0,"_bbp_forum_subforum_count":0,"footnotes":""},"class_list":["post-43","page","type-page","status-publish","hentry"],"post_mailing_queue_ids":[],"_links":{"self":[{"href":"https:\/\/agora.xtec.cat\/iesmaremar\/wp-json\/wp\/v2\/pages\/43","targetHints":{"allow":["GET"]}}],"collection":[{"href":"https:\/\/agora.xtec.cat\/iesmaremar\/wp-json\/wp\/v2\/pages"}],"about":[{"href":"https:\/\/agora.xtec.cat\/iesmaremar\/wp-json\/wp\/v2\/types\/page"}],"author":[{"embeddable":true,"href":"https:\/\/agora.xtec.cat\/iesmaremar\/wp-json\/wp\/v2\/users\/1"}],"replies":[{"embeddable":true,"href":"https:\/\/agora.xtec.cat\/iesmaremar\/wp-json\/wp\/v2\/comments?post=43"}],"version-history":[{"count":6,"href":"https:\/\/agora.xtec.cat\/iesmaremar\/wp-json\/wp\/v2\/pages\/43\/revisions"}],"predecessor-version":[{"id":8378,"href":"https:\/\/agora.xtec.cat\/iesmaremar\/wp-json\/wp\/v2\/pages\/43\/revisions\/8378"}],"up":[{"embeddable":true,"href":"https:\/\/agora.xtec.cat\/iesmaremar\/wp-json\/wp\/v2\/pages\/19"}],"wp:attachment":[{"href":"https:\/\/agora.xtec.cat\/iesmaremar\/wp-json\/wp\/v2\/media?parent=43"}],"curies":[{"name":"wp","href":"https:\/\/api.w.org\/{rel}","templated":true}]}}