{"id":4122,"date":"2021-03-08T11:18:53","date_gmt":"2021-03-08T10:18:53","guid":{"rendered":"http:\/\/agora.xtec.cat\/iesmaremar\/?page_id=4122"},"modified":"2025-05-07T14:44:21","modified_gmt":"2025-05-07T12:44:21","slug":"beques","status":"publish","type":"page","link":"https:\/\/agora.xtec.cat\/iesmaremar\/secretaria\/tramits\/beques\/","title":{"rendered":"Beques"},"content":{"rendered":"<h4><strong><span style=\"color: #ff6600;\"><a style=\"color: #ff6600;\" href=\"https:\/\/www.educacionfpydeportes.gob.es\/servicios-al-ciudadano\/catalogo\/estudiantes\/becas-ayudas\/para-estudiar\/primaria-secundaria.html\">Secund\u00e0ria<\/a><\/span><\/strong><\/h4>\n<h5>Beques i ajudes per alumnes amb necessitats espec\u00edfiques de suport educatiu.<\/h5>\n<p>Tot el proc\u00e9s de sol\u00b7licitud de la beca es fa a trav\u00e9s de la seu electr\u00f2nica del Ministeri d\u2019Educaci\u00f3, Formaci\u00f3 Professional i Esports. Al web del Departament d&#8217;Educaci\u00f3 est\u00e0 tota la informaci\u00f3 per a les fam\u00edlies i els alumnes:\u00a0<a title=\"Ves al Tr\u00e0mit\" href=\"https:\/\/web.gencat.cat\/ca\/tramits\/tramits-temes\/Ajuts-per-a-alumnes-amb-necessitat-especifica-de-suport-educatiu?category=7449fd1c-a82c-11e3-a972-000c29052e2c\" target=\"_blank\" rel=\"noopener\"><strong>Ajuts per a alumnes amb necessita\u200b\u200b\u200bt espec\u00edfica de suport educatiu<\/strong><\/a><\/p>\n<p><span data-olk-copy-source=\"MessageBody\">A difer\u00e8ncia de les convocat\u00f2ries anteriors, la\u00a0<strong>sol\u00b7licitud no s\u2019ha de lliurar al centre educatiu<\/strong>. La sol\u00b7licitud es considera presentada en emplenar el formulari en l\u00ednia i obtenir el resguard de presentaci\u00f3.<\/span>\u200b<\/p>\n<p><strong>\u200bTermini per presentar la sol\u00b7licitud:\u00a0del\u00a030 d&#8217;abril fins a l&#8217;11\u00a0de setembre de\u00a02025<\/strong><\/p>\n<p>&nbsp;<\/p>\n<h4><span style=\"color: #ff6600;\"><strong><a style=\"color: #ff6600;\" href=\"https:\/\/www.educacionfpydeportes.gob.es\/servicios-al-ciudadano\/catalogo\/estudiantes\/becas-ayudas\/para-estudiar\/bachillerato.html\">Batxillerat<\/a><\/strong><\/span><\/h4>\n<ul>\n<li class=\"LC20lb MBeuO DKV0Md\">\n<h5>Beques per a ensenyaments postobligatoris no universitaris, <span style=\"font-family: inherit; font-size: 1em;\">curs 2025-2026.\u00a0<\/span><\/h5>\n<ul>\n<li style=\"list-style-type: none;\">\n<ul>\n<li><a href=\"https:\/\/www.becaseducacion.gob.es\/becas-y-ayudas\/fp-bachillerato-otros\/tipos-de-becas.html\">Informaci\u00f3<\/a><\/li>\n<li>Sol\u00b7licita-la <a href=\"https:\/\/educacio.gencat.cat\/ca\/tramits\/tramits-temes\/beques-ministeri-postobligatoris\">aqu\u00ed <\/a><\/li>\n<\/ul>\n<\/li>\n<\/ul>\n<\/li>\n<\/ul>\n<p style=\"padding-left: 40px;\"><strong style=\"font-family: inherit; font-size: 1em;\">\u200bTermini per presentar la sol\u00b7licitud: d<span style=\"font-family: inherit; font-size: 1em;\">el 24 de mar\u00e7 a les 8:00 al 14 de maig a les 15:00 h.<\/span><\/strong><\/p>\n<p>&nbsp;<\/p>\n<ul>\n<li>\n<h5>Beques i ajudes per alumnes amb necessitats espec\u00edfiques de suport educatiu.<\/h5>\n<\/li>\n<\/ul>\n<p style=\"padding-left: 40px;\"><strong>\u200b<\/strong>Tot el proc\u00e9s de sol\u00b7licitud de la beca es fa a trav\u00e9s de la seu electr\u00f2nica del Ministeri d\u2019Educaci\u00f3, Formaci\u00f3 Professional i Esports. Al web del Departament d&#8217;Educaci\u00f3 est\u00e0 tota la informaci\u00f3 per a les fam\u00edlies i els alumnes: <a title=\"Ves al Tr\u00e0mit\" href=\"https:\/\/web.gencat.cat\/ca\/tramits\/tramits-temes\/Ajuts-per-a-alumnes-amb-necessitat-especifica-de-suport-educatiu?category=7449fd1c-a82c-11e3-a972-000c29052e2c\" target=\"_blank\" rel=\"noopener\"><strong>Ajuts per a alumnes amb necessita\u200b\u200b\u200bt espec\u00edfica de suport educatiu<\/strong><\/a><\/p>\n<p style=\"padding-left: 40px;\"><span data-olk-copy-source=\"MessageBody\">A difer\u00e8ncia de les convocat\u00f2ries anteriors, la\u00a0<strong>sol\u00b7licitud no s\u2019ha de lliurar al centre educatiu<\/strong>. La sol\u00b7licitud es considera presentada en emplenar el formulari en l\u00ednia i obtenir el resguard de presentaci\u00f3.<\/span>\u200b<\/p>\n<p style=\"padding-left: 40px;\"><strong>\u200bTermini per presentar la sol\u00b7licitud:\u00a0del\u00a030 d&#8217;abril fins a l&#8217;11\u00a0de setembre de\u00a02025<\/strong><\/p>\n<p>&nbsp;<\/p>\n<h4><span style=\"color: #ff6600;\"><strong><a style=\"color: #ff6600;\" href=\"https:\/\/www.educacionfpydeportes.gob.es\/servicios-al-ciudadano\/catalogo\/estudiantes\/becas-ayudas\/para-estudiar\/formacion-profesional.html\">Formaci\u00f3 Professional<\/a><\/strong><\/span><\/h4>\n<ul>\n<li class=\"LC20lb MBeuO DKV0Md\">\n<h5>Beques per a ensenyaments postobligatoris no universitaris, <span style=\"font-family: inherit; font-size: 1em;\">curs 2025-2026.\u00a0<\/span><\/h5>\n<ul>\n<li style=\"list-style-type: none;\">\n<ul>\n<li><a href=\"https:\/\/www.becaseducacion.gob.es\/becas-y-ayudas\/fp-bachillerato-otros\/tipos-de-becas.html\">Informaci\u00f3<\/a><\/li>\n<li>Sol\u00b7licita-la <a href=\"https:\/\/educacio.gencat.cat\/ca\/tramits\/tramits-temes\/beques-ministeri-postobligatoris\">aqu\u00ed <\/a><\/li>\n<\/ul>\n<\/li>\n<\/ul>\n<\/li>\n<\/ul>\n<p style=\"padding-left: 40px;\"><strong style=\"font-family: inherit; font-size: 1em;\">\u200bTermini per presentar la sol\u00b7licitud: d<span style=\"font-family: inherit; font-size: 1em;\">el 24 de mar\u00e7 a les 8:00 al 14 de maig a les 15:00 h.<\/span><\/strong><\/p>\n<p>&nbsp;<\/p>\n<ul>\n<li>\n<h5>Beques i ajudes per alumnes amb necessitats espec\u00edfiques de suport educatiu.<\/h5>\n<p>Tot el proc\u00e9s de sol\u00b7licitud de la beca es fa a trav\u00e9s de la seu electr\u00f2nica del Ministeri d\u2019Educaci\u00f3, Formaci\u00f3 Professional i Esports. Al web del Departament d&#8217;Educaci\u00f3 est\u00e0 tota la informaci\u00f3 per a les fam\u00edlies i els alumnes: <a title=\"Ves al Tr\u00e0mit\" href=\"https:\/\/web.gencat.cat\/ca\/tramits\/tramits-temes\/Ajuts-per-a-alumnes-amb-necessitat-especifica-de-suport-educatiu?category=7449fd1c-a82c-11e3-a972-000c29052e2c\" target=\"_blank\" rel=\"noopener\"><strong>Ajuts per a alumnes amb necessita\u200b\u200b\u200bt espec\u00edfica de suport educatiu<\/strong><\/a><\/p>\n<p><span data-olk-copy-source=\"MessageBody\">A difer\u00e8ncia de les convocat\u00f2ries anteriors, la\u00a0<strong>sol\u00b7licitud no s\u2019ha de lliurar al centre educatiu<\/strong>. La sol\u00b7licitud es considera presentada en emplenar el formulari en l\u00ednia i obtenir el resguard de presentaci\u00f3.<\/span>\u200b<\/p>\n<p><strong>\u200bTermini per presentar la sol\u00b7licitud:\u00a0del\u00a030 d&#8217;abril fins a l&#8217;11\u00a0de setembre de\u00a02025<\/strong><\/li>\n<\/ul>\n<p><a href=\"https:\/\/www.becaseducacion.gob.es\/portada.html\"><img decoding=\"async\" src=\"https:\/\/www.becaseducacion.gob.es\/.resources\/templating\/base\/img\/escudo-mefpd-mciu.png\" alt=\"Escudo de los Ministerios\" \/><\/a><\/p>\n","protected":false},"excerpt":{"rendered":"<p><a style=\"color: #ff6600;\" href=\"https:\/\/www.educacionfpydeportes.gob.es\/servicios-al-ciudadano\/catalogo\/estudiantes\/becas-ayudas\/para-estudiar\/primaria-secundaria.html\">Secund\u00e0ria<\/a><br \/>\nBeques i ajudes per alumnes amb necessitats espec\u00edfiques de suport educatiu.<br \/>\nTot el proc\u00e9s de sol\u00b7licitud de la beca es fa a trav\u00e9s de la seu electr\u00f2nica del Ministeri d\u2019Educaci\u00f3, Formaci\u00f3 Professional i Esports. Al web del Departament d&#8217;Educaci\u00f3 est\u00e0 tota la informaci\u00f3&hellip;  <a href=\"https:\/\/agora.xtec.cat\/iesmaremar\/secretaria\/tramits\/beques\/\" title=\"Read Beques\">Llegeix m\u00e9s\u00bb<\/a><\/p>\n","protected":false},"author":12,"featured_media":0,"parent":7954,"menu_order":1,"comment_status":"closed","ping_status":"closed","template":"page-templates\/side-menu.php","meta":{"_bbp_topic_count":0,"_bbp_reply_count":0,"_bbp_total_topic_count":0,"_bbp_total_reply_count":0,"_bbp_voice_count":0,"_bbp_anonymous_reply_count":0,"_bbp_topic_count_hidden":0,"_bbp_reply_count_hidden":0,"_bbp_forum_subforum_count":0,"footnotes":""},"class_list":["post-4122","page","type-page","status-publish","hentry"],"post_mailing_queue_ids":[],"_links":{"self":[{"href":"https:\/\/agora.xtec.cat\/iesmaremar\/wp-json\/wp\/v2\/pages\/4122","targetHints":{"allow":["GET"]}}],"collection":[{"href":"https:\/\/agora.xtec.cat\/iesmaremar\/wp-json\/wp\/v2\/pages"}],"about":[{"href":"https:\/\/agora.xtec.cat\/iesmaremar\/wp-json\/wp\/v2\/types\/page"}],"author":[{"embeddable":true,"href":"https:\/\/agora.xtec.cat\/iesmaremar\/wp-json\/wp\/v2\/users\/12"}],"replies":[{"embeddable":true,"href":"https:\/\/agora.xtec.cat\/iesmaremar\/wp-json\/wp\/v2\/comments?post=4122"}],"version-history":[{"count":6,"href":"https:\/\/agora.xtec.cat\/iesmaremar\/wp-json\/wp\/v2\/pages\/4122\/revisions"}],"predecessor-version":[{"id":10188,"href":"https:\/\/agora.xtec.cat\/iesmaremar\/wp-json\/wp\/v2\/pages\/4122\/revisions\/10188"}],"up":[{"embeddable":true,"href":"https:\/\/agora.xtec.cat\/iesmaremar\/wp-json\/wp\/v2\/pages\/7954"}],"wp:attachment":[{"href":"https:\/\/agora.xtec.cat\/iesmaremar\/wp-json\/wp\/v2\/media?parent=4122"}],"curies":[{"name":"wp","href":"https:\/\/api.w.org\/{rel}","templated":true}]}}