{"id":4031,"date":"2021-03-03T10:44:03","date_gmt":"2021-03-03T09:44:03","guid":{"rendered":"http:\/\/agora.xtec.cat\/iesmaremar\/?page_id=4031"},"modified":"2024-11-28T13:51:24","modified_gmt":"2024-11-28T12:51:24","slug":"homologacions","status":"publish","type":"page","link":"https:\/\/agora.xtec.cat\/iesmaremar\/secretaria\/tramits\/homologacions\/","title":{"rendered":"Homologaci\u00f3 de t\u00edtols estrangers"},"content":{"rendered":"<div class=\"list_needToKnow-group-item-title\"><span class=\"list_needToKnow-group-item-span\" role=\"heading\" aria-level=\"3\">Qu\u00e8 \u00e9s?<\/span><\/div>\n<div class=\"wrapper_list_needToKnow-group-article\">\n<div class=\"list_needToKnow-group-item-paragraph\">\n<div class=\"link-dotted\">\n<p>Reconeixement de la validesa oficial a Espanya de t\u00edtols i estudis no universitaris fets a l&#8217;estranger. Mitjan\u00e7ant l&#8217;homologaci\u00f3 s&#8217;obt\u00e9 el reconeixement del grau acad\u00e8mic corresponent, l&#8217;habilitaci\u00f3 per continuar estudis d&#8217;un altre nivell educatiu espanyol i el reconeixement dels efectes professionals inherents al t\u00edtol espanyol de refer\u00e8ncia. Es poden homologar tots els estudis de sistemes educatius estrangers no universitaris, excepte els d&#8217;idiomes.<\/p>\n<\/div>\n<\/div>\n<\/div>\n<p><a href=\"https:\/\/educacio.gencat.cat\/ca\/tramits\/tramits-temes\/20264_homologacio_titols\">Clica aqu\u00ed per a m\u00e9s informaci\u00f3 sobre les homologacions (requisits, <\/a><a href=\"http:\/\/queestudiar.gencat.cat\/ca\/homologacio\/preparacio\/\">documentaci\u00f3<\/a><a href=\"http:\/\/queestudiar.gencat.cat\/ca\/homologacio\/preparacio\/\">, sol\u00b7licitud&#8230;)<\/a><\/p>\n","protected":false},"excerpt":{"rendered":"<p>Qu\u00e8 \u00e9s?<\/p>\n<p>Reconeixement de la validesa oficial a Espanya de t\u00edtols i estudis no universitaris fets a l&#8217;estranger. Mitjan\u00e7ant l&#8217;homologaci\u00f3 s&#8217;obt\u00e9 el reconeixement del grau acad\u00e8mic corresponent, l&#8217;habilitaci\u00f3 per continuar estudis d&#8217;un altre nivell educatiu espanyol i el reconeixement dels efectes professionals inherents al t\u00edtol espanyol&hellip;  <a href=\"https:\/\/agora.xtec.cat\/iesmaremar\/secretaria\/tramits\/homologacions\/\" title=\"Read Homologaci\u00f3 de t\u00edtols estrangers\">Llegeix m\u00e9s\u00bb<\/a><\/p>\n","protected":false},"author":12,"featured_media":0,"parent":7954,"menu_order":9,"comment_status":"closed","ping_status":"closed","template":"page-templates\/side-menu.php","meta":{"_bbp_topic_count":0,"_bbp_reply_count":0,"_bbp_total_topic_count":0,"_bbp_total_reply_count":0,"_bbp_voice_count":0,"_bbp_anonymous_reply_count":0,"_bbp_topic_count_hidden":0,"_bbp_reply_count_hidden":0,"_bbp_forum_subforum_count":0,"footnotes":""},"class_list":["post-4031","page","type-page","status-publish","hentry"],"post_mailing_queue_ids":[],"_links":{"self":[{"href":"https:\/\/agora.xtec.cat\/iesmaremar\/wp-json\/wp\/v2\/pages\/4031","targetHints":{"allow":["GET"]}}],"collection":[{"href":"https:\/\/agora.xtec.cat\/iesmaremar\/wp-json\/wp\/v2\/pages"}],"about":[{"href":"https:\/\/agora.xtec.cat\/iesmaremar\/wp-json\/wp\/v2\/types\/page"}],"author":[{"embeddable":true,"href":"https:\/\/agora.xtec.cat\/iesmaremar\/wp-json\/wp\/v2\/users\/12"}],"replies":[{"embeddable":true,"href":"https:\/\/agora.xtec.cat\/iesmaremar\/wp-json\/wp\/v2\/comments?post=4031"}],"version-history":[{"count":4,"href":"https:\/\/agora.xtec.cat\/iesmaremar\/wp-json\/wp\/v2\/pages\/4031\/revisions"}],"predecessor-version":[{"id":9528,"href":"https:\/\/agora.xtec.cat\/iesmaremar\/wp-json\/wp\/v2\/pages\/4031\/revisions\/9528"}],"up":[{"embeddable":true,"href":"https:\/\/agora.xtec.cat\/iesmaremar\/wp-json\/wp\/v2\/pages\/7954"}],"wp:attachment":[{"href":"https:\/\/agora.xtec.cat\/iesmaremar\/wp-json\/wp\/v2\/media?parent=4031"}],"curies":[{"name":"wp","href":"https:\/\/api.w.org\/{rel}","templated":true}]}}