{"id":4014,"date":"2021-03-03T09:58:28","date_gmt":"2021-03-03T08:58:28","guid":{"rendered":"http:\/\/agora.xtec.cat\/iesmaremar\/?page_id=4014"},"modified":"2024-05-16T12:26:52","modified_gmt":"2024-05-16T10:26:52","slug":"cicles-de-grau-mitja","status":"publish","type":"page","link":"https:\/\/agora.xtec.cat\/iesmaremar\/cicles-de-grau-mitja\/","title":{"rendered":"Cicles de grau mitj\u00e0"},"content":{"rendered":"<h4><strong>Qu\u00e8 pots estudiar a l&#8217;Institut Maremar?<\/strong><\/h4>\n<p><strong><span style=\"color: #ff9900;\"><a style=\"color: #ff9900;\" href=\"https:\/\/triaeducativa.gencat.cat\/ca\/estudis\/?atencio-persones-situacio-dependencia&amp;p_id=1570\"><span style=\"color: #ff9900;\">CFGM SC10 Atenci\u00f3 a persones en situaci\u00f3 de depend\u00e8ncia (APD)<\/span><\/a><span style=\"font-family: 'Open Sans', Helvetica, Arial, sans-serif;\">\u00a0<\/span><\/span><\/strong><br \/>\n<strong><span style=\"color: #ff9900;\"><a style=\"color: #ff9900;\" href=\"https:\/\/triaeducativa.gencat.cat\/ca\/estudis\/?cures-auxiliars-infermeria&amp;p_id=109\"><span style=\"font-family: Arial, sans-serif;\"><span style=\"color: #ff9900;\">CFGM 1601 C<\/span><span style=\"font-family: Open Sans, sans-serif;\"><span style=\"color: #ff9900;\">ures auxiliars d&#8217;infermeria (CAI)\u00a0<\/span><\/span><\/span><\/a><\/span><\/strong><br \/>\n<strong><span style=\"color: #ff9900;\"><a style=\"color: #ff9900;\" href=\"https:\/\/triaeducativa.gencat.cat\/ca\/estudis\/?farmacia-parafarmacia&amp;p_id=111\"><span style=\"color: #ff9900;\">CFGM SA20 Farm\u00e0cia i Parafarm\u00e0cia (FPF)<\/span><\/a><\/span><\/strong><\/p>\n<p>&#8212;&#8212;&#8212;&#8212;&#8212;&#8212;&#8212;&#8212;&#8212;&#8212;&#8212;&#8212;&#8212;&#8212;&#8212;&#8212;&#8212;&#8212;&#8212;&#8212;&#8212;&#8212;&#8212;&#8212;&#8212;&#8212;&#8212;&#8212;&#8212;&#8212;&#8212;&#8212;&#8212;&#8212;&#8212;&#8212;&#8212;&#8212;&#8212;&#8212;&#8212;&#8212;&#8212;&#8212;&#8212;&#8212;&#8212;&#8212;&#8212;&#8212;&#8212;&#8212;&#8212;&#8212;&#8212;&#8212;&#8212;&#8212;&#8212;&#8212;&#8212;&#8212;&#8212;&#8212;&#8211;<\/p>\n<h4 class=\"subtitle\"><strong>Qu\u00e8 necessito per accedir-hi<\/strong><\/h4>\n<p><span style=\"font-family: Arial, sans-serif;\">Tenen<strong> acc\u00e9s directe als cicles de grau mitj\u00e0<\/strong> les persones que compleixen algun dels requisits seg\u00fcents:<\/span><\/p>\n<ul>\n<li style=\"list-style-type: none;\">\n<ul>\n<li><span style=\"font-family: Arial, sans-serif;\">tenir el t\u00edtol de graduat en Educaci\u00f3 Secund\u00e0ria Obligat\u00f2ria,<\/span><\/li>\n<li><span style=\"font-family: Arial, sans-serif;\">tenir el t\u00edtol de t\u00e8cnic o de t\u00e8cnic auxiliar,<\/span><\/li>\n<li><span style=\"font-family: Arial, sans-serif;\">haver superat el curs espec\u00edfic per a l&#8217;acc\u00e9s als cicles formatius de grau mitj\u00e0 <a href=\"http:\/\/queestudiar.gencat.cat\/ca\/estudis\/acces-cicles\/gm\/\"><strong><span style=\"color: #ff8000;\">(CAM),<\/span><\/strong><\/a><\/span><\/li>\n<li><span style=\"font-family: Arial, sans-serif;\">haver superat el segon curs del batxillerat unificat i polivalent (BUP),<\/span><\/li>\n<li><span style=\"font-family: Arial, sans-serif;\">tenir altres estudis equivalents a efectes acad\u00e8mics,<\/span><\/li>\n<li><span style=\"font-family: Arial, sans-serif;\">haver superat els m\u00f2duls obligatoris d&#8217;un programa de qualificaci\u00f3 professional inicial (PQPI),<\/span><\/li>\n<li><span style=\"font-family: Arial, sans-serif;\">haver superat la prova d&#8217;acc\u00e9s a la universitat per a majors de 25 anys,<\/span><\/li>\n<li><span style=\"font-family: Arial, sans-serif;\">tenir un t\u00edtol per accedir a un cicle formatiu de grau superior.<\/span><\/li>\n<\/ul>\n<\/li>\n<\/ul>\n<p><span style=\"font-family: Arial, sans-serif;\">Les persones que no compleixen cap dels requisits esmentats han de superar una <strong><span style=\"color: #ff8000;\"><a style=\"color: #ff8000;\" href=\"http:\/\/educacio.gencat.cat\/ca\/serveis-tramits\/proves\/proves-acces\/\" target=\"_blank\" rel=\"noopener noreferrer\">prova d&#8217;acc\u00e9s<\/a><\/span>.<\/strong> Per presentar-s&#8217;hi han de tenir, com a m\u00ednim, 17 anys l&#8217;any en qu\u00e8 es fa la prova.<\/span><\/p>\n<p>&#8212;&#8212;&#8212;&#8212;&#8212;&#8212;&#8212;&#8212;&#8212;&#8212;&#8212;&#8212;&#8212;&#8212;&#8212;&#8212;&#8212;&#8212;&#8212;&#8212;&#8212;&#8212;&#8212;&#8212;&#8212;&#8212;&#8212;&#8212;&#8212;&#8212;&#8212;&#8212;&#8212;&#8212;&#8212;&#8212;&#8212;&#8212;&#8212;&#8212;&#8212;&#8212;&#8212;&#8212;&#8212;&#8212;&#8212;&#8212;&#8212;&#8212;&#8212;&#8212;&#8212;&#8212;&#8212;&#8212;&#8212;&#8212;&#8212;&#8212;&#8212;&#8212;&#8212;&#8212;&#8211;<\/p>\n<h4 class=\"subtitle\"><strong>Quines s\u00f3n les sortides acad\u00e8miques i professionals<\/strong><\/h4>\n<p><span style=\"font-family: Arial, sans-serif;\">Les persones que superen el cicle formatiu de grau mitj\u00e0 obtenen un t\u00edtol de t\u00e8cnic, que els permet accedir:<\/span><\/p>\n<ul>\n<li style=\"list-style-type: none;\">\n<ul>\n<li><span style=\"font-family: Arial, sans-serif;\">al batxillerat,<\/span><\/li>\n<li><span style=\"font-family: Arial, sans-serif;\">a un cicle de grau superior de formaci\u00f3 professional,<\/span><\/li>\n<li><span style=\"font-family: Arial, sans-serif;\">al m\u00f3n laboral.<\/span><\/li>\n<\/ul>\n<\/li>\n<\/ul>\n<p>&#8212;&#8212;&#8212;&#8212;&#8212;&#8212;&#8212;&#8212;&#8212;&#8212;&#8212;&#8212;&#8212;&#8212;&#8212;&#8212;&#8212;&#8212;&#8212;&#8212;&#8212;&#8212;&#8212;&#8212;&#8212;&#8212;&#8212;&#8212;&#8212;&#8212;&#8212;&#8212;&#8212;&#8212;&#8212;&#8212;&#8212;&#8212;&#8212;&#8212;&#8212;&#8212;&#8212;&#8212;&#8212;&#8212;&#8212;&#8212;&#8212;&#8212;&#8212;&#8212;&#8212;&#8212;&#8212;&#8212;&#8212;&#8212;&#8212;&#8212;&#8212;&#8212;&#8212;&#8212;&#8211;<\/p>\n<h4><strong><span style=\"font-family: Arial, sans-serif;\"><span style=\"font-size: large;\">Preinscripci\u00f3 i matr\u00edcula<\/span><\/span><span style=\"font-family: Arial, sans-serif;\"><span style=\"font-size: large;\"><a href=\"https:\/\/preinscripcio.gencat.cat\/ca\/estudis\/fp-grau-mitja\/inici\/\"><img loading=\"lazy\" decoding=\"async\" class=\"alignnone size-full wp-image-4581\" src=\"https:\/\/agora.xtec.cat\/iesmaremar\/wp-content\/uploads\/usu1710\/2021\/04\/ves-hi-petit-.jpg\" alt=\"\" width=\"62\" height=\"36\" \/><\/a><\/span><\/span><\/strong><\/h4>\n<p><span style=\"font-family: Arial, sans-serif;\">Per cursar un cicle de grau mitj\u00e0 cal formalitzar la preinscripci\u00f3 i presentar-la al centre i per a l&#8217;ensenyament demanat en primer lloc.<\/span><\/p>\n<p><span style=\"font-family: Arial, sans-serif;\">Per a l&#8217;assignaci\u00f3 de les places s&#8217;ordenen les sol\u00b7licituds segons la qualificaci\u00f3 mitjana de l&#8217;ESO o dels estudis equivalents; les sol\u00b7licituds que tenen la mateixa puntuaci\u00f3 s&#8217;ordenen a partir d&#8217;un n\u00famero de desempat que s&#8217;obt\u00e9 per sorteig.<\/span><\/p>\n<p><span style=\"font-family: Arial, sans-serif;\">Hi ha un 20% de places reservades per als alumnes que accedeixen a un cicle mitjan\u00e7ant la prova d&#8217;acc\u00e9s o el curs espec\u00edfic d&#8217;acc\u00e9s; les sol\u00b7licituds d&#8217;aquests alumnes s&#8217;ordenen segons la qualificaci\u00f3 aconseguida a la prova o al curs.<\/span><\/p>\n<p>&nbsp;<\/p>\n<p><strong>Si tens algun dubte, ens el pots fer arribar des d\u2019aquest <span style=\"color: #ff8000;\"><a style=\"color: #ff8000;\" href=\"https:\/\/forms.gle\/KgbaTW1BGY7gspQB6\">formulari<\/a><\/span><\/strong><\/p>\n","protected":false},"excerpt":{"rendered":"<p>Qu\u00e8 pots estudiar a l&#8217;Institut Maremar?<br \/>\n<a style=\"color: #ff9900;\" href=\"https:\/\/triaeducativa.gencat.cat\/ca\/estudis\/?atencio-persones-situacio-dependencia&amp;p_id=1570\">CFGM SC10 Atenci\u00f3 a persones en situaci\u00f3 de depend\u00e8ncia (APD)<\/a>\u00a0<br \/>\n<a style=\"color: #ff9900;\" href=\"https:\/\/triaeducativa.gencat.cat\/ca\/estudis\/?cures-auxiliars-infermeria&amp;p_id=109\">CFGM 1601 Cures auxiliars d&#8217;infermeria (CAI)\u00a0<\/a><br \/>\n<a style=\"color: #ff9900;\" href=\"https:\/\/triaeducativa.gencat.cat\/ca\/estudis\/?farmacia-parafarmacia&amp;p_id=111\">CFGM SA20 Farm\u00e0cia i Parafarm\u00e0cia (FPF)<\/a><br \/>\n&#8212;&#8212;&#8212;&#8212;&#8212;&#8212;&#8212;&#8212;&#8212;&#8212;&#8212;&#8212;&#8212;&#8212;&#8212;&#8212;&#8212;&#8212;&#8212;&#8212;&#8212;&#8212;&#8212;&#8212;&#8212;&#8212;&#8212;&#8212;&#8212;&#8212;&#8212;&#8212;&#8212;&#8212;&#8212;&#8212;&#8212;&#8212;&#8212;&#8212;&#8212;&#8212;&#8212;&#8212;&#8212;&#8212;&#8212;&#8212;&#8212;&#8212;&#8212;&#8212;&#8212;&#8212;&#8212;&#8212;&#8212;&#8212;&#8212;&#8212;&#8212;&#8212;&#8212;&#8212;&#8211;<br \/>\nQu\u00e8 necessito per accedir-hi<br \/>\nTenen acc\u00e9s directe als cicles de grau mitj\u00e0 les&hellip;  <a href=\"https:\/\/agora.xtec.cat\/iesmaremar\/cicles-de-grau-mitja\/\" title=\"Read Cicles de grau mitj\u00e0\">Llegeix m\u00e9s\u00bb<\/a><\/p>\n","protected":false},"author":12,"featured_media":0,"parent":0,"menu_order":3,"comment_status":"closed","ping_status":"closed","template":"page-templates\/side-menu.php","meta":{"_bbp_topic_count":0,"_bbp_reply_count":0,"_bbp_total_topic_count":0,"_bbp_total_reply_count":0,"_bbp_voice_count":0,"_bbp_anonymous_reply_count":0,"_bbp_topic_count_hidden":0,"_bbp_reply_count_hidden":0,"_bbp_forum_subforum_count":0,"footnotes":""},"class_list":["post-4014","page","type-page","status-publish","hentry"],"post_mailing_queue_ids":[],"_links":{"self":[{"href":"https:\/\/agora.xtec.cat\/iesmaremar\/wp-json\/wp\/v2\/pages\/4014","targetHints":{"allow":["GET"]}}],"collection":[{"href":"https:\/\/agora.xtec.cat\/iesmaremar\/wp-json\/wp\/v2\/pages"}],"about":[{"href":"https:\/\/agora.xtec.cat\/iesmaremar\/wp-json\/wp\/v2\/types\/page"}],"author":[{"embeddable":true,"href":"https:\/\/agora.xtec.cat\/iesmaremar\/wp-json\/wp\/v2\/users\/12"}],"replies":[{"embeddable":true,"href":"https:\/\/agora.xtec.cat\/iesmaremar\/wp-json\/wp\/v2\/comments?post=4014"}],"version-history":[{"count":6,"href":"https:\/\/agora.xtec.cat\/iesmaremar\/wp-json\/wp\/v2\/pages\/4014\/revisions"}],"predecessor-version":[{"id":9168,"href":"https:\/\/agora.xtec.cat\/iesmaremar\/wp-json\/wp\/v2\/pages\/4014\/revisions\/9168"}],"wp:attachment":[{"href":"https:\/\/agora.xtec.cat\/iesmaremar\/wp-json\/wp\/v2\/media?parent=4014"}],"curies":[{"name":"wp","href":"https:\/\/api.w.org\/{rel}","templated":true}]}}