{"id":4010,"date":"2021-02-25T12:27:39","date_gmt":"2021-02-25T11:27:39","guid":{"rendered":"http:\/\/agora.xtec.cat\/iesmaremar\/?page_id=4010"},"modified":"2024-05-14T10:21:46","modified_gmt":"2024-05-14T08:21:46","slug":"tpvescola-instruccions","status":"publish","type":"page","link":"https:\/\/agora.xtec.cat\/iesmaremar\/secretaria\/preinscripcio\/tpvescola-instruccions\/","title":{"rendered":"TPVEscola instruccions"},"content":{"rendered":"<p><span style=\"font-weight: 400;\"><img loading=\"lazy\" decoding=\"async\" class=\"size-full wp-image-9115 alignleft\" src=\"https:\/\/agora.xtec.cat\/iesmaremar\/wp-content\/uploads\/usu1710\/2024\/05\/TPVESCOLA-TARONJA.jpg\" alt=\"\" width=\"160\" height=\"160\" srcset=\"https:\/\/agora.xtec.cat\/iesmaremar\/wp-content\/uploads\/usu1710\/2024\/05\/TPVESCOLA-TARONJA.jpg 160w, https:\/\/agora.xtec.cat\/iesmaremar\/wp-content\/uploads\/usu1710\/2024\/05\/TPVESCOLA-TARONJA-150x150.jpg 150w\" sizes=\"auto, (max-width: 160px) 100vw, 160px\" \/><\/span><\/p>\n<p>&nbsp;<\/p>\n<p><span style=\"font-weight: 400;\">L&#8217;institut us proporciona un sistema \u00e0gil i senzill per a efectuar els pagaments i les comunicacions, basat en pagament segur amb targeta de cr\u00e8dit o d\u00e8bit.\u00a0<\/span><\/p>\n<p style=\"text-align: left;\"><span style=\"font-weight: 400;\">No cal lliurar els justificants a l\u2019institut. Si teniu cap dubte, adreceu-vos a secretaria@iesmaremar.net<\/span><\/p>\n<p>&nbsp;<\/p>\n<p><b>INSTRUCCIONS PER ACCEDIR A TPVEscola:\u00a0<\/b><\/p>\n<p><b>Amb l&#8217;App gratu\u00efta del m\u00f2bil:\u00a0<\/b><\/p>\n<ol>\n<li style=\"font-weight: 400;\" aria-level=\"1\"><span style=\"font-weight: 400;\">Descarregueu l\u2019App <\/span><b>\u201cTPVEscola&#8221;<\/b><span style=\"font-weight: 400;\"> a<\/span><strong><span style=\"color: #3366ff;\"><a style=\"color: #3366ff;\" href=\"https:\/\/play.google.com\/store\/apps\/details?id=com.eqctpvescola&amp;hl=es\"> Google Play<\/a><\/span><\/strong><span style=\"font-weight: 400;\"> o <\/span><strong><span style=\"color: #3366ff;\"><a style=\"color: #3366ff;\" href=\"https:\/\/apps.apple.com\/es\/app\/tpvescola\/id1153423424\">App Store<\/a><\/span><\/strong><\/li>\n<li style=\"font-weight: 400;\" aria-level=\"1\"><span style=\"font-weight: 400;\">Seleccioneu poblaci\u00f3 <\/span><b>El Masnou.<\/b><\/li>\n<li style=\"font-weight: 400; text-align: justify;\" aria-level=\"1\"><span style=\"font-weight: 400;\">El nom d\u2019usuari \u00e9s el <\/span><b>DNI\/NIE del vostre\/a fill\/a amb la lletra<\/b><span style=\"font-weight: 400;\">, sense espais ni guions. Si no disposa de DNI\/NIE, tamb\u00e9 podeu fer servir l\u2019usuari que us facilitarem a Secretaria. La contrasenya d&#8217;inici \u00e9s <\/span><b>zx1234 <\/b><span style=\"font-weight: 400;\">i es pot modificar posteriorment.\u00a0 Un cop introdu\u00efda, ja queda gravat per a properes vegades.\u00a0<\/span><\/li>\n<\/ol>\n<p><b>Per Internet:\u00a0<\/b><\/p>\n<ol>\n<li style=\"font-weight: 400;\" aria-level=\"1\"><span style=\"font-weight: 400;\">\u00a0Accediu a: <\/span><span style=\"color: #ff8000;\"><a style=\"color: #ff8000;\" href=\"http:\/\/www.tpvescola.com\" target=\"_blank\" rel=\"noopener noreferrer\"><b>www.tpvescola.com<\/b><\/a><b>\u00a0<\/b><\/span><\/li>\n<li style=\"font-weight: 400;\" aria-level=\"1\"><span style=\"font-weight: 400;\">Seleccioneu poblaci\u00f3\u00a0 <\/span><b>El Masnou <\/b><span style=\"font-weight: 400;\">\u00a0i <\/span><b>Institut Maremar<\/b><span style=\"font-weight: 400;\">.\u00a0\u00a0<\/span><\/li>\n<li style=\"font-weight: 400;\" aria-level=\"1\"><span style=\"font-weight: 400;\">El nom d\u2019usuari \u00e9s el\u00a0 <\/span><b>DNI\/NIE del\/ de l&#8217;alumne\/a amb la lletra<\/b><span style=\"font-weight: 400;\">, sense espais ni guions. Si no disposa de DNI\/NIE, tamb\u00e9 podeu fer servir l\u2019usuari que us facilitarem a Secretaria. La contrasenya d&#8217;inici \u00e9s <\/span><b>zx1234.<\/b><\/li>\n<\/ol>\n<p><span style=\"font-weight: 400;\">Aneu a PAGAMENTS i seleccioneu els conceptes. Fent clic al bot\u00f3 bancari de pagament. Heu d&#8217;introduir les dades de la vostra targeta de cr\u00e8dit o d\u00e8bit i seguir les instruccions en pantalla.\u00a0<\/span><\/p>\n<p><span style=\"font-weight: 400;\">Si ho voleu, podeu <\/span><b>desar <\/b><span style=\"font-weight: 400;\">la targeta de pagament i incl\u00fas <\/span><b>domiciliar <\/b><span style=\"font-weight: 400;\">en la targeta els pagaments (Sistema bancari segur de Redsys).\u00a0<\/span><\/p>\n<p><b>SI DONEU D\u2019ALTA EL VOSTRE EMAIL<\/b><span style=\"font-weight: 400;\"> rebreu un email amb el justificant de cada pagament i altres comunicacions que pugui efectuar l\u2019Institut.\u00a0<\/span><\/p>\n<h5><strong><span style=\"color: #000000;\">BIZUM a TPVEscola<\/span><\/strong><\/h5>\n<p><strong>Com funciona el pagament amb BIZUM?<\/strong><br \/>\nL\u2019operativa \u00e9s diferent d\u2019enviament de diners entre particulars.<br \/>\nPer poder pagar amb BIZUM, cal haver-se registrat a BIZUM a l\u2019entitat banc\u00e0ria amb la qual treballa l\u2019usuari i activar la clau BIZUM per compres per Internet. La majoria d\u2019entitats financeres nacionals disposen de BIZUM. Quan s\u2019activa el BIZUM, es demana el tel\u00e8fon m\u00f2bil de l\u2019usuari i el compte bancari que volen associar al servei.<br \/>\nEn el moment de seleccionar el pagament i clicar PAGAR, el sistema mostra dues opcions, pagament amb targeta i pagament amb BIZUM:<\/p>\n<p><a href=\"https:\/\/agora.xtec.cat\/iesmaremar\/wp-content\/uploads\/usu1710\/2021\/05\/bizum-TPV.jpg\"><img loading=\"lazy\" decoding=\"async\" class=\"alignnone size-full wp-image-4914\" src=\"https:\/\/agora.xtec.cat\/iesmaremar\/wp-content\/uploads\/usu1710\/2021\/05\/bizum-TPV.jpg\" alt=\"\" width=\"547\" height=\"372\" srcset=\"https:\/\/agora.xtec.cat\/iesmaremar\/wp-content\/uploads\/usu1710\/2021\/05\/bizum-TPV.jpg 547w, https:\/\/agora.xtec.cat\/iesmaremar\/wp-content\/uploads\/usu1710\/2021\/05\/bizum-TPV-300x204.jpg 300w\" sizes=\"auto, (max-width: 547px) 100vw, 547px\" \/><\/a><br \/>\nA la p\u00e0gina seg\u00fcent es demana el tel\u00e8fon m\u00f2bil de l\u2019usuari. El sistema detecta que est\u00e0 donat d\u2019alta a BIZUM i sol\u00b7licita la incorporaci\u00f3 de la clau BIZUM per pagaments.<br \/>\nL\u2019operaci\u00f3 es fa de manera molt \u00e0gil i \u00e9s senzilla i a la vegada segura, ja que \u00e9s gestionada i regulada pel sistema bancari nacional, igual que el pagament segur amb targeta.<\/p>\n<h5><strong>COM INSTAL\u00b7LAR L&#8217;APP I IDENTIFICAR-SE<\/strong><\/h5>\n<p><iframe loading=\"lazy\" title=\"YouTube video player\" src=\"https:\/\/www.youtube.com\/embed\/Iokx_zCF8KI?si=hu2NjtQSCdHiAFPY\" width=\"560\" height=\"315\" frameborder=\"0\" allowfullscreen=\"allowfullscreen\"><\/iframe><\/p>\n<h5><span style=\"color: #000000;\"><strong>INSTRUCCIONS SIGNATURA DE DOCUMENTS TPV<\/strong><\/span><\/h5>\n<p><iframe loading=\"lazy\" title=\"YouTube video player\" src=\"https:\/\/www.youtube.com\/embed\/msjXTfLvAu4?si=DdibqEXFugg1Jsyu\" width=\"560\" height=\"315\" frameborder=\"0\" allowfullscreen=\"allowfullscreen\"><\/iframe><\/p>\n<p><strong>DESAR UNA SIGNATURA A L&#8217;APP<\/strong><br \/>\n<iframe loading=\"lazy\" title=\"YouTube video player\" src=\"https:\/\/www.youtube.com\/embed\/LA7NtMOLbqc?si=Hb8EAQlRBOXn-8bC\" width=\"560\" height=\"315\" frameborder=\"0\" allowfullscreen=\"allowfullscreen\"><\/iframe><\/p>\n<p><span style=\"color: #ff8000;\"><strong><a style=\"color: #ff8000;\" href=\"https:\/\/drive.google.com\/file\/d\/10LmIf56H9UxcToAFWX8mrf6YHCfhvrNl\/view?usp=share_link\" target=\"_blank\" rel=\"noopener\">Aqu\u00ed teniu un manual TPV per m\u00e9s aclariments<\/a><\/strong><\/span><\/p>\n","protected":false},"excerpt":{"rendered":"<p>&nbsp;<br \/>\nL&#8217;institut us proporciona un sistema \u00e0gil i senzill per a efectuar els pagaments i les comunicacions, basat en pagament segur amb targeta de cr\u00e8dit o d\u00e8bit.\u00a0<br \/>\nNo cal lliurar els justificants a l\u2019institut. Si teniu cap dubte, adreceu-vos a secretaria@iesmaremar.net<br \/>\n&nbsp;<br \/>\nINSTRUCCIONS PER ACCEDIR A TPVEscola:\u00a0<br \/>\nAmb l&#8217;App gratu\u00efta&hellip;  <a href=\"https:\/\/agora.xtec.cat\/iesmaremar\/secretaria\/preinscripcio\/tpvescola-instruccions\/\" title=\"Read TPVEscola instruccions\">Llegeix m\u00e9s\u00bb<\/a><\/p>\n","protected":false},"author":12,"featured_media":0,"parent":7322,"menu_order":12,"comment_status":"closed","ping_status":"closed","template":"page-templates\/side-menu.php","meta":{"_bbp_topic_count":0,"_bbp_reply_count":0,"_bbp_total_topic_count":0,"_bbp_total_reply_count":0,"_bbp_voice_count":0,"_bbp_anonymous_reply_count":0,"_bbp_topic_count_hidden":0,"_bbp_reply_count_hidden":0,"_bbp_forum_subforum_count":0,"footnotes":""},"class_list":["post-4010","page","type-page","status-publish","hentry"],"post_mailing_queue_ids":[],"_links":{"self":[{"href":"https:\/\/agora.xtec.cat\/iesmaremar\/wp-json\/wp\/v2\/pages\/4010","targetHints":{"allow":["GET"]}}],"collection":[{"href":"https:\/\/agora.xtec.cat\/iesmaremar\/wp-json\/wp\/v2\/pages"}],"about":[{"href":"https:\/\/agora.xtec.cat\/iesmaremar\/wp-json\/wp\/v2\/types\/page"}],"author":[{"embeddable":true,"href":"https:\/\/agora.xtec.cat\/iesmaremar\/wp-json\/wp\/v2\/users\/12"}],"replies":[{"embeddable":true,"href":"https:\/\/agora.xtec.cat\/iesmaremar\/wp-json\/wp\/v2\/comments?post=4010"}],"version-history":[{"count":7,"href":"https:\/\/agora.xtec.cat\/iesmaremar\/wp-json\/wp\/v2\/pages\/4010\/revisions"}],"predecessor-version":[{"id":9121,"href":"https:\/\/agora.xtec.cat\/iesmaremar\/wp-json\/wp\/v2\/pages\/4010\/revisions\/9121"}],"up":[{"embeddable":true,"href":"https:\/\/agora.xtec.cat\/iesmaremar\/wp-json\/wp\/v2\/pages\/7322"}],"wp:attachment":[{"href":"https:\/\/agora.xtec.cat\/iesmaremar\/wp-json\/wp\/v2\/media?parent=4010"}],"curies":[{"name":"wp","href":"https:\/\/api.w.org\/{rel}","templated":true}]}}