{"id":4003,"date":"2021-02-24T17:54:12","date_gmt":"2021-02-24T16:54:12","guid":{"rendered":"http:\/\/agora.xtec.cat\/iesmaremar\/?page_id=4003"},"modified":"2023-09-19T09:34:22","modified_gmt":"2023-09-19T07:34:22","slug":"idcat-com-lobtens-per-internet","status":"publish","type":"page","link":"https:\/\/agora.xtec.cat\/iesmaremar\/secretaria\/preinscripcio\/idcat-com-lobtens-per-internet\/","title":{"rendered":"idCAT com l&#8217;obtens per internet?"},"content":{"rendered":"<p>Des de <a style=\"color: #ff8000;\" href=\"https:\/\/idcatmobil.seu.cat.\"><strong><span style=\"color: #ff8000;\">aqu\u00ed<\/span><\/strong><\/a> ets pots donar d&#8217;alta amb o sense certificat digital, per\u00f2 cal que tinguis la Targeta sanit\u00e0ria individual o la targeta de MUFACE.<\/p>\n<p>Alta sense certificat<br \/>\n\u2022 persones que tinguin nacionalitat espanyola<br \/>\n\u2022 persones estrangeres que tinguin Targeta d\u2019identitat d\u2019estranger (TIE).<\/p>\n<p>Si \u00e9s el teu cas, haur\u00e0s de seguir els seg\u00fcents passos:<\/p>\n<p>1- Acreditar la teva identitat amb el n\u00famero i la data de caducitat del DNI o de la TIE, la data de naixement i el codi de barres de la Targeta Sanit\u00e0ria Individual (TSI) que lliura el CatSalut.<\/p>\n<p><a href=\"https:\/\/agora.xtec.cat\/iesmaremar\/wp-content\/uploads\/usu1710\/2021\/02\/codi-de-barres-targeta-sanitaria.jpg\"><img loading=\"lazy\" decoding=\"async\" class=\"alignnone wp-image-4005\" src=\"https:\/\/agora.xtec.cat\/iesmaremar\/wp-content\/uploads\/usu1710\/2021\/02\/codi-de-barres-targeta-sanitaria.jpg\" alt=\"\" width=\"351\" height=\"119\" srcset=\"https:\/\/agora.xtec.cat\/iesmaremar\/wp-content\/uploads\/usu1710\/2021\/02\/codi-de-barres-targeta-sanitaria.jpg 354w, https:\/\/agora.xtec.cat\/iesmaremar\/wp-content\/uploads\/usu1710\/2021\/02\/codi-de-barres-targeta-sanitaria-300x102.jpg 300w\" sizes=\"auto, (max-width: 351px) 100vw, 351px\" \/><\/a><\/p>\n<p><span style=\"font-family: Arial, sans-serif;\"><span style=\"font-size: medium;\"><span style=\"color: #666666;\">2- Indicar el teu tel\u00e8fon m\u00f2bil, per identificar-te i rebre avisos, i el correu electr\u00f2nic.<\/span><\/span><\/span><\/p>\n<p><span style=\"font-family: Arial, sans-serif;\"><span style=\"font-size: medium;\"><span style=\"color: #666666;\">3- Informar la contrasenya d&#8217;un sol \u00fas que rebr\u00e0s al m\u00f2bil per finalitzar l&#8217;alta.<\/span><\/span><\/span><\/p>\n<p><span style=\"color: #666666;\"><span style=\"font-family: Arial, sans-serif;\"><span style=\"font-size: medium;\"><strong>Alta amb certificat digital<br \/>\n<\/strong><\/span><\/span><\/span><span style=\"color: #666666;\"><span style=\"font-family: Arial, sans-serif;\"><span style=\"font-size: medium;\">Si tens un certificat de persona f\u00edsica, corporatiu de persona f\u00edsica o de persona f\u00edsica representant que est\u00e0 vigent i em\u00e8s per una entitat classificada pel\u00a0<\/span><\/span><\/span><span style=\"color: #bf0000;\"><span style=\"font-family: Arial, sans-serif;\"><span style=\"font-size: medium;\"><a href=\"https:\/\/www.aoc.cat\/encyclopedia\/alta-idcatmobil-certificat-requisits-tecnics\/\">CAOC<\/a><\/span><\/span><\/span><span style=\"color: #666666;\"><span style=\"font-family: Arial, sans-serif;\"><span style=\"font-size: medium;\">.<\/span><\/span><\/span><\/p>\n<p><span style=\"color: #666666;\"><span style=\"font-family: Arial, sans-serif;\"><span style=\"font-size: medium;\"><strong>Un cop ho has fet les teves dades de contacte formaran part del fitxer <a href=\"https:\/\/www.aoc.cat\/knowledge-base\/que-base-dades-electronica-generalitat-catalunya\/\">\u201cSeu electr\u00f2nica\u00a0de la Generalitat de Catalunya\u201d<\/a>.\u00a0<\/strong><\/span><\/span><\/span><span style=\"color: #666666;\"><span style=\"font-family: Arial, sans-serif;\"><span style=\"font-size: medium;\"><strong>\u00a0<\/strong><\/span><\/span><\/span><\/p>\n","protected":false},"excerpt":{"rendered":"<p>Des de <a style=\"color: #ff8000;\" href=\"https:\/\/idcatmobil.seu.cat.\">aqu\u00ed<\/a> ets pots donar d&#8217;alta amb o sense certificat digital, per\u00f2 cal que tinguis la Targeta sanit\u00e0ria individual o la targeta de MUFACE.<br \/>\nAlta sense certificat<br \/>\n\u2022 persones que tinguin nacionalitat espanyola<br \/>\n\u2022 persones estrangeres que tinguin Targeta d\u2019identitat d\u2019estranger (TIE).<br \/>\nSi \u00e9s el&hellip;  <a href=\"https:\/\/agora.xtec.cat\/iesmaremar\/secretaria\/preinscripcio\/idcat-com-lobtens-per-internet\/\" title=\"Read idCAT com l&#8217;obtens per internet?\">Llegeix m\u00e9s\u00bb<\/a><\/p>\n","protected":false},"author":12,"featured_media":0,"parent":7322,"menu_order":8,"comment_status":"closed","ping_status":"closed","template":"page-templates\/side-menu.php","meta":{"_bbp_topic_count":0,"_bbp_reply_count":0,"_bbp_total_topic_count":0,"_bbp_total_reply_count":0,"_bbp_voice_count":0,"_bbp_anonymous_reply_count":0,"_bbp_topic_count_hidden":0,"_bbp_reply_count_hidden":0,"_bbp_forum_subforum_count":0,"footnotes":""},"class_list":["post-4003","page","type-page","status-publish","hentry"],"post_mailing_queue_ids":[],"_links":{"self":[{"href":"https:\/\/agora.xtec.cat\/iesmaremar\/wp-json\/wp\/v2\/pages\/4003","targetHints":{"allow":["GET"]}}],"collection":[{"href":"https:\/\/agora.xtec.cat\/iesmaremar\/wp-json\/wp\/v2\/pages"}],"about":[{"href":"https:\/\/agora.xtec.cat\/iesmaremar\/wp-json\/wp\/v2\/types\/page"}],"author":[{"embeddable":true,"href":"https:\/\/agora.xtec.cat\/iesmaremar\/wp-json\/wp\/v2\/users\/12"}],"replies":[{"embeddable":true,"href":"https:\/\/agora.xtec.cat\/iesmaremar\/wp-json\/wp\/v2\/comments?post=4003"}],"version-history":[{"count":3,"href":"https:\/\/agora.xtec.cat\/iesmaremar\/wp-json\/wp\/v2\/pages\/4003\/revisions"}],"predecessor-version":[{"id":4791,"href":"https:\/\/agora.xtec.cat\/iesmaremar\/wp-json\/wp\/v2\/pages\/4003\/revisions\/4791"}],"up":[{"embeddable":true,"href":"https:\/\/agora.xtec.cat\/iesmaremar\/wp-json\/wp\/v2\/pages\/7322"}],"wp:attachment":[{"href":"https:\/\/agora.xtec.cat\/iesmaremar\/wp-json\/wp\/v2\/media?parent=4003"}],"curies":[{"name":"wp","href":"https:\/\/api.w.org\/{rel}","templated":true}]}}