{"id":3816,"date":"2021-02-10T19:26:59","date_gmt":"2021-02-10T18:26:59","guid":{"rendered":"http:\/\/agora.xtec.cat\/iesmaremar\/?page_id=3816"},"modified":"2021-02-10T23:49:59","modified_gmt":"2021-02-10T22:49:59","slug":"poefa","status":"publish","type":"page","link":"https:\/\/agora.xtec.cat\/iesmaremar\/poefa\/","title":{"rendered":"POEFA"},"content":{"rendered":"<h2 class=\"western\"><a href=\"http:\/\/www.numancia.cat\/web3\/index.php\/xarxa-de-competencies-basiques\/poefa\"><span style=\"color: #0e8c14;\"><span style=\"font-family: Georgia, sans-serif;\"><span style=\"font-size: x-large;\">POEFA<\/span><\/span><\/span><\/a><\/h2>\n<p><span style=\"color: #6e6e6e;\"><span style=\"font-family: tahoma, geneva, sans-serif;\"><span style=\"font-size: small;\">El Departament d&#8217;Educaci\u00f3 ha convocat aquest curs ajuts per a desenvolupar en els centres educatius de Catalunya &#8220;Projectes de centre per l&#8217;\u00e8xit educatiu a favor de l&#8217;alumnat&#8221; (POEFA). L&#8217;Institut Maremar va presentar un projecte que hem anomenat Tots de col\u00f2nies. Dintre del projecte Arrela&#8217;t al Maremar una de les accions que portem a terme s\u00f3n les colonies d&#8217;inici de curs amb l&#8217;alumnat de 1r i 2n d&#8217;ESO. Aquesta activitat t\u00e9 com a finalitat la cohesi\u00f3 de la comunitat educativa, la inclusi\u00f3 dels alumnes m\u00e9s vulnerables i oferir la igualtat d\u2019acc\u00e9s a una educaci\u00f3 de qualitat per a tots els alumnes del centre. Promoure valors de conviv\u00e8ncia, respecte, participaci\u00f3 i responsabilitat, generant un espai segur on poder compartir els interessos i viv\u00e8ncies de l \u2019alumnat. <\/span><\/span><\/span><\/p>\n<p><span style=\"color: #6e6e6e;\"><span style=\"font-family: tahoma, geneva, sans-serif;\"><span style=\"font-size: small;\">El nostre projecte ha sigut un dels seleccionats i, per tant, durant els cursos 2020-21 i 2021-22 comptarem amb el finan\u00e7ament de la Uni\u00f3 Europea.<\/span><\/span><\/span><\/p>\n<p><a href=\"https:\/\/agora.xtec.cat\/iesmaremar\/wp-content\/uploads\/usu1710\/2021\/02\/logo-2.png\"><img loading=\"lazy\" decoding=\"async\" class=\"wp-image-3824 alignright\" src=\"https:\/\/agora.xtec.cat\/iesmaremar\/wp-content\/uploads\/usu1710\/2021\/02\/logo-2-1024x256.png\" alt=\"\" width=\"216\" height=\"54\" srcset=\"https:\/\/agora.xtec.cat\/iesmaremar\/wp-content\/uploads\/usu1710\/2021\/02\/logo-2-1024x256.png 1024w, https:\/\/agora.xtec.cat\/iesmaremar\/wp-content\/uploads\/usu1710\/2021\/02\/logo-2-300x75.png 300w, https:\/\/agora.xtec.cat\/iesmaremar\/wp-content\/uploads\/usu1710\/2021\/02\/logo-2-768x192.png 768w\" sizes=\"auto, (max-width: 216px) 100vw, 216px\" \/><\/a><a href=\"https:\/\/agora.xtec.cat\/iesmaremar\/wp-content\/uploads\/usu1710\/2021\/02\/logo-1.png\"><img loading=\"lazy\" decoding=\"async\" class=\"wp-image-3823 alignright\" src=\"https:\/\/agora.xtec.cat\/iesmaremar\/wp-content\/uploads\/usu1710\/2021\/02\/logo-1-1024x181.png\" alt=\"\" width=\"288\" height=\"51\" srcset=\"https:\/\/agora.xtec.cat\/iesmaremar\/wp-content\/uploads\/usu1710\/2021\/02\/logo-1-1024x181.png 1024w, https:\/\/agora.xtec.cat\/iesmaremar\/wp-content\/uploads\/usu1710\/2021\/02\/logo-1-300x53.png 300w, https:\/\/agora.xtec.cat\/iesmaremar\/wp-content\/uploads\/usu1710\/2021\/02\/logo-1-768x136.png 768w, https:\/\/agora.xtec.cat\/iesmaremar\/wp-content\/uploads\/usu1710\/2021\/02\/logo-1.png 1250w\" sizes=\"auto, (max-width: 288px) 100vw, 288px\" \/><\/a><\/p>\n<p>&nbsp;<\/p>\n<p>&nbsp;<\/p>\n<p>#POEFA, #\u00e8xiteducatiu, #FSE<\/p>\n","protected":false},"excerpt":{"rendered":"<p><a href=\"http:\/\/www.numancia.cat\/web3\/index.php\/xarxa-de-competencies-basiques\/poefa\">POEFA<\/a><br \/>\nEl Departament d&#8217;Educaci\u00f3 ha convocat aquest curs ajuts per a desenvolupar en els centres educatius de Catalunya &#8220;Projectes de centre per l&#8217;\u00e8xit educatiu a favor de l&#8217;alumnat&#8221; (POEFA). L&#8217;Institut Maremar va presentar un projecte que hem anomenat Tots de col\u00f2nies. Dintre del projecte Arrela&#8217;t&hellip;  <a href=\"https:\/\/agora.xtec.cat\/iesmaremar\/poefa\/\" title=\"Read POEFA\">Llegeix m\u00e9s\u00bb<\/a><\/p>\n","protected":false},"author":1,"featured_media":0,"parent":0,"menu_order":0,"comment_status":"closed","ping_status":"closed","template":"","meta":{"_bbp_topic_count":0,"_bbp_reply_count":0,"_bbp_total_topic_count":0,"_bbp_total_reply_count":0,"_bbp_voice_count":0,"_bbp_anonymous_reply_count":0,"_bbp_topic_count_hidden":0,"_bbp_reply_count_hidden":0,"_bbp_forum_subforum_count":0,"footnotes":""},"class_list":["post-3816","page","type-page","status-publish","hentry"],"post_mailing_queue_ids":[],"_links":{"self":[{"href":"https:\/\/agora.xtec.cat\/iesmaremar\/wp-json\/wp\/v2\/pages\/3816","targetHints":{"allow":["GET"]}}],"collection":[{"href":"https:\/\/agora.xtec.cat\/iesmaremar\/wp-json\/wp\/v2\/pages"}],"about":[{"href":"https:\/\/agora.xtec.cat\/iesmaremar\/wp-json\/wp\/v2\/types\/page"}],"author":[{"embeddable":true,"href":"https:\/\/agora.xtec.cat\/iesmaremar\/wp-json\/wp\/v2\/users\/1"}],"replies":[{"embeddable":true,"href":"https:\/\/agora.xtec.cat\/iesmaremar\/wp-json\/wp\/v2\/comments?post=3816"}],"version-history":[{"count":4,"href":"https:\/\/agora.xtec.cat\/iesmaremar\/wp-json\/wp\/v2\/pages\/3816\/revisions"}],"predecessor-version":[{"id":3827,"href":"https:\/\/agora.xtec.cat\/iesmaremar\/wp-json\/wp\/v2\/pages\/3816\/revisions\/3827"}],"wp:attachment":[{"href":"https:\/\/agora.xtec.cat\/iesmaremar\/wp-json\/wp\/v2\/media?parent=3816"}],"curies":[{"name":"wp","href":"https:\/\/api.w.org\/{rel}","templated":true}]}}