{"id":3244,"date":"2020-05-08T11:35:35","date_gmt":"2020-05-08T09:35:35","guid":{"rendered":"http:\/\/agora.xtec.cat\/iesmaremar\/?page_id=3244"},"modified":"2026-03-09T10:55:51","modified_gmt":"2026-03-09T09:55:51","slug":"inici-3","status":"publish","type":"page","link":"https:\/\/agora.xtec.cat\/iesmaremar\/","title":{"rendered":"Inici &#8211;"},"content":{"rendered":"<p><a href=\"https:\/\/docs.google.com\/forms\/d\/e\/1FAIpQLSfborrn7aa2Mxf6kLOyLkwUN2lsh_NDgrjeBx8UpjDXM623yQ\/viewform\"><img loading=\"lazy\" decoding=\"async\" class=\"aligncenter wp-image-10843 size-full\" src=\"https:\/\/agora.xtec.cat\/iesmaremar\/wp-content\/uploads\/usu1710\/2026\/02\/Banner-Sant-Jordi-1024px-boto-2.jpg\" alt=\"\" width=\"1024\" height=\"428\" srcset=\"https:\/\/agora.xtec.cat\/iesmaremar\/wp-content\/uploads\/usu1710\/2026\/02\/Banner-Sant-Jordi-1024px-boto-2.jpg 1024w, https:\/\/agora.xtec.cat\/iesmaremar\/wp-content\/uploads\/usu1710\/2026\/02\/Banner-Sant-Jordi-1024px-boto-2-300x125.jpg 300w, https:\/\/agora.xtec.cat\/iesmaremar\/wp-content\/uploads\/usu1710\/2026\/02\/Banner-Sant-Jordi-1024px-boto-2-768x321.jpg 768w\" sizes=\"auto, (max-width: 1024px) 100vw, 1024px\" \/><\/a><\/p>\n<p><a href=\"https:\/\/agora.xtec.cat\/iesmaremar\/wp-content\/uploads\/usu1710\/2026\/02\/PORTES-OBERTES-MAREMAR-2026.png\"><img loading=\"lazy\" decoding=\"async\" class=\"aligncenter size-large wp-image-10797\" src=\"https:\/\/agora.xtec.cat\/iesmaremar\/wp-content\/uploads\/usu1710\/2026\/02\/PORTES-OBERTES-MAREMAR-2026-1024x512.png\" alt=\"\" width=\"1024\" height=\"512\" srcset=\"https:\/\/agora.xtec.cat\/iesmaremar\/wp-content\/uploads\/usu1710\/2026\/02\/PORTES-OBERTES-MAREMAR-2026-1024x512.png 1024w, https:\/\/agora.xtec.cat\/iesmaremar\/wp-content\/uploads\/usu1710\/2026\/02\/PORTES-OBERTES-MAREMAR-2026-300x150.png 300w, https:\/\/agora.xtec.cat\/iesmaremar\/wp-content\/uploads\/usu1710\/2026\/02\/PORTES-OBERTES-MAREMAR-2026-768x384.png 768w, https:\/\/agora.xtec.cat\/iesmaremar\/wp-content\/uploads\/usu1710\/2026\/02\/PORTES-OBERTES-MAREMAR-2026-1536x768.png 1536w, https:\/\/agora.xtec.cat\/iesmaremar\/wp-content\/uploads\/usu1710\/2026\/02\/PORTES-OBERTES-MAREMAR-2026-2048x1024.png 2048w\" sizes=\"auto, (max-width: 1024px) 100vw, 1024px\" \/><\/a><\/p>\n<p style=\"text-align: center;\">Ja podeu demanar el vostre torn de visita per les portes obertes de <strong>Batxillerat<\/strong>. Heu d&#8217;emplenar el seg\u00fcent formulari.<\/p>\n<h4 style=\"text-align: center;\"><a href=\"https:\/\/forms.gle\/dpXC17e91eoJTaj38\"><span style=\"color: #0000ff;\"><strong>Formulari de portes obertes Batxillerat<\/strong><\/span><\/a><\/h4>\n<p>&#8212;&#8212;&#8212;&#8212;&#8212;&#8212;&#8212;&#8212;&#8212;&#8212;&#8212;&#8212;&#8212;&#8212;&#8212;&#8212;&#8212;&#8212;&#8212;&#8212;&#8212;&#8212;&#8212;&#8212;&#8212;&#8212;&#8212;&#8212;&#8212;&#8212;&#8212;&#8212;&#8212;&#8212;&#8212;&#8212;&#8212;&#8212;&#8212;&#8212;&#8212;&#8212;&#8212;&#8212;&#8212;&#8212;&#8212;&#8212;&#8212;&#8212;&#8212;&#8212;&#8212;&#8212;-<\/p>\n<div class=\"entry-content\">\n<p style=\"text-align: center;\">Ja podeu demanar el vostre torn de visita per les portes obertes de <strong>Cicles Formatius<\/strong>. Heu d&#8217;emplenar el seg\u00fcent formulari.<\/p>\n<h4 style=\"text-align: center;\"><a href=\"https:\/\/forms.gle\/ZsyZcUg3YY6661wo9\"><span style=\"color: #0000ff;\"><strong>Formulari de portes obertes Cicles Formatius<\/strong><\/span><\/a><\/h4>\n<h4 style=\"text-align: center;\"><\/h4>\n<\/div>\n<hr \/>\n<h2 class=\"entry-title\" style=\"text-align: center;\"><b><img decoding=\"async\" class=\"an1 CToWUd\" draggable=\"false\" src=\"https:\/\/fonts.gstatic.com\/s\/e\/notoemoji\/16.0\/1f3e5\/72.png\" alt=\"\ud83c\udfe5\" data-emoji=\"\ud83c\udfe5\" aria-label=\"\ud83c\udfe5\" data-bit=\"iit\" \/> Nou M\u00f2dul de Farm\u00e0cia Hospital\u00e0ria! <img decoding=\"async\" class=\"an1 CToWUd\" draggable=\"false\" src=\"https:\/\/fonts.gstatic.com\/s\/e\/notoemoji\/16.0\/1f3e5\/72.png\" alt=\"\ud83c\udfe5\" data-emoji=\"\ud83c\udfe5\" aria-label=\"\ud83c\udfe5\" data-bit=\"iit\" \/><\/b><\/h2>\n<p>&nbsp;<\/p>\n<p style=\"font-family: 'Helvetica Neue', Helvetica, Helvetica, Arial, sans-serif; font-size: 16px;\"><img loading=\"lazy\" decoding=\"async\" class=\" wp-image-10195 alignleft\" src=\"https:\/\/agora.xtec.cat\/iesmaremar\/wp-content\/uploads\/usu1710\/2025\/05\/NOU-MODUL-DE-FARMACIA-HOSPITALARIA-1-819x1024.png\" alt=\"\" width=\"442\" height=\"553\" srcset=\"https:\/\/agora.xtec.cat\/iesmaremar\/wp-content\/uploads\/usu1710\/2025\/05\/NOU-MODUL-DE-FARMACIA-HOSPITALARIA-1-819x1024.png 819w, https:\/\/agora.xtec.cat\/iesmaremar\/wp-content\/uploads\/usu1710\/2025\/05\/NOU-MODUL-DE-FARMACIA-HOSPITALARIA-1-240x300.png 240w, https:\/\/agora.xtec.cat\/iesmaremar\/wp-content\/uploads\/usu1710\/2025\/05\/NOU-MODUL-DE-FARMACIA-HOSPITALARIA-1-768x960.png 768w, https:\/\/agora.xtec.cat\/iesmaremar\/wp-content\/uploads\/usu1710\/2025\/05\/NOU-MODUL-DE-FARMACIA-HOSPITALARIA-1.png 1080w\" sizes=\"auto, (max-width: 442px) 100vw, 442px\" \/><\/p>\n<p>Aquest m\u00f2dul est\u00e0 dissenyat per oferir una formaci\u00f3 especialitzada i pr\u00e0ctica en l\u2019\u00e0mbit hospitalari, preparant els nostres estudiants per a una carrera plena d\u2019oportunitats i reptes apassionants.\u00a0<img loading=\"lazy\" decoding=\"async\" class=\"an1 CToWUd\" draggable=\"false\" src=\"https:\/\/fonts.gstatic.com\/s\/e\/notoemoji\/16.0\/1f680\/72.png\" alt=\"\ud83d\ude80\" width=\"20\" height=\"20\" data-emoji=\"\ud83d\ude80\" aria-label=\"\ud83d\ude80\" data-bit=\"iit\" \/><\/p>\n<h5><img loading=\"lazy\" decoding=\"async\" class=\"an1 CToWUd\" draggable=\"false\" src=\"https:\/\/fonts.gstatic.com\/s\/e\/notoemoji\/16.0\/1f539\/72.png\" alt=\"\ud83d\udd39\" width=\"19\" height=\"19\" data-emoji=\"\ud83d\udd39\" aria-label=\"\ud83d\udd39\" data-bit=\"iit\" \/>\u00a0Qu\u00e8 aprendr\u00e0s?<\/h5>\n<ul>\n<li>Gesti\u00f3 de medicaments en entorns hospitalaris<img loading=\"lazy\" decoding=\"async\" class=\"an1 CToWUd\" draggable=\"false\" src=\"https:\/\/fonts.gstatic.com\/s\/e\/notoemoji\/16.0\/1f48a\/72.png\" alt=\"\ud83d\udc8a\" width=\"18\" height=\"18\" data-emoji=\"\ud83d\udc8a\" aria-label=\"\ud83d\udc8a\" data-bit=\"iit\" \/><\/li>\n<li>Elaboraci\u00f3 de medicaments i f\u00f3rmules hospital\u00e0ries<img loading=\"lazy\" decoding=\"async\" class=\"an1 CToWUd\" draggable=\"false\" src=\"https:\/\/fonts.gstatic.com\/s\/e\/notoemoji\/16.0\/1f97c\/72.png\" alt=\"\ud83e\udd7c\" width=\"16\" height=\"16\" data-emoji=\"\ud83e\udd7c\" aria-label=\"\ud83e\udd7c\" data-bit=\"iit\" \/><\/li>\n<li>Col\u00b7laboraci\u00f3 amb equips de sanitaris multidisciplinaris<img loading=\"lazy\" decoding=\"async\" class=\"an1 CToWUd\" draggable=\"false\" src=\"https:\/\/fonts.gstatic.com\/s\/e\/notoemoji\/16.0\/1f489\/72.png\" alt=\"\ud83d\udc89\" width=\"15\" height=\"15\" data-emoji=\"\ud83d\udc89\" aria-label=\"\ud83d\udc89\" data-bit=\"iit\" \/><\/li>\n<\/ul>\n<h5><img loading=\"lazy\" decoding=\"async\" class=\"an1 CToWUd\" draggable=\"false\" src=\"https:\/\/fonts.gstatic.com\/s\/e\/notoemoji\/16.0\/1f539\/72.png\" alt=\"\ud83d\udd39\" width=\"19\" height=\"19\" data-emoji=\"\ud83d\udd39\" aria-label=\"\ud83d\udd39\" data-bit=\"iit\" \/>Qu\u00e8 t\u2019oferim?<\/h5>\n<ul>\n<li>Tallers impartits per professionals\u00a0<img loading=\"lazy\" decoding=\"async\" class=\"an1 CToWUd alignnone\" draggable=\"false\" src=\"https:\/\/fonts.gstatic.com\/s\/e\/notoemoji\/16.0\/1f9d1_200d_2695_fe0f\/72.png\" alt=\"\ud83e\uddd1\u200d\u2695\ufe0f\" width=\"15\" height=\"15\" data-emoji=\"\ud83e\uddd1\u200d\u2695\ufe0f\" aria-label=\"\ud83e\uddd1\u200d\u2695\ufe0f\" data-bit=\"iit\" \/><\/li>\n<li>Sortides formatives a diferents farm\u00e0cies hospital\u00e0ries<img loading=\"lazy\" decoding=\"async\" class=\"an1 CToWUd alignnone\" draggable=\"false\" src=\"https:\/\/fonts.gstatic.com\/s\/e\/notoemoji\/16.0\/1f68d\/72.png\" alt=\"\ud83d\ude8d\" width=\"18\" height=\"18\" data-emoji=\"\ud83d\ude8d\" aria-label=\"\ud83d\ude8d\" data-bit=\"iit\" \/><\/li>\n<li>Oportunitats de pr\u00e0ctiques en hospitals.<\/li>\n<\/ul>\n<p><img loading=\"lazy\" decoding=\"async\" class=\"an1 CToWUd\" draggable=\"false\" src=\"https:\/\/fonts.gstatic.com\/s\/e\/notoemoji\/16.0\/1f539\/72.png\" alt=\"\ud83d\udd39\" width=\"15\" height=\"15\" data-emoji=\"\ud83d\udd39\" aria-label=\"\ud83d\udd39\" data-bit=\"iit\" \/>\u00a0<b>Coordinaci\u00f3 amb Hospitals:<\/b>\u00a0Aquest m\u00f2dul compta amb la\u00a0<b>col\u00b7laboraci\u00f3 dels hospitals de Matar\u00f3 i Granollers<\/b>, garantint una experi\u00e8ncia formativa de m\u00e0xima qualitat.<\/p>\n<p><img loading=\"lazy\" decoding=\"async\" class=\"an1 CToWUd\" draggable=\"false\" src=\"https:\/\/fonts.gstatic.com\/s\/e\/notoemoji\/16.0\/1f539\/72.png\" alt=\"\ud83d\udd39\" width=\"14\" height=\"14\" data-emoji=\"\ud83d\udd39\" aria-label=\"\ud83d\udd39\" data-bit=\"iit\" \/>\u00a0<b>Sigues Pioner!<\/b> Aquest \u00e9s el primer any que oferim aquest m\u00f2dul al nostre institut. Els estudiants que es matriculin al Maremar el pr\u00f2xim curs seran els primers t\u00e8cnics\u00a0 de farm\u00e0cia formats espec\u00edficament en farm\u00e0cia hospital\u00e0ria, obrint-te portes a noves oportunitats professionals. No et perdis aquesta oportunitat \u00fanica de formar-te en un camp en creixement constant! Inscriu-te ara i comen\u00e7a a construir el teu futur professional amb nosaltres.<\/p>\n<p><img loading=\"lazy\" decoding=\"async\" class=\"an1 CToWUd\" draggable=\"false\" src=\"https:\/\/fonts.gstatic.com\/s\/e\/notoemoji\/16.0\/1f31f\/72.png\" alt=\"\ud83c\udf1f\" width=\"11\" height=\"11\" data-emoji=\"\ud83c\udf1f\" aria-label=\"\ud83c\udf1f\" data-bit=\"iit\" \/>#INSMaremar\u00a0#<wbr \/>Farm\u00e0ciaHospital\u00e0ria #NouM\u00f2dul #Farm\u00e0cia #Parafarm\u00e0cia #Formaci\u00f3 #Salut #Hospitals #Pioner\u00a0 #FPF #CFGMFP #FP #Formaci\u00f3Professional<\/p>\n<p><!--a=1--><\/p>\n<p><!----comment node----><!--a=1--><!--a=1--><\/p>\n","protected":false},"excerpt":{"rendered":"<p><a href=\"https:\/\/docs.google.com\/forms\/d\/e\/1FAIpQLSfborrn7aa2Mxf6kLOyLkwUN2lsh_NDgrjeBx8UpjDXM623yQ\/viewform\"><\/a><br \/>\n<a href=\"https:\/\/agora.xtec.cat\/iesmaremar\/wp-content\/uploads\/usu1710\/2026\/02\/PORTES-OBERTES-MAREMAR-2026.png\"><\/a><br \/>\nJa podeu demanar el vostre torn de visita per les portes obertes de Batxillerat. Heu d&#8217;emplenar el seg\u00fcent formulari.<br \/>\n<a href=\"https:\/\/forms.gle\/dpXC17e91eoJTaj38\">Formulari de portes obertes Batxillerat<\/a><br \/>\n&#8212;&#8212;&#8212;&#8212;&#8212;&#8212;&#8212;&#8212;&#8212;&#8212;&#8212;&#8212;&#8212;&#8212;&#8212;&#8212;&#8212;&#8212;&#8212;&#8212;&#8212;&#8212;&#8212;&#8212;&#8212;&#8212;&#8212;&#8212;&#8212;&#8212;&#8212;&#8212;&#8212;&#8212;&#8212;&#8212;&#8212;&#8212;&#8212;&#8212;&#8212;&#8212;&#8212;&#8212;&#8212;&#8212;&#8212;&#8212;&#8212;&#8212;&#8212;&#8212;&#8212;&#8212;-<\/p>\n<p>Ja podeu demanar el vostre torn de visita per les portes obertes de Cicles Formatius. Heu d&#8217;emplenar el seg\u00fcent formulari.<br \/>\n<a&hellip;  <a href=\"https:\/\/agora.xtec.cat\/iesmaremar\/\" title=\"Read Inici &#8211;\">Llegeix m\u00e9s\u00bb<\/a><\/p>\n","protected":false},"author":1,"featured_media":0,"parent":7,"menu_order":1,"comment_status":"closed","ping_status":"closed","template":"page-templates\/front-page.php","meta":{"_bbp_topic_count":0,"_bbp_reply_count":0,"_bbp_total_topic_count":0,"_bbp_total_reply_count":0,"_bbp_voice_count":0,"_bbp_anonymous_reply_count":0,"_bbp_topic_count_hidden":0,"_bbp_reply_count_hidden":0,"_bbp_forum_subforum_count":0,"footnotes":""},"class_list":["post-3244","page","type-page","status-publish","hentry"],"post_mailing_queue_ids":[],"_links":{"self":[{"href":"https:\/\/agora.xtec.cat\/iesmaremar\/wp-json\/wp\/v2\/pages\/3244","targetHints":{"allow":["GET"]}}],"collection":[{"href":"https:\/\/agora.xtec.cat\/iesmaremar\/wp-json\/wp\/v2\/pages"}],"about":[{"href":"https:\/\/agora.xtec.cat\/iesmaremar\/wp-json\/wp\/v2\/types\/page"}],"author":[{"embeddable":true,"href":"https:\/\/agora.xtec.cat\/iesmaremar\/wp-json\/wp\/v2\/users\/1"}],"replies":[{"embeddable":true,"href":"https:\/\/agora.xtec.cat\/iesmaremar\/wp-json\/wp\/v2\/comments?post=3244"}],"version-history":[{"count":9,"href":"https:\/\/agora.xtec.cat\/iesmaremar\/wp-json\/wp\/v2\/pages\/3244\/revisions"}],"predecessor-version":[{"id":10909,"href":"https:\/\/agora.xtec.cat\/iesmaremar\/wp-json\/wp\/v2\/pages\/3244\/revisions\/10909"}],"up":[{"embeddable":true,"href":"https:\/\/agora.xtec.cat\/iesmaremar\/wp-json\/wp\/v2\/pages\/7"}],"wp:attachment":[{"href":"https:\/\/agora.xtec.cat\/iesmaremar\/wp-json\/wp\/v2\/media?parent=3244"}],"curies":[{"name":"wp","href":"https:\/\/api.w.org\/{rel}","templated":true}]}}