{"id":2709,"date":"2019-07-09T14:27:20","date_gmt":"2019-07-09T12:27:20","guid":{"rendered":"http:\/\/agora.xtec.cat\/iesmaremar\/?page_id=2709"},"modified":"2019-09-24T17:48:44","modified_gmt":"2019-09-24T15:48:44","slug":"xarxa-descoles-associades-de-la-unesco","status":"publish","type":"page","link":"https:\/\/agora.xtec.cat\/iesmaremar\/xarxa-descoles-associades-de-la-unesco\/","title":{"rendered":"Xarxa d&#8217;Escoles Associades de la Unesco"},"content":{"rendered":"<h2 style=\"text-align: center;\" align=\"justify\"><span style=\"color: #3465a4;\"><span style=\"font-family: Calibri, sans-serif;\"><span style=\"font-size: xx-large;\"><b>Som Escola UNESCO!<\/b><\/span><\/span><\/span><\/h2>\n<p align=\"justify\"><span style=\"font-family: Calibri, sans-serif;\">Les Escoles Associades de la UNESCO van n\u00e9ixer el 1953, amb l\u2019objectiu de fomentar la cooperaci\u00f3 i la pau internacionals a trav\u00e9s de l\u2019educaci\u00f3 escolar. Formen una xarxa.<\/span><\/p>\n<p align=\"justify\"><span style=\"font-family: Calibri, sans-serif;\">Actualment participen en aquesta xarxa m\u00e9s de 10.000 centres d\u2019ensenyament de tot el m\u00f3n en 181 pa\u00efsos (educaci\u00f3 infantil, prim\u00e0ria, secund\u00e0ria, formaci\u00f3 professional i institucions de formaci\u00f3 del professorat).<\/span><\/p>\n<p align=\"justify\"><span style=\"font-family: Calibri, sans-serif;\">Les escoles associades inclouen en el seu projecte educatiu els temes seg\u00fcents:<\/span><\/p>\n<p align=\"justify\">\u2022 <span style=\"font-family: Calibri, sans-serif;\">La difusi\u00f3, el respecte dels Drets Humans i la Pau.<\/span><\/p>\n<p align=\"justify\">\u2022 <span style=\"font-family: Calibri, sans-serif;\">El Desenvolupament Sostenible<\/span><\/p>\n<p align=\"justify\">\u2022 <span style=\"font-family: Calibri, sans-serif;\">El Di\u00e0leg Intercultural<\/span><\/p>\n<p align=\"justify\">\u2022 <span style=\"font-family: Calibri, sans-serif;\">El coneixement i difusi\u00f3 del Patrimoni.<\/span><\/p>\n<p align=\"justify\"><span style=\"font-family: Calibri, sans-serif;\">L\u2019Institut Maremar forma part de la Xarxa d\u2019Escoles Associades a la UNESCO des del curs 2003-2004.<\/span><\/p>\n<p align=\"justify\"><span style=\"font-family: Calibri, sans-serif;\">Aquestes s\u00f3n algunes de les accions m\u00e9s reexides que hem dut a terme: <\/span><\/p>\n<ul>\n<li>\n<p align=\"justify\"><span style=\"font-family: Calibri, sans-serif;\">Promoure la <\/span><span style=\"font-family: Calibri, sans-serif;\"><b>C<\/b><\/span><span style=\"font-family: Calibri, sans-serif;\"><b>oeducaci\u00f3<\/b><\/span><\/p>\n<\/li>\n<li><span style=\"font-family: Calibri, sans-serif;\">Promoure l\u2018<\/span><span style=\"font-family: Calibri, sans-serif;\"><b>Educaci\u00f3 per la Sostenibilitat <\/b><\/span><\/li>\n<li><span style=\"font-family: Calibri, sans-serif;\">Promoure l\u2018<\/span><span style=\"font-family: Calibri, sans-serif;\"><b>educaci\u00f3 en valors<\/b><\/span><span style=\"font-family: Calibri, sans-serif;\"> amb el projecte <\/span><span style=\"font-family: Calibri, sans-serif;\"><b>Poesia en Acci\u00f3<\/b><\/span><\/li>\n<li>\n<p align=\"justify\"><span style=\"font-family: Calibri, sans-serif;\">Promoure l\u2018<\/span><span style=\"font-family: Calibri, sans-serif;\"><b>educaci\u00f3 inclusiva<\/b><\/span><span style=\"font-family: Calibri, sans-serif;\">, amb projectes com el <\/span><span style=\"font-family: Calibri, sans-serif;\"><b>Viu-Conviu<\/b><\/span><\/p>\n<\/li>\n<li>\n<p align=\"justify\"><span style=\"font-family: Calibri, sans-serif;\"><b>Sensibilitzaci\u00f3 cap a les persones refugiades o despla\u00e7ades <\/b><\/span><span style=\"font-family: Calibri, sans-serif;\">i cap al trebal humanitari amb la din\u00e0mica de simulaci\u00f3 d\u2019un <\/span><span style=\"font-family: Calibri, sans-serif;\"><b>Campament de Refugiats<\/b><\/span><span style=\"font-family: Calibri, sans-serif;\">.<\/span><\/p>\n<\/li>\n<li>\n<p align=\"justify\"><span style=\"font-family: Calibri, sans-serif;\"><b>Intercanvis amb centres educatius d\u2019altres paisos<\/b><\/span><span style=\"font-family: Calibri, sans-serif;\"> com el lic\u00e9e Le chien vert de Rennes, Fran\u00e7a i el Gymnasium Adolffinum de B\u00fcckerburg, Alemanya.<\/span><\/p>\n<\/li>\n<li>\n<p align=\"justify\"><span style=\"font-family: Calibri, sans-serif;\"><b>Programa d\u2019intercanvi i experi\u00e8ncia de debat escolar simulaci\u00f3 de les Nacions Unides ZAMUN<\/b><\/span><span style=\"font-family: Calibri, sans-serif;\">, Zilina, Eslovaquia.<\/span><\/p>\n<\/li>\n<li>\n<p align=\"justify\"><span style=\"font-family: Calibri, sans-serif;\">Xerrades i tallers amb experts: <\/span><span style=\"font-family: Calibri, sans-serif;\"><b>Nadia Ghulam, Najat Driouech, Arcadi Oliveras, David Noguera, Pepe Be\u00fanza,&#8230;<\/b><\/span><\/p>\n<\/li>\n<li><span style=\"font-family: Calibri, sans-serif;\"><b>Agermanament<\/b><\/span><span style=\"font-family: Calibri, sans-serif;\"> amb l\u2019Escola de Formaci\u00f3 Professional de Sant Ram\u00f3n, Matagalpa, Nicaragua.<\/span><\/li>\n<li>\n<p align=\"justify\"><span style=\"font-family: Calibri, sans-serif;\"><b>Projecte de patrimoni<\/b><\/span><span style=\"font-family: Calibri, sans-serif;\"> aproximaci\u00f3 cultura de mar, la navegaci\u00f3 a vela i tradici\u00f3 mar\u00edtima, <\/span><span style=\"font-family: Calibri, sans-serif;\"><b>Grumets a la Mar<\/b><\/span><span style=\"font-family: Calibri, sans-serif;\">,<\/span><b> <\/b><span style=\"font-family: Calibri, sans-serif;\">amb l\u2019Associaci\u00f3 Amics del Quetx. <\/span><\/p>\n<\/li>\n<li>\n<p align=\"justify\"><span style=\"font-family: Calibri, sans-serif;\"><b>Projecte de solidaritat i intercultural,<\/b><\/span> <span style=\"font-family: Calibri, sans-serif;\"><b>Carta a Senegal,<\/b><\/span><span style=\"font-family: Calibri, sans-serif;\"> amb el Lic\u00e9e de Toubaconta, Senegal. <\/span><\/p>\n<\/li>\n<li>\n<p align=\"justify\"><span style=\"font-family: Calibri, sans-serif;\">Exposicions, instal\u00b7lacions, muntatges, tallers&#8230; fets per l\u2019alumnat en relaci\u00f3 als Drets Humans i la Pau.<\/span><\/p>\n<\/li>\n<li>\n<p align=\"justify\"><span style=\"font-family: Calibri, sans-serif;\"><b>Celebraci\u00f3 del Dia Internacional de la Dona Treballadora<\/b><\/span><span style=\"font-family: Calibri, sans-serif;\">, 8 de mar\u00e7. <\/span><\/p>\n<\/li>\n<li>\n<p align=\"justify\"><span style=\"font-family: Calibri, sans-serif;\"><b>Commemoraci\u00f3 del Dia Internacional de la No-viol\u00e8ncia cap a les Dones<\/b><\/span><span style=\"font-family: Calibri, sans-serif;\">, 25 de novembre.<\/span><\/p>\n<\/li>\n<li>\n<p align=\"justify\"><span style=\"font-family: Calibri, sans-serif;\">Participaci\u00f3 en les activitats de la<\/span><span style=\"font-family: Calibri, sans-serif;\"><b> setmana UNESCO<\/b><\/span><span style=\"font-family: Calibri, sans-serif;\">.<\/span><\/p>\n<\/li>\n<li>\n<p align=\"justify\"><span style=\"font-family: Calibri, sans-serif;\">Formaci\u00f3 d\u2018una banda de m\u00fasica, <\/span><span style=\"font-family: Calibri, sans-serif;\"><b>La Banda del Maremar<\/b><\/span><span style=\"font-family: Calibri, sans-serif;\">, amb membres de tota la comunitat educativa (professorat, alumnes&#8230;)<\/span><\/p>\n<\/li>\n<\/ul>\n<p align=\"justify\"><span style=\"font-family: Calibri, sans-serif;\">Formar part de la Xarxa d\u2019Escoles Associades a la UNESCO implica celebrar el 30 de gener el<\/span><span style=\"font-family: Calibri, sans-serif;\"><b> DENIP<\/b><\/span><span style=\"font-family: Calibri, sans-serif;\">, Dia Escolar per la No-Viol\u00e8ncia i la Pau. Tamb\u00e9 significa compartir les experi\u00e8ncies amb la resta d\u2019escoles associades, assistir a les assemblees i participar en les trobades i activitats que organitza la coordinaci\u00f3 del programa.<\/span><\/p>\n<p align=\"justify\"><a href=\"https:\/\/agora.xtec.cat\/iesmaremar\/wp-content\/uploads\/usu1710\/2019\/09\/unesco.png\"><img loading=\"lazy\" decoding=\"async\" class=\"size-full wp-image-2748 aligncenter\" src=\"https:\/\/agora.xtec.cat\/iesmaremar\/wp-content\/uploads\/usu1710\/2019\/09\/unesco.png\" alt=\"\" width=\"438\" height=\"259\" \/><\/a><\/p>\n","protected":false},"excerpt":{"rendered":"<p>Som Escola UNESCO!<br \/>\nLes Escoles Associades de la UNESCO van n\u00e9ixer el 1953, amb l\u2019objectiu de fomentar la cooperaci\u00f3 i la pau internacionals a trav\u00e9s de l\u2019educaci\u00f3 escolar. Formen una xarxa.<br \/>\nActualment participen en aquesta xarxa m\u00e9s de 10.000 centres d\u2019ensenyament de tot el m\u00f3n en 181&hellip;  <a href=\"https:\/\/agora.xtec.cat\/iesmaremar\/xarxa-descoles-associades-de-la-unesco\/\" title=\"Read Xarxa d&#8217;Escoles Associades de la Unesco\">Llegeix m\u00e9s\u00bb<\/a><\/p>\n","protected":false},"author":1,"featured_media":0,"parent":0,"menu_order":0,"comment_status":"closed","ping_status":"closed","template":"","meta":{"_bbp_topic_count":0,"_bbp_reply_count":0,"_bbp_total_topic_count":0,"_bbp_total_reply_count":0,"_bbp_voice_count":0,"_bbp_anonymous_reply_count":0,"_bbp_topic_count_hidden":0,"_bbp_reply_count_hidden":0,"_bbp_forum_subforum_count":0,"footnotes":""},"class_list":["post-2709","page","type-page","status-publish","hentry"],"post_mailing_queue_ids":[],"_links":{"self":[{"href":"https:\/\/agora.xtec.cat\/iesmaremar\/wp-json\/wp\/v2\/pages\/2709","targetHints":{"allow":["GET"]}}],"collection":[{"href":"https:\/\/agora.xtec.cat\/iesmaremar\/wp-json\/wp\/v2\/pages"}],"about":[{"href":"https:\/\/agora.xtec.cat\/iesmaremar\/wp-json\/wp\/v2\/types\/page"}],"author":[{"embeddable":true,"href":"https:\/\/agora.xtec.cat\/iesmaremar\/wp-json\/wp\/v2\/users\/1"}],"replies":[{"embeddable":true,"href":"https:\/\/agora.xtec.cat\/iesmaremar\/wp-json\/wp\/v2\/comments?post=2709"}],"version-history":[{"count":1,"href":"https:\/\/agora.xtec.cat\/iesmaremar\/wp-json\/wp\/v2\/pages\/2709\/revisions"}],"predecessor-version":[{"id":2710,"href":"https:\/\/agora.xtec.cat\/iesmaremar\/wp-json\/wp\/v2\/pages\/2709\/revisions\/2710"}],"wp:attachment":[{"href":"https:\/\/agora.xtec.cat\/iesmaremar\/wp-json\/wp\/v2\/media?parent=2709"}],"curies":[{"name":"wp","href":"https:\/\/api.w.org\/{rel}","templated":true}]}}