{"id":19,"date":"2014-09-17T14:56:56","date_gmt":"2014-09-17T14:56:56","guid":{"rendered":"http:\/\/agora.xtec.cat\/iesmaremar\/?page_id=19"},"modified":"2024-01-25T12:49:48","modified_gmt":"2024-01-25T11:49:48","slug":"linstitut","status":"publish","type":"page","link":"https:\/\/agora.xtec.cat\/iesmaremar\/linstitut\/","title":{"rendered":"L&#8217;institut"},"content":{"rendered":"<p>L&#8217;Institut Maremar est\u00e0 ubicat a la poblaci\u00f3 del Masnou. Va iniciar la seva funci\u00f3 com a centre educatiu el 1969, encara que des de llavors ha passat per diferents etapes.<\/p>\n<p>En l&#8217;actualitat s&#8217;imparteixen els seg\u00fcents estudis:<\/p>\n<ul>\n<li style=\"list-style-type: none;\">\n<ul>\n<li style=\"list-style-type: none;\">\n<ul style=\"list-style-type: circle;\">\n<li>ESO<a href=\"http:\/\/agora.xtec.cat\/iesmaremar\/wp-content\/uploads\/usu1710\/2014\/09\/fontrada-1.gif\"><img loading=\"lazy\" decoding=\"async\" class=\"size-full wp-image-473 alignright\" src=\"http:\/\/agora.xtec.cat\/iesmaremar\/wp-content\/uploads\/usu1710\/2014\/09\/fontrada-1.gif\" alt=\"\" width=\"320\" height=\"213\" \/><\/a><\/li>\n<li>Batxillerat:\n<ul>\n<li style=\"list-style-type: none;\">\n<ul style=\"list-style-type: circle;\">\n<li>Human\u00edstic i social<\/li>\n<li>Cient\u00edfic i tecnol\u00f2gic<\/li>\n<\/ul>\n<\/li>\n<\/ul>\n<\/li>\n<li>Cicles Formatius de Grau Mig\n<ul style=\"list-style-type: circle;\">\n<li style=\"list-style-type: none;\">\n<ul style=\"list-style-type: circle;\">\n<li>Atenci\u00f3 a persones en situaci\u00f3 de depend\u00e8ncia (APD)<\/li>\n<li>Cures auxiliars d\u2019infermeria (CAI)<\/li>\n<li>Farm\u00e0cia i Parafarm\u00e0cia (FPF)<\/li>\n<\/ul>\n<\/li>\n<\/ul>\n<\/li>\n<li>Cicles Formatius de Grau Superior\n<ul style=\"list-style-type: circle;\">\n<li style=\"list-style-type: none;\">\n<ul style=\"list-style-type: circle;\">\n<li>Educaci\u00f3 infantil (EI)<\/li>\n<li>Integraci\u00f3 social (ISO)<\/li>\n<li>Documentaci\u00f3 i administraci\u00f3 sanit\u00e0ria (DAS)<\/li>\n<\/ul>\n<\/li>\n<\/ul>\n<\/li>\n<\/ul>\n<\/li>\n<\/ul>\n<\/li>\n<\/ul>\n","protected":false},"excerpt":{"rendered":"<p>L&#8217;Institut Maremar est\u00e0 ubicat a la poblaci\u00f3 del Masnou. Va iniciar la seva funci\u00f3 com a centre educatiu el 1969, encara que des de llavors ha passat per diferents etapes.<br \/>\nEn l&#8217;actualitat s&#8217;imparteixen els seg\u00fcents estudis:<\/p>\n<ul>\n<li style=\"list-style-type: none;\">\n<ul>\n<li style=\"list-style-type: none;\">\n<ul style=\"list-style-type: circle;\">\n<li>ESO<a href=\"http:\/\/agora.xtec.cat\/iesmaremar\/wp-content\/uploads\/usu1710\/2014\/09\/fontrada-1.gif\"><\/a><\/li>\n<li>Batxillerat:\n<ul>\n<li style=\"list-style-type: none;\">\n<ul style=\"list-style-type:&hellip;  <a href=\"https:\/\/agora.xtec.cat\/iesmaremar\/linstitut\/\" title=\"Read L&#8217;institut\">Llegeix m\u00e9s\u00bb<\/a><\/p>\n","protected":false},"author":1,"featured_media":0,"parent":0,"menu_order":0,"comment_status":"closed","ping_status":"closed","template":"page-templates\/side-menu.php","meta":{"_bbp_topic_count":0,"_bbp_reply_count":0,"_bbp_total_topic_count":0,"_bbp_total_reply_count":0,"_bbp_voice_count":0,"_bbp_anonymous_reply_count":0,"_bbp_topic_count_hidden":0,"_bbp_reply_count_hidden":0,"_bbp_forum_subforum_count":0,"footnotes":""},"class_list":["post-19","page","type-page","status-publish","hentry"],"post_mailing_queue_ids":[],"_links":{"self":[{"href":"https:\/\/agora.xtec.cat\/iesmaremar\/wp-json\/wp\/v2\/pages\/19","targetHints":{"allow":["GET"]}}],"collection":[{"href":"https:\/\/agora.xtec.cat\/iesmaremar\/wp-json\/wp\/v2\/pages"}],"about":[{"href":"https:\/\/agora.xtec.cat\/iesmaremar\/wp-json\/wp\/v2\/types\/page"}],"author":[{"embeddable":true,"href":"https:\/\/agora.xtec.cat\/iesmaremar\/wp-json\/wp\/v2\/users\/1"}],"replies":[{"embeddable":true,"href":"https:\/\/agora.xtec.cat\/iesmaremar\/wp-json\/wp\/v2\/comments?post=19"}],"version-history":[{"count":5,"href":"https:\/\/agora.xtec.cat\/iesmaremar\/wp-json\/wp\/v2\/pages\/19\/revisions"}],"predecessor-version":[{"id":8402,"href":"https:\/\/agora.xtec.cat\/iesmaremar\/wp-json\/wp\/v2\/pages\/19\/revisions\/8402"}],"wp:attachment":[{"href":"https:\/\/agora.xtec.cat\/iesmaremar\/wp-json\/wp\/v2\/media?parent=19"}],"curies":[{"name":"wp","href":"https:\/\/api.w.org\/{rel}","templated":true}]}}