{"id":9980,"date":"2025-06-15T23:15:33","date_gmt":"2025-06-15T21:15:33","guid":{"rendered":"https:\/\/agora.xtec.cat\/iesmaragall\/?page_id=9980"},"modified":"2025-06-15T23:17:59","modified_gmt":"2025-06-15T21:17:59","slug":"val-escolar-25-26","status":"publish","type":"page","link":"https:\/\/agora.xtec.cat\/iesmaragall\/administracio-i-serveis\/secretaria\/matricula-nous-alumnes\/val-escolar-25-26\/","title":{"rendered":"Val escolar 25\/26"},"content":{"rendered":"\n<p><strong>VAL ESCOLAR CURS 25\/26<\/strong><strong><\/strong><\/p>\n\n\n\n<p><br>Pel proper curs 2025\/2026 el Departament d\u2019Educaci\u00f3 ajuda a les fam\u00edlies amb els vals escolars. La quantia de&nbsp;<strong>l&#8217;ajut \u00e9s de 60\u20ac<\/strong>&nbsp;per persona benefici\u00e0ria, que s&#8217;articular\u00e0&nbsp;<strong>mitjan\u00e7ant un sistema de dos vals de 30\u20ac cadascun.<\/strong><\/p>\n\n\n\n<p>Els vals es poden utilitzar per a la compra de material escolar, motxilles, llibres (podeu fer servir els vals a&nbsp;<a href=\"https:\/\/spain.iddink.es\/\"><strong>IDDINK<\/strong><\/a><strong>)<\/strong>, etc.<\/p>\n\n\n\n<p>Un cop rebeu els vals per correu ordinari, els haureu d\u2019activar seguint les instruccions indicades.&nbsp;<\/p>\n\n\n\n<p><strong>IMPORTANT: NO ENS HEU DE CEDIR ELS VALS A L\u2019INSTITUT, JA QUE SI HO FEU NO US ELS PODREM RETORNAR<\/strong><\/p>\n","protected":false},"excerpt":{"rendered":"<p>VAL ESCOLAR CURS 25\/26<\/p>\n<p>Pel proper curs 2025\/2026 el Departament d\u2019Educaci\u00f3 ajuda a les fam\u00edlies amb els vals escolars. La quantia de&nbsp;l&#8217;ajut \u00e9s de 60\u20ac&nbsp;per persona benefici\u00e0ria, que s&#8217;articular\u00e0&nbsp;mitjan\u00e7ant un sistema de dos vals de 30\u20ac cadascun.<\/p>\n<p>Els vals es poden utilitzar per a la compra de&hellip;  <a href=\"https:\/\/agora.xtec.cat\/iesmaragall\/administracio-i-serveis\/secretaria\/matricula-nous-alumnes\/val-escolar-25-26\/\" title=\"Read Val escolar 25\/26\">Llegeix m\u00e9s\u00bb<\/a><\/p>\n","protected":false},"author":1,"featured_media":0,"parent":9966,"menu_order":0,"comment_status":"closed","ping_status":"close","template":"page-templates\/side-menu.php","meta":{"_bbp_topic_count":0,"_bbp_reply_count":0,"_bbp_total_topic_count":0,"_bbp_total_reply_count":0,"_bbp_voice_count":0,"_bbp_anonymous_reply_count":0,"_bbp_topic_count_hidden":0,"_bbp_reply_count_hidden":0,"_bbp_forum_subforum_count":0,"footnotes":""},"class_list":["post-9980","page","type-page","status-publish","hentry"],"post_mailing_queue_ids":[],"_links":{"self":[{"href":"https:\/\/agora.xtec.cat\/iesmaragall\/wp-json\/wp\/v2\/pages\/9980","targetHints":{"allow":["GET"]}}],"collection":[{"href":"https:\/\/agora.xtec.cat\/iesmaragall\/wp-json\/wp\/v2\/pages"}],"about":[{"href":"https:\/\/agora.xtec.cat\/iesmaragall\/wp-json\/wp\/v2\/types\/page"}],"author":[{"embeddable":true,"href":"https:\/\/agora.xtec.cat\/iesmaragall\/wp-json\/wp\/v2\/users\/1"}],"replies":[{"embeddable":true,"href":"https:\/\/agora.xtec.cat\/iesmaragall\/wp-json\/wp\/v2\/comments?post=9980"}],"version-history":[{"count":3,"href":"https:\/\/agora.xtec.cat\/iesmaragall\/wp-json\/wp\/v2\/pages\/9980\/revisions"}],"predecessor-version":[{"id":9984,"href":"https:\/\/agora.xtec.cat\/iesmaragall\/wp-json\/wp\/v2\/pages\/9980\/revisions\/9984"}],"up":[{"embeddable":true,"href":"https:\/\/agora.xtec.cat\/iesmaragall\/wp-json\/wp\/v2\/pages\/9966"}],"wp:attachment":[{"href":"https:\/\/agora.xtec.cat\/iesmaragall\/wp-json\/wp\/v2\/media?parent=9980"}],"curies":[{"name":"wp","href":"https:\/\/api.w.org\/{rel}","templated":true}]}}