{"id":9851,"date":"2025-05-09T10:23:42","date_gmt":"2025-05-09T08:23:42","guid":{"rendered":"https:\/\/agora.xtec.cat\/iesmaragall\/?page_id=9851"},"modified":"2025-06-15T22:24:48","modified_gmt":"2025-06-15T20:24:48","slug":"sollicitud-de-titols-o-duplicats-de-batxillerat","status":"publish","type":"page","link":"https:\/\/agora.xtec.cat\/iesmaragall\/sollicitud-de-titols-o-duplicats-de-batxillerat\/","title":{"rendered":"Sol\u00b7licitud de t\u00edtols o duplicats de Batxillerat"},"content":{"rendered":"\n<blockquote class=\"wp-block-quote is-layout-flow wp-block-quote-is-layout-flow\">\n<p><em>A partir d&#8217;ara, seran els propis alumnes qui hauran de sol\u00b7licitar el t\u00edtol, tant la primera expedici\u00f3 com un duplicat o actualitzaci\u00f3 del t\u00edtol inicialment expedit, a trav\u00e9s del tr\u00e0mit espec\u00edfic:<\/em><\/p>\n<\/blockquote>\n\n\n\n<blockquote class=\"wp-block-quote is-layout-flow wp-block-quote-is-layout-flow\">\n<p><a href=\"https:\/\/web.gencat.cat\/ca\/tramits\/tramits-temes\/titols-academics-no-universitaris?category=742b7874-a82c-11e3-a972-000c29052e2c\">https:\/\/web.gencat.cat\/ca\/tramits\/tramits-temes\/titols-academics-no-universitaris?category=742b7874-a82c-11e3-a972-000c29052e2c<\/a><\/p>\n<\/blockquote>\n\n\n\n<blockquote class=\"wp-block-quote is-layout-flow wp-block-quote-is-layout-flow\">\n<p><\/p>\n<\/blockquote>\n\n\n\n<blockquote class=\"wp-block-quote is-layout-flow wp-block-quote-is-layout-flow\">\n<p><em>Per poder-ho fer, caldr\u00e0 que els alumnes tinguin identificaci\u00f3 digital &#8211; idcat m\u00f2bil:<\/em><\/p>\n<\/blockquote>\n\n\n\n<blockquote class=\"wp-block-quote is-layout-flow wp-block-quote-is-layout-flow\">\n<p><a href=\"https:\/\/web.gencat.cat\/ca\/tramits\/suport-tramitacio\/durant-la-tramitacio\/signatura-identificacio-digital\/idcat-mobil\/index.html\">https:\/\/web.gencat.cat\/ca\/tramits\/suport-tramitacio\/durant-la-tramitacio\/signatura-identificacio-digital\/idcat-mobil\/index.html<\/a><\/p>\n<\/blockquote>\n","protected":false},"excerpt":{"rendered":"<p>A partir d&#8217;ara, seran els propis alumnes qui hauran de sol\u00b7licitar el t\u00edtol, tant la primera expedici\u00f3 com un duplicat o actualitzaci\u00f3 del t\u00edtol inicialment expedit, a trav\u00e9s del tr\u00e0mit espec\u00edfic:<\/p>\n<p><a href=\"https:\/\/web.gencat.cat\/ca\/tramits\/tramits-temes\/titols-academics-no-universitaris?category=742b7874-a82c-11e3-a972-000c29052e2c\">https:\/\/web.gencat.cat\/ca\/tramits\/tramits-temes\/titols-academics-no-universitaris?category=742b7874-a82c-11e3-a972-000c29052e2c<\/a><\/p>\n<p>Per poder-ho fer, caldr\u00e0 que els alumnes tinguin identificaci\u00f3 digital &#8211; idcat m\u00f2bil:<\/p>\n<p><a href=\"https:\/\/web.gencat.cat\/ca\/tramits\/suport-tramitacio\/durant-la-tramitacio\/signatura-identificacio-digital\/idcat-mobil\/index.html\">https:\/\/web.gencat.cat\/ca\/tramits\/suport-tramitacio\/durant-la-tramitacio\/signatura-identificacio-digital\/idcat-mobil\/index.html<\/a><\/p>\n","protected":false},"author":1,"featured_media":0,"parent":0,"menu_order":0,"comment_status":"closed","ping_status":"close","template":"","meta":{"_bbp_topic_count":0,"_bbp_reply_count":0,"_bbp_total_topic_count":0,"_bbp_total_reply_count":0,"_bbp_voice_count":0,"_bbp_anonymous_reply_count":0,"_bbp_topic_count_hidden":0,"_bbp_reply_count_hidden":0,"_bbp_forum_subforum_count":0,"footnotes":""},"class_list":["post-9851","page","type-page","status-publish","hentry"],"post_mailing_queue_ids":[],"_links":{"self":[{"href":"https:\/\/agora.xtec.cat\/iesmaragall\/wp-json\/wp\/v2\/pages\/9851","targetHints":{"allow":["GET"]}}],"collection":[{"href":"https:\/\/agora.xtec.cat\/iesmaragall\/wp-json\/wp\/v2\/pages"}],"about":[{"href":"https:\/\/agora.xtec.cat\/iesmaragall\/wp-json\/wp\/v2\/types\/page"}],"author":[{"embeddable":true,"href":"https:\/\/agora.xtec.cat\/iesmaragall\/wp-json\/wp\/v2\/users\/1"}],"replies":[{"embeddable":true,"href":"https:\/\/agora.xtec.cat\/iesmaragall\/wp-json\/wp\/v2\/comments?post=9851"}],"version-history":[{"count":3,"href":"https:\/\/agora.xtec.cat\/iesmaragall\/wp-json\/wp\/v2\/pages\/9851\/revisions"}],"predecessor-version":[{"id":9964,"href":"https:\/\/agora.xtec.cat\/iesmaragall\/wp-json\/wp\/v2\/pages\/9851\/revisions\/9964"}],"wp:attachment":[{"href":"https:\/\/agora.xtec.cat\/iesmaragall\/wp-json\/wp\/v2\/media?parent=9851"}],"curies":[{"name":"wp","href":"https:\/\/api.w.org\/{rel}","templated":true}]}}