{"id":9475,"date":"2024-12-04T22:22:55","date_gmt":"2024-12-04T21:22:55","guid":{"rendered":"https:\/\/agora.xtec.cat\/iesmaragall\/?page_id=9475"},"modified":"2025-01-26T09:51:32","modified_gmt":"2025-01-26T08:51:32","slug":"certficat-c1-b1-catala","status":"publish","type":"page","link":"https:\/\/agora.xtec.cat\/iesmaragall\/administracio-i-serveis\/secretaria\/certficat-c1-b1-catala\/","title":{"rendered":"Certificat C1\/B2 Catal\u00e0"},"content":{"rendered":"<p style=\"font-weight: 400;\"><strong>Certificat de nivell de catal\u00e0<\/strong><\/p>\n<p style=\"font-weight: 400;\"><strong>Tramitaci\u00f3 de certificats d\u2019acreditaci\u00f3 de reconeixement dels nivells B2 i C1 de catal\u00e0 per escolaritat reglada no universit\u00e0ria<\/strong><\/p>\n<p style=\"font-weight: 400;\">La Secretaria de Pol\u00edtica Ling\u00fc\u00edstica de la Generalitat de Catalunya reconeix l\u2019equival\u00e8ncia dels coneixements de catal\u00e0 i delega als centres l\u2019expedici\u00f3 del corresponent certificat.<\/p>\n<p style=\"font-weight: 400;\">El certificat el podeu sol\u00b7licitar a qualsevol centre de secund\u00e0ria p\u00fablic de Catalunya.<\/p>\n<p style=\"font-weight: 400;\">Els requisits varien segons els estudis que s\u2019han cursat i els anys en qu\u00e8 es van realitzar.<\/p>\n<p style=\"font-weight: 400;\"><strong>Taula equival\u00e8ncies<\/strong><\/p>\n<table style=\"font-weight: 400;\">\n<tbody>\n<tr>\n<td width=\"208\"><strong>Titulaci\u00f3<\/strong><\/td>\n<td width=\"66\"><strong>Nivell<\/strong><\/td>\n<td width=\"293\"><strong>Requisits<\/strong><\/td>\n<\/tr>\n<tr>\n<td width=\"208\">T\u00edtol de Graduat Escolar (EGB)<\/td>\n<td rowspan=\"2\" width=\"66\">&nbsp;<\/p>\n<p>B2<\/td>\n<td rowspan=\"4\" width=\"293\">\u00b7\u00a0\u00a0 T\u00edtol corresponent (EGB, FP1, BUP, FP2)<\/p>\n<p>\u00b7\u00a0\u00a0 Haver cursat tots els estudis a Catalunya.<\/p>\n<p>\u00b7\u00a0\u00a0 Haver cursat Llengua catalana en la totalitat dels estudis.<\/p>\n<p>\u00b7\u00a0\u00a0 Estudis iniciats a partir del curs 1978\/1979 (s\u00f3n els nascuts a partir de l\u2019any 1972).<\/td>\n<\/tr>\n<tr>\n<td width=\"208\">T\u00edtol de FP1<\/td>\n<\/tr>\n<tr>\n<td width=\"208\">T\u00edtol de BUP<\/td>\n<td rowspan=\"2\" width=\"66\">&nbsp;<\/p>\n<p>C1<\/td>\n<\/tr>\n<tr>\n<td width=\"208\">T\u00edtol FP2<\/td>\n<\/tr>\n<tr>\n<td width=\"208\">T\u00edtol d\u2019ESO<\/td>\n<td rowspan=\"2\" width=\"66\">C1<\/td>\n<td width=\"293\">\u00b7\u00a0\u00a0 T\u00edtol d\u2019ESO<\/p>\n<p>\u00b7\u00a0\u00a0 Haver cursat a Catalunya almenys 3 cursos de prim\u00e0ria i tota l\u2019ESO.<\/p>\n<p>\u00b7\u00a0\u00a0 Haver cursat Llengua catalana en la totalitat dels estudis m\u00ednims esmentats.<\/p>\n<p>\u00b7\u00a0\u00a0 A partir del curs 2007\/2008 haver aprovat la mat\u00e8ria Llengua catalana en la totalitat dels estudis m\u00ednims esmentats (el t\u00edtol d\u2019ESO no garanteix que s\u2019hagi superat la mat\u00e8ria).<\/td>\n<\/tr>\n<tr>\n<td width=\"208\">T\u00edtol de batxillerat (LOGSE, LOE)<\/td>\n<td width=\"293\">\u00b7\u00a0\u00a0 T\u00edtol de batxillerat<\/p>\n<p>\u00b7\u00a0\u00a0 Haver cursat a Catalunya almenys 3 cursos de prim\u00e0ria i 5 cursos entre ESO i batxillerat<\/p>\n<p>\u00b7\u00a0\u00a0 Que s\u2019hagi cursat llengua catalana en la totalitat dels estudis m\u00ednims esmentats.<\/td>\n<\/tr>\n<\/tbody>\n<\/table>\n<p style=\"font-weight: 400;\">Per a m\u00e9s informaci\u00f3 podeu consultar <a href=\"https:\/\/llengua.gencat.cat\/ca\/serveis\/acreditacio_coneixements\/certificats_de_catala\/equivalencies-acreditacions\/\">la p\u00e0gina web de Pol\u00edtica Ling\u00fc\u00edstica.<\/a><\/p>\n<p style=\"font-weight: 400;\"><strong>Documentaci\u00f3 que cal aportar<\/strong><\/p>\n<ul>\n<li>Full de sol\u00b7licitud emplenat i signat<\/li>\n<li>Original i c\u00f2pia DNI, NIE o passaport de l\u2019interessat\/da.<\/li>\n<li>T\u00edtol original i c\u00f2pia dels estudis que permeten l\u2019acc\u00e9s al certificat d\u2019 equival\u00e8ncia.<\/li>\n<li>Original i c\u00f2pia de documentaci\u00f3 acreditativa* d\u2019haver cursat els estudis a Catalunya i haver cursat la mat\u00e8ria de llengua catalana en la totalitat dels estudis esmentats a partir del curs 1978-1979 (cursos anteriors no podem expedir el certificat).<\/li>\n<\/ul>\n<p style=\"font-weight: 400;\">*Poden ser llibres d\u2019escolaritat, historials, expedients o certificats (de no haver estat exempt\/a en la mat\u00e8ria de llengua catalana) expedits pels centres on s\u2019han cursat els estudis.<\/p>\n<p style=\"font-weight: 400;\"><u>La secretaria del centre emetr\u00e0 el certificat en un per\u00edode m\u00e0xim de 7 dies des de la data de sol\u00b7licitud, llevat dels per\u00edodes de preinscripci\u00f3 i matr\u00edcula, on el termini ser\u00e0 de 10 dies<\/u>.<\/p>\n<p style=\"font-weight: 400;\">Durant els per\u00edodes vacacionals del <a href=\"https:\/\/educacio.gencat.cat\/ca\/arees-actuacio\/centres-serveis-educatius\/centres\/calendari-escolar\/curs-2024-2025\/\">calendari escolar<\/a>, el personal de Secretaria no tramitar\u00e0 certificats ni t\u00edtols.<\/p>\n<p style=\"font-weight: 400;\">Per iniciar el tr\u00e0mit, dubtes i\/o consultes podeu enviar un correu electr\u00f2nic a <strong>secretaria@institutmaragall.cat<\/strong><\/p>\n<p style=\"font-weight: 400;\"><strong>Arxius per descarregar<\/strong><\/p>\n<ul>\n<li><a href=\"https:\/\/drive.google.com\/file\/d\/1Qyx24IZ5B-G77tv_D6UVG-0RD6wgWxAd\/view?usp=share_link\">Full de sol\u00b7licitud del certificat<\/a><\/li>\n<li><a href=\"https:\/\/drive.google.com\/file\/d\/1bIOFP9sfPVzCMB-sb_2k9chUNXr05pK0\/view\">Full d\u2019autoritzaci\u00f3 de lliurament del t\u00edtol i\/o certificat<\/a><\/li>\n<\/ul>\n","protected":false},"excerpt":{"rendered":"<p>Certificat de nivell de catal\u00e0<br \/>\nTramitaci\u00f3 de certificats d\u2019acreditaci\u00f3 de reconeixement dels nivells B2 i C1 de catal\u00e0 per escolaritat reglada no universit\u00e0ria<br \/>\nLa Secretaria de Pol\u00edtica Ling\u00fc\u00edstica de la Generalitat de Catalunya reconeix l\u2019equival\u00e8ncia dels coneixements de catal\u00e0 i delega als centres l\u2019expedici\u00f3 del corresponent certificat.<br \/>\nEl&hellip;  <a href=\"https:\/\/agora.xtec.cat\/iesmaragall\/administracio-i-serveis\/secretaria\/certficat-c1-b1-catala\/\" title=\"Read Certificat C1\/B2 Catal\u00e0\">Llegeix m\u00e9s\u00bb<\/a><\/p>\n","protected":false},"author":1,"featured_media":0,"parent":81,"menu_order":0,"comment_status":"closed","ping_status":"closed","template":"","meta":{"_bbp_topic_count":0,"_bbp_reply_count":0,"_bbp_total_topic_count":0,"_bbp_total_reply_count":0,"_bbp_voice_count":0,"_bbp_anonymous_reply_count":0,"_bbp_topic_count_hidden":0,"_bbp_reply_count_hidden":0,"_bbp_forum_subforum_count":0,"footnotes":""},"class_list":["post-9475","page","type-page","status-publish","hentry"],"post_mailing_queue_ids":[],"_links":{"self":[{"href":"https:\/\/agora.xtec.cat\/iesmaragall\/wp-json\/wp\/v2\/pages\/9475","targetHints":{"allow":["GET"]}}],"collection":[{"href":"https:\/\/agora.xtec.cat\/iesmaragall\/wp-json\/wp\/v2\/pages"}],"about":[{"href":"https:\/\/agora.xtec.cat\/iesmaragall\/wp-json\/wp\/v2\/types\/page"}],"author":[{"embeddable":true,"href":"https:\/\/agora.xtec.cat\/iesmaragall\/wp-json\/wp\/v2\/users\/1"}],"replies":[{"embeddable":true,"href":"https:\/\/agora.xtec.cat\/iesmaragall\/wp-json\/wp\/v2\/comments?post=9475"}],"version-history":[{"count":6,"href":"https:\/\/agora.xtec.cat\/iesmaragall\/wp-json\/wp\/v2\/pages\/9475\/revisions"}],"predecessor-version":[{"id":9548,"href":"https:\/\/agora.xtec.cat\/iesmaragall\/wp-json\/wp\/v2\/pages\/9475\/revisions\/9548"}],"up":[{"embeddable":true,"href":"https:\/\/agora.xtec.cat\/iesmaragall\/wp-json\/wp\/v2\/pages\/81"}],"wp:attachment":[{"href":"https:\/\/agora.xtec.cat\/iesmaragall\/wp-json\/wp\/v2\/media?parent=9475"}],"curies":[{"name":"wp","href":"https:\/\/api.w.org\/{rel}","templated":true}]}}