{"id":9472,"date":"2024-12-04T22:15:55","date_gmt":"2024-12-04T21:15:55","guid":{"rendered":"https:\/\/agora.xtec.cat\/iesmaragall\/?page_id=9472"},"modified":"2025-01-26T09:50:50","modified_gmt":"2025-01-26T08:50:50","slug":"certificats-academics","status":"publish","type":"page","link":"https:\/\/agora.xtec.cat\/iesmaragall\/administracio-i-serveis\/secretaria\/certificats-academics\/","title":{"rendered":"Certificats acad\u00e8mics"},"content":{"rendered":"<p style=\"font-weight: 400;\"><strong>Certificat acad\u00e8mic<\/strong><\/p>\n<p style=\"font-weight: 400;\"><strong>Tramitaci\u00f3 de certificats d\u2019estudis cursats al Institut Poeta Maragall i centres adscrits<\/strong><\/p>\n<p style=\"font-weight: 400;\">Documentaci\u00f3 que cal aportar<\/p>\n<ul>\n<li>Full de sol\u00b7licitud emplenat i signat (per l\u2019alumne o tutor)<\/li>\n<li>Original i c\u00f2pia DNI, NIE o passaport de l\u2019interessat\/interessada<\/li>\n<\/ul>\n<p style=\"font-weight: 400;\"><u>La secretaria del centre emetr\u00e0 el certificat en un per\u00edode m\u00e0xim de 7 dies des de la data de sol\u00b7licitud, llevat dels per\u00edodes de preinscripci\u00f3 i matr\u00edcula, on el termini ser\u00e0 de 10 dies<\/u>.<\/p>\n<p style=\"font-weight: 400;\">Durant els per\u00edodes vacacionals del <a href=\"https:\/\/educacio.gencat.cat\/ca\/arees-actuacio\/centres-serveis-educatius\/centres\/calendari-escolar\/curs-2024-2025\/\">calendari escolar<\/a>, el personal de Secretaria no tramitar\u00e0 certificats ni t\u00edtols.<\/p>\n<p style=\"font-weight: 400;\"><strong>Arxius per descarregar<\/strong><\/p>\n<ul>\n<li><a href=\"https:\/\/drive.google.com\/file\/d\/1Qyx24IZ5B-G77tv_D6UVG-0RD6wgWxAd\/view?usp=share_link\">Full de sol\u00b7licitud del certificat <\/a><\/li>\n<li><a href=\"https:\/\/drive.google.com\/file\/d\/1bIOFP9sfPVzCMB-sb_2k9chUNXr05pK0\/view\">Full d\u2019autoritzaci\u00f3 de lliurament del t\u00edtol i\/o certificat<\/a><\/li>\n<\/ul>\n","protected":false},"excerpt":{"rendered":"<p>Certificat acad\u00e8mic<br \/>\nTramitaci\u00f3 de certificats d\u2019estudis cursats al Institut Poeta Maragall i centres adscrits<br \/>\nDocumentaci\u00f3 que cal aportar<\/p>\n<ul>\n<li>Full de sol\u00b7licitud emplenat i signat (per l\u2019alumne o tutor)<\/li>\n<li>Original i c\u00f2pia DNI, NIE o passaport de l\u2019interessat\/interessada<\/li>\n<\/ul>\n<p>La secretaria del centre emetr\u00e0 el certificat en un per\u00edode m\u00e0xim de 7&hellip;  <a href=\"https:\/\/agora.xtec.cat\/iesmaragall\/administracio-i-serveis\/secretaria\/certificats-academics\/\" title=\"Read Certificats acad\u00e8mics\">Llegeix m\u00e9s\u00bb<\/a><\/p>\n","protected":false},"author":1,"featured_media":0,"parent":81,"menu_order":0,"comment_status":"closed","ping_status":"closed","template":"","meta":{"_bbp_topic_count":0,"_bbp_reply_count":0,"_bbp_total_topic_count":0,"_bbp_total_reply_count":0,"_bbp_voice_count":0,"_bbp_anonymous_reply_count":0,"_bbp_topic_count_hidden":0,"_bbp_reply_count_hidden":0,"_bbp_forum_subforum_count":0,"footnotes":""},"class_list":["post-9472","page","type-page","status-publish","hentry"],"post_mailing_queue_ids":[],"_links":{"self":[{"href":"https:\/\/agora.xtec.cat\/iesmaragall\/wp-json\/wp\/v2\/pages\/9472","targetHints":{"allow":["GET"]}}],"collection":[{"href":"https:\/\/agora.xtec.cat\/iesmaragall\/wp-json\/wp\/v2\/pages"}],"about":[{"href":"https:\/\/agora.xtec.cat\/iesmaragall\/wp-json\/wp\/v2\/types\/page"}],"author":[{"embeddable":true,"href":"https:\/\/agora.xtec.cat\/iesmaragall\/wp-json\/wp\/v2\/users\/1"}],"replies":[{"embeddable":true,"href":"https:\/\/agora.xtec.cat\/iesmaragall\/wp-json\/wp\/v2\/comments?post=9472"}],"version-history":[{"count":6,"href":"https:\/\/agora.xtec.cat\/iesmaragall\/wp-json\/wp\/v2\/pages\/9472\/revisions"}],"predecessor-version":[{"id":9547,"href":"https:\/\/agora.xtec.cat\/iesmaragall\/wp-json\/wp\/v2\/pages\/9472\/revisions\/9547"}],"up":[{"embeddable":true,"href":"https:\/\/agora.xtec.cat\/iesmaragall\/wp-json\/wp\/v2\/pages\/81"}],"wp:attachment":[{"href":"https:\/\/agora.xtec.cat\/iesmaragall\/wp-json\/wp\/v2\/media?parent=9472"}],"curies":[{"name":"wp","href":"https:\/\/api.w.org\/{rel}","templated":true}]}}